{"id":805,"date":"2022-06-24T16:11:42","date_gmt":"2022-06-24T09:11:42","guid":{"rendered":"http:\/\/35634.lamdx.vinawebsite.vn\/san-pham\/air-x-120-10-vi-x-10-vien\/"},"modified":"2022-06-24T17:11:35","modified_gmt":"2022-06-24T10:11:35","slug":"air-x-120-10-blisters-x-10-tablets","status":"publish","type":"product","link":"https:\/\/lam.vinawebsite.vn\/10200\/en\/san-pham\/air-x-120-10-blisters-x-10-tablets\/","title":{"rendered":"Air-X 120 (10 blisters x 10 tablets)"},"content":{"rendered":"<p><strong>Th\u00e0nh ph\u1ea7n<br \/>\n<\/strong>&#8211; Ho\u1ea1t ch\u1ea5t: Simethicone (USP 37) 120mg.<br \/>\n&#8211; T\u00e1 d\u01b0\u1ee3c: Colloidal silicon dioxid, (aerosil 200,\u00a0aerosil R972), glucose khan, povidon, sucrose, d\u1ea7u caraway, d\u1ea7u fennel, d\u1ea7u peppermint, menthol, calci stearat, n\u01b0\u1edbc tinh khi\u1ebft.<\/p>\n<p><strong>Ch\u1ec9 \u0111\u1ecbnh<\/strong>\u00a0(Thu\u1ed1c d\u00f9ng cho b\u1ec7nh g\u00ec?)<br \/>\nThu\u1ed1c Air-X 120 \u0111\u01b0\u1ee3c ch\u1ec9 \u0111\u1ecbnh d\u00f9ng trong c\u00e1c tr\u01b0\u1eddng h\u1ee3p sau:<br \/>\n&#8211; \u0110\u1ea7y h\u01a1i \u1edf \u0111\u01b0\u1eddng ti\u00eau h\u00f3a, c\u1ea3m gi\u00e1c b\u1ecb \u0111\u00e8 \u00e9p v\u00e0 c\u0103ng \u1edf v\u00f9ng th\u01b0\u1ee3ng v\u1ecb, ch\u01b0\u1edbng b\u1ee5ng tho\u00e1ng qua th\u01b0\u1eddng c\u00f3 sau b\u1eefa \u0103n th\u1ecbnh so\u1ea1n ho\u1eb7c \u0103n nhi\u1ec1u ch\u1ea5t ng\u1ecdt, ch\u01b0\u1edbng b\u1ee5ng sau ph\u1eabu thu\u1eadt.<br \/>\n&#8211; Chu\u1ea9n b\u1ecb ch\u1ee5p X-quang (d\u1ea1 d\u00e0y, ru\u1ed9t, t\u00fai m\u1eadt, th\u1eadn) v\u00e0 tr\u01b0\u1edbc khi n\u1ed9i soi d\u1ea1 d\u00e0y.<\/p>\n<p><strong>Ch\u1ed1ng ch\u1ec9 \u0111\u1ecbnh\u00a0<\/strong>(Khi n\u00e0o kh\u00f4ng n\u00ean d\u00f9ng thu\u1ed1c n\u00e0y?)<br \/>\nThu\u1ed1c Air-X 120 ch\u1ed1ng ch\u1ec9 \u0111\u1ecbnh trong c\u00e1c tr\u01b0\u1eddng h\u1ee3p qu\u00e1 m\u1eabn c\u1ea3m v\u1edbi b\u1ea5t k\u1ef3 th\u00e0nh ph\u1ea7n n\u00e0o c\u1ee7a thu\u1ed1c.<\/p>\n<p><strong>Li\u1ec1u d\u00f9ng<br \/>\n<\/strong>Li\u1ec1u d\u00f9ng th\u00f4ng th\u01b0\u1eddng l\u00e0 nhai k\u1ef9 1 vi\u00ean sau b\u1eefa \u0103n v\u00e0 tr\u01b0\u1edbc khi \u0111i ng\u1ee7, 3 &#8211; 4 l\u1ea7n\/ng\u00e0y.<br \/>\nTrong tr\u01b0\u1eddng h\u1ee3p chu\u1ea9n b\u1ecb ch\u1ee5p X-quang th\u00ec d\u00f9ng 2 ho\u1eb7c 3 ng\u00e0y tr\u01b0\u1edbc khi ch\u1ee5p. Li\u1ec1u d\u00f9ng \u0111\u01b0\u1ee3c \u0111i\u1ec1u ch\u1ec9nh theo tu\u1ed5i v\u00e0 tri\u1ec7u ch\u1ee9ng c\u1ee7a b\u1ec7nh nh\u00e2n.<br \/>\n&#8211; S\u1eed d\u1ee5ng cho tr\u1ebb em t\u1eeb 2 &#8211; 12 tu\u1ed5i: 120 mg simethicon\/ng\u00e0y, u\u1ed1ng sau b\u1eefa \u0103n, chia l\u00e0m 4 l\u1ea7n n\u00ean d\u00f9ng d\u1ea1ng gi\u1ecdt. N\u1ebfu d\u00f9ng d\u1ea1ng vi\u00ean, d\u00f9ng 1 vi\u00ean 1 ng\u00e0y.<br \/>\n&#8211; Tr\u1ebb em d\u01b0\u1edbi 2 tu\u1ed5i kh\u00f4ng d\u00f9ng d\u1ea1ng vi\u00ean n\u00e0y.<br \/>\n<em>L\u01b0u \u00fd: Li\u1ec1u d\u00f9ng tr\u00ean ch\u1ec9 mang t\u00ednh ch\u1ea5t tham kh\u1ea3o. Li\u1ec1u d\u00f9ng c\u1ee5 th\u1ec3 t\u00f9y thu\u1ed9c v\u00e0o th\u1ec3 tr\u1ea1ng v\u00e0 m\u1ee9c \u0111\u1ed9 di\u1ec5n ti\u1ebfn c\u1ee7a b\u1ec7nh. \u0110\u1ec3 c\u00f3 li\u1ec1u d\u00f9ng ph\u00f9 h\u1ee3p, b\u1ea1n c\u1ea7n tham kh\u1ea3o \u00fd ki\u1ebfn b\u00e1c s\u0129 ho\u1eb7c chuy\u00ean vi\u00ean y t\u1ebf.<\/em><\/p>\n<p><strong>T\u00e1c d\u1ee5ng ph\u1ee5<br \/>\n<\/strong>Air-X 120 l\u00e0m gi\u1ea3m \u0111\u00e1ng k\u1ec3 tri\u1ec7u ch\u1ee9ng v\u00e0 lo\u1ea1i b\u1ecf kh\u00ed g\u00e2y ch\u1ee9ung \u0111\u1ea7y h\u01a1i. Th\u00e0nh ph\u1ea7n ho\u1ea1t t\u00ednh quan tr\u1ecdng c\u1ee7a Air-X 120 l\u00e0 simethicone, kh\u00f4ng \u0111\u01b0\u1ee3c h\u00e2p thu v\u00e0o d\u1ea1 d\u00e0y v\u00e0 ru\u1ed9t, do \u0111\u00f3 th\u01b0\u1eddng kh\u00f4ng c\u00f3 b\u1ea5t k\u1ef3 t\u00e1c \u0111\u1ed9ng g\u00e2y h\u1ea1i n\u00e0o cho c\u01a1 th\u1ec3.<\/p>\n<p><strong>Th\u1eadn tr\u1ecdng<\/strong>\u00a0(Nh\u1eefng l\u01b0u \u00fd khi d\u00f9ng thu\u1ed1c)<br \/>\nKh\u00f4ng n\u00ean s\u1eed d\u1ee5ng qu\u00e1 4 vi\u00ean\/ng\u00e0y tr\u1eeb khi c\u00f3 ch\u1ec9 \u0111\u1ecbnh v\u00e0 theo d\u00f5i c\u1ee7a b\u00e1c s\u0129.<br \/>\nKh\u1ea3 n\u0103ng l\u00e1i xe v\u00e0 v\u1eadn h\u00e0nh m\u00e1y m\u00f3c<br \/>\nThu\u1ed1c kh\u00f4ng g\u00e2y \u1ea3nh h\u01b0\u1edfng \u0111\u1ebfn kh\u1ea3 n\u0103ng l\u00e1i xe hay v\u1eadn h\u00e0nh m\u00e1y m\u00f3c.<br \/>\n&#8211; Th\u1eddi k\u1ef3 mang thai<br \/>\nThu\u1ed1c c\u00f3 th\u1ec3 d\u00f9ng trong th\u01a1i k\u1ef3 c\u00f3 thai. Tuy nhi\u00ean, kh\u00f4ng r\u00f5 thu\u1ed1c c\u00f3 qua \u0111\u01b0\u1ee3c nhau thai v\u00e0o thai nhi hay kh\u00f4ng. Do \u0111\u00f3 c\u1ea7n th\u1eadn tr\u1ecdng khi s\u1eed d\u1ee5ng thu\u1ed1c.<br \/>\n&#8211; Th\u1eddi k\u1ef3 cho con b\u00fa<br \/>\nThu\u1ed1c c\u00f3 th\u1ec3 d\u00f9ng trong th\u1eddi k\u1ef3 cho con b\u00fa. Tuy nhi\u00ean, kh\u00f4ng r\u00f5 thu\u1ed1c c\u00f3 \u0111\u01b0\u1ee3c b\u00e0i ti\u1ebft v\u00e0o s\u1eefa hay kh\u00f4ng. Do \u0111\u00f3 c\u1ea7n th\u1eadn tr\u1ecdng khi s\u1eed d\u1ee5ng thu\u1ed1c.<br \/>\n&#8211; S\u1eed d\u1ee5ng cho ng\u01b0\u1eddi gi\u00e0, ng\u01b0\u1eddi suy gan, suy th\u1eadn<br \/>\nDo simethicon kh\u00f4ng h\u1ea5p thu v\u00e0o m\u00e1u qua \u0111\u01b0\u1eddng ti\u00eau h\u00f3a n\u00ean kh\u00f4ng kh\u00f4ng g\u00e2y \u1ea3nh h\u01b0\u1edfng g\u00ec \u0111\u1ed1i v\u1edbi ng\u01b0\u1eddi gi\u00e0, ng\u01b0\u1eddi suy gan, suy th\u1eadn.<\/p>\n<p><strong>T\u01b0\u01a1ng t\u00e1c thu\u1ed1c<\/strong>\u00a0(Nh\u1eefng l\u01b0u \u00fd khi d\u00f9ng chung thu\u1ed1c v\u1edbi th\u1ef1c ph\u1ea9m ho\u1eb7c thu\u1ed1c kh\u00e1c)<br \/>\nCh\u01b0a c\u00f3 t\u01b0\u01a1ng t\u00e1c thu\u1ed1c n\u00e0o gi\u1eefa Air-X 120 v\u1edbi c\u00e1c thu\u1ed1c kh\u00e1c \u0111\u01b0\u1ee3c b\u00e1o c\u00e1o.<\/p>\n<p><strong>B\u1ea3o qu\u1ea3n<\/strong>: B\u1ea3o qu\u1ea3n trong bao b\u00ec k\u00edn, tr\u00e1ng \u00e1nh s\u00e1ng, \u1edf nhi\u1ec7t \u0111\u1ed9 &lt; 30 \u0111\u1ed9 C<\/p>\n<p><strong>\u0110\u00f3ng g\u00f3i:<\/strong>\u00a0H\u1ed9p 10 v\u1ec9 x 10 vi\u00ean<\/p>\n<p><strong>Th\u01b0\u01a1ng hi\u1ec7u:<\/strong>\u00a0Air-X<\/p>\n<p><strong>N\u01a1i s\u1ea3n xu\u1ea5t<\/strong>: R.X. Manufacturing Co., Ltd (Th\u00e1i Lan)<\/p>\n<p><em>M\u1ecdi th\u00f4ng tin tr\u00ean \u0111\u00e2y ch\u1ec9 mang t\u00ednh ch\u1ea5t tham kh\u1ea3o. Vi\u1ec7c s\u1eed d\u1ee5ng thu\u1ed1c ph\u1ea3i tu\u00e2n theo h\u01b0\u1edbng d\u1eabn c\u1ee7a b\u00e1c s\u0129, d\u01b0\u1ee3c s\u0129.<\/em><br \/>\n<em>Vui l\u00f2ng \u0111\u1ecdc k\u0129 th\u00f4ng tin chi ti\u1ebft \u1edf t\u1edd r\u01a1i b\u00ean trong h\u1ed9p s\u1ea3n ph\u1ea9m.<\/em><\/p>\n<!-- AddThis Advanced Settings generic via filter on the_content --><!-- AddThis Share Buttons generic via filter on the_content -->","protected":false},"excerpt":{"rendered":"<p>Ho\u1ea1t t\u00ednh: Simethicone 120mg.<\/p>\n<p>C\u00f4ng d\u1ee5ng: \u0110i\u1ec1u tr\u1ecb vi\u00eam kh\u1edbp, th\u1ed1ng kinh, c\u01a1n g\u00fat c\u1ea5p.<\/p>\n<p>H\u00ecnh th\u1ee9c: Vi\u00ean n\u00e9n nhai, vi\u00ean h\u00ecnh tr\u00f2n, hai m\u1eb7t cong, m\u00e0u tr\u1eafng<\/p>\n<p>Th\u01b0\u01a1ng hi\u1ec7u: Air-X<\/p>\n<p>N\u01a1i s\u1ea3n xu\u1ea5t:R.X. Manufacturing Co., Ltd (Th\u00e1i Lan)<\/p>\n","protected":false},"featured_media":674,"comment_status":"open","ping_status":"closed","template":"","meta":[],"product_cat":[127],"product_tag":[],"acf":[],"yoast_head":"<!-- This site is optimized with the Yoast SEO plugin v19.1 - https:\/\/yoast.com\/wordpress\/plugins\/seo\/ -->\n<title>Air-X 120 (10 blisters x 10 tablets) - C\u00f4ng ty TNHH D\u01b0\u1ee3c ph\u1ea9m 2T Vi\u1ec7t Nam<\/title>\n<meta name=\"robots\" content=\"noindex, follow, max-snippet:-1, max-image-preview:large, max-video-preview:-1\" \/>\n<meta property=\"og:locale\" content=\"en_US\" \/>\n<meta property=\"og:type\" content=\"article\" \/>\n<meta property=\"og:title\" content=\"Air-X 120 (10 blisters x 10 tablets) - C\u00f4ng ty TNHH D\u01b0\u1ee3c ph\u1ea9m 2T Vi\u1ec7t Nam\" \/>\n<meta property=\"og:description\" content=\"Ho\u1ea1t t\u00ednh: Simethicone 120mg.  C\u00f4ng d\u1ee5ng: \u0110i\u1ec1u tr\u1ecb vi\u00eam kh\u1edbp, th\u1ed1ng kinh, c\u01a1n g\u00fat c\u1ea5p.  H\u00ecnh th\u1ee9c: Vi\u00ean n\u00e9n nhai, vi\u00ean h\u00ecnh tr\u00f2n, hai m\u1eb7t cong, m\u00e0u tr\u1eafng  Th\u01b0\u01a1ng hi\u1ec7u: Air-X  N\u01a1i s\u1ea3n xu\u1ea5t:R.X. Manufacturing Co., Ltd (Th\u00e1i Lan)\" \/>\n<meta property=\"og:url\" content=\"https:\/\/lam.vinawebsite.vn\/10200\/en\/san-pham\/air-x-120-10-blisters-x-10-tablets\/\" \/>\n<meta property=\"og:site_name\" content=\"C\u00f4ng ty TNHH D\u01b0\u1ee3c ph\u1ea9m 2T Vi\u1ec7t Nam\" \/>\n<meta property=\"article:modified_time\" content=\"2022-06-24T10:11:35+00:00\" \/>\n<meta property=\"og:image\" content=\"https:\/\/lam.vinawebsite.vn\/10200\/wp-content\/uploads\/2022\/06\/P12563_1_l.jpg\" \/>\n\t<meta property=\"og:image:width\" content=\"460\" \/>\n\t<meta property=\"og:image:height\" content=\"460\" \/>\n\t<meta property=\"og:image:type\" content=\"image\/jpeg\" \/>\n<meta name=\"twitter:card\" content=\"summary_large_image\" \/>\n<meta name=\"twitter:label1\" content=\"Est. reading time\" \/>\n\t<meta name=\"twitter:data1\" content=\"4 minutes\" \/>\n<script type=\"application\/ld+json\" class=\"yoast-schema-graph\">{\"@context\":\"https:\/\/schema.org\",\"@graph\":[{\"@type\":\"WebSite\",\"@id\":\"https:\/\/lam.vinawebsite.vn\/10200\/#website\",\"url\":\"https:\/\/lam.vinawebsite.vn\/10200\/\",\"name\":\"C\u00f4ng ty TNHH D\u01b0\u1ee3c ph\u1ea9m 2T Vi\u1ec7t Nam\",\"description\":\"C\u00f4ng ty TNHH D\u01b0\u1ee3c ph\u1ea9m 2T Vi\u1ec7t Nam\",\"potentialAction\":[{\"@type\":\"SearchAction\",\"target\":{\"@type\":\"EntryPoint\",\"urlTemplate\":\"https:\/\/lam.vinawebsite.vn\/10200\/?s={search_term_string}\"},\"query-input\":\"required name=search_term_string\"}],\"inLanguage\":\"en-US\"},{\"@type\":\"ImageObject\",\"inLanguage\":\"en-US\",\"@id\":\"https:\/\/lam.vinawebsite.vn\/10200\/en\/san-pham\/air-x-120-10-blisters-x-10-tablets\/#primaryimage\",\"url\":\"https:\/\/lam.vinawebsite.vn\/10200\/wp-content\/uploads\/2022\/06\/P12563_1_l.jpg\",\"contentUrl\":\"https:\/\/lam.vinawebsite.vn\/10200\/wp-content\/uploads\/2022\/06\/P12563_1_l.jpg\",\"width\":460,\"height\":460},{\"@type\":\"WebPage\",\"@id\":\"https:\/\/lam.vinawebsite.vn\/10200\/en\/san-pham\/air-x-120-10-blisters-x-10-tablets\/#webpage\",\"url\":\"https:\/\/lam.vinawebsite.vn\/10200\/en\/san-pham\/air-x-120-10-blisters-x-10-tablets\/\",\"name\":\"Air-X 120 (10 blisters x 10 tablets) - C\u00f4ng ty TNHH D\u01b0\u1ee3c ph\u1ea9m 2T Vi\u1ec7t Nam\",\"isPartOf\":{\"@id\":\"https:\/\/lam.vinawebsite.vn\/10200\/#website\"},\"primaryImageOfPage\":{\"@id\":\"https:\/\/lam.vinawebsite.vn\/10200\/en\/san-pham\/air-x-120-10-blisters-x-10-tablets\/#primaryimage\"},\"datePublished\":\"2022-06-24T09:11:42+00:00\",\"dateModified\":\"2022-06-24T10:11:35+00:00\",\"breadcrumb\":{\"@id\":\"https:\/\/lam.vinawebsite.vn\/10200\/en\/san-pham\/air-x-120-10-blisters-x-10-tablets\/#breadcrumb\"},\"inLanguage\":\"en-US\",\"potentialAction\":[{\"@type\":\"ReadAction\",\"target\":[\"https:\/\/lam.vinawebsite.vn\/10200\/en\/san-pham\/air-x-120-10-blisters-x-10-tablets\/\"]}]},{\"@type\":\"BreadcrumbList\",\"@id\":\"https:\/\/lam.vinawebsite.vn\/10200\/en\/san-pham\/air-x-120-10-blisters-x-10-tablets\/#breadcrumb\",\"itemListElement\":[{\"@type\":\"ListItem\",\"position\":1,\"name\":\"2T Vi\u1ec7t Nam\",\"item\":\"https:\/\/lam.vinawebsite.vn\/10200\/en\/\"},{\"@type\":\"ListItem\",\"position\":2,\"name\":\"Products\",\"item\":\"https:\/\/lam.vinawebsite.vn\/10200\/en\/products\/\"},{\"@type\":\"ListItem\",\"position\":3,\"name\":\"Air-X 120 (10 blisters x 10 tablets)\"}]}]}<\/script>\n<!-- \/ Yoast SEO plugin. -->","yoast_head_json":{"title":"Air-X 120 (10 blisters x 10 tablets) - C\u00f4ng ty TNHH D\u01b0\u1ee3c ph\u1ea9m 2T Vi\u1ec7t Nam","robots":{"index":"noindex","follow":"follow","max-snippet":"max-snippet:-1","max-image-preview":"max-image-preview:large","max-video-preview":"max-video-preview:-1"},"og_locale":"en_US","og_type":"article","og_title":"Air-X 120 (10 blisters x 10 tablets) - C\u00f4ng ty TNHH D\u01b0\u1ee3c ph\u1ea9m 2T Vi\u1ec7t Nam","og_description":"Ho\u1ea1t t\u00ednh: Simethicone 120mg.  C\u00f4ng d\u1ee5ng: \u0110i\u1ec1u tr\u1ecb vi\u00eam kh\u1edbp, th\u1ed1ng kinh, c\u01a1n g\u00fat c\u1ea5p.  H\u00ecnh th\u1ee9c: Vi\u00ean n\u00e9n nhai, vi\u00ean h\u00ecnh tr\u00f2n, hai m\u1eb7t cong, m\u00e0u tr\u1eafng  Th\u01b0\u01a1ng hi\u1ec7u: Air-X  N\u01a1i s\u1ea3n xu\u1ea5t:R.X. Manufacturing Co., Ltd (Th\u00e1i Lan)","og_url":"https:\/\/lam.vinawebsite.vn\/10200\/en\/san-pham\/air-x-120-10-blisters-x-10-tablets\/","og_site_name":"C\u00f4ng ty TNHH D\u01b0\u1ee3c ph\u1ea9m 2T Vi\u1ec7t Nam","article_modified_time":"2022-06-24T10:11:35+00:00","og_image":[{"width":460,"height":460,"url":"https:\/\/lam.vinawebsite.vn\/10200\/wp-content\/uploads\/2022\/06\/P12563_1_l.jpg","type":"image\/jpeg"}],"twitter_card":"summary_large_image","twitter_misc":{"Est. reading time":"4 minutes"},"schema":{"@context":"https:\/\/schema.org","@graph":[{"@type":"WebSite","@id":"https:\/\/lam.vinawebsite.vn\/10200\/#website","url":"https:\/\/lam.vinawebsite.vn\/10200\/","name":"C\u00f4ng ty TNHH D\u01b0\u1ee3c ph\u1ea9m 2T Vi\u1ec7t Nam","description":"C\u00f4ng ty TNHH D\u01b0\u1ee3c ph\u1ea9m 2T Vi\u1ec7t Nam","potentialAction":[{"@type":"SearchAction","target":{"@type":"EntryPoint","urlTemplate":"https:\/\/lam.vinawebsite.vn\/10200\/?s={search_term_string}"},"query-input":"required name=search_term_string"}],"inLanguage":"en-US"},{"@type":"ImageObject","inLanguage":"en-US","@id":"https:\/\/lam.vinawebsite.vn\/10200\/en\/san-pham\/air-x-120-10-blisters-x-10-tablets\/#primaryimage","url":"https:\/\/lam.vinawebsite.vn\/10200\/wp-content\/uploads\/2022\/06\/P12563_1_l.jpg","contentUrl":"https:\/\/lam.vinawebsite.vn\/10200\/wp-content\/uploads\/2022\/06\/P12563_1_l.jpg","width":460,"height":460},{"@type":"WebPage","@id":"https:\/\/lam.vinawebsite.vn\/10200\/en\/san-pham\/air-x-120-10-blisters-x-10-tablets\/#webpage","url":"https:\/\/lam.vinawebsite.vn\/10200\/en\/san-pham\/air-x-120-10-blisters-x-10-tablets\/","name":"Air-X 120 (10 blisters x 10 tablets) - C\u00f4ng ty TNHH D\u01b0\u1ee3c ph\u1ea9m 2T Vi\u1ec7t Nam","isPartOf":{"@id":"https:\/\/lam.vinawebsite.vn\/10200\/#website"},"primaryImageOfPage":{"@id":"https:\/\/lam.vinawebsite.vn\/10200\/en\/san-pham\/air-x-120-10-blisters-x-10-tablets\/#primaryimage"},"datePublished":"2022-06-24T09:11:42+00:00","dateModified":"2022-06-24T10:11:35+00:00","breadcrumb":{"@id":"https:\/\/lam.vinawebsite.vn\/10200\/en\/san-pham\/air-x-120-10-blisters-x-10-tablets\/#breadcrumb"},"inLanguage":"en-US","potentialAction":[{"@type":"ReadAction","target":["https:\/\/lam.vinawebsite.vn\/10200\/en\/san-pham\/air-x-120-10-blisters-x-10-tablets\/"]}]},{"@type":"BreadcrumbList","@id":"https:\/\/lam.vinawebsite.vn\/10200\/en\/san-pham\/air-x-120-10-blisters-x-10-tablets\/#breadcrumb","itemListElement":[{"@type":"ListItem","position":1,"name":"2T Vi\u1ec7t Nam","item":"https:\/\/lam.vinawebsite.vn\/10200\/en\/"},{"@type":"ListItem","position":2,"name":"Products","item":"https:\/\/lam.vinawebsite.vn\/10200\/en\/products\/"},{"@type":"ListItem","position":3,"name":"Air-X 120 (10 blisters x 10 tablets)"}]}]}},"_links":{"self":[{"href":"https:\/\/lam.vinawebsite.vn\/10200\/en\/wp-json\/wp\/v2\/product\/805"}],"collection":[{"href":"https:\/\/lam.vinawebsite.vn\/10200\/en\/wp-json\/wp\/v2\/product"}],"about":[{"href":"https:\/\/lam.vinawebsite.vn\/10200\/en\/wp-json\/wp\/v2\/types\/product"}],"replies":[{"embeddable":true,"href":"https:\/\/lam.vinawebsite.vn\/10200\/en\/wp-json\/wp\/v2\/comments?post=805"}],"wp:featuredmedia":[{"embeddable":true,"href":"https:\/\/lam.vinawebsite.vn\/10200\/en\/wp-json\/wp\/v2\/media\/674"}],"wp:attachment":[{"href":"https:\/\/lam.vinawebsite.vn\/10200\/en\/wp-json\/wp\/v2\/media?parent=805"}],"wp:term":[{"taxonomy":"product_cat","embeddable":true,"href":"https:\/\/lam.vinawebsite.vn\/10200\/en\/wp-json\/wp\/v2\/product_cat?post=805"},{"taxonomy":"product_tag","embeddable":true,"href":"https:\/\/lam.vinawebsite.vn\/10200\/en\/wp-json\/wp\/v2\/product_tag?post=805"}],"curies":[{"name":"wp","href":"https:\/\/api.w.org\/{rel}","templated":true}]}}