{"id":807,"date":"2022-06-24T16:16:37","date_gmt":"2022-06-24T09:16:37","guid":{"rendered":"http:\/\/35634.lamdx.vinawebsite.vn\/san-pham\/duong-an-kieng-tropicana-slim-low-calorie-sweetener-classic-hop-50-goi-x-2g\/"},"modified":"2022-06-24T17:11:51","modified_gmt":"2022-06-24T10:11:51","slug":"tropicana-slim-low-calorie-sweetener-classic-sugar-box-of-50-packs-x-2g","status":"publish","type":"product","link":"https:\/\/lam.vinawebsite.vn\/10200\/en\/san-pham\/tropicana-slim-low-calorie-sweetener-classic-sugar-box-of-50-packs-x-2g\/","title":{"rendered":"Tropicana Slim Low Calorie Sweetener Classic Sugar (Box of 50 packs x 2g)"},"content":{"rendered":"<p><strong>\u0110\u1ed1i t\u01b0\u1ee3ng s\u1eed d\u1ee5ng:\u00a0<\/strong>S\u1ea3n ph\u1ea9m th\u00edch h\u1ee3p cho ng\u01b0\u1eddi \u0103n ki\u00eang, ng\u01b0\u1eddi b\u1ecb b\u1ec7nh ti\u1ec3u \u0111\u01b0\u1eddng.<\/p>\n<p><strong>Th\u00e0nh ph\u1ea7n:<\/strong>\u00a0Ch\u1ea5t t\u1ea1o ng\u1ecdt (Sorbitol, Sucralose, Acesulfame-K), b\u1ed9t b\u1eafp v\u00e0 Chromium Picolinate.<\/p>\n<p><strong>C\u00f4ng d\u1ee5ng:<\/strong>\u00a0\u0110\u01b0\u1eddng th\u1ea5p n\u0103ng l\u01b0\u1ee3ng d\u00f9ng \u0111\u1ec3 thay th\u1ebf \u0111\u01b0\u1eddng Sucrose.<\/p>\n<p><strong>H\u01b0\u1edbng d\u1eabn s\u1eed d\u1ee5ng:<\/strong>\u00a0S\u1ea3n ph\u1ea9m d\u00f9ng \u0111\u1ec3 thay th\u1ebf \u0111\u01b0\u1eddng Sucr\u00f3e trong pha ch\u1ebf c\u00e1c lo\u1ea1i \u0111\u1ed3 u\u1ed1ng v\u00e0 n\u1ea5u \u0103n. Cho 1 g\u00f3i s\u1ea3n ph\u1ea9m v\u00e0o 150ml n\u01b0\u1edbc n\u00f3ng ho\u1eb7c l\u1ea1nh khi pha ch\u1ebf \u0111\u1ed3 u\u1ed1ng.<\/p>\n<p><strong>B\u1ea3o qu\u1ea3n:<\/strong>\u00a0N\u01a1i kh\u00f4 r\u00e1o, tho\u00e1ng m\u00e1t.<\/p>\n<p><strong>Quy c\u00e1ch \u0111\u00f3ng g\u00f3i:<\/strong>\u00a0H\u1ed9p 50 g\u00f3i x 2g<\/p>\n<p><strong>Xu\u1ea5t x\u1ee9 th\u01b0\u01a1ng hi\u1ec7u:\u00a0<\/strong>Indonesia<\/p>\n<p><strong>S\u1ea3n xu\u1ea5t t\u1ea1i:<\/strong>\u00a0Indonesia<\/p>\n<p><em>*Pharmacity cam k\u1ebft ch\u1ec9 b\u00e1n s\u1ea3n ph\u1ea9m c\u00f2n d\u00e0i h\u1ea1n s\u1eed d\u1ee5ng.<\/em><\/p>\n<!-- AddThis Advanced Settings generic via filter on the_content --><!-- AddThis Share Buttons generic via filter on the_content -->","protected":false},"excerpt":{"rendered":"<p>\u0110\u01b0\u1eddng \u0103n ki\u00eang Tropicana Slim Low Calorie Sweetener Classic v\u1edbi nguy\u00ean li\u1ec7u t\u1ef1 nhi\u00ean Sorbitol, kh\u00f4ng ch\u1ea5t b\u1ea3o qu\u1ea3n, \u0111\u01b0\u1ee3c s\u1eed d\u1ee5ng cho nhi\u1ec1u lo\u1ea1i th\u1ee9c u\u1ed1ng kh\u00e1c nhau nh\u01b0 tr\u00e0, c\u00e0 ph\u00ea, n\u01b0\u1edbc tr\u00e1i c\u00e2y, ho\u1eb7c ph\u1ee5c v\u1ee5 cho vi\u1ec7c n\u1ea5u \u0103n. S\u1ea3n ph\u1ea9m th\u00edch h\u1ee3p cho ng\u01b0\u1eddi \u0103n ki\u00eang v\u00e0 ng\u01b0\u1eddi b\u1ecb b\u1ec7nh ti\u1ec3u \u0111\u01b0\u1eddng.<\/p>\n","protected":false},"featured_media":688,"comment_status":"open","ping_status":"closed","template":"","meta":[],"product_cat":[125],"product_tag":[],"acf":[],"yoast_head":"<!-- This site is optimized with the Yoast SEO plugin v19.1 - https:\/\/yoast.com\/wordpress\/plugins\/seo\/ -->\n<title>Tropicana Slim Low Calorie Sweetener Classic Sugar (Box of 50 packs x 2g) - C\u00f4ng ty TNHH D\u01b0\u1ee3c ph\u1ea9m 2T Vi\u1ec7t Nam<\/title>\n<meta name=\"robots\" content=\"noindex, follow, max-snippet:-1, max-image-preview:large, max-video-preview:-1\" \/>\n<meta property=\"og:locale\" content=\"en_US\" \/>\n<meta property=\"og:type\" content=\"article\" \/>\n<meta property=\"og:title\" content=\"Tropicana Slim Low Calorie Sweetener Classic Sugar (Box of 50 packs x 2g) - C\u00f4ng ty TNHH D\u01b0\u1ee3c ph\u1ea9m 2T Vi\u1ec7t Nam\" \/>\n<meta property=\"og:description\" content=\"\u0110\u01b0\u1eddng \u0103n ki\u00eang Tropicana Slim Low Calorie Sweetener Classic v\u1edbi nguy\u00ean li\u1ec7u t\u1ef1 nhi\u00ean Sorbitol, kh\u00f4ng ch\u1ea5t b\u1ea3o qu\u1ea3n, \u0111\u01b0\u1ee3c s\u1eed d\u1ee5ng cho nhi\u1ec1u lo\u1ea1i th\u1ee9c u\u1ed1ng kh\u00e1c nhau nh\u01b0 tr\u00e0, c\u00e0 ph\u00ea, n\u01b0\u1edbc tr\u00e1i c\u00e2y, ho\u1eb7c ph\u1ee5c v\u1ee5 cho vi\u1ec7c n\u1ea5u \u0103n. S\u1ea3n ph\u1ea9m th\u00edch h\u1ee3p cho ng\u01b0\u1eddi \u0103n ki\u00eang v\u00e0 ng\u01b0\u1eddi b\u1ecb b\u1ec7nh ti\u1ec3u \u0111\u01b0\u1eddng.\" \/>\n<meta property=\"og:url\" content=\"https:\/\/lam.vinawebsite.vn\/10200\/en\/san-pham\/tropicana-slim-low-calorie-sweetener-classic-sugar-box-of-50-packs-x-2g\/\" \/>\n<meta property=\"og:site_name\" content=\"C\u00f4ng ty TNHH D\u01b0\u1ee3c ph\u1ea9m 2T Vi\u1ec7t Nam\" \/>\n<meta property=\"article:modified_time\" content=\"2022-06-24T10:11:51+00:00\" \/>\n<meta property=\"og:image\" content=\"https:\/\/lam.vinawebsite.vn\/10200\/wp-content\/uploads\/2022\/06\/P13468_1_l.jpg\" \/>\n\t<meta property=\"og:image:width\" content=\"460\" \/>\n\t<meta property=\"og:image:height\" content=\"460\" \/>\n\t<meta property=\"og:image:type\" content=\"image\/jpeg\" \/>\n<meta name=\"twitter:card\" content=\"summary_large_image\" \/>\n<meta name=\"twitter:label1\" content=\"Est. reading time\" \/>\n\t<meta name=\"twitter:data1\" content=\"1 minute\" \/>\n<script type=\"application\/ld+json\" class=\"yoast-schema-graph\">{\"@context\":\"https:\/\/schema.org\",\"@graph\":[{\"@type\":\"WebSite\",\"@id\":\"https:\/\/lam.vinawebsite.vn\/10200\/#website\",\"url\":\"https:\/\/lam.vinawebsite.vn\/10200\/\",\"name\":\"C\u00f4ng ty TNHH D\u01b0\u1ee3c ph\u1ea9m 2T Vi\u1ec7t Nam\",\"description\":\"C\u00f4ng ty TNHH D\u01b0\u1ee3c ph\u1ea9m 2T Vi\u1ec7t Nam\",\"potentialAction\":[{\"@type\":\"SearchAction\",\"target\":{\"@type\":\"EntryPoint\",\"urlTemplate\":\"https:\/\/lam.vinawebsite.vn\/10200\/?s={search_term_string}\"},\"query-input\":\"required name=search_term_string\"}],\"inLanguage\":\"en-US\"},{\"@type\":\"ImageObject\",\"inLanguage\":\"en-US\",\"@id\":\"https:\/\/lam.vinawebsite.vn\/10200\/en\/san-pham\/tropicana-slim-low-calorie-sweetener-classic-sugar-box-of-50-packs-x-2g\/#primaryimage\",\"url\":\"https:\/\/lam.vinawebsite.vn\/10200\/wp-content\/uploads\/2022\/06\/P13468_1_l.jpg\",\"contentUrl\":\"https:\/\/lam.vinawebsite.vn\/10200\/wp-content\/uploads\/2022\/06\/P13468_1_l.jpg\",\"width\":460,\"height\":460},{\"@type\":\"WebPage\",\"@id\":\"https:\/\/lam.vinawebsite.vn\/10200\/en\/san-pham\/tropicana-slim-low-calorie-sweetener-classic-sugar-box-of-50-packs-x-2g\/#webpage\",\"url\":\"https:\/\/lam.vinawebsite.vn\/10200\/en\/san-pham\/tropicana-slim-low-calorie-sweetener-classic-sugar-box-of-50-packs-x-2g\/\",\"name\":\"Tropicana Slim Low Calorie Sweetener Classic Sugar (Box of 50 packs x 2g) - C\u00f4ng ty TNHH D\u01b0\u1ee3c ph\u1ea9m 2T Vi\u1ec7t Nam\",\"isPartOf\":{\"@id\":\"https:\/\/lam.vinawebsite.vn\/10200\/#website\"},\"primaryImageOfPage\":{\"@id\":\"https:\/\/lam.vinawebsite.vn\/10200\/en\/san-pham\/tropicana-slim-low-calorie-sweetener-classic-sugar-box-of-50-packs-x-2g\/#primaryimage\"},\"datePublished\":\"2022-06-24T09:16:37+00:00\",\"dateModified\":\"2022-06-24T10:11:51+00:00\",\"breadcrumb\":{\"@id\":\"https:\/\/lam.vinawebsite.vn\/10200\/en\/san-pham\/tropicana-slim-low-calorie-sweetener-classic-sugar-box-of-50-packs-x-2g\/#breadcrumb\"},\"inLanguage\":\"en-US\",\"potentialAction\":[{\"@type\":\"ReadAction\",\"target\":[\"https:\/\/lam.vinawebsite.vn\/10200\/en\/san-pham\/tropicana-slim-low-calorie-sweetener-classic-sugar-box-of-50-packs-x-2g\/\"]}]},{\"@type\":\"BreadcrumbList\",\"@id\":\"https:\/\/lam.vinawebsite.vn\/10200\/en\/san-pham\/tropicana-slim-low-calorie-sweetener-classic-sugar-box-of-50-packs-x-2g\/#breadcrumb\",\"itemListElement\":[{\"@type\":\"ListItem\",\"position\":1,\"name\":\"2T Vi\u1ec7t Nam\",\"item\":\"https:\/\/lam.vinawebsite.vn\/10200\/en\/\"},{\"@type\":\"ListItem\",\"position\":2,\"name\":\"Products\",\"item\":\"https:\/\/lam.vinawebsite.vn\/10200\/en\/products\/\"},{\"@type\":\"ListItem\",\"position\":3,\"name\":\"Tropicana Slim Low Calorie Sweetener Classic Sugar (Box of 50 packs x 2g)\"}]}]}<\/script>\n<!-- \/ Yoast SEO plugin. -->","yoast_head_json":{"title":"Tropicana Slim Low Calorie Sweetener Classic Sugar (Box of 50 packs x 2g) - C\u00f4ng ty TNHH D\u01b0\u1ee3c ph\u1ea9m 2T Vi\u1ec7t Nam","robots":{"index":"noindex","follow":"follow","max-snippet":"max-snippet:-1","max-image-preview":"max-image-preview:large","max-video-preview":"max-video-preview:-1"},"og_locale":"en_US","og_type":"article","og_title":"Tropicana Slim Low Calorie Sweetener Classic Sugar (Box of 50 packs x 2g) - C\u00f4ng ty TNHH D\u01b0\u1ee3c ph\u1ea9m 2T Vi\u1ec7t Nam","og_description":"\u0110\u01b0\u1eddng \u0103n ki\u00eang Tropicana Slim Low Calorie Sweetener Classic v\u1edbi nguy\u00ean li\u1ec7u t\u1ef1 nhi\u00ean Sorbitol, kh\u00f4ng ch\u1ea5t b\u1ea3o qu\u1ea3n, \u0111\u01b0\u1ee3c s\u1eed d\u1ee5ng cho nhi\u1ec1u lo\u1ea1i th\u1ee9c u\u1ed1ng kh\u00e1c nhau nh\u01b0 tr\u00e0, c\u00e0 ph\u00ea, n\u01b0\u1edbc tr\u00e1i c\u00e2y, ho\u1eb7c ph\u1ee5c v\u1ee5 cho vi\u1ec7c n\u1ea5u \u0103n. S\u1ea3n ph\u1ea9m th\u00edch h\u1ee3p cho ng\u01b0\u1eddi \u0103n ki\u00eang v\u00e0 ng\u01b0\u1eddi b\u1ecb b\u1ec7nh ti\u1ec3u \u0111\u01b0\u1eddng.","og_url":"https:\/\/lam.vinawebsite.vn\/10200\/en\/san-pham\/tropicana-slim-low-calorie-sweetener-classic-sugar-box-of-50-packs-x-2g\/","og_site_name":"C\u00f4ng ty TNHH D\u01b0\u1ee3c ph\u1ea9m 2T Vi\u1ec7t Nam","article_modified_time":"2022-06-24T10:11:51+00:00","og_image":[{"width":460,"height":460,"url":"https:\/\/lam.vinawebsite.vn\/10200\/wp-content\/uploads\/2022\/06\/P13468_1_l.jpg","type":"image\/jpeg"}],"twitter_card":"summary_large_image","twitter_misc":{"Est. reading time":"1 minute"},"schema":{"@context":"https:\/\/schema.org","@graph":[{"@type":"WebSite","@id":"https:\/\/lam.vinawebsite.vn\/10200\/#website","url":"https:\/\/lam.vinawebsite.vn\/10200\/","name":"C\u00f4ng ty TNHH D\u01b0\u1ee3c ph\u1ea9m 2T Vi\u1ec7t Nam","description":"C\u00f4ng ty TNHH D\u01b0\u1ee3c ph\u1ea9m 2T Vi\u1ec7t Nam","potentialAction":[{"@type":"SearchAction","target":{"@type":"EntryPoint","urlTemplate":"https:\/\/lam.vinawebsite.vn\/10200\/?s={search_term_string}"},"query-input":"required name=search_term_string"}],"inLanguage":"en-US"},{"@type":"ImageObject","inLanguage":"en-US","@id":"https:\/\/lam.vinawebsite.vn\/10200\/en\/san-pham\/tropicana-slim-low-calorie-sweetener-classic-sugar-box-of-50-packs-x-2g\/#primaryimage","url":"https:\/\/lam.vinawebsite.vn\/10200\/wp-content\/uploads\/2022\/06\/P13468_1_l.jpg","contentUrl":"https:\/\/lam.vinawebsite.vn\/10200\/wp-content\/uploads\/2022\/06\/P13468_1_l.jpg","width":460,"height":460},{"@type":"WebPage","@id":"https:\/\/lam.vinawebsite.vn\/10200\/en\/san-pham\/tropicana-slim-low-calorie-sweetener-classic-sugar-box-of-50-packs-x-2g\/#webpage","url":"https:\/\/lam.vinawebsite.vn\/10200\/en\/san-pham\/tropicana-slim-low-calorie-sweetener-classic-sugar-box-of-50-packs-x-2g\/","name":"Tropicana Slim Low Calorie Sweetener Classic Sugar (Box of 50 packs x 2g) - C\u00f4ng ty TNHH D\u01b0\u1ee3c ph\u1ea9m 2T Vi\u1ec7t Nam","isPartOf":{"@id":"https:\/\/lam.vinawebsite.vn\/10200\/#website"},"primaryImageOfPage":{"@id":"https:\/\/lam.vinawebsite.vn\/10200\/en\/san-pham\/tropicana-slim-low-calorie-sweetener-classic-sugar-box-of-50-packs-x-2g\/#primaryimage"},"datePublished":"2022-06-24T09:16:37+00:00","dateModified":"2022-06-24T10:11:51+00:00","breadcrumb":{"@id":"https:\/\/lam.vinawebsite.vn\/10200\/en\/san-pham\/tropicana-slim-low-calorie-sweetener-classic-sugar-box-of-50-packs-x-2g\/#breadcrumb"},"inLanguage":"en-US","potentialAction":[{"@type":"ReadAction","target":["https:\/\/lam.vinawebsite.vn\/10200\/en\/san-pham\/tropicana-slim-low-calorie-sweetener-classic-sugar-box-of-50-packs-x-2g\/"]}]},{"@type":"BreadcrumbList","@id":"https:\/\/lam.vinawebsite.vn\/10200\/en\/san-pham\/tropicana-slim-low-calorie-sweetener-classic-sugar-box-of-50-packs-x-2g\/#breadcrumb","itemListElement":[{"@type":"ListItem","position":1,"name":"2T Vi\u1ec7t Nam","item":"https:\/\/lam.vinawebsite.vn\/10200\/en\/"},{"@type":"ListItem","position":2,"name":"Products","item":"https:\/\/lam.vinawebsite.vn\/10200\/en\/products\/"},{"@type":"ListItem","position":3,"name":"Tropicana Slim Low Calorie Sweetener Classic Sugar (Box of 50 packs x 2g)"}]}]}},"_links":{"self":[{"href":"https:\/\/lam.vinawebsite.vn\/10200\/en\/wp-json\/wp\/v2\/product\/807"}],"collection":[{"href":"https:\/\/lam.vinawebsite.vn\/10200\/en\/wp-json\/wp\/v2\/product"}],"about":[{"href":"https:\/\/lam.vinawebsite.vn\/10200\/en\/wp-json\/wp\/v2\/types\/product"}],"replies":[{"embeddable":true,"href":"https:\/\/lam.vinawebsite.vn\/10200\/en\/wp-json\/wp\/v2\/comments?post=807"}],"wp:featuredmedia":[{"embeddable":true,"href":"https:\/\/lam.vinawebsite.vn\/10200\/en\/wp-json\/wp\/v2\/media\/688"}],"wp:attachment":[{"href":"https:\/\/lam.vinawebsite.vn\/10200\/en\/wp-json\/wp\/v2\/media?parent=807"}],"wp:term":[{"taxonomy":"product_cat","embeddable":true,"href":"https:\/\/lam.vinawebsite.vn\/10200\/en\/wp-json\/wp\/v2\/product_cat?post=807"},{"taxonomy":"product_tag","embeddable":true,"href":"https:\/\/lam.vinawebsite.vn\/10200\/en\/wp-json\/wp\/v2\/product_tag?post=807"}],"curies":[{"name":"wp","href":"https:\/\/api.w.org\/{rel}","templated":true}]}}