{"id":808,"date":"2022-06-24T16:19:48","date_gmt":"2022-06-24T09:19:48","guid":{"rendered":"http:\/\/35634.lamdx.vinawebsite.vn\/san-pham\/bang-cuon-y-te-dong-pha-3-con-nai-hop-50-cuon\/"},"modified":"2022-06-24T17:12:06","modified_gmt":"2022-06-24T10:12:06","slug":"dong-pha-3-deer-medical-tape-box-of-50-rolls","status":"publish","type":"product","link":"https:\/\/lam.vinawebsite.vn\/10200\/en\/san-pham\/dong-pha-3-deer-medical-tape-box-of-50-rolls\/","title":{"rendered":"Dong Pha 3 Deer Medical Tape (Box of 50 rolls)"},"content":{"rendered":"<p><strong>Th\u00e0nh ph\u1ea7n<\/strong><br \/>\nS\u1ea3n xu\u1ea5t t\u1eeb nguy\u00ean li\u1ec7u 100% cotton, m\u1ec1m m\u1ea1i, th\u00f4ng tho\u00e1ng.<\/p>\n<p><strong>C\u00f4ng d\u1ee5ng<\/strong><br \/>\nB\u0103ng c\u1ed9t ngo\u00e0i v\u1ebft th\u01b0\u01a1ng.<\/p>\n<p><strong>B\u1ea3o qu\u1ea3n:<\/strong>\u00a0N\u01a1i kh\u00f4 r\u00e1o tho\u00e1ng m\u00e1t, tr\u00e1nh nhi\u1ec7t \u0111\u1ed9 cao.<\/p>\n<p><strong>Quy c\u00e1ch \u0111\u00f3ng g\u00f3i:<\/strong>\u00a0H\u1ed9p 50 cu\u1ed9n (1m8 x 8.5cm)<\/p>\n<p><strong>Xu\u1ea5t x\u1ee9 th\u01b0\u01a1ng hi\u1ec7u:<\/strong>\u00a0Vi\u1ec7t Nam<\/p>\n<p><strong>S\u1ea3n xu\u1ea5t t\u1ea1i:<\/strong>\u00a0Vi\u1ec7t Nam<\/p>\n<!-- AddThis Advanced Settings generic via filter on the_content --><!-- AddThis Share Buttons generic via filter on the_content -->","protected":false},"excerpt":{"rendered":"<p>B\u0103ng cu\u1ed9n y t\u1ebf \u0110\u00f4ng Pha 3 Con Nai \u0111\u01b0\u1ee3c s\u1eed d\u1ee5ng trong c\u00e1c tr\u01b0\u1eddng h\u1ee3p b\u0103ng b\u00f3 v\u1ebft th\u01b0\u01a1ng, an to\u00e0n cho ng\u01b0\u1eddi s\u1eed d\u1ee5ng.<\/p>\n","protected":false},"featured_media":705,"comment_status":"open","ping_status":"closed","template":"","meta":[],"product_cat":[123],"product_tag":[],"acf":[],"yoast_head":"<!-- This site is optimized with the Yoast SEO plugin v19.1 - https:\/\/yoast.com\/wordpress\/plugins\/seo\/ -->\n<title>Dong Pha 3 Deer Medical Tape (Box of 50 rolls) - C\u00f4ng ty TNHH D\u01b0\u1ee3c ph\u1ea9m 2T Vi\u1ec7t Nam<\/title>\n<meta name=\"robots\" content=\"noindex, follow, max-snippet:-1, max-image-preview:large, max-video-preview:-1\" \/>\n<meta property=\"og:locale\" content=\"en_US\" \/>\n<meta property=\"og:type\" content=\"article\" \/>\n<meta property=\"og:title\" content=\"Dong Pha 3 Deer Medical Tape (Box of 50 rolls) - C\u00f4ng ty TNHH D\u01b0\u1ee3c ph\u1ea9m 2T Vi\u1ec7t Nam\" \/>\n<meta property=\"og:description\" content=\"B\u0103ng cu\u1ed9n y t\u1ebf \u0110\u00f4ng Pha 3 Con Nai \u0111\u01b0\u1ee3c s\u1eed d\u1ee5ng trong c\u00e1c tr\u01b0\u1eddng h\u1ee3p b\u0103ng b\u00f3 v\u1ebft th\u01b0\u01a1ng, an to\u00e0n cho ng\u01b0\u1eddi s\u1eed d\u1ee5ng.\" \/>\n<meta property=\"og:url\" content=\"https:\/\/lam.vinawebsite.vn\/10200\/en\/san-pham\/dong-pha-3-deer-medical-tape-box-of-50-rolls\/\" \/>\n<meta property=\"og:site_name\" content=\"C\u00f4ng ty TNHH D\u01b0\u1ee3c ph\u1ea9m 2T Vi\u1ec7t Nam\" \/>\n<meta property=\"article:modified_time\" content=\"2022-06-24T10:12:06+00:00\" \/>\n<meta property=\"og:image\" content=\"https:\/\/lam.vinawebsite.vn\/10200\/wp-content\/uploads\/2022\/06\/P17383_1_l.jpg\" \/>\n\t<meta property=\"og:image:width\" content=\"460\" \/>\n\t<meta property=\"og:image:height\" content=\"460\" \/>\n\t<meta property=\"og:image:type\" content=\"image\/jpeg\" \/>\n<meta name=\"twitter:card\" content=\"summary_large_image\" \/>\n<meta name=\"twitter:label1\" content=\"Est. reading time\" \/>\n\t<meta name=\"twitter:data1\" content=\"1 minute\" \/>\n<script type=\"application\/ld+json\" class=\"yoast-schema-graph\">{\"@context\":\"https:\/\/schema.org\",\"@graph\":[{\"@type\":\"WebSite\",\"@id\":\"https:\/\/lam.vinawebsite.vn\/10200\/#website\",\"url\":\"https:\/\/lam.vinawebsite.vn\/10200\/\",\"name\":\"C\u00f4ng ty TNHH D\u01b0\u1ee3c ph\u1ea9m 2T Vi\u1ec7t Nam\",\"description\":\"C\u00f4ng ty TNHH D\u01b0\u1ee3c ph\u1ea9m 2T Vi\u1ec7t Nam\",\"potentialAction\":[{\"@type\":\"SearchAction\",\"target\":{\"@type\":\"EntryPoint\",\"urlTemplate\":\"https:\/\/lam.vinawebsite.vn\/10200\/?s={search_term_string}\"},\"query-input\":\"required name=search_term_string\"}],\"inLanguage\":\"en-US\"},{\"@type\":\"ImageObject\",\"inLanguage\":\"en-US\",\"@id\":\"https:\/\/lam.vinawebsite.vn\/10200\/en\/san-pham\/dong-pha-3-deer-medical-tape-box-of-50-rolls\/#primaryimage\",\"url\":\"https:\/\/lam.vinawebsite.vn\/10200\/wp-content\/uploads\/2022\/06\/P17383_1_l.jpg\",\"contentUrl\":\"https:\/\/lam.vinawebsite.vn\/10200\/wp-content\/uploads\/2022\/06\/P17383_1_l.jpg\",\"width\":460,\"height\":460},{\"@type\":\"WebPage\",\"@id\":\"https:\/\/lam.vinawebsite.vn\/10200\/en\/san-pham\/dong-pha-3-deer-medical-tape-box-of-50-rolls\/#webpage\",\"url\":\"https:\/\/lam.vinawebsite.vn\/10200\/en\/san-pham\/dong-pha-3-deer-medical-tape-box-of-50-rolls\/\",\"name\":\"Dong Pha 3 Deer Medical Tape (Box of 50 rolls) - C\u00f4ng ty TNHH D\u01b0\u1ee3c ph\u1ea9m 2T Vi\u1ec7t Nam\",\"isPartOf\":{\"@id\":\"https:\/\/lam.vinawebsite.vn\/10200\/#website\"},\"primaryImageOfPage\":{\"@id\":\"https:\/\/lam.vinawebsite.vn\/10200\/en\/san-pham\/dong-pha-3-deer-medical-tape-box-of-50-rolls\/#primaryimage\"},\"datePublished\":\"2022-06-24T09:19:48+00:00\",\"dateModified\":\"2022-06-24T10:12:06+00:00\",\"breadcrumb\":{\"@id\":\"https:\/\/lam.vinawebsite.vn\/10200\/en\/san-pham\/dong-pha-3-deer-medical-tape-box-of-50-rolls\/#breadcrumb\"},\"inLanguage\":\"en-US\",\"potentialAction\":[{\"@type\":\"ReadAction\",\"target\":[\"https:\/\/lam.vinawebsite.vn\/10200\/en\/san-pham\/dong-pha-3-deer-medical-tape-box-of-50-rolls\/\"]}]},{\"@type\":\"BreadcrumbList\",\"@id\":\"https:\/\/lam.vinawebsite.vn\/10200\/en\/san-pham\/dong-pha-3-deer-medical-tape-box-of-50-rolls\/#breadcrumb\",\"itemListElement\":[{\"@type\":\"ListItem\",\"position\":1,\"name\":\"2T Vi\u1ec7t Nam\",\"item\":\"https:\/\/lam.vinawebsite.vn\/10200\/en\/\"},{\"@type\":\"ListItem\",\"position\":2,\"name\":\"Products\",\"item\":\"https:\/\/lam.vinawebsite.vn\/10200\/en\/products\/\"},{\"@type\":\"ListItem\",\"position\":3,\"name\":\"Dong Pha 3 Deer Medical Tape (Box of 50 rolls)\"}]}]}<\/script>\n<!-- \/ Yoast SEO plugin. -->","yoast_head_json":{"title":"Dong Pha 3 Deer Medical Tape (Box of 50 rolls) - C\u00f4ng ty TNHH D\u01b0\u1ee3c ph\u1ea9m 2T Vi\u1ec7t Nam","robots":{"index":"noindex","follow":"follow","max-snippet":"max-snippet:-1","max-image-preview":"max-image-preview:large","max-video-preview":"max-video-preview:-1"},"og_locale":"en_US","og_type":"article","og_title":"Dong Pha 3 Deer Medical Tape (Box of 50 rolls) - C\u00f4ng ty TNHH D\u01b0\u1ee3c ph\u1ea9m 2T Vi\u1ec7t Nam","og_description":"B\u0103ng cu\u1ed9n y t\u1ebf \u0110\u00f4ng Pha 3 Con Nai \u0111\u01b0\u1ee3c s\u1eed d\u1ee5ng trong c\u00e1c tr\u01b0\u1eddng h\u1ee3p b\u0103ng b\u00f3 v\u1ebft th\u01b0\u01a1ng, an to\u00e0n cho ng\u01b0\u1eddi s\u1eed d\u1ee5ng.","og_url":"https:\/\/lam.vinawebsite.vn\/10200\/en\/san-pham\/dong-pha-3-deer-medical-tape-box-of-50-rolls\/","og_site_name":"C\u00f4ng ty TNHH D\u01b0\u1ee3c ph\u1ea9m 2T Vi\u1ec7t Nam","article_modified_time":"2022-06-24T10:12:06+00:00","og_image":[{"width":460,"height":460,"url":"https:\/\/lam.vinawebsite.vn\/10200\/wp-content\/uploads\/2022\/06\/P17383_1_l.jpg","type":"image\/jpeg"}],"twitter_card":"summary_large_image","twitter_misc":{"Est. reading time":"1 minute"},"schema":{"@context":"https:\/\/schema.org","@graph":[{"@type":"WebSite","@id":"https:\/\/lam.vinawebsite.vn\/10200\/#website","url":"https:\/\/lam.vinawebsite.vn\/10200\/","name":"C\u00f4ng ty TNHH D\u01b0\u1ee3c ph\u1ea9m 2T Vi\u1ec7t Nam","description":"C\u00f4ng ty TNHH D\u01b0\u1ee3c ph\u1ea9m 2T Vi\u1ec7t Nam","potentialAction":[{"@type":"SearchAction","target":{"@type":"EntryPoint","urlTemplate":"https:\/\/lam.vinawebsite.vn\/10200\/?s={search_term_string}"},"query-input":"required name=search_term_string"}],"inLanguage":"en-US"},{"@type":"ImageObject","inLanguage":"en-US","@id":"https:\/\/lam.vinawebsite.vn\/10200\/en\/san-pham\/dong-pha-3-deer-medical-tape-box-of-50-rolls\/#primaryimage","url":"https:\/\/lam.vinawebsite.vn\/10200\/wp-content\/uploads\/2022\/06\/P17383_1_l.jpg","contentUrl":"https:\/\/lam.vinawebsite.vn\/10200\/wp-content\/uploads\/2022\/06\/P17383_1_l.jpg","width":460,"height":460},{"@type":"WebPage","@id":"https:\/\/lam.vinawebsite.vn\/10200\/en\/san-pham\/dong-pha-3-deer-medical-tape-box-of-50-rolls\/#webpage","url":"https:\/\/lam.vinawebsite.vn\/10200\/en\/san-pham\/dong-pha-3-deer-medical-tape-box-of-50-rolls\/","name":"Dong Pha 3 Deer Medical Tape (Box of 50 rolls) - C\u00f4ng ty TNHH D\u01b0\u1ee3c ph\u1ea9m 2T Vi\u1ec7t Nam","isPartOf":{"@id":"https:\/\/lam.vinawebsite.vn\/10200\/#website"},"primaryImageOfPage":{"@id":"https:\/\/lam.vinawebsite.vn\/10200\/en\/san-pham\/dong-pha-3-deer-medical-tape-box-of-50-rolls\/#primaryimage"},"datePublished":"2022-06-24T09:19:48+00:00","dateModified":"2022-06-24T10:12:06+00:00","breadcrumb":{"@id":"https:\/\/lam.vinawebsite.vn\/10200\/en\/san-pham\/dong-pha-3-deer-medical-tape-box-of-50-rolls\/#breadcrumb"},"inLanguage":"en-US","potentialAction":[{"@type":"ReadAction","target":["https:\/\/lam.vinawebsite.vn\/10200\/en\/san-pham\/dong-pha-3-deer-medical-tape-box-of-50-rolls\/"]}]},{"@type":"BreadcrumbList","@id":"https:\/\/lam.vinawebsite.vn\/10200\/en\/san-pham\/dong-pha-3-deer-medical-tape-box-of-50-rolls\/#breadcrumb","itemListElement":[{"@type":"ListItem","position":1,"name":"2T Vi\u1ec7t Nam","item":"https:\/\/lam.vinawebsite.vn\/10200\/en\/"},{"@type":"ListItem","position":2,"name":"Products","item":"https:\/\/lam.vinawebsite.vn\/10200\/en\/products\/"},{"@type":"ListItem","position":3,"name":"Dong Pha 3 Deer Medical Tape (Box of 50 rolls)"}]}]}},"_links":{"self":[{"href":"https:\/\/lam.vinawebsite.vn\/10200\/en\/wp-json\/wp\/v2\/product\/808"}],"collection":[{"href":"https:\/\/lam.vinawebsite.vn\/10200\/en\/wp-json\/wp\/v2\/product"}],"about":[{"href":"https:\/\/lam.vinawebsite.vn\/10200\/en\/wp-json\/wp\/v2\/types\/product"}],"replies":[{"embeddable":true,"href":"https:\/\/lam.vinawebsite.vn\/10200\/en\/wp-json\/wp\/v2\/comments?post=808"}],"wp:featuredmedia":[{"embeddable":true,"href":"https:\/\/lam.vinawebsite.vn\/10200\/en\/wp-json\/wp\/v2\/media\/705"}],"wp:attachment":[{"href":"https:\/\/lam.vinawebsite.vn\/10200\/en\/wp-json\/wp\/v2\/media?parent=808"}],"wp:term":[{"taxonomy":"product_cat","embeddable":true,"href":"https:\/\/lam.vinawebsite.vn\/10200\/en\/wp-json\/wp\/v2\/product_cat?post=808"},{"taxonomy":"product_tag","embeddable":true,"href":"https:\/\/lam.vinawebsite.vn\/10200\/en\/wp-json\/wp\/v2\/product_tag?post=808"}],"curies":[{"name":"wp","href":"https:\/\/api.w.org\/{rel}","templated":true}]}}