{"id":827,"date":"2022-06-24T16:23:28","date_gmt":"2022-06-24T09:23:28","guid":{"rendered":"http:\/\/35634.lamdx.vinawebsite.vn\/san-pham\/que-thu-thai-nhanh-hcg-allisa-hop-1-cai\/"},"modified":"2022-06-24T18:05:53","modified_gmt":"2022-06-24T11:05:53","slug":"hcg-allisa-rapid-pregnancy-test-strips-box-of-1-piece","status":"publish","type":"product","link":"https:\/\/lam.vinawebsite.vn\/10200\/en\/san-pham\/hcg-allisa-rapid-pregnancy-test-strips-box-of-1-piece\/","title":{"rendered":"HCG Allisa rapid pregnancy test strips (box of 1 piece)"},"content":{"rendered":"<p><strong>Th\u00e0nh ph\u1ea7n<br \/>\n<\/strong>Kh\u00e1ng th\u1ec3 kh\u00e1ng \u03b2-hCG 0,5mg\/ml<br \/>\nKh\u00e1ng th\u1ec3 kh\u00e1ng \u03b1 -hCG 0,7mg\/ml<br \/>\nKh\u00e1ng th\u1ec3 \u0111\u1ec3 kh\u00e1ng IgG chu\u1ed9t 1,5mg\/ml<\/p>\n<p><strong>C\u00f4ng d\u1ee5ng<\/strong><br \/>\n\u0110\u1ecbnh t\u00ednh hormone HCG trong n\u01b0\u1edbc ti\u1ec3u ng\u01b0\u1eddi gi\u00fap ph\u00e1t hi\u1ec7n s\u1edbm thai k\u1ef3 (7-10 ng\u00e0y sau khi th\u1ee5 thai).<\/p>\n<p><strong>\u0110\u1ed1i t\u01b0\u1ee3ng s\u1eed d\u1ee5ng:<\/strong>\u00a0D\u00f9ng cho n\u1eef gi\u1edbi<\/p>\n<p><strong>C\u00e1ch s\u1eed d\u1ee5ng<\/strong><br \/>\nL\u1ea5y n\u01b0\u1edbc ti\u1ec3u v\u00e0o c\u1ed1c, n\u00ean l\u1ea5y n\u01b0\u1edbc ti\u1ec3u gi\u1eefa (kh\u00f4ng n\u00ean l\u1ea5y n\u01b0\u1edbc ti\u1ec3u \u0111\u1ea7u v\u00e0 cu\u1ed1i).<br \/>\nL\u1ea5y que th\u1eed kh\u1ecfi bao nh\u00f4m v\u00e0 s\u1eed d\u1ee5ng c\u00e0ng s\u1edbm c\u00e0ng t\u1ed1t (n\u00ean d\u00f9ng trong v\u00f2ng 10 ph\u00fat).<br \/>\nC\u1eafm que th\u1eed v\u00e0o trong c\u1ed1c n\u01b0\u1edbc ti\u1ec3u theo chi\u1ec1u m\u0169i t\u00ean (kh\u00f4ng ng\u1eadp qu\u00e1 v\u1ea1ch \u0111\u00e1nh d\u1ea5u).<br \/>\nL\u1ea5y que th\u1eed ra sau 5 &#8211; 15 gi\u00e2y. \u0110\u1ec3 que th\u1eed tr\u00ean m\u1eb7t ph\u1eb3ng kh\u00f4, s\u1ea1ch.<br \/>\n\u0110\u1ecdc k\u1ebft qu\u1ea3 trong 5 ph\u00fat nh\u01b0ng kh\u00f4ng l\u00e2u h\u01a1n 10 ph\u00fat.<br \/>\n\u0110\u1ecdc k\u1ebft qu\u1ea3<br \/>\nD\u01b0\u01a1ng t\u00ednh (c\u00f3 thai): Hai v\u1ea1ch m\u00e0u xu\u1ea5t hi\u1ec7n tr\u00ean que th\u1eed \u1edf c\u1ea3 v\u00f9ng ch\u1ee9ng (C) v\u00e0 v\u00f9ng th\u1eed (T).<br \/>\n\u00c2m t\u00ednh (kh\u00f4ng c\u00f3 thai): Ch\u1ec9 c\u00f3 m\u1ed9t v\u1ea1ch m\u00e0u xu\u1ea5t hi\u1ec7n t\u1ea1i v\u00f9ng ch\u1ee9ng (C). Kh\u00f4ng c\u00f3 v\u1ea1ch m\u00e0u n\u00e0o xu\u1ea5t hi\u1ec7n t\u1ea1i v\u00f9ng th\u1eed(T).<br \/>\nKh\u00f4ng \u0111\u1ea1t: N\u1ebfu kh\u00f4ng c\u00f3 v\u1ea1ch m\u00e0u n\u00e0o xu\u1ea5t hi\u1ec7n ho\u1eb7c ch\u1ec9 c\u00f3 v\u1ea1ch th\u1eed m\u00e0 kh\u00f4ng c\u00f3 v\u1ea1ch ch\u1ee9ng, n\u00ean th\u1eed l\u1ea1i v\u1edbi que th\u1eed m\u1edbi.<br \/>\n<em>Ch\u00fa \u00fd<br \/>\n<\/em>\u0110\u1ecdc k\u1ef9 h\u01b0\u1edbng d\u1eabn s\u1eed d\u1ee5ng tr\u01b0\u1edbc khi th\u1eed. Ch\u00fa \u00fd v\u1ecb tr\u00ed c\u1ee7a v\u1ea1ch th\u1eed v\u00e0 v\u1ea1ch ch\u1ee9ng.<br \/>\nB\u1ed9 d\u1ee5ng c\u1ee5 th\u1eed ph\u1ea3i \u0111\u01b0\u1ee3c gi\u1eef trong t\u00fai k\u00edn cho \u0111\u1ebfn khi s\u1eed d\u1ee5ng. Kh\u00f4ng s\u1eed d\u1ee5ng n\u1ebfu t\u00fai b\u1ecb h\u1ecfng ho\u1eb7c m\u1edf. Kh\u00f4ng s\u1eed d\u1ee5ng l\u1ea1i que th\u1eed. V\u1ee9t b\u1ecf trong th\u00f9ng r\u00e1c sau m\u1ed9t l\u1ea7n s\u1eed d\u1ee5ng.<\/p>\n<p><strong>B\u1ea3o qu\u1ea3n:\u00a0<\/strong>Nhi\u1ec7t \u0111\u1ed9 4-30 \u0111\u1ed9 C, n\u01a1i kh\u00f4 r\u00e1o<\/p>\n<p><strong>H\u1ea1n s\u1eed d\u1ee5ng:<\/strong>\u00a030 th\u00e1ng k\u1ec3 t\u1eeb ng\u00e0y s\u1ea3n xu\u1ea5t<\/p>\n<p><strong>\u0110\u00f3ng g\u00f3i:<\/strong>\u00a01 que th\u1eed b\u1ea3n to 4mm,1 c\u1ed1c \u0111\u1ef1ng c\u00f3 tay c\u1ea7m<\/p>\n<p><strong>Th\u01b0\u01a1ng hi\u1ec7u:<\/strong>\u00a0Allisa<\/p>\n<p><strong>S\u1ea3n xu\u1ea5t t\u1ea1i:\u00a0<\/strong>Joysbio Biotechnology Co. Ltd. (Trung Qu\u1ed1c)<\/p>\n<p><strong>S\u1ed1 gi\u1ea5t c\u00f4ng b\u1ed1:<\/strong>\u00a05073\/BYT-TB-CT<\/p>\n<p><strong>C\u00f4ng ty ph\u00e2n ph\u1ed1i:<\/strong>\u00a0C\u00f4ng ty c\u1ed5 ph\u1ea7n Traphaco<\/p>\n<!-- AddThis Advanced Settings generic via filter on the_content --><!-- AddThis Share Buttons generic via filter on the_content -->","protected":false},"excerpt":{"rendered":"<p>Que th\u1eed thai nhanh HCG Allisa \u0111\u1ecbnh t\u00ednh hormone HCG trong n\u01b0\u1edbc ti\u1ec3u ng\u01b0\u1eddi gi\u00fap ph\u00e1t hi\u1ec7n s\u1edbm thai k\u1ef3 (7-10 ng\u00e0y sau khi th\u1ee5 thai).<\/p>\n","protected":false},"featured_media":711,"comment_status":"open","ping_status":"closed","template":"","meta":[],"product_cat":[124],"product_tag":[],"acf":[],"yoast_head":"<!-- This site is optimized with the Yoast SEO plugin v19.1 - https:\/\/yoast.com\/wordpress\/plugins\/seo\/ -->\n<title>HCG Allisa rapid pregnancy test strips (box of 1 piece) - C\u00f4ng ty TNHH D\u01b0\u1ee3c ph\u1ea9m 2T Vi\u1ec7t Nam<\/title>\n<meta name=\"robots\" content=\"noindex, follow, max-snippet:-1, max-image-preview:large, max-video-preview:-1\" \/>\n<meta property=\"og:locale\" content=\"en_US\" \/>\n<meta property=\"og:type\" content=\"article\" \/>\n<meta property=\"og:title\" content=\"HCG Allisa rapid pregnancy test strips (box of 1 piece) - C\u00f4ng ty TNHH D\u01b0\u1ee3c ph\u1ea9m 2T Vi\u1ec7t Nam\" \/>\n<meta property=\"og:description\" content=\"Que th\u1eed thai nhanh HCG Allisa \u0111\u1ecbnh t\u00ednh hormone HCG trong n\u01b0\u1edbc ti\u1ec3u ng\u01b0\u1eddi gi\u00fap ph\u00e1t hi\u1ec7n s\u1edbm thai k\u1ef3 (7-10 ng\u00e0y sau khi th\u1ee5 thai).\" \/>\n<meta property=\"og:url\" content=\"https:\/\/lam.vinawebsite.vn\/10200\/en\/san-pham\/hcg-allisa-rapid-pregnancy-test-strips-box-of-1-piece\/\" \/>\n<meta property=\"og:site_name\" content=\"C\u00f4ng ty TNHH D\u01b0\u1ee3c ph\u1ea9m 2T Vi\u1ec7t Nam\" \/>\n<meta property=\"article:modified_time\" content=\"2022-06-24T11:05:53+00:00\" \/>\n<meta property=\"og:image\" content=\"https:\/\/lam.vinawebsite.vn\/10200\/wp-content\/uploads\/2022\/06\/P21913_1.jpg\" \/>\n\t<meta property=\"og:image:width\" content=\"1000\" \/>\n\t<meta property=\"og:image:height\" content=\"1000\" \/>\n\t<meta property=\"og:image:type\" content=\"image\/jpeg\" \/>\n<meta name=\"twitter:card\" content=\"summary_large_image\" \/>\n<meta name=\"twitter:label1\" content=\"Est. reading time\" \/>\n\t<meta name=\"twitter:data1\" content=\"2 minutes\" \/>\n<script type=\"application\/ld+json\" class=\"yoast-schema-graph\">{\"@context\":\"https:\/\/schema.org\",\"@graph\":[{\"@type\":\"WebSite\",\"@id\":\"https:\/\/lam.vinawebsite.vn\/10200\/#website\",\"url\":\"https:\/\/lam.vinawebsite.vn\/10200\/\",\"name\":\"C\u00f4ng ty TNHH D\u01b0\u1ee3c ph\u1ea9m 2T Vi\u1ec7t Nam\",\"description\":\"C\u00f4ng ty TNHH D\u01b0\u1ee3c ph\u1ea9m 2T Vi\u1ec7t Nam\",\"potentialAction\":[{\"@type\":\"SearchAction\",\"target\":{\"@type\":\"EntryPoint\",\"urlTemplate\":\"https:\/\/lam.vinawebsite.vn\/10200\/?s={search_term_string}\"},\"query-input\":\"required name=search_term_string\"}],\"inLanguage\":\"en-US\"},{\"@type\":\"ImageObject\",\"inLanguage\":\"en-US\",\"@id\":\"https:\/\/lam.vinawebsite.vn\/10200\/en\/san-pham\/hcg-allisa-rapid-pregnancy-test-strips-box-of-1-piece\/#primaryimage\",\"url\":\"https:\/\/lam.vinawebsite.vn\/10200\/wp-content\/uploads\/2022\/06\/P21913_1.jpg\",\"contentUrl\":\"https:\/\/lam.vinawebsite.vn\/10200\/wp-content\/uploads\/2022\/06\/P21913_1.jpg\",\"width\":1000,\"height\":1000},{\"@type\":\"WebPage\",\"@id\":\"https:\/\/lam.vinawebsite.vn\/10200\/en\/san-pham\/hcg-allisa-rapid-pregnancy-test-strips-box-of-1-piece\/#webpage\",\"url\":\"https:\/\/lam.vinawebsite.vn\/10200\/en\/san-pham\/hcg-allisa-rapid-pregnancy-test-strips-box-of-1-piece\/\",\"name\":\"HCG Allisa rapid pregnancy test strips (box of 1 piece) - C\u00f4ng ty TNHH D\u01b0\u1ee3c ph\u1ea9m 2T Vi\u1ec7t Nam\",\"isPartOf\":{\"@id\":\"https:\/\/lam.vinawebsite.vn\/10200\/#website\"},\"primaryImageOfPage\":{\"@id\":\"https:\/\/lam.vinawebsite.vn\/10200\/en\/san-pham\/hcg-allisa-rapid-pregnancy-test-strips-box-of-1-piece\/#primaryimage\"},\"datePublished\":\"2022-06-24T09:23:28+00:00\",\"dateModified\":\"2022-06-24T11:05:53+00:00\",\"breadcrumb\":{\"@id\":\"https:\/\/lam.vinawebsite.vn\/10200\/en\/san-pham\/hcg-allisa-rapid-pregnancy-test-strips-box-of-1-piece\/#breadcrumb\"},\"inLanguage\":\"en-US\",\"potentialAction\":[{\"@type\":\"ReadAction\",\"target\":[\"https:\/\/lam.vinawebsite.vn\/10200\/en\/san-pham\/hcg-allisa-rapid-pregnancy-test-strips-box-of-1-piece\/\"]}]},{\"@type\":\"BreadcrumbList\",\"@id\":\"https:\/\/lam.vinawebsite.vn\/10200\/en\/san-pham\/hcg-allisa-rapid-pregnancy-test-strips-box-of-1-piece\/#breadcrumb\",\"itemListElement\":[{\"@type\":\"ListItem\",\"position\":1,\"name\":\"2T Vi\u1ec7t Nam\",\"item\":\"https:\/\/lam.vinawebsite.vn\/10200\/en\/\"},{\"@type\":\"ListItem\",\"position\":2,\"name\":\"Products\",\"item\":\"https:\/\/lam.vinawebsite.vn\/10200\/en\/products\/\"},{\"@type\":\"ListItem\",\"position\":3,\"name\":\"HCG Allisa rapid pregnancy test strips (box of 1 piece)\"}]}]}<\/script>\n<!-- \/ Yoast SEO plugin. -->","yoast_head_json":{"title":"HCG Allisa rapid pregnancy test strips (box of 1 piece) - C\u00f4ng ty TNHH D\u01b0\u1ee3c ph\u1ea9m 2T Vi\u1ec7t Nam","robots":{"index":"noindex","follow":"follow","max-snippet":"max-snippet:-1","max-image-preview":"max-image-preview:large","max-video-preview":"max-video-preview:-1"},"og_locale":"en_US","og_type":"article","og_title":"HCG Allisa rapid pregnancy test strips (box of 1 piece) - C\u00f4ng ty TNHH D\u01b0\u1ee3c ph\u1ea9m 2T Vi\u1ec7t Nam","og_description":"Que th\u1eed thai nhanh HCG Allisa \u0111\u1ecbnh t\u00ednh hormone HCG trong n\u01b0\u1edbc ti\u1ec3u ng\u01b0\u1eddi gi\u00fap ph\u00e1t hi\u1ec7n s\u1edbm thai k\u1ef3 (7-10 ng\u00e0y sau khi th\u1ee5 thai).","og_url":"https:\/\/lam.vinawebsite.vn\/10200\/en\/san-pham\/hcg-allisa-rapid-pregnancy-test-strips-box-of-1-piece\/","og_site_name":"C\u00f4ng ty TNHH D\u01b0\u1ee3c ph\u1ea9m 2T Vi\u1ec7t Nam","article_modified_time":"2022-06-24T11:05:53+00:00","og_image":[{"width":1000,"height":1000,"url":"https:\/\/lam.vinawebsite.vn\/10200\/wp-content\/uploads\/2022\/06\/P21913_1.jpg","type":"image\/jpeg"}],"twitter_card":"summary_large_image","twitter_misc":{"Est. reading time":"2 minutes"},"schema":{"@context":"https:\/\/schema.org","@graph":[{"@type":"WebSite","@id":"https:\/\/lam.vinawebsite.vn\/10200\/#website","url":"https:\/\/lam.vinawebsite.vn\/10200\/","name":"C\u00f4ng ty TNHH D\u01b0\u1ee3c ph\u1ea9m 2T Vi\u1ec7t Nam","description":"C\u00f4ng ty TNHH D\u01b0\u1ee3c ph\u1ea9m 2T Vi\u1ec7t Nam","potentialAction":[{"@type":"SearchAction","target":{"@type":"EntryPoint","urlTemplate":"https:\/\/lam.vinawebsite.vn\/10200\/?s={search_term_string}"},"query-input":"required name=search_term_string"}],"inLanguage":"en-US"},{"@type":"ImageObject","inLanguage":"en-US","@id":"https:\/\/lam.vinawebsite.vn\/10200\/en\/san-pham\/hcg-allisa-rapid-pregnancy-test-strips-box-of-1-piece\/#primaryimage","url":"https:\/\/lam.vinawebsite.vn\/10200\/wp-content\/uploads\/2022\/06\/P21913_1.jpg","contentUrl":"https:\/\/lam.vinawebsite.vn\/10200\/wp-content\/uploads\/2022\/06\/P21913_1.jpg","width":1000,"height":1000},{"@type":"WebPage","@id":"https:\/\/lam.vinawebsite.vn\/10200\/en\/san-pham\/hcg-allisa-rapid-pregnancy-test-strips-box-of-1-piece\/#webpage","url":"https:\/\/lam.vinawebsite.vn\/10200\/en\/san-pham\/hcg-allisa-rapid-pregnancy-test-strips-box-of-1-piece\/","name":"HCG Allisa rapid pregnancy test strips (box of 1 piece) - C\u00f4ng ty TNHH D\u01b0\u1ee3c ph\u1ea9m 2T Vi\u1ec7t Nam","isPartOf":{"@id":"https:\/\/lam.vinawebsite.vn\/10200\/#website"},"primaryImageOfPage":{"@id":"https:\/\/lam.vinawebsite.vn\/10200\/en\/san-pham\/hcg-allisa-rapid-pregnancy-test-strips-box-of-1-piece\/#primaryimage"},"datePublished":"2022-06-24T09:23:28+00:00","dateModified":"2022-06-24T11:05:53+00:00","breadcrumb":{"@id":"https:\/\/lam.vinawebsite.vn\/10200\/en\/san-pham\/hcg-allisa-rapid-pregnancy-test-strips-box-of-1-piece\/#breadcrumb"},"inLanguage":"en-US","potentialAction":[{"@type":"ReadAction","target":["https:\/\/lam.vinawebsite.vn\/10200\/en\/san-pham\/hcg-allisa-rapid-pregnancy-test-strips-box-of-1-piece\/"]}]},{"@type":"BreadcrumbList","@id":"https:\/\/lam.vinawebsite.vn\/10200\/en\/san-pham\/hcg-allisa-rapid-pregnancy-test-strips-box-of-1-piece\/#breadcrumb","itemListElement":[{"@type":"ListItem","position":1,"name":"2T Vi\u1ec7t Nam","item":"https:\/\/lam.vinawebsite.vn\/10200\/en\/"},{"@type":"ListItem","position":2,"name":"Products","item":"https:\/\/lam.vinawebsite.vn\/10200\/en\/products\/"},{"@type":"ListItem","position":3,"name":"HCG Allisa rapid pregnancy test strips (box of 1 piece)"}]}]}},"_links":{"self":[{"href":"https:\/\/lam.vinawebsite.vn\/10200\/en\/wp-json\/wp\/v2\/product\/827"}],"collection":[{"href":"https:\/\/lam.vinawebsite.vn\/10200\/en\/wp-json\/wp\/v2\/product"}],"about":[{"href":"https:\/\/lam.vinawebsite.vn\/10200\/en\/wp-json\/wp\/v2\/types\/product"}],"replies":[{"embeddable":true,"href":"https:\/\/lam.vinawebsite.vn\/10200\/en\/wp-json\/wp\/v2\/comments?post=827"}],"wp:featuredmedia":[{"embeddable":true,"href":"https:\/\/lam.vinawebsite.vn\/10200\/en\/wp-json\/wp\/v2\/media\/711"}],"wp:attachment":[{"href":"https:\/\/lam.vinawebsite.vn\/10200\/en\/wp-json\/wp\/v2\/media?parent=827"}],"wp:term":[{"taxonomy":"product_cat","embeddable":true,"href":"https:\/\/lam.vinawebsite.vn\/10200\/en\/wp-json\/wp\/v2\/product_cat?post=827"},{"taxonomy":"product_tag","embeddable":true,"href":"https:\/\/lam.vinawebsite.vn\/10200\/en\/wp-json\/wp\/v2\/product_tag?post=827"}],"curies":[{"name":"wp","href":"https:\/\/api.w.org\/{rel}","templated":true}]}}