{"id":829,"date":"2022-06-24T16:27:22","date_gmt":"2022-06-24T09:27:22","guid":{"rendered":"http:\/\/35634.lamdx.vinawebsite.vn\/san-pham\/sua-tam-chuyen-biet-cho-mun-lung-va-viem-nang-long-acnevir-chai-210ml\/"},"modified":"2022-06-24T18:06:13","modified_gmt":"2022-06-24T11:06:13","slug":"acnevir-specialized-shower-gel-for-back-acne-and-folliculitis-210ml-bottle","status":"publish","type":"product","link":"https:\/\/lam.vinawebsite.vn\/10200\/en\/san-pham\/acnevir-specialized-shower-gel-for-back-acne-and-folliculitis-210ml-bottle\/","title":{"rendered":"Acnevir specialized shower gel for back acne and folliculitis (210ml bottle)"},"content":{"rendered":"<p><strong>Th\u00e0nh ph\u1ea7n<\/strong><br \/>\nPurified Water, Xanthan Gum, Cocamidopropyl Betaine, Sodium Laureth Sulfate, Salicy Acid, Tocopheryl Acetate, DMDM Hydantoin, Phenoxyethanol, Ethylhexyglycerin, Tinh d\u1ea7u tr\u00e0m tr\u00e0, d\u1ecbch chi\u1ebft keo ong, d\u1ecbch chi\u1ebft l\u00e1 xo\u00e0i, O-Cymen-5-Ol (Isopropy Methylphenol), Fragrance, Dipotassium Glycyrrhizate, Disodium EDTA.<\/p>\n<p><strong>C\u00f4ng d\u1ee5ng<\/strong><br \/>\nD\u00f9ng t\u1eafm h\u1eb1ng ng\u00e0y; Gi\u00fap: l\u00e0m s\u1ea1ch da to\u00e0n th\u00e2n, lo\u1ea1i b\u1ecf b\u1ee5i b\u1ea9n, d\u1ea7u nh\u1eddn, t\u1ebf b\u00e0o ch\u1ebft tr\u00ean da, l\u00e0m th\u00f4ng tho\u00e1ng l\u1ed7 ch\u00e2n l\u00f4ng, duy tr\u00ec \u0111\u1ed9 \u1ea9m v\u00e0 pH t\u1ef1 nhi\u00ean, cho l\u00e0n da tr\u1eafng s\u1ea1ch, m\u1ecbn m\u00e0ng h\u01a1n; G\u00f3p ph\u1ea7n ng\u0103n ng\u1eeba v\u00e0 c\u1ea3i thi\u1ec7n t\u00ecnh tr\u1ea1ng m\u1ee5n, vi\u00eam l\u1ed7 ch\u00e2n l\u00f4ng tr\u00ean da t\u1ea1i c\u00e1c v\u00f9ng l\u01b0ng, ng\u1ef1c, m\u00f4ng, &#8230;<\/p>\n<p><strong>C\u00e1ch s\u1eed d\u1ee5ng<\/strong><br \/>\nChuy\u00ean bi\u1ec7t do da m\u1ecbn v\u00e0 vi\u00eam nang l\u00f4ng<br \/>\n* L\u00e0m \u01b0\u1edbt ng\u01b0\u1eddi, l\u1ea5y 1 l\u01b0\u1ee3ng v\u1eeba \u0111\u1ee7 v\u00e0o l\u00f2ng b\u00e0n tay, thoa nh\u1eb9 nh\u00e0ng l\u00ean v\u00f9ng da c\u1ea7n ch\u0103m s\u00f3c sau \u0111\u00f3 t\u1eafm s\u1ea1ch l\u1ea1i v\u1edbi n\u01b0\u1edbc.<\/p>\n<p><strong>B\u1ea3o qu\u1ea3n:<\/strong>\u00a0\u0110\u1ec3 xa t\u1ea7m tay tr\u1ebb em, Tr\u00e1nh \u00e1nh s\u00e1ng m\u1eb7t tr\u1eddi<\/p>\n<p><strong>\u0110\u00f3ng g\u00f3i:<\/strong>\u00a0Chai 210ml<\/p>\n<p><strong>Th\u01b0\u01a1ng hi\u1ec7u<\/strong>:\u00a0 Acnevir<\/p>\n<p><strong>S\u1ea3n xu\u1ea5t t\u1ea1i:\u00a0<\/strong>Vi\u1ec7t Nam<\/p>\n<p><strong>S\u1ed1 gi\u1ea5y c\u00f4ng b\u1ed1:<\/strong>\u00a07708\/20\/CBMP-HN<\/p>\n<!-- AddThis Advanced Settings generic via filter on the_content --><!-- AddThis Share Buttons generic via filter on the_content -->","protected":false},"excerpt":{"rendered":"<p>S\u1eefa t\u1eafm chuy\u00ean bi\u1ec7t cho m\u1ee5n l\u01b0ng v\u00e0 vi\u00eam nang l\u00f4ng Acnevir l\u00e0m s\u1ea1ch d\u1ea7u nh\u1eddn, t\u1ebf b\u00e0o ch\u1ebf tr\u00ean da, l\u00e0m th\u00f4ng tho\u00e1ng l\u1ed7 ch\u00e2n l\u00f4ng, duy tr\u00ec pH t\u1ef1 nhi\u00ean cho l\u00e0n da. Ng\u0103n ng\u1eeba c\u1ea3i thi\u1ec7n t\u00ecnh tr\u1ea1ng m\u1ee5n, vi\u00eam l\u1ed7 ch\u00e2n l\u00f4ng.<\/p>\n","protected":false},"featured_media":719,"comment_status":"open","ping_status":"closed","template":"","meta":[],"product_cat":[121],"product_tag":[],"acf":[],"yoast_head":"<!-- This site is optimized with the Yoast SEO plugin v19.1 - https:\/\/yoast.com\/wordpress\/plugins\/seo\/ -->\n<title>Acnevir specialized shower gel for back acne and folliculitis (210ml bottle) - C\u00f4ng ty TNHH D\u01b0\u1ee3c ph\u1ea9m 2T Vi\u1ec7t Nam<\/title>\n<meta name=\"robots\" content=\"noindex, follow, max-snippet:-1, max-image-preview:large, max-video-preview:-1\" \/>\n<meta property=\"og:locale\" content=\"en_US\" \/>\n<meta property=\"og:type\" content=\"article\" \/>\n<meta property=\"og:title\" content=\"Acnevir specialized shower gel for back acne and folliculitis (210ml bottle) - C\u00f4ng ty TNHH D\u01b0\u1ee3c ph\u1ea9m 2T Vi\u1ec7t Nam\" \/>\n<meta property=\"og:description\" content=\"S\u1eefa t\u1eafm chuy\u00ean bi\u1ec7t cho m\u1ee5n l\u01b0ng v\u00e0 vi\u00eam nang l\u00f4ng Acnevir l\u00e0m s\u1ea1ch d\u1ea7u nh\u1eddn, t\u1ebf b\u00e0o ch\u1ebf tr\u00ean da, l\u00e0m th\u00f4ng tho\u00e1ng l\u1ed7 ch\u00e2n l\u00f4ng, duy tr\u00ec pH t\u1ef1 nhi\u00ean cho l\u00e0n da. Ng\u0103n ng\u1eeba c\u1ea3i thi\u1ec7n t\u00ecnh tr\u1ea1ng m\u1ee5n, vi\u00eam l\u1ed7 ch\u00e2n l\u00f4ng.\" \/>\n<meta property=\"og:url\" content=\"https:\/\/lam.vinawebsite.vn\/10200\/en\/san-pham\/acnevir-specialized-shower-gel-for-back-acne-and-folliculitis-210ml-bottle\/\" \/>\n<meta property=\"og:site_name\" content=\"C\u00f4ng ty TNHH D\u01b0\u1ee3c ph\u1ea9m 2T Vi\u1ec7t Nam\" \/>\n<meta property=\"article:modified_time\" content=\"2022-06-24T11:06:13+00:00\" \/>\n<meta property=\"og:image\" content=\"https:\/\/lam.vinawebsite.vn\/10200\/wp-content\/uploads\/2022\/06\/P23469_1.jpg\" \/>\n\t<meta property=\"og:image:width\" content=\"1000\" \/>\n\t<meta property=\"og:image:height\" content=\"1000\" \/>\n\t<meta property=\"og:image:type\" content=\"image\/jpeg\" \/>\n<meta name=\"twitter:card\" content=\"summary_large_image\" \/>\n<meta name=\"twitter:label1\" content=\"Est. reading time\" \/>\n\t<meta name=\"twitter:data1\" content=\"1 minute\" \/>\n<script type=\"application\/ld+json\" class=\"yoast-schema-graph\">{\"@context\":\"https:\/\/schema.org\",\"@graph\":[{\"@type\":\"WebSite\",\"@id\":\"https:\/\/lam.vinawebsite.vn\/10200\/#website\",\"url\":\"https:\/\/lam.vinawebsite.vn\/10200\/\",\"name\":\"C\u00f4ng ty TNHH D\u01b0\u1ee3c ph\u1ea9m 2T Vi\u1ec7t Nam\",\"description\":\"C\u00f4ng ty TNHH D\u01b0\u1ee3c ph\u1ea9m 2T Vi\u1ec7t Nam\",\"potentialAction\":[{\"@type\":\"SearchAction\",\"target\":{\"@type\":\"EntryPoint\",\"urlTemplate\":\"https:\/\/lam.vinawebsite.vn\/10200\/?s={search_term_string}\"},\"query-input\":\"required name=search_term_string\"}],\"inLanguage\":\"en-US\"},{\"@type\":\"ImageObject\",\"inLanguage\":\"en-US\",\"@id\":\"https:\/\/lam.vinawebsite.vn\/10200\/en\/san-pham\/acnevir-specialized-shower-gel-for-back-acne-and-folliculitis-210ml-bottle\/#primaryimage\",\"url\":\"https:\/\/lam.vinawebsite.vn\/10200\/wp-content\/uploads\/2022\/06\/P23469_1.jpg\",\"contentUrl\":\"https:\/\/lam.vinawebsite.vn\/10200\/wp-content\/uploads\/2022\/06\/P23469_1.jpg\",\"width\":1000,\"height\":1000},{\"@type\":\"WebPage\",\"@id\":\"https:\/\/lam.vinawebsite.vn\/10200\/en\/san-pham\/acnevir-specialized-shower-gel-for-back-acne-and-folliculitis-210ml-bottle\/#webpage\",\"url\":\"https:\/\/lam.vinawebsite.vn\/10200\/en\/san-pham\/acnevir-specialized-shower-gel-for-back-acne-and-folliculitis-210ml-bottle\/\",\"name\":\"Acnevir specialized shower gel for back acne and folliculitis (210ml bottle) - C\u00f4ng ty TNHH D\u01b0\u1ee3c ph\u1ea9m 2T Vi\u1ec7t Nam\",\"isPartOf\":{\"@id\":\"https:\/\/lam.vinawebsite.vn\/10200\/#website\"},\"primaryImageOfPage\":{\"@id\":\"https:\/\/lam.vinawebsite.vn\/10200\/en\/san-pham\/acnevir-specialized-shower-gel-for-back-acne-and-folliculitis-210ml-bottle\/#primaryimage\"},\"datePublished\":\"2022-06-24T09:27:22+00:00\",\"dateModified\":\"2022-06-24T11:06:13+00:00\",\"breadcrumb\":{\"@id\":\"https:\/\/lam.vinawebsite.vn\/10200\/en\/san-pham\/acnevir-specialized-shower-gel-for-back-acne-and-folliculitis-210ml-bottle\/#breadcrumb\"},\"inLanguage\":\"en-US\",\"potentialAction\":[{\"@type\":\"ReadAction\",\"target\":[\"https:\/\/lam.vinawebsite.vn\/10200\/en\/san-pham\/acnevir-specialized-shower-gel-for-back-acne-and-folliculitis-210ml-bottle\/\"]}]},{\"@type\":\"BreadcrumbList\",\"@id\":\"https:\/\/lam.vinawebsite.vn\/10200\/en\/san-pham\/acnevir-specialized-shower-gel-for-back-acne-and-folliculitis-210ml-bottle\/#breadcrumb\",\"itemListElement\":[{\"@type\":\"ListItem\",\"position\":1,\"name\":\"2T Vi\u1ec7t Nam\",\"item\":\"https:\/\/lam.vinawebsite.vn\/10200\/en\/\"},{\"@type\":\"ListItem\",\"position\":2,\"name\":\"Products\",\"item\":\"https:\/\/lam.vinawebsite.vn\/10200\/en\/products\/\"},{\"@type\":\"ListItem\",\"position\":3,\"name\":\"Acnevir specialized shower gel for back acne and folliculitis (210ml bottle)\"}]}]}<\/script>\n<!-- \/ Yoast SEO plugin. -->","yoast_head_json":{"title":"Acnevir specialized shower gel for back acne and folliculitis (210ml bottle) - C\u00f4ng ty TNHH D\u01b0\u1ee3c ph\u1ea9m 2T Vi\u1ec7t Nam","robots":{"index":"noindex","follow":"follow","max-snippet":"max-snippet:-1","max-image-preview":"max-image-preview:large","max-video-preview":"max-video-preview:-1"},"og_locale":"en_US","og_type":"article","og_title":"Acnevir specialized shower gel for back acne and folliculitis (210ml bottle) - C\u00f4ng ty TNHH D\u01b0\u1ee3c ph\u1ea9m 2T Vi\u1ec7t Nam","og_description":"S\u1eefa t\u1eafm chuy\u00ean bi\u1ec7t cho m\u1ee5n l\u01b0ng v\u00e0 vi\u00eam nang l\u00f4ng Acnevir l\u00e0m s\u1ea1ch d\u1ea7u nh\u1eddn, t\u1ebf b\u00e0o ch\u1ebf tr\u00ean da, l\u00e0m th\u00f4ng tho\u00e1ng l\u1ed7 ch\u00e2n l\u00f4ng, duy tr\u00ec pH t\u1ef1 nhi\u00ean cho l\u00e0n da. Ng\u0103n ng\u1eeba c\u1ea3i thi\u1ec7n t\u00ecnh tr\u1ea1ng m\u1ee5n, vi\u00eam l\u1ed7 ch\u00e2n l\u00f4ng.","og_url":"https:\/\/lam.vinawebsite.vn\/10200\/en\/san-pham\/acnevir-specialized-shower-gel-for-back-acne-and-folliculitis-210ml-bottle\/","og_site_name":"C\u00f4ng ty TNHH D\u01b0\u1ee3c ph\u1ea9m 2T Vi\u1ec7t Nam","article_modified_time":"2022-06-24T11:06:13+00:00","og_image":[{"width":1000,"height":1000,"url":"https:\/\/lam.vinawebsite.vn\/10200\/wp-content\/uploads\/2022\/06\/P23469_1.jpg","type":"image\/jpeg"}],"twitter_card":"summary_large_image","twitter_misc":{"Est. reading time":"1 minute"},"schema":{"@context":"https:\/\/schema.org","@graph":[{"@type":"WebSite","@id":"https:\/\/lam.vinawebsite.vn\/10200\/#website","url":"https:\/\/lam.vinawebsite.vn\/10200\/","name":"C\u00f4ng ty TNHH D\u01b0\u1ee3c ph\u1ea9m 2T Vi\u1ec7t Nam","description":"C\u00f4ng ty TNHH D\u01b0\u1ee3c ph\u1ea9m 2T Vi\u1ec7t Nam","potentialAction":[{"@type":"SearchAction","target":{"@type":"EntryPoint","urlTemplate":"https:\/\/lam.vinawebsite.vn\/10200\/?s={search_term_string}"},"query-input":"required name=search_term_string"}],"inLanguage":"en-US"},{"@type":"ImageObject","inLanguage":"en-US","@id":"https:\/\/lam.vinawebsite.vn\/10200\/en\/san-pham\/acnevir-specialized-shower-gel-for-back-acne-and-folliculitis-210ml-bottle\/#primaryimage","url":"https:\/\/lam.vinawebsite.vn\/10200\/wp-content\/uploads\/2022\/06\/P23469_1.jpg","contentUrl":"https:\/\/lam.vinawebsite.vn\/10200\/wp-content\/uploads\/2022\/06\/P23469_1.jpg","width":1000,"height":1000},{"@type":"WebPage","@id":"https:\/\/lam.vinawebsite.vn\/10200\/en\/san-pham\/acnevir-specialized-shower-gel-for-back-acne-and-folliculitis-210ml-bottle\/#webpage","url":"https:\/\/lam.vinawebsite.vn\/10200\/en\/san-pham\/acnevir-specialized-shower-gel-for-back-acne-and-folliculitis-210ml-bottle\/","name":"Acnevir specialized shower gel for back acne and folliculitis (210ml bottle) - C\u00f4ng ty TNHH D\u01b0\u1ee3c ph\u1ea9m 2T Vi\u1ec7t Nam","isPartOf":{"@id":"https:\/\/lam.vinawebsite.vn\/10200\/#website"},"primaryImageOfPage":{"@id":"https:\/\/lam.vinawebsite.vn\/10200\/en\/san-pham\/acnevir-specialized-shower-gel-for-back-acne-and-folliculitis-210ml-bottle\/#primaryimage"},"datePublished":"2022-06-24T09:27:22+00:00","dateModified":"2022-06-24T11:06:13+00:00","breadcrumb":{"@id":"https:\/\/lam.vinawebsite.vn\/10200\/en\/san-pham\/acnevir-specialized-shower-gel-for-back-acne-and-folliculitis-210ml-bottle\/#breadcrumb"},"inLanguage":"en-US","potentialAction":[{"@type":"ReadAction","target":["https:\/\/lam.vinawebsite.vn\/10200\/en\/san-pham\/acnevir-specialized-shower-gel-for-back-acne-and-folliculitis-210ml-bottle\/"]}]},{"@type":"BreadcrumbList","@id":"https:\/\/lam.vinawebsite.vn\/10200\/en\/san-pham\/acnevir-specialized-shower-gel-for-back-acne-and-folliculitis-210ml-bottle\/#breadcrumb","itemListElement":[{"@type":"ListItem","position":1,"name":"2T Vi\u1ec7t Nam","item":"https:\/\/lam.vinawebsite.vn\/10200\/en\/"},{"@type":"ListItem","position":2,"name":"Products","item":"https:\/\/lam.vinawebsite.vn\/10200\/en\/products\/"},{"@type":"ListItem","position":3,"name":"Acnevir specialized shower gel for back acne and folliculitis (210ml bottle)"}]}]}},"_links":{"self":[{"href":"https:\/\/lam.vinawebsite.vn\/10200\/en\/wp-json\/wp\/v2\/product\/829"}],"collection":[{"href":"https:\/\/lam.vinawebsite.vn\/10200\/en\/wp-json\/wp\/v2\/product"}],"about":[{"href":"https:\/\/lam.vinawebsite.vn\/10200\/en\/wp-json\/wp\/v2\/types\/product"}],"replies":[{"embeddable":true,"href":"https:\/\/lam.vinawebsite.vn\/10200\/en\/wp-json\/wp\/v2\/comments?post=829"}],"wp:featuredmedia":[{"embeddable":true,"href":"https:\/\/lam.vinawebsite.vn\/10200\/en\/wp-json\/wp\/v2\/media\/719"}],"wp:attachment":[{"href":"https:\/\/lam.vinawebsite.vn\/10200\/en\/wp-json\/wp\/v2\/media?parent=829"}],"wp:term":[{"taxonomy":"product_cat","embeddable":true,"href":"https:\/\/lam.vinawebsite.vn\/10200\/en\/wp-json\/wp\/v2\/product_cat?post=829"},{"taxonomy":"product_tag","embeddable":true,"href":"https:\/\/lam.vinawebsite.vn\/10200\/en\/wp-json\/wp\/v2\/product_tag?post=829"}],"curies":[{"name":"wp","href":"https:\/\/api.w.org\/{rel}","templated":true}]}}