{"id":833,"date":"2022-06-24T16:39:33","date_gmt":"2022-06-24T09:39:33","guid":{"rendered":"http:\/\/35634.lamdx.vinawebsite.vn\/san-pham\/khan-uot-cham-soc-da-fressi-care-face-20-mieng-goi\/"},"modified":"2022-06-24T18:10:52","modified_gmt":"2022-06-24T11:10:52","slug":"fressi-care-face-wet-wipes-20-pieces-pack","status":"publish","type":"product","link":"https:\/\/lam.vinawebsite.vn\/10200\/en\/san-pham\/fressi-care-face-wet-wipes-20-pieces-pack\/","title":{"rendered":"Fressi Care Face wet wipes (20 pieces\/pack)"},"content":{"rendered":"<p><strong>Th\u00e0nh ph\u1ea7n:<\/strong><br \/>\nV\u1ea3i kh\u00f4ng d\u1ec7t, n\u01b0\u1edbc tinh khi\u1ebft, Sodium Benzoate, PEG-60, Propylene Glycol, Citric Acid&#8230;<\/p>\n<p><strong>C\u00f4ng d\u1ee5ng:<\/strong><br \/>\nL\u00e0m s\u1ea1ch nh\u1eddn, ch\u0103m s\u00f3c da, gi\u00fap da tr\u1edf n\u00ean m\u1ec1m m\u1ea1i, m\u1ecbn m\u00e0ng, b\u1ed5 sung \u0111\u1ed9 \u1ea9m cho da.<\/p>\n<p><strong>B\u1ea3o qu\u1ea3n:<\/strong><br \/>\nN\u01a1i kh\u00f4 r\u00e1o tho\u00e1ng m\u00e1t, tr\u00e1nh \u00e1nh n\u1eafng tr\u1ef1c ti\u1ebfp.<\/p>\n<p><strong>Quy c\u00e1ch \u0111\u00f3ng g\u00f3i:<\/strong>\u00a0100 t\u1edd\/g\u00f3i<\/p>\n<p><strong>Xu\u1ea5t x\u1ee9 th\u01b0\u01a1ng hi\u1ec7u:<\/strong>\u00a0Vi\u1ec7t Nam<\/p>\n<p><strong>S\u1ea3n xu\u1ea5t t\u1ea1i:<\/strong>\u00a0Vi\u1ec7t Nam<\/p>\n<p><em>*Pharmacity cam k\u1ebft ch\u1ec9 b\u00e1n s\u1ea3n ph\u1ea9m c\u00f2n d\u00e0i h\u1ea1n s\u1eed d\u1ee5ng.<\/em><\/p>\n<!-- AddThis Advanced Settings generic via filter on the_content --><!-- AddThis Share Buttons generic via filter on the_content -->","protected":false},"excerpt":{"rendered":"<p>Kh\u0103n \u01b0\u1edbt ch\u0103m s\u00f3c da Fressi Care Face v\u1edbi c\u00f4ng th\u1ee9c s\u1ea1ch nh\u1eddn, an to\u00e0n cho da, nh\u1eb9 nh\u00e0ng l\u00e0m s\u1ea1ch v\u00e0 ch\u0103m s\u00f3c da, cho l\u00e0n da t\u01b0\u01a1i m\u00e1t, m\u1ecbn m\u00e0ng. Chi\u1ebft xu\u1ea5t l\u00f4 h\u1ed9i gi\u00fap b\u1ed5 sung \u0111\u1ed9 \u1ea9m cho l\u00e0n da lu\u00f4n m\u1ec1m m\u1ea1i.<\/p>\n","protected":false},"featured_media":730,"comment_status":"open","ping_status":"closed","template":"","meta":[],"product_cat":[131],"product_tag":[],"acf":[],"yoast_head":"<!-- This site is optimized with the Yoast SEO plugin v19.1 - https:\/\/yoast.com\/wordpress\/plugins\/seo\/ -->\n<title>Fressi Care Face wet wipes (20 pieces\/pack) - C\u00f4ng ty TNHH D\u01b0\u1ee3c ph\u1ea9m 2T Vi\u1ec7t Nam<\/title>\n<meta name=\"robots\" content=\"noindex, follow, max-snippet:-1, max-image-preview:large, max-video-preview:-1\" \/>\n<meta property=\"og:locale\" content=\"en_US\" \/>\n<meta property=\"og:type\" content=\"article\" \/>\n<meta property=\"og:title\" content=\"Fressi Care Face wet wipes (20 pieces\/pack) - C\u00f4ng ty TNHH D\u01b0\u1ee3c ph\u1ea9m 2T Vi\u1ec7t Nam\" \/>\n<meta property=\"og:description\" content=\"Kh\u0103n \u01b0\u1edbt ch\u0103m s\u00f3c da Fressi Care Face v\u1edbi c\u00f4ng th\u1ee9c s\u1ea1ch nh\u1eddn, an to\u00e0n cho da, nh\u1eb9 nh\u00e0ng l\u00e0m s\u1ea1ch v\u00e0 ch\u0103m s\u00f3c da, cho l\u00e0n da t\u01b0\u01a1i m\u00e1t, m\u1ecbn m\u00e0ng. Chi\u1ebft xu\u1ea5t l\u00f4 h\u1ed9i gi\u00fap b\u1ed5 sung \u0111\u1ed9 \u1ea9m cho l\u00e0n da lu\u00f4n m\u1ec1m m\u1ea1i.\" \/>\n<meta property=\"og:url\" content=\"https:\/\/lam.vinawebsite.vn\/10200\/en\/san-pham\/fressi-care-face-wet-wipes-20-pieces-pack\/\" \/>\n<meta property=\"og:site_name\" content=\"C\u00f4ng ty TNHH D\u01b0\u1ee3c ph\u1ea9m 2T Vi\u1ec7t Nam\" \/>\n<meta property=\"article:modified_time\" content=\"2022-06-24T11:10:52+00:00\" \/>\n<meta property=\"og:image\" content=\"https:\/\/lam.vinawebsite.vn\/10200\/wp-content\/uploads\/2022\/06\/P04627_1_l.jpg\" \/>\n\t<meta property=\"og:image:width\" content=\"460\" \/>\n\t<meta property=\"og:image:height\" content=\"460\" \/>\n\t<meta property=\"og:image:type\" content=\"image\/jpeg\" \/>\n<meta name=\"twitter:card\" content=\"summary_large_image\" \/>\n<meta name=\"twitter:label1\" content=\"Est. reading time\" \/>\n\t<meta name=\"twitter:data1\" content=\"1 minute\" \/>\n<script type=\"application\/ld+json\" class=\"yoast-schema-graph\">{\"@context\":\"https:\/\/schema.org\",\"@graph\":[{\"@type\":\"WebSite\",\"@id\":\"https:\/\/lam.vinawebsite.vn\/10200\/#website\",\"url\":\"https:\/\/lam.vinawebsite.vn\/10200\/\",\"name\":\"C\u00f4ng ty TNHH D\u01b0\u1ee3c ph\u1ea9m 2T Vi\u1ec7t Nam\",\"description\":\"C\u00f4ng ty TNHH D\u01b0\u1ee3c ph\u1ea9m 2T Vi\u1ec7t Nam\",\"potentialAction\":[{\"@type\":\"SearchAction\",\"target\":{\"@type\":\"EntryPoint\",\"urlTemplate\":\"https:\/\/lam.vinawebsite.vn\/10200\/?s={search_term_string}\"},\"query-input\":\"required name=search_term_string\"}],\"inLanguage\":\"en-US\"},{\"@type\":\"ImageObject\",\"inLanguage\":\"en-US\",\"@id\":\"https:\/\/lam.vinawebsite.vn\/10200\/en\/san-pham\/fressi-care-face-wet-wipes-20-pieces-pack\/#primaryimage\",\"url\":\"https:\/\/lam.vinawebsite.vn\/10200\/wp-content\/uploads\/2022\/06\/P04627_1_l.jpg\",\"contentUrl\":\"https:\/\/lam.vinawebsite.vn\/10200\/wp-content\/uploads\/2022\/06\/P04627_1_l.jpg\",\"width\":460,\"height\":460},{\"@type\":\"WebPage\",\"@id\":\"https:\/\/lam.vinawebsite.vn\/10200\/en\/san-pham\/fressi-care-face-wet-wipes-20-pieces-pack\/#webpage\",\"url\":\"https:\/\/lam.vinawebsite.vn\/10200\/en\/san-pham\/fressi-care-face-wet-wipes-20-pieces-pack\/\",\"name\":\"Fressi Care Face wet wipes (20 pieces\/pack) - C\u00f4ng ty TNHH D\u01b0\u1ee3c ph\u1ea9m 2T Vi\u1ec7t Nam\",\"isPartOf\":{\"@id\":\"https:\/\/lam.vinawebsite.vn\/10200\/#website\"},\"primaryImageOfPage\":{\"@id\":\"https:\/\/lam.vinawebsite.vn\/10200\/en\/san-pham\/fressi-care-face-wet-wipes-20-pieces-pack\/#primaryimage\"},\"datePublished\":\"2022-06-24T09:39:33+00:00\",\"dateModified\":\"2022-06-24T11:10:52+00:00\",\"breadcrumb\":{\"@id\":\"https:\/\/lam.vinawebsite.vn\/10200\/en\/san-pham\/fressi-care-face-wet-wipes-20-pieces-pack\/#breadcrumb\"},\"inLanguage\":\"en-US\",\"potentialAction\":[{\"@type\":\"ReadAction\",\"target\":[\"https:\/\/lam.vinawebsite.vn\/10200\/en\/san-pham\/fressi-care-face-wet-wipes-20-pieces-pack\/\"]}]},{\"@type\":\"BreadcrumbList\",\"@id\":\"https:\/\/lam.vinawebsite.vn\/10200\/en\/san-pham\/fressi-care-face-wet-wipes-20-pieces-pack\/#breadcrumb\",\"itemListElement\":[{\"@type\":\"ListItem\",\"position\":1,\"name\":\"2T Vi\u1ec7t Nam\",\"item\":\"https:\/\/lam.vinawebsite.vn\/10200\/en\/\"},{\"@type\":\"ListItem\",\"position\":2,\"name\":\"Products\",\"item\":\"https:\/\/lam.vinawebsite.vn\/10200\/en\/products\/\"},{\"@type\":\"ListItem\",\"position\":3,\"name\":\"Fressi Care Face wet wipes (20 pieces\/pack)\"}]}]}<\/script>\n<!-- \/ Yoast SEO plugin. -->","yoast_head_json":{"title":"Fressi Care Face wet wipes (20 pieces\/pack) - C\u00f4ng ty TNHH D\u01b0\u1ee3c ph\u1ea9m 2T Vi\u1ec7t Nam","robots":{"index":"noindex","follow":"follow","max-snippet":"max-snippet:-1","max-image-preview":"max-image-preview:large","max-video-preview":"max-video-preview:-1"},"og_locale":"en_US","og_type":"article","og_title":"Fressi Care Face wet wipes (20 pieces\/pack) - C\u00f4ng ty TNHH D\u01b0\u1ee3c ph\u1ea9m 2T Vi\u1ec7t Nam","og_description":"Kh\u0103n \u01b0\u1edbt ch\u0103m s\u00f3c da Fressi Care Face v\u1edbi c\u00f4ng th\u1ee9c s\u1ea1ch nh\u1eddn, an to\u00e0n cho da, nh\u1eb9 nh\u00e0ng l\u00e0m s\u1ea1ch v\u00e0 ch\u0103m s\u00f3c da, cho l\u00e0n da t\u01b0\u01a1i m\u00e1t, m\u1ecbn m\u00e0ng. Chi\u1ebft xu\u1ea5t l\u00f4 h\u1ed9i gi\u00fap b\u1ed5 sung \u0111\u1ed9 \u1ea9m cho l\u00e0n da lu\u00f4n m\u1ec1m m\u1ea1i.","og_url":"https:\/\/lam.vinawebsite.vn\/10200\/en\/san-pham\/fressi-care-face-wet-wipes-20-pieces-pack\/","og_site_name":"C\u00f4ng ty TNHH D\u01b0\u1ee3c ph\u1ea9m 2T Vi\u1ec7t Nam","article_modified_time":"2022-06-24T11:10:52+00:00","og_image":[{"width":460,"height":460,"url":"https:\/\/lam.vinawebsite.vn\/10200\/wp-content\/uploads\/2022\/06\/P04627_1_l.jpg","type":"image\/jpeg"}],"twitter_card":"summary_large_image","twitter_misc":{"Est. reading time":"1 minute"},"schema":{"@context":"https:\/\/schema.org","@graph":[{"@type":"WebSite","@id":"https:\/\/lam.vinawebsite.vn\/10200\/#website","url":"https:\/\/lam.vinawebsite.vn\/10200\/","name":"C\u00f4ng ty TNHH D\u01b0\u1ee3c ph\u1ea9m 2T Vi\u1ec7t Nam","description":"C\u00f4ng ty TNHH D\u01b0\u1ee3c ph\u1ea9m 2T Vi\u1ec7t Nam","potentialAction":[{"@type":"SearchAction","target":{"@type":"EntryPoint","urlTemplate":"https:\/\/lam.vinawebsite.vn\/10200\/?s={search_term_string}"},"query-input":"required name=search_term_string"}],"inLanguage":"en-US"},{"@type":"ImageObject","inLanguage":"en-US","@id":"https:\/\/lam.vinawebsite.vn\/10200\/en\/san-pham\/fressi-care-face-wet-wipes-20-pieces-pack\/#primaryimage","url":"https:\/\/lam.vinawebsite.vn\/10200\/wp-content\/uploads\/2022\/06\/P04627_1_l.jpg","contentUrl":"https:\/\/lam.vinawebsite.vn\/10200\/wp-content\/uploads\/2022\/06\/P04627_1_l.jpg","width":460,"height":460},{"@type":"WebPage","@id":"https:\/\/lam.vinawebsite.vn\/10200\/en\/san-pham\/fressi-care-face-wet-wipes-20-pieces-pack\/#webpage","url":"https:\/\/lam.vinawebsite.vn\/10200\/en\/san-pham\/fressi-care-face-wet-wipes-20-pieces-pack\/","name":"Fressi Care Face wet wipes (20 pieces\/pack) - C\u00f4ng ty TNHH D\u01b0\u1ee3c ph\u1ea9m 2T Vi\u1ec7t Nam","isPartOf":{"@id":"https:\/\/lam.vinawebsite.vn\/10200\/#website"},"primaryImageOfPage":{"@id":"https:\/\/lam.vinawebsite.vn\/10200\/en\/san-pham\/fressi-care-face-wet-wipes-20-pieces-pack\/#primaryimage"},"datePublished":"2022-06-24T09:39:33+00:00","dateModified":"2022-06-24T11:10:52+00:00","breadcrumb":{"@id":"https:\/\/lam.vinawebsite.vn\/10200\/en\/san-pham\/fressi-care-face-wet-wipes-20-pieces-pack\/#breadcrumb"},"inLanguage":"en-US","potentialAction":[{"@type":"ReadAction","target":["https:\/\/lam.vinawebsite.vn\/10200\/en\/san-pham\/fressi-care-face-wet-wipes-20-pieces-pack\/"]}]},{"@type":"BreadcrumbList","@id":"https:\/\/lam.vinawebsite.vn\/10200\/en\/san-pham\/fressi-care-face-wet-wipes-20-pieces-pack\/#breadcrumb","itemListElement":[{"@type":"ListItem","position":1,"name":"2T Vi\u1ec7t Nam","item":"https:\/\/lam.vinawebsite.vn\/10200\/en\/"},{"@type":"ListItem","position":2,"name":"Products","item":"https:\/\/lam.vinawebsite.vn\/10200\/en\/products\/"},{"@type":"ListItem","position":3,"name":"Fressi Care Face wet wipes (20 pieces\/pack)"}]}]}},"_links":{"self":[{"href":"https:\/\/lam.vinawebsite.vn\/10200\/en\/wp-json\/wp\/v2\/product\/833"}],"collection":[{"href":"https:\/\/lam.vinawebsite.vn\/10200\/en\/wp-json\/wp\/v2\/product"}],"about":[{"href":"https:\/\/lam.vinawebsite.vn\/10200\/en\/wp-json\/wp\/v2\/types\/product"}],"replies":[{"embeddable":true,"href":"https:\/\/lam.vinawebsite.vn\/10200\/en\/wp-json\/wp\/v2\/comments?post=833"}],"wp:featuredmedia":[{"embeddable":true,"href":"https:\/\/lam.vinawebsite.vn\/10200\/en\/wp-json\/wp\/v2\/media\/730"}],"wp:attachment":[{"href":"https:\/\/lam.vinawebsite.vn\/10200\/en\/wp-json\/wp\/v2\/media?parent=833"}],"wp:term":[{"taxonomy":"product_cat","embeddable":true,"href":"https:\/\/lam.vinawebsite.vn\/10200\/en\/wp-json\/wp\/v2\/product_cat?post=833"},{"taxonomy":"product_tag","embeddable":true,"href":"https:\/\/lam.vinawebsite.vn\/10200\/en\/wp-json\/wp\/v2\/product_tag?post=833"}],"curies":[{"name":"wp","href":"https:\/\/api.w.org\/{rel}","templated":true}]}}