{"id":836,"date":"2022-06-24T16:46:32","date_gmt":"2022-06-24T09:46:32","guid":{"rendered":"http:\/\/35634.lamdx.vinawebsite.vn\/san-pham\/banh-ca-vi-pho-mai-goldfish-pepperidge-farm-cheddar-goi-187g\/"},"modified":"2022-06-24T18:11:21","modified_gmt":"2022-06-24T11:11:21","slug":"goldfish-pepperidge-farm-cheddar-cheesecake-pack-of-187g","status":"publish","type":"product","link":"https:\/\/lam.vinawebsite.vn\/10200\/en\/san-pham\/goldfish-pepperidge-farm-cheddar-cheesecake-pack-of-187g\/","title":{"rendered":"Goldfish Pepperidge Farm Cheddar Cheesecake (Pack of 187g)"},"content":{"rendered":"<p><strong>Th\u00e0nh ph\u1ea7n:<\/strong>\u00a0B\u1ed9t m\u00ec b\u1ed5 sung dinh d\u01b0\u1ee1ng (80-90%), ph\u00f4 mai Cheddar (10-20%), d\u1ea7u c\u1ecd (ho\u1eb7c d\u1ea7u h\u01b0\u1edbng d\u01b0\u01a1ng), mu\u1ed1i, men, m\u00e0u th\u1ef1c ph\u1ea9m E160(c)&#8230;<\/p>\n<p>S\u1ea3n ph\u1ea9m c\u00f3 ch\u1ee9a th\u00e0nh ph\u1ea7n b\u1ed9t m\u00ec, s\u1eefa.<\/p>\n<p>N\u0103ng l\u01b0\u1ee3ng 140Cal\/30g.<\/p>\n<p><strong>H\u01b0\u1edbng d\u1eabn s\u1eed d\u1ee5ng:<\/strong>\u00a0D\u00f9ng \u0103n tr\u1ef1c ti\u1ebfp.<\/p>\n<p><strong>B\u1ea3o qu\u1ea3n:<\/strong>\u00a0N\u01a1i kh\u00f4 m\u00e1t, tr\u00e1nh \u00e1nh n\u1eafng tr\u1ef1c ti\u1ebfp. Bu\u1ed9c k\u00edn mi\u1ec7ng g\u00f3i khi ch\u01b0a s\u1eed d\u1ee5ng h\u1ebft.<\/p>\n<p><strong>Quy c\u00e1ch \u0111\u00f3ng g\u00f3i:<\/strong>\u00a0G\u00f3i 187g<\/p>\n<p><strong>Xu\u1ea5t x\u1ee9 th\u01b0\u01a1ng hi\u1ec7u:<\/strong>\u00a0M\u1ef9<\/p>\n<p><strong>S\u1ea3n xu\u1ea5t t\u1ea1i:<\/strong>\u00a0M\u1ef9<\/p>\n<!-- AddThis Advanced Settings generic via filter on the_content --><!-- AddThis Share Buttons generic via filter on the_content -->","protected":false},"excerpt":{"rendered":"<p>B\u00e1nh c\u00e1 v\u1ecb ph\u00f4 mai Goldfish Pepperidge Farm Cheddar th\u01a1m ngon, kh\u00f4ng ch\u1ea5t b\u1ea3o qu\u1ea3n gi\u00f2n r\u1ee5m th\u01a1m b\u00e9o, k\u00edch th\u00edch v\u1ecb gi\u00e1c c\u1ee7a tr\u1ebb.<\/p>\n","protected":false},"featured_media":740,"comment_status":"open","ping_status":"closed","template":"","meta":[],"product_cat":[130],"product_tag":[],"acf":[],"yoast_head":"<!-- This site is optimized with the Yoast SEO plugin v19.1 - https:\/\/yoast.com\/wordpress\/plugins\/seo\/ -->\n<title>Goldfish Pepperidge Farm Cheddar Cheesecake (Pack of 187g) - C\u00f4ng ty TNHH D\u01b0\u1ee3c ph\u1ea9m 2T Vi\u1ec7t Nam<\/title>\n<meta name=\"robots\" content=\"noindex, follow, max-snippet:-1, max-image-preview:large, max-video-preview:-1\" \/>\n<meta property=\"og:locale\" content=\"en_US\" \/>\n<meta property=\"og:type\" content=\"article\" \/>\n<meta property=\"og:title\" content=\"Goldfish Pepperidge Farm Cheddar Cheesecake (Pack of 187g) - C\u00f4ng ty TNHH D\u01b0\u1ee3c ph\u1ea9m 2T Vi\u1ec7t Nam\" \/>\n<meta property=\"og:description\" content=\"B\u00e1nh c\u00e1 v\u1ecb ph\u00f4 mai Goldfish Pepperidge Farm Cheddar th\u01a1m ngon, kh\u00f4ng ch\u1ea5t b\u1ea3o qu\u1ea3n gi\u00f2n r\u1ee5m th\u01a1m b\u00e9o, k\u00edch th\u00edch v\u1ecb gi\u00e1c c\u1ee7a tr\u1ebb.\" \/>\n<meta property=\"og:url\" content=\"https:\/\/lam.vinawebsite.vn\/10200\/en\/san-pham\/goldfish-pepperidge-farm-cheddar-cheesecake-pack-of-187g\/\" \/>\n<meta property=\"og:site_name\" content=\"C\u00f4ng ty TNHH D\u01b0\u1ee3c ph\u1ea9m 2T Vi\u1ec7t Nam\" \/>\n<meta property=\"article:modified_time\" content=\"2022-06-24T11:11:21+00:00\" \/>\n<meta property=\"og:image\" content=\"https:\/\/lam.vinawebsite.vn\/10200\/wp-content\/uploads\/2022\/06\/P18348_1_l.jpg\" \/>\n\t<meta property=\"og:image:width\" content=\"460\" \/>\n\t<meta property=\"og:image:height\" content=\"460\" \/>\n\t<meta property=\"og:image:type\" content=\"image\/jpeg\" \/>\n<meta name=\"twitter:card\" content=\"summary_large_image\" \/>\n<meta name=\"twitter:label1\" content=\"Est. reading time\" \/>\n\t<meta name=\"twitter:data1\" content=\"1 minute\" \/>\n<script type=\"application\/ld+json\" class=\"yoast-schema-graph\">{\"@context\":\"https:\/\/schema.org\",\"@graph\":[{\"@type\":\"WebSite\",\"@id\":\"https:\/\/lam.vinawebsite.vn\/10200\/#website\",\"url\":\"https:\/\/lam.vinawebsite.vn\/10200\/\",\"name\":\"C\u00f4ng ty TNHH D\u01b0\u1ee3c ph\u1ea9m 2T Vi\u1ec7t Nam\",\"description\":\"C\u00f4ng ty TNHH D\u01b0\u1ee3c ph\u1ea9m 2T Vi\u1ec7t Nam\",\"potentialAction\":[{\"@type\":\"SearchAction\",\"target\":{\"@type\":\"EntryPoint\",\"urlTemplate\":\"https:\/\/lam.vinawebsite.vn\/10200\/?s={search_term_string}\"},\"query-input\":\"required name=search_term_string\"}],\"inLanguage\":\"en-US\"},{\"@type\":\"ImageObject\",\"inLanguage\":\"en-US\",\"@id\":\"https:\/\/lam.vinawebsite.vn\/10200\/en\/san-pham\/goldfish-pepperidge-farm-cheddar-cheesecake-pack-of-187g\/#primaryimage\",\"url\":\"https:\/\/lam.vinawebsite.vn\/10200\/wp-content\/uploads\/2022\/06\/P18348_1_l.jpg\",\"contentUrl\":\"https:\/\/lam.vinawebsite.vn\/10200\/wp-content\/uploads\/2022\/06\/P18348_1_l.jpg\",\"width\":460,\"height\":460},{\"@type\":\"WebPage\",\"@id\":\"https:\/\/lam.vinawebsite.vn\/10200\/en\/san-pham\/goldfish-pepperidge-farm-cheddar-cheesecake-pack-of-187g\/#webpage\",\"url\":\"https:\/\/lam.vinawebsite.vn\/10200\/en\/san-pham\/goldfish-pepperidge-farm-cheddar-cheesecake-pack-of-187g\/\",\"name\":\"Goldfish Pepperidge Farm Cheddar Cheesecake (Pack of 187g) - C\u00f4ng ty TNHH D\u01b0\u1ee3c ph\u1ea9m 2T Vi\u1ec7t Nam\",\"isPartOf\":{\"@id\":\"https:\/\/lam.vinawebsite.vn\/10200\/#website\"},\"primaryImageOfPage\":{\"@id\":\"https:\/\/lam.vinawebsite.vn\/10200\/en\/san-pham\/goldfish-pepperidge-farm-cheddar-cheesecake-pack-of-187g\/#primaryimage\"},\"datePublished\":\"2022-06-24T09:46:32+00:00\",\"dateModified\":\"2022-06-24T11:11:21+00:00\",\"breadcrumb\":{\"@id\":\"https:\/\/lam.vinawebsite.vn\/10200\/en\/san-pham\/goldfish-pepperidge-farm-cheddar-cheesecake-pack-of-187g\/#breadcrumb\"},\"inLanguage\":\"en-US\",\"potentialAction\":[{\"@type\":\"ReadAction\",\"target\":[\"https:\/\/lam.vinawebsite.vn\/10200\/en\/san-pham\/goldfish-pepperidge-farm-cheddar-cheesecake-pack-of-187g\/\"]}]},{\"@type\":\"BreadcrumbList\",\"@id\":\"https:\/\/lam.vinawebsite.vn\/10200\/en\/san-pham\/goldfish-pepperidge-farm-cheddar-cheesecake-pack-of-187g\/#breadcrumb\",\"itemListElement\":[{\"@type\":\"ListItem\",\"position\":1,\"name\":\"2T Vi\u1ec7t Nam\",\"item\":\"https:\/\/lam.vinawebsite.vn\/10200\/en\/\"},{\"@type\":\"ListItem\",\"position\":2,\"name\":\"Products\",\"item\":\"https:\/\/lam.vinawebsite.vn\/10200\/en\/products\/\"},{\"@type\":\"ListItem\",\"position\":3,\"name\":\"Goldfish Pepperidge Farm Cheddar Cheesecake (Pack of 187g)\"}]}]}<\/script>\n<!-- \/ Yoast SEO plugin. -->","yoast_head_json":{"title":"Goldfish Pepperidge Farm Cheddar Cheesecake (Pack of 187g) - C\u00f4ng ty TNHH D\u01b0\u1ee3c ph\u1ea9m 2T Vi\u1ec7t Nam","robots":{"index":"noindex","follow":"follow","max-snippet":"max-snippet:-1","max-image-preview":"max-image-preview:large","max-video-preview":"max-video-preview:-1"},"og_locale":"en_US","og_type":"article","og_title":"Goldfish Pepperidge Farm Cheddar Cheesecake (Pack of 187g) - C\u00f4ng ty TNHH D\u01b0\u1ee3c ph\u1ea9m 2T Vi\u1ec7t Nam","og_description":"B\u00e1nh c\u00e1 v\u1ecb ph\u00f4 mai Goldfish Pepperidge Farm Cheddar th\u01a1m ngon, kh\u00f4ng ch\u1ea5t b\u1ea3o qu\u1ea3n gi\u00f2n r\u1ee5m th\u01a1m b\u00e9o, k\u00edch th\u00edch v\u1ecb gi\u00e1c c\u1ee7a tr\u1ebb.","og_url":"https:\/\/lam.vinawebsite.vn\/10200\/en\/san-pham\/goldfish-pepperidge-farm-cheddar-cheesecake-pack-of-187g\/","og_site_name":"C\u00f4ng ty TNHH D\u01b0\u1ee3c ph\u1ea9m 2T Vi\u1ec7t Nam","article_modified_time":"2022-06-24T11:11:21+00:00","og_image":[{"width":460,"height":460,"url":"https:\/\/lam.vinawebsite.vn\/10200\/wp-content\/uploads\/2022\/06\/P18348_1_l.jpg","type":"image\/jpeg"}],"twitter_card":"summary_large_image","twitter_misc":{"Est. reading time":"1 minute"},"schema":{"@context":"https:\/\/schema.org","@graph":[{"@type":"WebSite","@id":"https:\/\/lam.vinawebsite.vn\/10200\/#website","url":"https:\/\/lam.vinawebsite.vn\/10200\/","name":"C\u00f4ng ty TNHH D\u01b0\u1ee3c ph\u1ea9m 2T Vi\u1ec7t Nam","description":"C\u00f4ng ty TNHH D\u01b0\u1ee3c ph\u1ea9m 2T Vi\u1ec7t Nam","potentialAction":[{"@type":"SearchAction","target":{"@type":"EntryPoint","urlTemplate":"https:\/\/lam.vinawebsite.vn\/10200\/?s={search_term_string}"},"query-input":"required name=search_term_string"}],"inLanguage":"en-US"},{"@type":"ImageObject","inLanguage":"en-US","@id":"https:\/\/lam.vinawebsite.vn\/10200\/en\/san-pham\/goldfish-pepperidge-farm-cheddar-cheesecake-pack-of-187g\/#primaryimage","url":"https:\/\/lam.vinawebsite.vn\/10200\/wp-content\/uploads\/2022\/06\/P18348_1_l.jpg","contentUrl":"https:\/\/lam.vinawebsite.vn\/10200\/wp-content\/uploads\/2022\/06\/P18348_1_l.jpg","width":460,"height":460},{"@type":"WebPage","@id":"https:\/\/lam.vinawebsite.vn\/10200\/en\/san-pham\/goldfish-pepperidge-farm-cheddar-cheesecake-pack-of-187g\/#webpage","url":"https:\/\/lam.vinawebsite.vn\/10200\/en\/san-pham\/goldfish-pepperidge-farm-cheddar-cheesecake-pack-of-187g\/","name":"Goldfish Pepperidge Farm Cheddar Cheesecake (Pack of 187g) - C\u00f4ng ty TNHH D\u01b0\u1ee3c ph\u1ea9m 2T Vi\u1ec7t Nam","isPartOf":{"@id":"https:\/\/lam.vinawebsite.vn\/10200\/#website"},"primaryImageOfPage":{"@id":"https:\/\/lam.vinawebsite.vn\/10200\/en\/san-pham\/goldfish-pepperidge-farm-cheddar-cheesecake-pack-of-187g\/#primaryimage"},"datePublished":"2022-06-24T09:46:32+00:00","dateModified":"2022-06-24T11:11:21+00:00","breadcrumb":{"@id":"https:\/\/lam.vinawebsite.vn\/10200\/en\/san-pham\/goldfish-pepperidge-farm-cheddar-cheesecake-pack-of-187g\/#breadcrumb"},"inLanguage":"en-US","potentialAction":[{"@type":"ReadAction","target":["https:\/\/lam.vinawebsite.vn\/10200\/en\/san-pham\/goldfish-pepperidge-farm-cheddar-cheesecake-pack-of-187g\/"]}]},{"@type":"BreadcrumbList","@id":"https:\/\/lam.vinawebsite.vn\/10200\/en\/san-pham\/goldfish-pepperidge-farm-cheddar-cheesecake-pack-of-187g\/#breadcrumb","itemListElement":[{"@type":"ListItem","position":1,"name":"2T Vi\u1ec7t Nam","item":"https:\/\/lam.vinawebsite.vn\/10200\/en\/"},{"@type":"ListItem","position":2,"name":"Products","item":"https:\/\/lam.vinawebsite.vn\/10200\/en\/products\/"},{"@type":"ListItem","position":3,"name":"Goldfish Pepperidge Farm Cheddar Cheesecake (Pack of 187g)"}]}]}},"_links":{"self":[{"href":"https:\/\/lam.vinawebsite.vn\/10200\/en\/wp-json\/wp\/v2\/product\/836"}],"collection":[{"href":"https:\/\/lam.vinawebsite.vn\/10200\/en\/wp-json\/wp\/v2\/product"}],"about":[{"href":"https:\/\/lam.vinawebsite.vn\/10200\/en\/wp-json\/wp\/v2\/types\/product"}],"replies":[{"embeddable":true,"href":"https:\/\/lam.vinawebsite.vn\/10200\/en\/wp-json\/wp\/v2\/comments?post=836"}],"wp:featuredmedia":[{"embeddable":true,"href":"https:\/\/lam.vinawebsite.vn\/10200\/en\/wp-json\/wp\/v2\/media\/740"}],"wp:attachment":[{"href":"https:\/\/lam.vinawebsite.vn\/10200\/en\/wp-json\/wp\/v2\/media?parent=836"}],"wp:term":[{"taxonomy":"product_cat","embeddable":true,"href":"https:\/\/lam.vinawebsite.vn\/10200\/en\/wp-json\/wp\/v2\/product_cat?post=836"},{"taxonomy":"product_tag","embeddable":true,"href":"https:\/\/lam.vinawebsite.vn\/10200\/en\/wp-json\/wp\/v2\/product_tag?post=836"}],"curies":[{"name":"wp","href":"https:\/\/api.w.org\/{rel}","templated":true}]}}