{"id":635,"date":"2022-06-24T15:29:43","date_gmt":"2022-06-24T08:29:43","guid":{"rendered":"http:\/\/35634.lamdx.vinawebsite.vn\/?post_type=product&#038;p=635"},"modified":"2022-06-24T15:30:51","modified_gmt":"2022-06-24T08:30:51","slug":"albendazol-200mg-savi-hop-1-vi-x-2-vien","status":"publish","type":"product","link":"https:\/\/lam.vinawebsite.vn\/10200\/san-pham\/albendazol-200mg-savi-hop-1-vi-x-2-vien\/","title":{"rendered":"Albendazol 200mg Savi ( H\u1ed9p 1 v\u1ec9 x 2 vi\u00ean)"},"content":{"rendered":"<p><strong>Th\u00e0nh ph\u1ea7n<\/strong><br \/>\nAlbendazol 200mg<br \/>\nT\u00e1 d\u01b0\u1ee3c v\u1eeba \u0111\u1ee7 1 vi\u00ean. (Lactose monohydrat, tinh b\u1ed9t b\u1eafp, povidon K30, natri lauryl sulfat, natri starch glycolat, natri saccarin, celulose vi tinh th\u00e9 101, magnesi stearat, hypromelose 15 Cps, hypromelose 5Cps, propylen glycol).<\/p>\n<p><strong>Ch\u1ec9 \u0111\u1ecbnh<\/strong><br \/>\nNhi\u1ec5m m\u1ed9t lo\u1ea1i ho\u1eb7c nhi\u1ec1u lo\u1ea1i k\u00fd sinh tr\u00f9ng \u0111\u01b0\u1eddng ru\u1ed9t nh\u01b0 giun \u0111\u0169a, giun kim, giun m\u00f3c, giun m\u1ecf, giun t\u00f3c, giun l\u01b0\u01a1n.<br \/>\nAlbendazol c\u0169ng c\u00f3 hi\u1ec7u qu\u1ea3 tr\u00ean \u1ea5u tr\u00f9ng di tr\u00fa \u1edf da.<br \/>\n<strong>Ch\u1ed1ng ch\u1ec9 \u0111\u1ecbnh<\/strong><br \/>\n&#8211; C\u00f3 ti\u1ec1n s\u1eed qu\u00e1 m\u1eabn c\u1ea3m v\u1edbi c\u00e1c h\u1ee3p ch\u1ea5t lo\u1ea1i benzimidazol ho\u1eb7c b\u1ea5t c\u1ee9 th\u00e0nh ph\u1ea7n n\u00e0o c\u1ee7a thu\u1ed1c.<br \/>\n&#8211; Ng\u01b0\u1eddi b\u1ec7nh c\u00f3 ti\u1ec1n s\u1eed nhi\u1ec5m \u0111\u1ed9c t\u1ee7y x\u01b0\u01a1ng.<br \/>\n&#8211; Ng\u01b0\u1eddi mang thai.<\/p>\n<p><strong>Li\u1ec1u d\u00f9ng<\/strong><br \/>\n<em>*C\u00e1ch \u0111\u00f9ng:<\/em>\u00a0Vi\u00ean c\u00f3 th\u1ec3 nhai, nu\u1ed1t ho\u1eb7c nghi\u1ec1n v\u00e0 tr\u1ed9n v\u1edbi th\u1ee9c \u0103n. Kh\u00f4ng c\u1ea7n ph\u1ea3i nh\u1ecbn \u0111\u00f3i ho\u1eb7c t\u1ea9y.<br \/>\n<em>*Li\u1ec1u l\u01b0\u1ee3ng:<\/em><br \/>\n<em>Giun \u0111\u0169a, giun kim, giun m\u00f3c ho\u1eb7c giun t\u00f3c<\/em><br \/>\n&#8211; Ng\u01b0\u1eddi l\u1edbn v\u00e0 tr\u1ebb em tr\u00ean 2 tu\u1ed5i: 2 vi\u00ean\/ng\u00e0y. C\u00f3 th\u1ec3 \u0111i\u1ec1u tr\u1ecb l\u1ea1i sau 3 tu\u1ea7n.<br \/>\n&#8211; Tr\u1ebb em &lt;2 tu\u1ed5i: 1 vi\u00ean\/ng\u00e0y. C\u00f3 th\u00e9 \u0111i\u1ec1u tr\u1ecb l\u1ea1i sau 3 tu\u1ea7n.<br \/>\n<em>\u1ea4u tr\u00f9ng di tr\u00fa \u1edf da:<\/em><br \/>\n&#8211; Ng\u01b0\u1eddi l\u1edbn: 2 vi\u00ean\/ng\u00e0y, u\u1ed1ng 3 ng\u00e0y.<br \/>\n&#8211; Tr\u1ebb em: U\u1ed1ng 5 mg\/kg\/ng\u00e0y, u\u1ed1ng 3 ng\u00e0y.<\/p>\n<p><strong>T\u00e1c d\u1ee5ng ph\u1ee5<\/strong><br \/>\nC\u00f2n thi\u1ebfu c\u00e1c th\u1eed nghi\u1ec7m l\u00e2m s\u00e0ng c\u00f3 ki\u1ec3m tra tr\u00ean ph\u1ea1m vi r\u1ed9ng \u0111\u1ec3 \u0111\u00e1nh gi\u00e1 r\u00f5 h\u01a1n \u0111\u1ed9 an to\u00e0n c\u1ee7a thu\u1ed1c.<br \/>\nKhi \u0111i\u1ec1u tr\u1ecb th\u1eddi gian ng\u1eafn (kh\u00f4ng qu\u00e1 3 ng\u00e0y) c\u00f3 th\u1ec3 th\u1ea5y v\u00e0i tr\u01b0\u1eddng h\u1ee3p b\u1ecb kh\u00f3 ch\u1ecbu \u1edf \u0111\u01b0\u1eddng ti\u00eau h\u00f3a (\u0111au v\u00f9ng th\u01b0\u1ee3ng v\u1ecb, ti\u00eau ch\u1ea3y) v\u00e0 nh\u1ee9c \u0111\u1ea7u.<br \/>\nTrong \u0111i\u1ec1u tr\u1ecb b\u1ec7nh nang s\u00e1n ho\u1eb7c b\u1ec7nh \u1ea5u tr\u00f9ng s\u00e1n l\u1ee3n c\u00f3 t\u1ed5n th\u01b0\u01a1ng n\u00e3o (neurocysticercosis) l\u00e0 nh\u1eefng tr\u01b0\u1eddng h\u1ee3p ph\u1ea3i d\u00f9ng li\u1ec1u cao v\u00e0 d\u00e0i ng\u00e0y, t\u00e1c d\u1ee5ng c\u00f3 h\u1ea1i th\u01b0\u1eddng g\u1eb7p nhi\u1ec1u h\u01a1n v\u00e0 n\u1eb7ng h\u01a1n.<br \/>\nTh\u00f4ng th\u01b0\u1eddng c\u00e1c t\u00e1c d\u1ee5ng kh\u00f4ng mong mu\u1ed1n kh\u00f4ng n\u1eb7ng v\u00e0 h\u1ed3i ph\u1ee5c \u0111\u01b0\u1ee3c m\u00e0 kh\u00f4ng c\u1ea7n \u0111i\u1ec1u tr\u1ecb. Ch\u1ec9 ph\u1ea3i ng\u1eebng \u0111i\u1ec1u tr\u1ecb khi b\u1ecb gi\u1ea3m b\u1ea1ch c\u1ea7u (0,7%) ho\u1eb7c c\u00f3 s\u1ef1 b\u1ea5t th\u01b0\u1eddng v\u1ec1 gan (3,8% trong b\u1ec7nh nang s\u00e1n).<br \/>\n<em>Th\u01b0\u1eddng g\u1eb7p, ADR &gt; 1\/100<\/em><br \/>\nTo\u00e0n th\u00e2n: S\u1ed1t.<br \/>\nTh\u1ea7n kinh trung \u01b0\u01a1ng: Nh\u1ee9c \u0111\u1ea7u, ch\u00f3ng m\u1eb7t, bi\u1ec3u hi\u1ec7n\u1edf n\u00e3o, t\u0103ng \u00e1p su\u1ea5t trong n\u00e3o.<br \/>\nGan: Ch\u1ee9c n\u0103ng gan bat th\u01b0\u1eddng.<br \/>\nD\u1ea1 d\u00e0y &#8211; ru\u1ed9t: \u0110au b\u1ee5ng, bu\u1ed3n n\u00f4n, n\u00f4n.<br \/>\nDa: R\u1ee5ng t\u00f3c (ph\u1ee5c h\u1ed3i \u0111\u01b0\u1ee3c).<br \/>\n<em>\u00cdt g\u1eb7p, 1\/1000 &lt; ADR &lt; 1\/100<\/em><br \/>\nTo\u00e0n th\u00e2n: Ph\u1ea3n \u1ee9ng d\u1ecb \u1ee9ng.<br \/>\nM\u00e1u: Gi\u1ea3m b\u1ea1ch c\u1ea7u.<br \/>\nDa: Ban da, m\u00e0y \u0111ay.<br \/>\nTh\u1eadn: Suy th\u1eadn c\u1ea5p.<br \/>\n<em>Hi\u1ebfm g\u1eb7p, ADR &lt; 1\/1000<\/em>\u00a0i<br \/>\nM\u00e1u: Gi\u1ea3m b\u1ea1ch c\u1ea7u h\u1ea1t, gi\u1ea3m huy\u1ebft c\u1ea7u n\u00f3i chung, m\u1eaft b\u1ea1ch c\u1ea7u h\u1ea1t, gi\u1ea3m ti\u1ec3u c\u1ea7u.<\/p>\n<p><em>Th\u00f4ng b\u00e1o cho B\u00e1c s\u0129 nh\u1eefng t\u00e1c dong khong mong mu\u1ed1n g\u1eb7p ph\u1ea3i khi s\u1eed d\u1ee5ng thu\u1ed1c.<\/em><\/p>\n<p><em>*H\u01b0\u1edbng d\u1eabn c\u00e1ch x\u1eed tr\u00ed ADR<\/em><br \/>\nAlbendazol c\u00f3 th\u1ec3 g\u00e2y gi\u1ea3m b\u1ea1ch c\u1ea7u n\u00f3i chung (d\u01b0\u1edbi 1% ng\u01b0\u1eddi b\u1ec7nh \u0111i\u1ec1u tr\u1ecb) v\u00e0 ph\u1ee5c h\u1ed3i l\u1ea1i \u0111\u01b0\u1ee3c. Hi\u1ebfm g\u1eb7p c\u00e1c ph\u1ea3n \u1ee9ng n\u1eb7ng h\u01a1n, k\u1ec3 c\u1ea3 gi\u1ea3m b\u1ea1ch c\u1ea7u h\u1ea1t, m\u1ea5t b\u1ea1ch c\u1ea7u h\u1ea1t, ho\u1eb7c gi\u1ea3m c\u00e1c lo\u1ea1i huy\u1ebft c\u1ea7u.<br \/>\nPh\u1ea3i x\u00e9t nghi\u1ec7m c\u00f4ng th\u1ee9c m\u00e1u khi b\u1eaft \u0111\u1ea7u chu k\u1ef3 \u0111i\u1ec1u tr\u1ecb 28 ng\u00e0y v\u00e0 2 tu\u1ea7n m\u1ed9t l\u1ea7n trong khi \u0111i\u1ec1u tr\u1ecb. V\u1eabn ti\u1ebfp t\u1ee5c \u0111i\u1ec1u tr\u1ecb \u0111\u01b0\u1ee3c b\u1eb1ng albendazol n\u1ebfu l\u01b0\u1ee3ng b\u1ea1ch c\u1ea7u gi\u1ea3m \u00edt v\u00e0 kh\u00f4ng gi\u1ea3m n\u1eb7ng th\u00eam.<br \/>\nAlbendazol c\u00f3 th\u1ec3 l\u00e0m t\u0103ng enzym gan t\u1eeb nh\u1eb9 \u0111\u1ebfn m\u1ee9c v\u1eeba ph\u1ea3i \u1edf 16% ng\u01b0\u1eddi b\u1ec7nh, nh\u01b0ng l\u1ea1i tr\u1edf v\u1ec1 b\u00ecnh th\u01b0\u1eddng khi ng\u1eebng \u0111i\u1ec1u tr\u1ecb.<br \/>\nTh\u1eed nghi\u1ec7m ch\u1ee9c n\u0103ng gan (c\u00e1c transaminase) ph\u1ea3i \u0111\u01b0\u1ee3c ti\u1ebfn h\u00e0nh tr\u01b0\u1edbc khi b\u1eaft \u0111\u1ea7u m\u1ed7i chu k\u1ef3 \u0111i\u1ec1u tr\u1ecb v\u00e0 \u00edt nh\u1ea5t 2 tu\u1ea7n m\u1ed9t l\u1ea7n trong khi \u0111i\u1ec1u tr\u1ecb. N\u1ebfu enzym gan t\u0103ng nhi\u1ec1u, n\u00ean ng\u1eebng d\u00f9ng albendazol. Sau \u0111\u00f3 l\u1ea1i c\u00f3 th\u1ec3 \u0111i\u1ec1u tr\u1ecb b\u1eb1ng albendazol khi enzym gan tr\u1edf v\u1ec1 m\u1ee9c tr\u01b0\u1edbc \u0111i\u1ec1u tr\u1ecb, nh\u01b0ng c\u1ea7n x\u00e9tnghi\u1ec7mnhi\u1ec1u l\u1ea7n h\u01a1n khi t\u00e1i \u0111i\u1ec1u tr\u1ecb.<br \/>\nNg\u01b0\u1eddi b\u1ec7nh \u0111\u01b0\u1ee3c \u0111i\u1ec1u tr\u1ecb b\u1ec7nh \u1ea5u tr\u00f9ng s\u00e1n l\u1ee3n c\u00f3 t\u1ed5n th\u01b0\u01a1ng n\u00e3o, n\u00ean d\u00f9ng th\u00eam corticosteroid v\u00e0 thu\u1ed1c ch\u1ed1ng co gi\u1eadt. U\u1ed1ng ho\u1eb7c ti\u00eam t\u0129nh m\u1ea1ch corticosteroid s\u1ebd ng\u0103n c\u1ea3n \u0111\u01b0\u1ee3c nh\u1eefng c\u01a1n t\u0103ng \u00e1p su\u1ea5t n\u1ed9i s\u1ecd trong tu\u1ea7n \u0111\u1ea7u ti\u00ean khi \u0111i\u1ec1u tr\u1ecb b\u1ec7nh \u1ea5u tr\u00f9ng s\u00e1n n\u00e0y.<br \/>\nB\u1ec7nh \u1ea5u tr\u00f9ng s\u00e1n l\u1ee3n c\u00f3 t\u1ed5n th\u01b0\u01a1ng n\u00e3o (neurocysticer-cosis), c\u00f3 th\u1ec3 c\u00f3 \u1ea3nh h\u01b0\u1edfng \u0111\u1ebfn v\u00f5ng m\u1ea1c tuy r\u1ea5t hi\u1ebfm. V\u00ec v\u1eady, tr\u01b0\u1edbc khi \u0111i\u1ec1u tr\u1ecb, n\u00ean x\u00e9t nghi\u1ec7m nh\u1eefng t\u1ed5n th\u01b0\u01a1ng v\u00f5ng m\u1ea1c c\u1ee7a ng\u01b0\u1eddi b\u1ec7nh. N\u1ebfu th\u1ea5y \u0111\u00e3 c\u00f3 t\u1ed5n th\u01b0\u01a1ng v\u00f5ng m\u1ea1c r\u1ed3i th\u00ec c\u00e2n nh\u1eafc gi\u1eefa l\u1ee3i \u00edch c\u1ee7a vi\u1ec7c \u0111i\u1ec1u tr\u1ecb so v\u1edbi t\u00e1c h\u1ea1i l\u00e0m h\u01b0 h\u1ecfng v\u00f5ng m\u1ea1c do albendazol g\u00e2y n\u00ean.<\/p>\n<p><em>*QU\u00c1 LI\u1ec0U V\u00c0 X\u1eec TR\u00cd<\/em><br \/>\nKhi b\u1ecb qu\u00e1 li\u1ec1u c\u1ea7n \u0111i\u1ec1u tr\u1ecb tri\u1ec7u ch\u1ee9ng (r\u1eeda d\u1ea1 d\u00e0y, d\u00f9ng than ho\u1ea1t) v\u00e0 c\u00e1c bi\u1ec7n ph\u00e1p c\u1ea5p c\u1ee9u h\u1ed3i s\u1ee9c chung.<\/p>\n<p><strong>Th\u1eadn tr\u1ecdng<\/strong>\u00a0(Nh\u1eefng l\u01b0u \u00fd khi d\u00f9ng thu\u1ed1c)<br \/>\nNg\u01b0\u1eddi b\u1ec7nh c\u00f3 ch\u1ee9c n\u0103ng gan b\u1ea5t th\u01b0\u1eddng tr\u01b0\u1edbc khi b\u1eaft \u0111\u1ea7u \u0111i\u1ec1u tr\u1ecb b\u1eb1ng albendazol c\u1ea7n ph\u1ea3i c\u00e2n nh\u1eafc c\u1ea9n th\u1eadn v\u00ec thu\u1ed1c b\u1ecb chuy\u1ec3n h\u00f3a \u1edf gan v\u00e0 \u0111\u00e3 th\u1ea5y m\u1ed9t s\u1ed1 \u00edt ng\u01b0\u1eddi b\u1ec7nh b\u1ecb nhi\u1ec5m \u0111\u1ed9c gan. C\u0169ng c\u1ea7n th\u1eadn tr\u1ecdng v\u1edbi c\u00e1c ng\u01b0\u1eddi b\u1ecb b\u1ec7nh v\u1ec1 m\u00e1u.<\/p>\n<p><em>*Ph\u1ee5 n\u1eef c\u00f3 thai v\u00e0 cho con b\u00fa<\/em><br \/>\n&#8211; Ph\u1ee5 n\u1eef c\u00f3 thai: Kh\u00f4ng n\u00ean d\u00f9ng albendazol cho ng\u01b0\u1eddi mang thai tr\u1eeb nh\u1eefng tr\u01b0\u1eddng h\u1ee3p b\u1eaft bu\u1ed9c ph\u1ea3i d\u00f9ng m\u00e0 kh\u00f4ng c\u00f3 c\u00e1ch n\u00e0o kh\u00e1c. Ng\u01b0\u1eddi b\u1ec7nh kh\u00f4ng \u0111\u01b0\u1ee3c mang thai trong th\u1eddi gian \u00edt nh\u1ea5t m\u1ed9t th\u00e1ng sau khi d\u00f9ng albendazol. N\u1ebfu ng\u01b0\u1eddi b\u1ec7nh \u0111ang d\u00f9ng thu\u1ed1c m\u00e0 l\u1ee1 mang thai th\u00ec ph\u1ea3i ng\u1eebng thu\u1ed1c ngay v\u00e0 ph\u1ea3i hi\u1ec3u r\u00f5 l\u00e0 thu\u1ed1c c\u00f3 th\u1ec3 g\u00e2y nguy h\u1ea1i r\u1ea5t n\u1eb7ng cho thai.<br \/>\n&#8211; Th\u1eddi k\u1ef3 cho con b\u00fa: C\u00f2n ch\u01b0a bi\u1ebft thu\u1ed1c ti\u1ebft v\u00e0o s\u1eefa \u1edf m\u1ee9c n\u00e0o. Do \u0111\u00f3 c\u1ea7n h\u1ebft s\u1ee9c th\u1eadn tr\u1ecdng khi d\u00f9ng albendazol cho ph\u1ee5 n\u1eef cho con b\u00fa.<\/p>\n<p><em>*L\u00e1i xe ho\u1eb7c \u0111i\u1ec1u khi\u1ec3n m\u00e1y m\u00f3c:\u00a0<\/em>D\u1ef1a tr\u00ean c\u00e1c \u0111\u1eb7c \u0111i\u1ec3m d\u01b0\u1ee3c l\u00fd c\u1ee7a c\u00e1c t\u00e1c d\u1ee5ng kh\u00f4ng mong mu\u1ed1n th\u01b0\u1eddng g\u1eb7p nh\u01b0 g\u00e2y nh\u1ee9c \u0111\u1ea7u, ch\u00f3ng m\u1eb7t, bu\u1ed3n n\u00f4n, n\u00f4n n\u00ean albendazol c\u00f3 kh\u1ea3 n\u0103ng \u1ea3nh h\u01b0\u1edfng \u0111\u1ebfn s\u1ef1 t\u1ec9nh t\u00e1o khi l\u00e1i xe ho\u1eb7c \u0111i\u1ec1u khi\u1ec3n m\u00e1y m\u00f3c. C\u1ea7n khuy\u1ebfn c\u00e1o b\u1ec7nh nh\u00e2n khi s\u1eed d\u1ee5ng albendazol kh\u00f4ng n\u00ean l\u00e1i xe ho\u1eb7c \u0111i\u1ec1u khi\u1ec3n m\u00e1y m\u00f3c.<\/p>\n<p><strong>T\u01b0\u01a1ng t\u00e1c thu\u1ed1c<\/strong>\u00a0(Nh\u1eefng l\u01b0u \u00fd khi d\u00f9ng chung thu\u1ed1c v\u1edbi th\u1ef1c ph\u1ea9m ho\u1eb7c thu\u1ed1c kh\u00e1c)<br \/>\n&#8211; Dexamethason: N\u1ed3ng \u0111\u1ed9 \u00f4n \u0111\u1ecbnh l\u00fac th\u1ea5p nh\u1ea5t trong huy\u1ebft t\u01b0\u01a1ng c\u1ee7a albendazol sulfoxid cao h\u01a1n kho\u1ea3ng 50% khi d\u00f9ng ph\u1ed1i h\u1ee3p th\u00eam 8 mg dexamethason v\u1edbi m\u1ed7i li\u1ec1u albendazol (15 mg\/ kg\/ng\u00e0y).<br \/>\n&#8211; Praziquantel: Praziquantel (40 mg\/kg) l\u00e0m t\u0103ng n\u1ed3ng \u0111\u1ed9 trung b\u00ecnh trong huy\u1ebft t\u01b0\u01a1ng v\u00e0 di\u1ec7n t\u00edch d\u01b0\u1edbi \u0111\u01b0\u1eddng cong c\u1ee7a albendazol sulfoxid kho\u1ea3ng 50% so v\u1edbi d\u00f9ng albendazol \u0111\u01a1n \u0111\u1ed9c (400 mg).<br \/>\n&#8211; Cimetidin: N\u1ed3ng \u0111\u1ed9 albendazol sulfoxid trong m\u1eadt v\u00e0 trong d\u1ecbch nang s\u00e1n t\u0103ng l\u00ean kho\u1ea3ng 2 l\u1ea7n \u1edf ng\u01b0\u1eddi b\u1ecb b\u1ec7nh nang s\u00e1n khi d\u00f9ng ph\u1ed1i h\u1ee3p v\u1edbi cimetidin (10 mg\/kg\/ng\u00e0y) so v\u1edbi d\u00f9ng albendazol \u0111\u01a1n \u0111\u1ed9c (20 mg\/kg\/ng\u00e0y).<br \/>\n&#8211; Theophylin: D\u01b0\u1ee3c \u0111\u1ed9ng h\u1ecdc c\u1ee7atheophylin (truy\u1ec1n trong 20 ph\u00fat theophylin 5,8 mg\/mg) khong thay doi sau khi u6ng 1 l\u00e2n albendazol (400 mg).<\/p>\n<p><strong>B\u1ea3o qu\u1ea3n:\u00a0<\/strong>B\u1ea3o qu\u1ea3n \u1edf n\u01a1i kh\u00f4, nhi\u1ec7t \u0111\u1ed9 kh\u00f4ng qu\u00e1 30\u00b0C. Tr\u00e1nh \u00e1nh s\u00e1ng.<br \/>\n<strong>\u0110\u00f3ng g\u00f3i:\u00a0<\/strong>H\u1ed9p 1 vi x 2 vi\u00ean n\u00e9n bao phim.<\/p>\n<p><strong>Th\u01b0\u01a1ng hi\u1ec7u:\u00a0<\/strong>C\u00d4NG TY C\u1ed4 PH\u1ea6N D\u01af\u1ee2C PH\u1ea8M SAVI<br \/>\n<strong>N\u01a1i s\u1ea3n xu\u1ea5t:<\/strong>\u00a0Vi\u1ec7t Nam<\/p>\n<p><em>M\u1ecdi th\u00f4ng tin tr\u00ean \u0111\u00e2y ch\u1ec9 mang t\u00ednh ch\u1ea5t tham kh\u1ea3o. Vi\u1ec7c s\u1eed d\u1ee5ng thu\u1ed1c ph\u1ea3i tu\u00e2n theo h\u01b0\u1edbng d\u1eabn c\u1ee7a b\u00e1c s\u0129, d\u01b0\u1ee3c s\u0129.<\/em><br \/>\n<em>Vui l\u00f2ng \u0111\u1ecdc k\u0129 th\u00f4ng tin chi ti\u1ebft \u1edf t\u1edd r\u01a1i b\u00ean trong h\u1ed9p s\u1ea3n ph\u1ea9m.<\/em><\/p>\n<!-- AddThis Advanced Settings generic via filter on the_content --><!-- AddThis Share Buttons generic via filter on the_content -->","protected":false},"excerpt":{"rendered":"<p>Ho\u1ea1t ch\u1ea5t: Albendazol 200mg<\/p>\n<p>C\u00f4ng d\u1ee5ng: \u0110i\u1ec1u tr\u1ecb Nhi\u1ec5m m\u1ed9t lo\u1ea1i ho\u1eb7c nhi\u1ec1u lo\u1ea1i k\u00fd sinh tr\u00f9ng \u0111\u01b0\u1eddng ru\u1ed9t nh\u01b0 giun \u0111\u0169a, giun kim, giun m\u00f3c, giun m\u1ecf, giun t\u00f3c, giun l\u01b0\u01a1n.<\/p>\n<p>\u0110\u1ed1i t\u01b0\u1ee3ng s\u1eed d\u1ee5ng: Ng\u01b0\u1eddi l\u1edbn v\u00e0 tr\u1ebb em<\/p>\n<p>H\u00ecnh th\u1ee9c: Vi\u00ean n\u00e9n bao phim<\/p>\n<p>Th\u01b0\u01a1ng hi\u1ec7u: C\u00d4NG TY C\u1ed4 PH\u1ea6N D\u01af\u1ee2C PH\u1ea8M SAVI<\/p>\n<p>N\u01a1i s\u1ea3n xu\u1ea5t: Vi\u1ec7t Nam<\/p>\n","protected":false},"featured_media":636,"comment_status":"open","ping_status":"closed","template":"","meta":[],"product_cat":[106],"product_tag":[],"acf":[],"yoast_head":"<!-- This site is optimized with the Yoast SEO plugin v19.1 - https:\/\/yoast.com\/wordpress\/plugins\/seo\/ -->\n<title>Albendazol 200mg Savi ( H\u1ed9p 1 v\u1ec9 x 2 vi\u00ean) - C\u00f4ng ty TNHH D\u01b0\u1ee3c ph\u1ea9m 2T Vi\u1ec7t Nam<\/title>\n<meta name=\"robots\" content=\"noindex, follow, max-snippet:-1, max-image-preview:large, max-video-preview:-1\" \/>\n<meta property=\"og:locale\" content=\"vi_VN\" \/>\n<meta property=\"og:type\" content=\"article\" \/>\n<meta property=\"og:title\" content=\"Albendazol 200mg Savi ( H\u1ed9p 1 v\u1ec9 x 2 vi\u00ean) - C\u00f4ng ty TNHH D\u01b0\u1ee3c ph\u1ea9m 2T Vi\u1ec7t Nam\" \/>\n<meta property=\"og:description\" content=\"Ho\u1ea1t ch\u1ea5t: Albendazol 200mg  C\u00f4ng d\u1ee5ng: \u0110i\u1ec1u tr\u1ecb Nhi\u1ec5m m\u1ed9t lo\u1ea1i ho\u1eb7c nhi\u1ec1u lo\u1ea1i k\u00fd sinh tr\u00f9ng \u0111\u01b0\u1eddng ru\u1ed9t nh\u01b0 giun \u0111\u0169a, giun kim, giun m\u00f3c, giun m\u1ecf, giun t\u00f3c, giun l\u01b0\u01a1n.  \u0110\u1ed1i t\u01b0\u1ee3ng s\u1eed d\u1ee5ng: Ng\u01b0\u1eddi l\u1edbn v\u00e0 tr\u1ebb em  H\u00ecnh th\u1ee9c: Vi\u00ean n\u00e9n bao phim  Th\u01b0\u01a1ng hi\u1ec7u: C\u00d4NG TY C\u1ed4 PH\u1ea6N D\u01af\u1ee2C PH\u1ea8M SAVI  N\u01a1i s\u1ea3n xu\u1ea5t: Vi\u1ec7t Nam\" \/>\n<meta property=\"og:url\" content=\"https:\/\/lam.vinawebsite.vn\/10200\/san-pham\/albendazol-200mg-savi-hop-1-vi-x-2-vien\/\" \/>\n<meta property=\"og:site_name\" content=\"C\u00f4ng ty TNHH D\u01b0\u1ee3c ph\u1ea9m 2T Vi\u1ec7t Nam\" \/>\n<meta property=\"article:modified_time\" content=\"2022-06-24T08:30:51+00:00\" \/>\n<meta property=\"og:image\" content=\"https:\/\/lam.vinawebsite.vn\/10200\/wp-content\/uploads\/2022\/06\/P16406_1_l.jpg\" \/>\n\t<meta property=\"og:image:width\" content=\"460\" \/>\n\t<meta property=\"og:image:height\" content=\"460\" \/>\n\t<meta property=\"og:image:type\" content=\"image\/jpeg\" \/>\n<meta name=\"twitter:card\" content=\"summary_large_image\" \/>\n<meta name=\"twitter:label1\" content=\"\u01af\u1edbc t\u00ednh th\u1eddi gian \u0111\u1ecdc\" \/>\n\t<meta name=\"twitter:data1\" content=\"7 ph\u00fat\" \/>\n<script type=\"application\/ld+json\" class=\"yoast-schema-graph\">{\"@context\":\"https:\/\/schema.org\",\"@graph\":[{\"@type\":\"WebSite\",\"@id\":\"https:\/\/lam.vinawebsite.vn\/10200\/#website\",\"url\":\"https:\/\/lam.vinawebsite.vn\/10200\/\",\"name\":\"C\u00f4ng ty TNHH D\u01b0\u1ee3c ph\u1ea9m 2T Vi\u1ec7t Nam\",\"description\":\"C\u00f4ng ty TNHH D\u01b0\u1ee3c ph\u1ea9m 2T Vi\u1ec7t Nam\",\"potentialAction\":[{\"@type\":\"SearchAction\",\"target\":{\"@type\":\"EntryPoint\",\"urlTemplate\":\"https:\/\/lam.vinawebsite.vn\/10200\/?s={search_term_string}\"},\"query-input\":\"required name=search_term_string\"}],\"inLanguage\":\"vi\"},{\"@type\":\"ImageObject\",\"inLanguage\":\"vi\",\"@id\":\"https:\/\/lam.vinawebsite.vn\/10200\/san-pham\/albendazol-200mg-savi-hop-1-vi-x-2-vien\/#primaryimage\",\"url\":\"https:\/\/lam.vinawebsite.vn\/10200\/wp-content\/uploads\/2022\/06\/P16406_1_l.jpg\",\"contentUrl\":\"https:\/\/lam.vinawebsite.vn\/10200\/wp-content\/uploads\/2022\/06\/P16406_1_l.jpg\",\"width\":460,\"height\":460},{\"@type\":\"WebPage\",\"@id\":\"https:\/\/lam.vinawebsite.vn\/10200\/san-pham\/albendazol-200mg-savi-hop-1-vi-x-2-vien\/#webpage\",\"url\":\"https:\/\/lam.vinawebsite.vn\/10200\/san-pham\/albendazol-200mg-savi-hop-1-vi-x-2-vien\/\",\"name\":\"Albendazol 200mg Savi ( H\u1ed9p 1 v\u1ec9 x 2 vi\u00ean) - C\u00f4ng ty TNHH D\u01b0\u1ee3c ph\u1ea9m 2T Vi\u1ec7t Nam\",\"isPartOf\":{\"@id\":\"https:\/\/lam.vinawebsite.vn\/10200\/#website\"},\"primaryImageOfPage\":{\"@id\":\"https:\/\/lam.vinawebsite.vn\/10200\/san-pham\/albendazol-200mg-savi-hop-1-vi-x-2-vien\/#primaryimage\"},\"datePublished\":\"2022-06-24T08:29:43+00:00\",\"dateModified\":\"2022-06-24T08:30:51+00:00\",\"breadcrumb\":{\"@id\":\"https:\/\/lam.vinawebsite.vn\/10200\/san-pham\/albendazol-200mg-savi-hop-1-vi-x-2-vien\/#breadcrumb\"},\"inLanguage\":\"vi\",\"potentialAction\":[{\"@type\":\"ReadAction\",\"target\":[\"https:\/\/lam.vinawebsite.vn\/10200\/san-pham\/albendazol-200mg-savi-hop-1-vi-x-2-vien\/\"]}]},{\"@type\":\"BreadcrumbList\",\"@id\":\"https:\/\/lam.vinawebsite.vn\/10200\/san-pham\/albendazol-200mg-savi-hop-1-vi-x-2-vien\/#breadcrumb\",\"itemListElement\":[{\"@type\":\"ListItem\",\"position\":1,\"name\":\"2T Vi\u1ec7t Nam\",\"item\":\"https:\/\/lam.vinawebsite.vn\/10200\/\"},{\"@type\":\"ListItem\",\"position\":2,\"name\":\"S\u1ea3n ph\u1ea9m\",\"item\":\"https:\/\/lam.vinawebsite.vn\/10200\/san-pham\/\"},{\"@type\":\"ListItem\",\"position\":3,\"name\":\"Albendazol 200mg Savi ( H\u1ed9p 1 v\u1ec9 x 2 vi\u00ean)\"}]}]}<\/script>\n<!-- \/ Yoast SEO plugin. -->","yoast_head_json":{"title":"Albendazol 200mg Savi ( H\u1ed9p 1 v\u1ec9 x 2 vi\u00ean) - C\u00f4ng ty TNHH D\u01b0\u1ee3c ph\u1ea9m 2T Vi\u1ec7t Nam","robots":{"index":"noindex","follow":"follow","max-snippet":"max-snippet:-1","max-image-preview":"max-image-preview:large","max-video-preview":"max-video-preview:-1"},"og_locale":"vi_VN","og_type":"article","og_title":"Albendazol 200mg Savi ( H\u1ed9p 1 v\u1ec9 x 2 vi\u00ean) - C\u00f4ng ty TNHH D\u01b0\u1ee3c ph\u1ea9m 2T Vi\u1ec7t Nam","og_description":"Ho\u1ea1t ch\u1ea5t: Albendazol 200mg  C\u00f4ng d\u1ee5ng: \u0110i\u1ec1u tr\u1ecb Nhi\u1ec5m m\u1ed9t lo\u1ea1i ho\u1eb7c nhi\u1ec1u lo\u1ea1i k\u00fd sinh tr\u00f9ng \u0111\u01b0\u1eddng ru\u1ed9t nh\u01b0 giun \u0111\u0169a, giun kim, giun m\u00f3c, giun m\u1ecf, giun t\u00f3c, giun l\u01b0\u01a1n.  \u0110\u1ed1i t\u01b0\u1ee3ng s\u1eed d\u1ee5ng: Ng\u01b0\u1eddi l\u1edbn v\u00e0 tr\u1ebb em  H\u00ecnh th\u1ee9c: Vi\u00ean n\u00e9n bao phim  Th\u01b0\u01a1ng hi\u1ec7u: C\u00d4NG TY C\u1ed4 PH\u1ea6N D\u01af\u1ee2C PH\u1ea8M SAVI  N\u01a1i s\u1ea3n xu\u1ea5t: Vi\u1ec7t Nam","og_url":"https:\/\/lam.vinawebsite.vn\/10200\/san-pham\/albendazol-200mg-savi-hop-1-vi-x-2-vien\/","og_site_name":"C\u00f4ng ty TNHH D\u01b0\u1ee3c ph\u1ea9m 2T Vi\u1ec7t Nam","article_modified_time":"2022-06-24T08:30:51+00:00","og_image":[{"width":460,"height":460,"url":"https:\/\/lam.vinawebsite.vn\/10200\/wp-content\/uploads\/2022\/06\/P16406_1_l.jpg","type":"image\/jpeg"}],"twitter_card":"summary_large_image","twitter_misc":{"\u01af\u1edbc t\u00ednh th\u1eddi gian \u0111\u1ecdc":"7 ph\u00fat"},"schema":{"@context":"https:\/\/schema.org","@graph":[{"@type":"WebSite","@id":"https:\/\/lam.vinawebsite.vn\/10200\/#website","url":"https:\/\/lam.vinawebsite.vn\/10200\/","name":"C\u00f4ng ty TNHH D\u01b0\u1ee3c ph\u1ea9m 2T Vi\u1ec7t Nam","description":"C\u00f4ng ty TNHH D\u01b0\u1ee3c ph\u1ea9m 2T Vi\u1ec7t Nam","potentialAction":[{"@type":"SearchAction","target":{"@type":"EntryPoint","urlTemplate":"https:\/\/lam.vinawebsite.vn\/10200\/?s={search_term_string}"},"query-input":"required name=search_term_string"}],"inLanguage":"vi"},{"@type":"ImageObject","inLanguage":"vi","@id":"https:\/\/lam.vinawebsite.vn\/10200\/san-pham\/albendazol-200mg-savi-hop-1-vi-x-2-vien\/#primaryimage","url":"https:\/\/lam.vinawebsite.vn\/10200\/wp-content\/uploads\/2022\/06\/P16406_1_l.jpg","contentUrl":"https:\/\/lam.vinawebsite.vn\/10200\/wp-content\/uploads\/2022\/06\/P16406_1_l.jpg","width":460,"height":460},{"@type":"WebPage","@id":"https:\/\/lam.vinawebsite.vn\/10200\/san-pham\/albendazol-200mg-savi-hop-1-vi-x-2-vien\/#webpage","url":"https:\/\/lam.vinawebsite.vn\/10200\/san-pham\/albendazol-200mg-savi-hop-1-vi-x-2-vien\/","name":"Albendazol 200mg Savi ( H\u1ed9p 1 v\u1ec9 x 2 vi\u00ean) - C\u00f4ng ty TNHH D\u01b0\u1ee3c ph\u1ea9m 2T Vi\u1ec7t Nam","isPartOf":{"@id":"https:\/\/lam.vinawebsite.vn\/10200\/#website"},"primaryImageOfPage":{"@id":"https:\/\/lam.vinawebsite.vn\/10200\/san-pham\/albendazol-200mg-savi-hop-1-vi-x-2-vien\/#primaryimage"},"datePublished":"2022-06-24T08:29:43+00:00","dateModified":"2022-06-24T08:30:51+00:00","breadcrumb":{"@id":"https:\/\/lam.vinawebsite.vn\/10200\/san-pham\/albendazol-200mg-savi-hop-1-vi-x-2-vien\/#breadcrumb"},"inLanguage":"vi","potentialAction":[{"@type":"ReadAction","target":["https:\/\/lam.vinawebsite.vn\/10200\/san-pham\/albendazol-200mg-savi-hop-1-vi-x-2-vien\/"]}]},{"@type":"BreadcrumbList","@id":"https:\/\/lam.vinawebsite.vn\/10200\/san-pham\/albendazol-200mg-savi-hop-1-vi-x-2-vien\/#breadcrumb","itemListElement":[{"@type":"ListItem","position":1,"name":"2T Vi\u1ec7t Nam","item":"https:\/\/lam.vinawebsite.vn\/10200\/"},{"@type":"ListItem","position":2,"name":"S\u1ea3n ph\u1ea9m","item":"https:\/\/lam.vinawebsite.vn\/10200\/san-pham\/"},{"@type":"ListItem","position":3,"name":"Albendazol 200mg Savi ( H\u1ed9p 1 v\u1ec9 x 2 vi\u00ean)"}]}]}},"_links":{"self":[{"href":"https:\/\/lam.vinawebsite.vn\/10200\/wp-json\/wp\/v2\/product\/635"}],"collection":[{"href":"https:\/\/lam.vinawebsite.vn\/10200\/wp-json\/wp\/v2\/product"}],"about":[{"href":"https:\/\/lam.vinawebsite.vn\/10200\/wp-json\/wp\/v2\/types\/product"}],"replies":[{"embeddable":true,"href":"https:\/\/lam.vinawebsite.vn\/10200\/wp-json\/wp\/v2\/comments?post=635"}],"wp:featuredmedia":[{"embeddable":true,"href":"https:\/\/lam.vinawebsite.vn\/10200\/wp-json\/wp\/v2\/media\/636"}],"wp:attachment":[{"href":"https:\/\/lam.vinawebsite.vn\/10200\/wp-json\/wp\/v2\/media?parent=635"}],"wp:term":[{"taxonomy":"product_cat","embeddable":true,"href":"https:\/\/lam.vinawebsite.vn\/10200\/wp-json\/wp\/v2\/product_cat?post=635"},{"taxonomy":"product_tag","embeddable":true,"href":"https:\/\/lam.vinawebsite.vn\/10200\/wp-json\/wp\/v2\/product_tag?post=635"}],"curies":[{"name":"wp","href":"https:\/\/api.w.org\/{rel}","templated":true}]}}