{"id":641,"date":"2022-06-24T15:43:40","date_gmt":"2022-06-24T08:43:40","guid":{"rendered":"http:\/\/35634.lamdx.vinawebsite.vn\/?post_type=product&#038;p=641"},"modified":"2022-06-24T16:02:36","modified_gmt":"2022-06-24T09:02:36","slug":"keo-sua-bo-sung-canxi-moo-chews-vi-chuoi-chai-48-vien","status":"publish","type":"product","link":"https:\/\/lam.vinawebsite.vn\/10200\/san-pham\/keo-sua-bo-sung-canxi-moo-chews-vi-chuoi-chai-48-vien\/","title":{"rendered":"K\u1eb9o s\u1eefa b\u1ed5 sung canxi Moo Chews v\u1ecb chu\u1ed1i (Chai 48 vi\u00ean)"},"content":{"rendered":"<p><strong>Th\u00e0nh ph\u1ea7n<\/strong><br \/>\nH\u1ed7n h\u1ee3p b\u1ed9t s\u1eefa 74% (s\u1eefa New Zealand, kem, lecithin \u0111\u1eadu n\u00e0nh), dextrose, xylitol, calci, h\u01b0\u01a1ng t\u1ef1 nhi\u00ean, magnesium stearat.<br \/>\nCh\u1ee9a th\u00e0nh ph\u1ea7n s\u1eefa v\u00e0 \u0111\u1eadu n\u00e0nh.<\/p>\n<p>N\u0103ng l\u01b0\u1ee3ng: 1990 kJ \/100 g<\/p>\n<p><strong>H\u01b0\u1edbng d\u1eabn s\u1eed d\u1ee5ng<\/strong><br \/>\nD\u00f9ng tr\u1ef1c ti\u1ebfp<\/p>\n<p><em>Th\u1eadn tr\u1ecdng<\/em><br \/>\nTr\u1ebb d\u01b0\u1edbi 4 tu\u1ed5i c\u1ea7n d\u00f9ng k\u1eb9o d\u01b0\u1edbi s\u1ef1 gi\u00e1m s\u00e1t c\u1ee7a ng\u01b0\u1eddi l\u1edbn \u0111\u1ec3 tr\u00e1nh nguy c\u01a1 ngh\u1eb9n.<\/p>\n<p><strong>B\u1ea3o qu\u1ea3n:<\/strong>\u00a0N\u01a1i kh\u00f4 r\u00e1o, tho\u00e1ng m\u00e1t<\/p>\n<p><strong>\u0110\u00f3ng g\u00f3i:<\/strong>\u00a0Chai 48 vi\u00ean<\/p>\n<p><strong>Xu\u1ea5t x\u1ee9 th\u01b0\u01a1ng hi\u1ec7u:<\/strong>\u00a0New Zealand<\/p>\n<p><strong>S\u1ea3n xu\u1ea5t t\u1ea1i:<\/strong>\u00a0New Zealand<\/p>\n<!-- AddThis Advanced Settings generic via filter on the_content --><!-- AddThis Share Buttons generic via filter on the_content -->","protected":false},"excerpt":{"rendered":"<p>Moo Chews l\u00e0 k\u1eb9o nhai th\u01a1m ngon ch\u1ee9a th\u00e0nh ph\u1ea7n canxi h\u1ed7 tr\u1ee3 cho s\u1ef1 ph\u00e1t tri\u1ec3n x\u01b0\u01a1ng r\u0103ng c\u1ee7a b\u00e9, xylitol gi\u00fap b\u1ea3o v\u1ec7 r\u0103ng, cho b\u00e9 d\u00f9ng k\u1eb9o th\u1eadt ngon mi\u1ec7ng v\u00e0 an to\u00e0n.<\/p>\n","protected":false},"featured_media":653,"comment_status":"open","ping_status":"closed","template":"","meta":[],"product_cat":[109],"product_tag":[],"acf":[],"yoast_head":"<!-- This site is optimized with the Yoast SEO plugin v19.1 - https:\/\/yoast.com\/wordpress\/plugins\/seo\/ -->\n<title>K\u1eb9o s\u1eefa b\u1ed5 sung canxi Moo Chews v\u1ecb chu\u1ed1i (Chai 48 vi\u00ean) - C\u00f4ng ty TNHH D\u01b0\u1ee3c ph\u1ea9m 2T Vi\u1ec7t Nam<\/title>\n<meta name=\"robots\" content=\"noindex, follow, max-snippet:-1, max-image-preview:large, max-video-preview:-1\" \/>\n<meta property=\"og:locale\" content=\"vi_VN\" \/>\n<meta property=\"og:type\" content=\"article\" \/>\n<meta property=\"og:title\" content=\"K\u1eb9o s\u1eefa b\u1ed5 sung canxi Moo Chews v\u1ecb chu\u1ed1i (Chai 48 vi\u00ean) - C\u00f4ng ty TNHH D\u01b0\u1ee3c ph\u1ea9m 2T Vi\u1ec7t Nam\" \/>\n<meta property=\"og:description\" content=\"Moo Chews l\u00e0 k\u1eb9o nhai th\u01a1m ngon ch\u1ee9a th\u00e0nh ph\u1ea7n canxi h\u1ed7 tr\u1ee3 cho s\u1ef1 ph\u00e1t tri\u1ec3n x\u01b0\u01a1ng r\u0103ng c\u1ee7a b\u00e9, xylitol gi\u00fap b\u1ea3o v\u1ec7 r\u0103ng, cho b\u00e9 d\u00f9ng k\u1eb9o th\u1eadt ngon mi\u1ec7ng v\u00e0 an to\u00e0n.\" \/>\n<meta property=\"og:url\" content=\"https:\/\/lam.vinawebsite.vn\/10200\/san-pham\/keo-sua-bo-sung-canxi-moo-chews-vi-chuoi-chai-48-vien\/\" \/>\n<meta property=\"og:site_name\" content=\"C\u00f4ng ty TNHH D\u01b0\u1ee3c ph\u1ea9m 2T Vi\u1ec7t Nam\" \/>\n<meta property=\"article:modified_time\" content=\"2022-06-24T09:02:36+00:00\" \/>\n<meta property=\"og:image\" content=\"https:\/\/lam.vinawebsite.vn\/10200\/wp-content\/uploads\/2022\/06\/P19835_1_l.jpg\" \/>\n\t<meta property=\"og:image:width\" content=\"460\" \/>\n\t<meta property=\"og:image:height\" content=\"460\" \/>\n\t<meta property=\"og:image:type\" content=\"image\/jpeg\" \/>\n<meta name=\"twitter:card\" content=\"summary_large_image\" \/>\n<meta name=\"twitter:label1\" content=\"\u01af\u1edbc t\u00ednh th\u1eddi gian \u0111\u1ecdc\" \/>\n\t<meta name=\"twitter:data1\" content=\"1 ph\u00fat\" \/>\n<script type=\"application\/ld+json\" class=\"yoast-schema-graph\">{\"@context\":\"https:\/\/schema.org\",\"@graph\":[{\"@type\":\"WebSite\",\"@id\":\"https:\/\/lam.vinawebsite.vn\/10200\/#website\",\"url\":\"https:\/\/lam.vinawebsite.vn\/10200\/\",\"name\":\"C\u00f4ng ty TNHH D\u01b0\u1ee3c ph\u1ea9m 2T Vi\u1ec7t Nam\",\"description\":\"C\u00f4ng ty TNHH D\u01b0\u1ee3c ph\u1ea9m 2T Vi\u1ec7t Nam\",\"potentialAction\":[{\"@type\":\"SearchAction\",\"target\":{\"@type\":\"EntryPoint\",\"urlTemplate\":\"https:\/\/lam.vinawebsite.vn\/10200\/?s={search_term_string}\"},\"query-input\":\"required name=search_term_string\"}],\"inLanguage\":\"vi\"},{\"@type\":\"ImageObject\",\"inLanguage\":\"vi\",\"@id\":\"https:\/\/lam.vinawebsite.vn\/10200\/san-pham\/keo-sua-bo-sung-canxi-moo-chews-vi-chuoi-chai-48-vien\/#primaryimage\",\"url\":\"https:\/\/lam.vinawebsite.vn\/10200\/wp-content\/uploads\/2022\/06\/P19835_1_l.jpg\",\"contentUrl\":\"https:\/\/lam.vinawebsite.vn\/10200\/wp-content\/uploads\/2022\/06\/P19835_1_l.jpg\",\"width\":460,\"height\":460},{\"@type\":\"WebPage\",\"@id\":\"https:\/\/lam.vinawebsite.vn\/10200\/san-pham\/keo-sua-bo-sung-canxi-moo-chews-vi-chuoi-chai-48-vien\/#webpage\",\"url\":\"https:\/\/lam.vinawebsite.vn\/10200\/san-pham\/keo-sua-bo-sung-canxi-moo-chews-vi-chuoi-chai-48-vien\/\",\"name\":\"K\u1eb9o s\u1eefa b\u1ed5 sung canxi Moo Chews v\u1ecb chu\u1ed1i (Chai 48 vi\u00ean) - C\u00f4ng ty TNHH D\u01b0\u1ee3c ph\u1ea9m 2T Vi\u1ec7t Nam\",\"isPartOf\":{\"@id\":\"https:\/\/lam.vinawebsite.vn\/10200\/#website\"},\"primaryImageOfPage\":{\"@id\":\"https:\/\/lam.vinawebsite.vn\/10200\/san-pham\/keo-sua-bo-sung-canxi-moo-chews-vi-chuoi-chai-48-vien\/#primaryimage\"},\"datePublished\":\"2022-06-24T08:43:40+00:00\",\"dateModified\":\"2022-06-24T09:02:36+00:00\",\"breadcrumb\":{\"@id\":\"https:\/\/lam.vinawebsite.vn\/10200\/san-pham\/keo-sua-bo-sung-canxi-moo-chews-vi-chuoi-chai-48-vien\/#breadcrumb\"},\"inLanguage\":\"vi\",\"potentialAction\":[{\"@type\":\"ReadAction\",\"target\":[\"https:\/\/lam.vinawebsite.vn\/10200\/san-pham\/keo-sua-bo-sung-canxi-moo-chews-vi-chuoi-chai-48-vien\/\"]}]},{\"@type\":\"BreadcrumbList\",\"@id\":\"https:\/\/lam.vinawebsite.vn\/10200\/san-pham\/keo-sua-bo-sung-canxi-moo-chews-vi-chuoi-chai-48-vien\/#breadcrumb\",\"itemListElement\":[{\"@type\":\"ListItem\",\"position\":1,\"name\":\"2T Vi\u1ec7t Nam\",\"item\":\"https:\/\/lam.vinawebsite.vn\/10200\/\"},{\"@type\":\"ListItem\",\"position\":2,\"name\":\"S\u1ea3n ph\u1ea9m\",\"item\":\"https:\/\/lam.vinawebsite.vn\/10200\/san-pham\/\"},{\"@type\":\"ListItem\",\"position\":3,\"name\":\"K\u1eb9o s\u1eefa b\u1ed5 sung canxi Moo Chews v\u1ecb chu\u1ed1i (Chai 48 vi\u00ean)\"}]}]}<\/script>\n<!-- \/ Yoast SEO plugin. -->","yoast_head_json":{"title":"K\u1eb9o s\u1eefa b\u1ed5 sung canxi Moo Chews v\u1ecb chu\u1ed1i (Chai 48 vi\u00ean) - C\u00f4ng ty TNHH D\u01b0\u1ee3c ph\u1ea9m 2T Vi\u1ec7t Nam","robots":{"index":"noindex","follow":"follow","max-snippet":"max-snippet:-1","max-image-preview":"max-image-preview:large","max-video-preview":"max-video-preview:-1"},"og_locale":"vi_VN","og_type":"article","og_title":"K\u1eb9o s\u1eefa b\u1ed5 sung canxi Moo Chews v\u1ecb chu\u1ed1i (Chai 48 vi\u00ean) - C\u00f4ng ty TNHH D\u01b0\u1ee3c ph\u1ea9m 2T Vi\u1ec7t Nam","og_description":"Moo Chews l\u00e0 k\u1eb9o nhai th\u01a1m ngon ch\u1ee9a th\u00e0nh ph\u1ea7n canxi h\u1ed7 tr\u1ee3 cho s\u1ef1 ph\u00e1t tri\u1ec3n x\u01b0\u01a1ng r\u0103ng c\u1ee7a b\u00e9, xylitol gi\u00fap b\u1ea3o v\u1ec7 r\u0103ng, cho b\u00e9 d\u00f9ng k\u1eb9o th\u1eadt ngon mi\u1ec7ng v\u00e0 an to\u00e0n.","og_url":"https:\/\/lam.vinawebsite.vn\/10200\/san-pham\/keo-sua-bo-sung-canxi-moo-chews-vi-chuoi-chai-48-vien\/","og_site_name":"C\u00f4ng ty TNHH D\u01b0\u1ee3c ph\u1ea9m 2T Vi\u1ec7t Nam","article_modified_time":"2022-06-24T09:02:36+00:00","og_image":[{"width":460,"height":460,"url":"https:\/\/lam.vinawebsite.vn\/10200\/wp-content\/uploads\/2022\/06\/P19835_1_l.jpg","type":"image\/jpeg"}],"twitter_card":"summary_large_image","twitter_misc":{"\u01af\u1edbc t\u00ednh th\u1eddi gian \u0111\u1ecdc":"1 ph\u00fat"},"schema":{"@context":"https:\/\/schema.org","@graph":[{"@type":"WebSite","@id":"https:\/\/lam.vinawebsite.vn\/10200\/#website","url":"https:\/\/lam.vinawebsite.vn\/10200\/","name":"C\u00f4ng ty TNHH D\u01b0\u1ee3c ph\u1ea9m 2T Vi\u1ec7t Nam","description":"C\u00f4ng ty TNHH D\u01b0\u1ee3c ph\u1ea9m 2T Vi\u1ec7t Nam","potentialAction":[{"@type":"SearchAction","target":{"@type":"EntryPoint","urlTemplate":"https:\/\/lam.vinawebsite.vn\/10200\/?s={search_term_string}"},"query-input":"required name=search_term_string"}],"inLanguage":"vi"},{"@type":"ImageObject","inLanguage":"vi","@id":"https:\/\/lam.vinawebsite.vn\/10200\/san-pham\/keo-sua-bo-sung-canxi-moo-chews-vi-chuoi-chai-48-vien\/#primaryimage","url":"https:\/\/lam.vinawebsite.vn\/10200\/wp-content\/uploads\/2022\/06\/P19835_1_l.jpg","contentUrl":"https:\/\/lam.vinawebsite.vn\/10200\/wp-content\/uploads\/2022\/06\/P19835_1_l.jpg","width":460,"height":460},{"@type":"WebPage","@id":"https:\/\/lam.vinawebsite.vn\/10200\/san-pham\/keo-sua-bo-sung-canxi-moo-chews-vi-chuoi-chai-48-vien\/#webpage","url":"https:\/\/lam.vinawebsite.vn\/10200\/san-pham\/keo-sua-bo-sung-canxi-moo-chews-vi-chuoi-chai-48-vien\/","name":"K\u1eb9o s\u1eefa b\u1ed5 sung canxi Moo Chews v\u1ecb chu\u1ed1i (Chai 48 vi\u00ean) - C\u00f4ng ty TNHH D\u01b0\u1ee3c ph\u1ea9m 2T Vi\u1ec7t Nam","isPartOf":{"@id":"https:\/\/lam.vinawebsite.vn\/10200\/#website"},"primaryImageOfPage":{"@id":"https:\/\/lam.vinawebsite.vn\/10200\/san-pham\/keo-sua-bo-sung-canxi-moo-chews-vi-chuoi-chai-48-vien\/#primaryimage"},"datePublished":"2022-06-24T08:43:40+00:00","dateModified":"2022-06-24T09:02:36+00:00","breadcrumb":{"@id":"https:\/\/lam.vinawebsite.vn\/10200\/san-pham\/keo-sua-bo-sung-canxi-moo-chews-vi-chuoi-chai-48-vien\/#breadcrumb"},"inLanguage":"vi","potentialAction":[{"@type":"ReadAction","target":["https:\/\/lam.vinawebsite.vn\/10200\/san-pham\/keo-sua-bo-sung-canxi-moo-chews-vi-chuoi-chai-48-vien\/"]}]},{"@type":"BreadcrumbList","@id":"https:\/\/lam.vinawebsite.vn\/10200\/san-pham\/keo-sua-bo-sung-canxi-moo-chews-vi-chuoi-chai-48-vien\/#breadcrumb","itemListElement":[{"@type":"ListItem","position":1,"name":"2T Vi\u1ec7t Nam","item":"https:\/\/lam.vinawebsite.vn\/10200\/"},{"@type":"ListItem","position":2,"name":"S\u1ea3n ph\u1ea9m","item":"https:\/\/lam.vinawebsite.vn\/10200\/san-pham\/"},{"@type":"ListItem","position":3,"name":"K\u1eb9o s\u1eefa b\u1ed5 sung canxi Moo Chews v\u1ecb chu\u1ed1i (Chai 48 vi\u00ean)"}]}]}},"_links":{"self":[{"href":"https:\/\/lam.vinawebsite.vn\/10200\/wp-json\/wp\/v2\/product\/641"}],"collection":[{"href":"https:\/\/lam.vinawebsite.vn\/10200\/wp-json\/wp\/v2\/product"}],"about":[{"href":"https:\/\/lam.vinawebsite.vn\/10200\/wp-json\/wp\/v2\/types\/product"}],"replies":[{"embeddable":true,"href":"https:\/\/lam.vinawebsite.vn\/10200\/wp-json\/wp\/v2\/comments?post=641"}],"wp:featuredmedia":[{"embeddable":true,"href":"https:\/\/lam.vinawebsite.vn\/10200\/wp-json\/wp\/v2\/media\/653"}],"wp:attachment":[{"href":"https:\/\/lam.vinawebsite.vn\/10200\/wp-json\/wp\/v2\/media?parent=641"}],"wp:term":[{"taxonomy":"product_cat","embeddable":true,"href":"https:\/\/lam.vinawebsite.vn\/10200\/wp-json\/wp\/v2\/product_cat?post=641"},{"taxonomy":"product_tag","embeddable":true,"href":"https:\/\/lam.vinawebsite.vn\/10200\/wp-json\/wp\/v2\/product_tag?post=641"}],"curies":[{"name":"wp","href":"https:\/\/api.w.org\/{rel}","templated":true}]}}