{"id":642,"date":"2022-06-24T16:06:26","date_gmt":"2022-06-24T09:06:26","guid":{"rendered":"http:\/\/35634.lamdx.vinawebsite.vn\/?post_type=product&#038;p=642"},"modified":"2022-06-24T16:08:58","modified_gmt":"2022-06-24T09:08:58","slug":"duong-an-kieng-tropicana-slim-stevia-hop-50-goi","status":"publish","type":"product","link":"https:\/\/lam.vinawebsite.vn\/10200\/san-pham\/duong-an-kieng-tropicana-slim-stevia-hop-50-goi\/","title":{"rendered":"\u0110\u01b0\u1eddng \u0103n ki\u00eang Tropicana Slim Stevia (H\u1ed9p 50 g\u00f3i)"},"content":{"rendered":"<p><strong>Th\u00e0nh ph\u1ea7n:<\/strong>\u00a0Ch\u1ea5t t\u1ea1o ng\u1ecdt t\u1ed5ng h\u1ee3p (sorbital &#8211; E420(i)), ch\u1ea5t \u1ed5n \u0111\u1ecbnh(E403), ch\u1ea5t l\u00e0m ng\u1ecdt (42mg\/ph\u1ea7n)&#8230;<br \/>\nN\u0103ng l\u01b0\u1ee3ng 5kcal\/2,5g<\/p>\n<p><strong>C\u00f4ng d\u1ee5ng:<\/strong>\u00a0Th\u1ef1c ph\u1ea9m d\u00f9ng cho ch\u1ebf \u0111\u1ed9 \u0103n \u0111\u1eb7c bi\u1ec7t.<\/p>\n<p><strong>H\u01b0\u1edbng d\u1eabn s\u1eed d\u1ee5ng:<\/strong>\u00a0D\u00f9ng tr\u1ef1c ti\u1ebfp \u0111\u1ec3 pha ch\u1ebf \u0111\u1ed3 u\u1ed1ng, n\u1ea5u \u0103n ho\u1eb7c n\u01b0\u1edbng b\u00e1nh.<br \/>\nKh\u00f4ng d\u00f9ng s\u1ea3n ph\u1ea9m c\u00f3 d\u1ea5u hi\u1ec7u h\u01b0 h\u1ecfng.<br \/>\nTi\u00eau th\u1ee5 qu\u00e1 m\u1ee9c 40g m\u1ed7i ng\u00e0y c\u00f3 th\u1ec3 c\u00f3 t\u00e1c d\u1ee5ng nhu\u1eadn tr\u00e0ng.<\/p>\n<p><strong>B\u1ea3o qu\u1ea3n:<\/strong>\u00a0N\u01a1i kh\u00f4 r\u00e1o, tho\u00e1ng m\u00e1t. Tr\u00e1nh \u00e1nh n\u1eafng tr\u1ef1c ti\u1ebfp.<\/p>\n<p><strong>Quy c\u00e1ch \u0111\u00f3ng g\u00f3i:<\/strong>\u00a0H\u1ed9p 50 g\u00f3i (125g)<\/p>\n<p><strong>Xu\u1ea5t x\u1ee9 th\u01b0\u01a1ng hi\u1ec7u:<\/strong>\u00a0Indonesia<\/p>\n<p><strong>S\u1ea3n xu\u1ea5t t\u1ea1i:<\/strong>\u00a0Indonesia<\/p>\n<!-- AddThis Advanced Settings generic via filter on the_content --><!-- AddThis Share Buttons generic via filter on the_content -->","protected":false},"excerpt":{"rendered":"<p>\u0110\u01b0\u1eddng \u0103n ki\u00eang Tropicana Slim Stevia c\u00f3 l\u00e0 \u0111\u01b0\u1eddng l\u00e1 c\u1ecf ng\u1ecdt c\u00f3 v\u1ecb ng\u1ecdt d\u1ecbu nh\u1eb9, ph\u00f9 h\u1ee3p cho ng\u01b0\u1eddi c\u00f3 ch\u1ebf \u0111\u1ed9 \u0103n \u0111\u1eb7c bi\u1ec7t. S\u1ea3n ph\u1ea9m c\u00f3 th\u1ec3 \u0111\u01b0\u1ee3c d\u00f9ng tr\u1ef1c ti\u1ebfp \u0111\u1ec3 pha ch\u1ebf \u0111\u1ed3 u\u1ed1ng, n\u1ea5u \u0103n ho\u1eb7c n\u01b0\u1edbng b\u00e1nh.<\/p>\n","protected":false},"featured_media":657,"comment_status":"open","ping_status":"closed","template":"","meta":[],"product_cat":[109],"product_tag":[],"acf":[],"yoast_head":"<!-- This site is optimized with the Yoast SEO plugin v19.1 - https:\/\/yoast.com\/wordpress\/plugins\/seo\/ -->\n<title>\u0110\u01b0\u1eddng \u0103n ki\u00eang Tropicana Slim Stevia (H\u1ed9p 50 g\u00f3i) - C\u00f4ng ty TNHH D\u01b0\u1ee3c ph\u1ea9m 2T Vi\u1ec7t Nam<\/title>\n<meta name=\"robots\" content=\"noindex, follow, max-snippet:-1, max-image-preview:large, max-video-preview:-1\" \/>\n<meta property=\"og:locale\" content=\"vi_VN\" \/>\n<meta property=\"og:type\" content=\"article\" \/>\n<meta property=\"og:title\" content=\"\u0110\u01b0\u1eddng \u0103n ki\u00eang Tropicana Slim Stevia (H\u1ed9p 50 g\u00f3i) - C\u00f4ng ty TNHH D\u01b0\u1ee3c ph\u1ea9m 2T Vi\u1ec7t Nam\" \/>\n<meta property=\"og:description\" content=\"\u0110\u01b0\u1eddng \u0103n ki\u00eang Tropicana Slim Stevia c\u00f3 l\u00e0 \u0111\u01b0\u1eddng l\u00e1 c\u1ecf ng\u1ecdt c\u00f3 v\u1ecb ng\u1ecdt d\u1ecbu nh\u1eb9, ph\u00f9 h\u1ee3p cho ng\u01b0\u1eddi c\u00f3 ch\u1ebf \u0111\u1ed9 \u0103n \u0111\u1eb7c bi\u1ec7t. S\u1ea3n ph\u1ea9m c\u00f3 th\u1ec3 \u0111\u01b0\u1ee3c d\u00f9ng tr\u1ef1c ti\u1ebfp \u0111\u1ec3 pha ch\u1ebf \u0111\u1ed3 u\u1ed1ng, n\u1ea5u \u0103n ho\u1eb7c n\u01b0\u1edbng b\u00e1nh.\" \/>\n<meta property=\"og:url\" content=\"https:\/\/lam.vinawebsite.vn\/10200\/san-pham\/duong-an-kieng-tropicana-slim-stevia-hop-50-goi\/\" \/>\n<meta property=\"og:site_name\" content=\"C\u00f4ng ty TNHH D\u01b0\u1ee3c ph\u1ea9m 2T Vi\u1ec7t Nam\" \/>\n<meta property=\"article:modified_time\" content=\"2022-06-24T09:08:58+00:00\" \/>\n<meta property=\"og:image\" content=\"https:\/\/lam.vinawebsite.vn\/10200\/wp-content\/uploads\/2022\/06\/P18339_1_l-1.jpg\" \/>\n\t<meta property=\"og:image:width\" content=\"460\" \/>\n\t<meta property=\"og:image:height\" content=\"460\" \/>\n\t<meta property=\"og:image:type\" content=\"image\/jpeg\" \/>\n<meta name=\"twitter:card\" content=\"summary_large_image\" \/>\n<meta name=\"twitter:label1\" content=\"\u01af\u1edbc t\u00ednh th\u1eddi gian \u0111\u1ecdc\" \/>\n\t<meta name=\"twitter:data1\" content=\"1 ph\u00fat\" \/>\n<script type=\"application\/ld+json\" class=\"yoast-schema-graph\">{\"@context\":\"https:\/\/schema.org\",\"@graph\":[{\"@type\":\"WebSite\",\"@id\":\"https:\/\/lam.vinawebsite.vn\/10200\/#website\",\"url\":\"https:\/\/lam.vinawebsite.vn\/10200\/\",\"name\":\"C\u00f4ng ty TNHH D\u01b0\u1ee3c ph\u1ea9m 2T Vi\u1ec7t Nam\",\"description\":\"C\u00f4ng ty TNHH D\u01b0\u1ee3c ph\u1ea9m 2T Vi\u1ec7t Nam\",\"potentialAction\":[{\"@type\":\"SearchAction\",\"target\":{\"@type\":\"EntryPoint\",\"urlTemplate\":\"https:\/\/lam.vinawebsite.vn\/10200\/?s={search_term_string}\"},\"query-input\":\"required name=search_term_string\"}],\"inLanguage\":\"vi\"},{\"@type\":\"ImageObject\",\"inLanguage\":\"vi\",\"@id\":\"https:\/\/lam.vinawebsite.vn\/10200\/san-pham\/duong-an-kieng-tropicana-slim-stevia-hop-50-goi\/#primaryimage\",\"url\":\"https:\/\/lam.vinawebsite.vn\/10200\/wp-content\/uploads\/2022\/06\/P18339_1_l-1.jpg\",\"contentUrl\":\"https:\/\/lam.vinawebsite.vn\/10200\/wp-content\/uploads\/2022\/06\/P18339_1_l-1.jpg\",\"width\":460,\"height\":460},{\"@type\":\"WebPage\",\"@id\":\"https:\/\/lam.vinawebsite.vn\/10200\/san-pham\/duong-an-kieng-tropicana-slim-stevia-hop-50-goi\/#webpage\",\"url\":\"https:\/\/lam.vinawebsite.vn\/10200\/san-pham\/duong-an-kieng-tropicana-slim-stevia-hop-50-goi\/\",\"name\":\"\u0110\u01b0\u1eddng \u0103n ki\u00eang Tropicana Slim Stevia (H\u1ed9p 50 g\u00f3i) - C\u00f4ng ty TNHH D\u01b0\u1ee3c ph\u1ea9m 2T Vi\u1ec7t Nam\",\"isPartOf\":{\"@id\":\"https:\/\/lam.vinawebsite.vn\/10200\/#website\"},\"primaryImageOfPage\":{\"@id\":\"https:\/\/lam.vinawebsite.vn\/10200\/san-pham\/duong-an-kieng-tropicana-slim-stevia-hop-50-goi\/#primaryimage\"},\"datePublished\":\"2022-06-24T09:06:26+00:00\",\"dateModified\":\"2022-06-24T09:08:58+00:00\",\"breadcrumb\":{\"@id\":\"https:\/\/lam.vinawebsite.vn\/10200\/san-pham\/duong-an-kieng-tropicana-slim-stevia-hop-50-goi\/#breadcrumb\"},\"inLanguage\":\"vi\",\"potentialAction\":[{\"@type\":\"ReadAction\",\"target\":[\"https:\/\/lam.vinawebsite.vn\/10200\/san-pham\/duong-an-kieng-tropicana-slim-stevia-hop-50-goi\/\"]}]},{\"@type\":\"BreadcrumbList\",\"@id\":\"https:\/\/lam.vinawebsite.vn\/10200\/san-pham\/duong-an-kieng-tropicana-slim-stevia-hop-50-goi\/#breadcrumb\",\"itemListElement\":[{\"@type\":\"ListItem\",\"position\":1,\"name\":\"2T Vi\u1ec7t Nam\",\"item\":\"https:\/\/lam.vinawebsite.vn\/10200\/\"},{\"@type\":\"ListItem\",\"position\":2,\"name\":\"S\u1ea3n ph\u1ea9m\",\"item\":\"https:\/\/lam.vinawebsite.vn\/10200\/san-pham\/\"},{\"@type\":\"ListItem\",\"position\":3,\"name\":\"\u0110\u01b0\u1eddng \u0103n ki\u00eang Tropicana Slim Stevia (H\u1ed9p 50 g\u00f3i)\"}]}]}<\/script>\n<!-- \/ Yoast SEO plugin. -->","yoast_head_json":{"title":"\u0110\u01b0\u1eddng \u0103n ki\u00eang Tropicana Slim Stevia (H\u1ed9p 50 g\u00f3i) - C\u00f4ng ty TNHH D\u01b0\u1ee3c ph\u1ea9m 2T Vi\u1ec7t Nam","robots":{"index":"noindex","follow":"follow","max-snippet":"max-snippet:-1","max-image-preview":"max-image-preview:large","max-video-preview":"max-video-preview:-1"},"og_locale":"vi_VN","og_type":"article","og_title":"\u0110\u01b0\u1eddng \u0103n ki\u00eang Tropicana Slim Stevia (H\u1ed9p 50 g\u00f3i) - C\u00f4ng ty TNHH D\u01b0\u1ee3c ph\u1ea9m 2T Vi\u1ec7t Nam","og_description":"\u0110\u01b0\u1eddng \u0103n ki\u00eang Tropicana Slim Stevia c\u00f3 l\u00e0 \u0111\u01b0\u1eddng l\u00e1 c\u1ecf ng\u1ecdt c\u00f3 v\u1ecb ng\u1ecdt d\u1ecbu nh\u1eb9, ph\u00f9 h\u1ee3p cho ng\u01b0\u1eddi c\u00f3 ch\u1ebf \u0111\u1ed9 \u0103n \u0111\u1eb7c bi\u1ec7t. S\u1ea3n ph\u1ea9m c\u00f3 th\u1ec3 \u0111\u01b0\u1ee3c d\u00f9ng tr\u1ef1c ti\u1ebfp \u0111\u1ec3 pha ch\u1ebf \u0111\u1ed3 u\u1ed1ng, n\u1ea5u \u0103n ho\u1eb7c n\u01b0\u1edbng b\u00e1nh.","og_url":"https:\/\/lam.vinawebsite.vn\/10200\/san-pham\/duong-an-kieng-tropicana-slim-stevia-hop-50-goi\/","og_site_name":"C\u00f4ng ty TNHH D\u01b0\u1ee3c ph\u1ea9m 2T Vi\u1ec7t Nam","article_modified_time":"2022-06-24T09:08:58+00:00","og_image":[{"width":460,"height":460,"url":"https:\/\/lam.vinawebsite.vn\/10200\/wp-content\/uploads\/2022\/06\/P18339_1_l-1.jpg","type":"image\/jpeg"}],"twitter_card":"summary_large_image","twitter_misc":{"\u01af\u1edbc t\u00ednh th\u1eddi gian \u0111\u1ecdc":"1 ph\u00fat"},"schema":{"@context":"https:\/\/schema.org","@graph":[{"@type":"WebSite","@id":"https:\/\/lam.vinawebsite.vn\/10200\/#website","url":"https:\/\/lam.vinawebsite.vn\/10200\/","name":"C\u00f4ng ty TNHH D\u01b0\u1ee3c ph\u1ea9m 2T Vi\u1ec7t Nam","description":"C\u00f4ng ty TNHH D\u01b0\u1ee3c ph\u1ea9m 2T Vi\u1ec7t Nam","potentialAction":[{"@type":"SearchAction","target":{"@type":"EntryPoint","urlTemplate":"https:\/\/lam.vinawebsite.vn\/10200\/?s={search_term_string}"},"query-input":"required name=search_term_string"}],"inLanguage":"vi"},{"@type":"ImageObject","inLanguage":"vi","@id":"https:\/\/lam.vinawebsite.vn\/10200\/san-pham\/duong-an-kieng-tropicana-slim-stevia-hop-50-goi\/#primaryimage","url":"https:\/\/lam.vinawebsite.vn\/10200\/wp-content\/uploads\/2022\/06\/P18339_1_l-1.jpg","contentUrl":"https:\/\/lam.vinawebsite.vn\/10200\/wp-content\/uploads\/2022\/06\/P18339_1_l-1.jpg","width":460,"height":460},{"@type":"WebPage","@id":"https:\/\/lam.vinawebsite.vn\/10200\/san-pham\/duong-an-kieng-tropicana-slim-stevia-hop-50-goi\/#webpage","url":"https:\/\/lam.vinawebsite.vn\/10200\/san-pham\/duong-an-kieng-tropicana-slim-stevia-hop-50-goi\/","name":"\u0110\u01b0\u1eddng \u0103n ki\u00eang Tropicana Slim Stevia (H\u1ed9p 50 g\u00f3i) - C\u00f4ng ty TNHH D\u01b0\u1ee3c ph\u1ea9m 2T Vi\u1ec7t Nam","isPartOf":{"@id":"https:\/\/lam.vinawebsite.vn\/10200\/#website"},"primaryImageOfPage":{"@id":"https:\/\/lam.vinawebsite.vn\/10200\/san-pham\/duong-an-kieng-tropicana-slim-stevia-hop-50-goi\/#primaryimage"},"datePublished":"2022-06-24T09:06:26+00:00","dateModified":"2022-06-24T09:08:58+00:00","breadcrumb":{"@id":"https:\/\/lam.vinawebsite.vn\/10200\/san-pham\/duong-an-kieng-tropicana-slim-stevia-hop-50-goi\/#breadcrumb"},"inLanguage":"vi","potentialAction":[{"@type":"ReadAction","target":["https:\/\/lam.vinawebsite.vn\/10200\/san-pham\/duong-an-kieng-tropicana-slim-stevia-hop-50-goi\/"]}]},{"@type":"BreadcrumbList","@id":"https:\/\/lam.vinawebsite.vn\/10200\/san-pham\/duong-an-kieng-tropicana-slim-stevia-hop-50-goi\/#breadcrumb","itemListElement":[{"@type":"ListItem","position":1,"name":"2T Vi\u1ec7t Nam","item":"https:\/\/lam.vinawebsite.vn\/10200\/"},{"@type":"ListItem","position":2,"name":"S\u1ea3n ph\u1ea9m","item":"https:\/\/lam.vinawebsite.vn\/10200\/san-pham\/"},{"@type":"ListItem","position":3,"name":"\u0110\u01b0\u1eddng \u0103n ki\u00eang Tropicana Slim Stevia (H\u1ed9p 50 g\u00f3i)"}]}]}},"_links":{"self":[{"href":"https:\/\/lam.vinawebsite.vn\/10200\/wp-json\/wp\/v2\/product\/642"}],"collection":[{"href":"https:\/\/lam.vinawebsite.vn\/10200\/wp-json\/wp\/v2\/product"}],"about":[{"href":"https:\/\/lam.vinawebsite.vn\/10200\/wp-json\/wp\/v2\/types\/product"}],"replies":[{"embeddable":true,"href":"https:\/\/lam.vinawebsite.vn\/10200\/wp-json\/wp\/v2\/comments?post=642"}],"wp:featuredmedia":[{"embeddable":true,"href":"https:\/\/lam.vinawebsite.vn\/10200\/wp-json\/wp\/v2\/media\/657"}],"wp:attachment":[{"href":"https:\/\/lam.vinawebsite.vn\/10200\/wp-json\/wp\/v2\/media?parent=642"}],"wp:term":[{"taxonomy":"product_cat","embeddable":true,"href":"https:\/\/lam.vinawebsite.vn\/10200\/wp-json\/wp\/v2\/product_cat?post=642"},{"taxonomy":"product_tag","embeddable":true,"href":"https:\/\/lam.vinawebsite.vn\/10200\/wp-json\/wp\/v2\/product_tag?post=642"}],"curies":[{"name":"wp","href":"https:\/\/api.w.org\/{rel}","templated":true}]}}