{"id":644,"date":"2022-06-24T16:10:25","date_gmt":"2022-06-24T09:10:25","guid":{"rendered":"http:\/\/35634.lamdx.vinawebsite.vn\/?post_type=product&#038;p=644"},"modified":"2022-06-24T16:10:27","modified_gmt":"2022-06-24T09:10:27","slug":"akitykity-new-hop-2-goi","status":"publish","type":"product","link":"https:\/\/lam.vinawebsite.vn\/10200\/san-pham\/akitykity-new-hop-2-goi\/","title":{"rendered":"Akitykity-New (H\u1ed9p 2 g\u00f3i)"},"content":{"rendered":"<p><strong>Th\u00e0nh ph\u1ea7n:<\/strong>\u00a0M\u1ed7i g\u00f3i ch\u1ee9a Albendazol 200mg, t\u00e1 d\u01b0\u1ee3c v\u1eeba \u0111\u1ee7 1,5g<\/p>\n<p><strong>Ch\u1ec9 \u0111\u1ecbnh<\/strong>\u00a0(Thu\u1ed1c d\u00f9ng cho b\u1ec7nh g\u00ec?)<\/p>\n<p>Nhi\u1ec5m m\u1ed9t lo\u1ea1i ho\u1eb7c nhi\u1ec1u lo\u1ea1i k\u00ed sinh tr\u00f9ng \u0111\u01b0\u1eddng ru\u1ed9t nh\u01b0 giun \u0111\u0169a, giun kim, giun m\u00f3c, giun m\u1ecf, giun t\u00f3c, giun l\u01b0\u01a1n, s\u00e1n h\u1ea1t d\u01b0a, s\u00e1n l\u1ee3n, s\u00e1n b\u00f2, s\u00e1n l\u00e1 gan lo\u1ea1i Opisthorchis viverrini v\u00e0 O. sinensis.<\/p>\n<p>Albendazol c\u0169ng c\u00f3 hi\u1ec7u qu\u1ea3 tr\u00ean \u1ea5u tr\u00f9ng di tr\u00fa \u1edf da. Thu\u1ed1c c\u00f2n c\u00f3 t\u00e1c d\u1ee5ng v\u1edbi b\u1ec7nh \u1ea5u tr\u00f9ng s\u00e1n l\u1ee3n c\u00f3 t\u1ed5n th\u01b0\u01a1ng n\u00e3o. Albedazol l\u00e0 thu\u1ed1c \u0111\u01b0\u1ee3c l\u1ef1a ch\u1ecdn \u0111\u1ec3 \u0111i\u1ec1u tr\u1ecb c\u00e1c tr\u01b0\u1eddng h\u1ee3p b\u1ec7nh nang s\u00e1n kh\u00f4ng ph\u1ea5u thu\u1eadt \u0111\u01b0\u1ee3c, nh\u01b0ng l\u1ee3i \u00edch l\u00e2u d\u00e0i c\u1ee7a vi\u1ec7c \u0111i\u1ec1u tr\u1ecb n\u00e0y c\u00f2n ph\u1ea3i \u0111\u00e1nh gi\u00e1 th\u00eam.<\/p>\n<p><strong>Ch\u1ed1ng ch\u1ec9 \u0111\u1ecbnh<\/strong>\u00a0(Khi n\u00e0o kh\u00f4ng n\u00ean d\u00f9ng thu\u1ed1c n\u00e0y?)<\/p>\n<p>C\u00f3 ti\u1ec1n s\u1eed d\u1ecb \u1ee9ng v\u1edbi c\u00e1c h\u1ee3p ch\u1ea5t lo\u1ea1i benzimidazol ho\u1eb7c c\u00e1c th\u00e0nh ph\u1ea7n c\u1ee7a thu\u1ed1c.<\/p>\n<p>Ng\u01b0\u1eddi b\u1ec7nh c\u00f3 ti\u1ec1n s\u1eed nhi\u1ec5m \u0111\u1ed9c t\u1ee7y x\u01b0\u01a1ng.<\/p>\n<p>Ng\u01b0\u1eddi mang thai.<\/p>\n<p><strong>Li\u1ec1u d\u00f9ng<\/strong><\/p>\n<p>Giun \u0111\u0169a, giun kim, giun m\u00f3c ho\u1eb7c giun t\u00f3c: U\u1ed1ng 1 li\u1ec1u duy nh\u1ea5t trong 1 ng\u00e0y. N\u1ebfu b\u1ec7nh nh\u00e2n ch\u01b0a kh\u1ecfi sau 3 tu\u1ea7n, c\u00f3 th\u1ec3 ch\u1ec9 \u0111\u1ecbnh \u0111i\u1ec1u tr\u1ecb l\u1ea1i l\u1ea7n th\u1ee9 hai.<\/p>\n<p>&#8211; Tr\u1ebb 1-2 tu\u1ed5i: 1 g\u00f3i<\/p>\n<p>&#8211; Tr\u1ebb tr\u00ean 2 tu\u1ed5i v\u00e0 ng\u01b0\u1eddi l\u1edbn: 2 g\u00f3i<\/p>\n<p>\u1ea4u tr\u00f9ng di tr\u00fa \u1edf da: U\u1ed1ng 1 l\u1ea7n\/ng\u00e0y trong 3 ng\u00e0y li\u00ean ti\u1ebfp<\/p>\n<p>&#8211; Tr\u1ebb em: 5mg\/kg\/ng\u00e0y<\/p>\n<p>&#8211; Ng\u01b0\u1eddi l\u1edbn: 2 g\u00f3i\/ng\u00e0y<\/p>\n<p>B\u1ec7nh nang s\u00e1n: U\u1ed1ng trong 28 ng\u00e0y, l\u1eb7p l\u1ea1i \u0111i\u1ec1u tr\u1ecb n\u1ebfu c\u1ea7n<\/p>\n<p>&#8211; Tr\u1ebb d\u01b0\u1edbi 6 tu\u1ed5i: Li\u1ec1u l\u01b0\u1ee3ng ch\u01b0a x\u00e1c \u0111\u1ecbnh<\/p>\n<p>&#8211; Tr\u1ebb tr\u00ean 6 tu\u1ed5i: 10-15mg\/kg\/ng\u00e0y<\/p>\n<p>&#8211; Ng\u01b0\u1eddi l\u1edbn: 4 g\u00f3i\/ng\u00e0y (c\u00f3 khi l\u1eb7p l\u1ea1i 2-3 \u0111\u1ee3t \u0111i\u1ec1u tr\u1ecb ho\u1eb7c 5 \u0111\u1ee3t n\u1ebfu nang s\u00e1n kh\u00f4ng m\u1ed5 \u0111\u01b0\u1ee3c)<\/p>\n<p>\u1ea4u tr\u00f9ng s\u00e1n l\u1ee3n \u1edf n\u00e3o: U\u1ed1ng trong 30 ng\u00e0y, c\u00f3 th\u1ec3 \u0111i\u1ec1u tr\u1ecb l\u1eb7p l\u1ea1i sau 3 tu\u1ea7n<\/p>\n<p>&#8211; Tr\u1ebb em v\u00e0 ng\u01b0\u1eddi l\u1edbn: 15mg\/kg\/ng\u00e0y<\/p>\n<p>S\u00e1n d\u00e2y, giun l\u01b0\u01a1n (Strongyloides): U\u1ed1ng 1 l\u1ea7n\/ng\u00e0y trong 3 ng\u00e0y li\u00ean ti\u1ebfp, c\u00f3 th\u1ec3 \u0111i\u1ec1u tr\u1ecb l\u1eb7p l\u1ea1i sau 3 tu\u1ea7n<\/p>\n<p>&#8211; Tr\u1ebb 1-2 tu\u1ed5i: 1 g\u00f3i\/ng\u00e0y<\/p>\n<p>&#8211; Tr\u1ebb tr\u00ean 2 tu\u1ed5i v\u00e0 ng\u01b0\u1eddi l\u1edbn: 2 g\u00f3i\/ng\u00e0y<\/p>\n<p>C\u00e1ch d\u00f9ng<\/p>\n<p>C\u1eaft g\u00f3i thu\u1ed1c theo \u0111\u01b0\u1eddng k\u1ebb v\u00e0 \u0111\u1ed5 b\u1ed9t thu\u1ed1c v\u00e0o trong c\u1ed1c.<\/p>\n<p>\u0110\u1ed5 \u0111\u1ea7y n\u01b0\u1edbc v\u00e0o trong g\u00f3i thu\u1ed1c, sau \u0111\u00f3 r\u00f3t n\u01b0\u1edbc t\u1eeb g\u00f3i thu\u1ed1c v\u00e0o c\u1ed1c.<\/p>\n<p>Khu\u1ea5y \u0111\u1ec1u v\u00e0 u\u1ed1ng ngay.<\/p>\n<p><strong>T\u00e1c d\u1ee5ng phu\u0323<\/strong><\/p>\n<p>Khi \u0111i\u1ec1u tr\u1ecb th\u1eddi gian ng\u1eafn (kh\u00f4ng qu\u00e1 3 ng\u00e0y) c\u00f3 th\u1ec3 th\u1ea5y m\u1ed9t v\u00e0i tr\u01b0\u1eddng h\u1ee3p b\u1ecb kh\u00f3 ch\u1ecbu \u1edf \u0111\u01b0\u1eddng ti\u00eau h\u00f3a (\u0111au v\u00f9ng th\u01b0\u1ee3ng v\u1ecb, \u1ec9a ch\u1ea3y, n\u00f4n, bu\u1ed3n n\u00f4n) v\u00e0 nh\u1ee9c \u0111\u1ea7u, ch\u00f3ng m\u1eb7t, r\u1ee5ng t\u00f3c ph\u1ee5c h\u1ed3i \u0111\u01b0\u1ee3c.<\/p>\n<p>Trong \u0111i\u1ec1u tr\u1ecb b\u1ec7n nang s\u00e1n ho\u1eb7c b\u1ec7nh \u1ea5u tr\u00f9ng s\u00e1n l\u1ee3n c\u00f3 t\u1ed5n th\u01b0\u01a1ng n\u00e3o, t\u00e1c d\u1ee5ng c\u00f3 h\u1ea1i th\u01b0\u1eddng g\u1eb7p nhi\u1ec1u h\u01a1n v\u00e0 n\u1eb7ng h\u01a1n.<\/p>\n<p>Th\u00f4ng th\u01b0\u1eddng t\u00e1c d\u1ee5ng kh\u00f4ng mong mu\u1ed1n kh\u00f4ng n\u1eb7ng v\u00e0 h\u1ed3i ph\u1ee5c \u0111\u01b0\u1ee3c m\u00e0 kh\u00f4ng c\u1ea7n \u0111i\u1ec1u tr\u1ecb. Ch\u1ec9 ng\u1eebng \u0111i\u1ec1u tr\u1ecb khi b\u1ecb gi\u1ea3m b\u1ea1ch c\u00e0u (0.7%) ho\u1eb7c c\u00f3 s\u1ef1 b\u1ea5t th\u01b0\u1eddng v\u1ec1 gan (3.8% trong b\u1ec7nh nang s\u00e1n).<\/p>\n<p><em>L\u01b0u \u00fd<\/em><\/p>\n<p>Khi \u0111ang u\u1ed1ng Albedazol n\u00ean tr\u00e1nh d\u00f9ng c\u00e1c thu\u1ed1c dexamethason, praziquantel, cimetidin, theopyllin v\u00ec c\u00f3 th\u1ec3 l\u00e0m \u1ea3nh h\u01b0\u1edfng \u0111\u1ebfn n\u1ed3ng \u0111\u1ed9 v\u00e0 t\u00e1c d\u1ee5ng c\u1ee7a albendazol ho\u1eb7c thu\u1ed1c ph\u1ed1i h\u1ee3p.<\/p>\n<p>Tr\u01b0\u1eddng h\u1ee3p qu\u00ean thu\u1ed1c khi \u0111ang \u0111i\u1ec1u tr\u1ecb d\u00e0i ng\u00e0y c\u1ea7n u\u1ed1ng li\u1ec1u ti\u1ebfp theo ngay khi nh\u1edb ra, n\u1ebfu b\u1ecf qua 1 ng\u00e0y th\u00ec th\u00f4ng b\u00e1o ngay cho b\u00e1c s\u0129 khi qu\u00ean d\u00f9ng thu\u1ed1c.<\/p>\n<p>Tr\u01b0\u1eddng h\u1ee3p qu\u00e1 li\u1ec1u c\u1ea7n \u0111i\u1ec1u tr\u1ecb tri\u1ec7u ch\u1ee9ng (r\u1eeda d\u1ea1 d\u00e0y, d\u00f9ng than ho\u1ea1t) v\u00e0 c\u00e1c bi\u1ec7n ph\u00e1p h\u1ed3i s\u1ee9c c\u1ea5p c\u1ee9u chung.<\/p>\n<p>Tham kh\u1ea3o \u00fd ki\u1ebfn b\u00e1c s\u0129, d\u01b0\u1ee3c s\u0129 khi g\u1eb7p t\u00e1c d\u1ee5ng kh\u00f4ng mong mu\u1ed1n ho\u1eb7c c\u1ea7n th\u00eam th\u00f4ng tin.<\/p>\n<p><strong>Th\u1eadn tr\u1ecdng<\/strong>\u00a0(Nh\u1eefng l\u01b0u \u00fd khi d\u00f9ng thu\u1ed1c)<\/p>\n<p>Ng\u01b0\u1eddi m\u1eafc b\u1ec7nh gan ho\u1eb7c c\u00e1c b\u1ec7nh v\u1ec1 m\u00e1u c\u1ea7n th\u1eadn tr\u1ecdng khi s\u1eed d\u1ee5ng.<\/p>\n<p>Ng\u01b0\u1eddi kh\u00f4ng dung n\u1ea1p galactose, fructose, thi\u1ebfu Lapp lactase ho\u1eb7c sucrase-isomaltase, k\u00e9m h\u1ea5p thu glucose-galactose kh\u00f4ng n\u00ean d\u00f9ng thu\u1ed1c n\u00e0y.<\/p>\n<p>Ng\u01b0\u1eddi c\u00f3 phenylketon ni\u1ec7u c\u00f3 th\u1ec3 \u1ea3nh h\u01b0\u1edfng x\u1ea5u do thu\u1ed1c ch\u1ee9a th\u00e0nh ph\u1ea7n aspartam.<\/p>\n<p>Ng\u01b0\u1eddi \u0103n ki\u00eang natri c\u1ea7n xem x\u00e9t vi\u1ec7c s\u1eed d\u1ee5ng do thu\u1ed1c ch\u1ee9a kho\u1ea3ng 2,3mg natri\/li\u1ec1u.<\/p>\n<p><strong>\u0110\u00f3ng g\u00f3i:\u00a0<\/strong>H\u1ed9p 2 g\u00f3i x 1,5g\/g\u00f3i<\/p>\n<p><strong>B\u1ea3o qu\u1ea3n:\u00a0<\/strong>N\u01a1i kh\u00f4 r\u00e1o d\u01b0\u1edbi 30 \u0111\u1ed9 C, tr\u00e1nh \u00e1nh s\u00e1ng<\/p>\n<p><strong>Xu\u1ea5t x\u1ee9 th\u01b0\u01a1ng hi\u1ec7u:<\/strong>\u00a0Vi\u1ec7t Nam<\/p>\n<p><strong>S\u1ea3n xu\u1ea5t t\u1ea1i:\u00a0<\/strong>Vi\u1ec7t Nam<\/p>\n<p><em>M\u1ecdi th\u00f4ng tin tr\u00ean \u0111\u00e2y ch\u1ec9 mang t\u00ednh ch\u1ea5t tham kh\u1ea3o. Vi\u1ec7c s\u1eed d\u1ee5ng thu\u1ed1c ph\u1ea3i tu\u00e2n theo h\u01b0\u1edbng d\u1eabn c\u1ee7a b\u00e1c s\u0129, d\u01b0\u1ee3c s\u0129.<\/em><\/p>\n<p><em>Vui l\u00f2ng \u0111\u1ecdc k\u0129 th\u00f4ng tin chi ti\u1ebft \u1edf t\u1edd r\u01a1i b\u00ean trong h\u1ed9p s\u1ea3n ph\u1ea9m.<\/em><\/p>\n<!-- AddThis Advanced Settings generic via filter on the_content --><!-- AddThis Share Buttons generic via filter on the_content -->","protected":false},"excerpt":{"rendered":"<p>Ho\u1ea1t ch\u1ea5t: Albendazol 200mg<\/p>\n<p>C\u00f4ng d\u1ee5ng: \u0110i\u1ec1u tr\u1ecb c\u00e1c tr\u01b0\u1eddng h\u1ee3p b\u1ec7nh nang s\u00e1n kh\u00f4ng ph\u1ea5u thu\u1eadt \u0111\u01b0\u1ee3c, nh\u01b0ng l\u1ee3i \u00edch l\u00e2u d\u00e0i c\u1ee7a vi\u1ec7c \u0111i\u1ec1u tr\u1ecb n\u00e0y c\u00f2n ph\u1ea3i \u0111\u00e1nh gi\u00e1 th\u00eam.<\/p>\n<p>Th\u01b0\u01a1ng hi\u1ec7u: Vi\u1ec7t Nam<\/p>\n<p>N\u01a1i s\u1ea3n xu\u1ea5t: Vi\u1ec7t Nam<\/p>\n","protected":false},"featured_media":665,"comment_status":"open","ping_status":"closed","template":"","meta":[],"product_cat":[106],"product_tag":[],"acf":[],"yoast_head":"<!-- This site is optimized with the Yoast SEO plugin v19.1 - https:\/\/yoast.com\/wordpress\/plugins\/seo\/ -->\n<title>Akitykity-New (H\u1ed9p 2 g\u00f3i) - C\u00f4ng ty TNHH D\u01b0\u1ee3c ph\u1ea9m 2T Vi\u1ec7t Nam<\/title>\n<meta name=\"robots\" content=\"noindex, follow, max-snippet:-1, max-image-preview:large, max-video-preview:-1\" \/>\n<meta property=\"og:locale\" content=\"vi_VN\" \/>\n<meta property=\"og:type\" content=\"article\" \/>\n<meta property=\"og:title\" content=\"Akitykity-New (H\u1ed9p 2 g\u00f3i) - C\u00f4ng ty TNHH D\u01b0\u1ee3c ph\u1ea9m 2T Vi\u1ec7t Nam\" \/>\n<meta property=\"og:description\" content=\"Ho\u1ea1t ch\u1ea5t: Albendazol 200mg  C\u00f4ng d\u1ee5ng: \u0110i\u1ec1u tr\u1ecb c\u00e1c tr\u01b0\u1eddng h\u1ee3p b\u1ec7nh nang s\u00e1n kh\u00f4ng ph\u1ea5u thu\u1eadt \u0111\u01b0\u1ee3c, nh\u01b0ng l\u1ee3i \u00edch l\u00e2u d\u00e0i c\u1ee7a vi\u1ec7c \u0111i\u1ec1u tr\u1ecb n\u00e0y c\u00f2n ph\u1ea3i \u0111\u00e1nh gi\u00e1 th\u00eam.  Th\u01b0\u01a1ng hi\u1ec7u: Vi\u1ec7t Nam  N\u01a1i s\u1ea3n xu\u1ea5t: Vi\u1ec7t Nam\" \/>\n<meta property=\"og:url\" content=\"https:\/\/lam.vinawebsite.vn\/10200\/san-pham\/akitykity-new-hop-2-goi\/\" \/>\n<meta property=\"og:site_name\" content=\"C\u00f4ng ty TNHH D\u01b0\u1ee3c ph\u1ea9m 2T Vi\u1ec7t Nam\" \/>\n<meta property=\"article:modified_time\" content=\"2022-06-24T09:10:27+00:00\" \/>\n<meta property=\"og:image\" content=\"https:\/\/lam.vinawebsite.vn\/10200\/wp-content\/uploads\/2022\/06\/P17838_1_l.jpg\" \/>\n\t<meta property=\"og:image:width\" content=\"460\" \/>\n\t<meta property=\"og:image:height\" content=\"460\" \/>\n\t<meta property=\"og:image:type\" content=\"image\/jpeg\" \/>\n<meta name=\"twitter:card\" content=\"summary_large_image\" \/>\n<meta name=\"twitter:label1\" content=\"\u01af\u1edbc t\u00ednh th\u1eddi gian \u0111\u1ecdc\" \/>\n\t<meta name=\"twitter:data1\" content=\"5 ph\u00fat\" \/>\n<script type=\"application\/ld+json\" class=\"yoast-schema-graph\">{\"@context\":\"https:\/\/schema.org\",\"@graph\":[{\"@type\":\"WebSite\",\"@id\":\"https:\/\/lam.vinawebsite.vn\/10200\/#website\",\"url\":\"https:\/\/lam.vinawebsite.vn\/10200\/\",\"name\":\"C\u00f4ng ty TNHH D\u01b0\u1ee3c ph\u1ea9m 2T Vi\u1ec7t Nam\",\"description\":\"C\u00f4ng ty TNHH D\u01b0\u1ee3c ph\u1ea9m 2T Vi\u1ec7t Nam\",\"potentialAction\":[{\"@type\":\"SearchAction\",\"target\":{\"@type\":\"EntryPoint\",\"urlTemplate\":\"https:\/\/lam.vinawebsite.vn\/10200\/?s={search_term_string}\"},\"query-input\":\"required name=search_term_string\"}],\"inLanguage\":\"vi\"},{\"@type\":\"ImageObject\",\"inLanguage\":\"vi\",\"@id\":\"https:\/\/lam.vinawebsite.vn\/10200\/san-pham\/akitykity-new-hop-2-goi\/#primaryimage\",\"url\":\"https:\/\/lam.vinawebsite.vn\/10200\/wp-content\/uploads\/2022\/06\/P17838_1_l.jpg\",\"contentUrl\":\"https:\/\/lam.vinawebsite.vn\/10200\/wp-content\/uploads\/2022\/06\/P17838_1_l.jpg\",\"width\":460,\"height\":460},{\"@type\":\"WebPage\",\"@id\":\"https:\/\/lam.vinawebsite.vn\/10200\/san-pham\/akitykity-new-hop-2-goi\/#webpage\",\"url\":\"https:\/\/lam.vinawebsite.vn\/10200\/san-pham\/akitykity-new-hop-2-goi\/\",\"name\":\"Akitykity-New (H\u1ed9p 2 g\u00f3i) - C\u00f4ng ty TNHH D\u01b0\u1ee3c ph\u1ea9m 2T Vi\u1ec7t Nam\",\"isPartOf\":{\"@id\":\"https:\/\/lam.vinawebsite.vn\/10200\/#website\"},\"primaryImageOfPage\":{\"@id\":\"https:\/\/lam.vinawebsite.vn\/10200\/san-pham\/akitykity-new-hop-2-goi\/#primaryimage\"},\"datePublished\":\"2022-06-24T09:10:25+00:00\",\"dateModified\":\"2022-06-24T09:10:27+00:00\",\"breadcrumb\":{\"@id\":\"https:\/\/lam.vinawebsite.vn\/10200\/san-pham\/akitykity-new-hop-2-goi\/#breadcrumb\"},\"inLanguage\":\"vi\",\"potentialAction\":[{\"@type\":\"ReadAction\",\"target\":[\"https:\/\/lam.vinawebsite.vn\/10200\/san-pham\/akitykity-new-hop-2-goi\/\"]}]},{\"@type\":\"BreadcrumbList\",\"@id\":\"https:\/\/lam.vinawebsite.vn\/10200\/san-pham\/akitykity-new-hop-2-goi\/#breadcrumb\",\"itemListElement\":[{\"@type\":\"ListItem\",\"position\":1,\"name\":\"2T Vi\u1ec7t Nam\",\"item\":\"https:\/\/lam.vinawebsite.vn\/10200\/\"},{\"@type\":\"ListItem\",\"position\":2,\"name\":\"S\u1ea3n ph\u1ea9m\",\"item\":\"https:\/\/lam.vinawebsite.vn\/10200\/san-pham\/\"},{\"@type\":\"ListItem\",\"position\":3,\"name\":\"Akitykity-New (H\u1ed9p 2 g\u00f3i)\"}]}]}<\/script>\n<!-- \/ Yoast SEO plugin. -->","yoast_head_json":{"title":"Akitykity-New (H\u1ed9p 2 g\u00f3i) - C\u00f4ng ty TNHH D\u01b0\u1ee3c ph\u1ea9m 2T Vi\u1ec7t Nam","robots":{"index":"noindex","follow":"follow","max-snippet":"max-snippet:-1","max-image-preview":"max-image-preview:large","max-video-preview":"max-video-preview:-1"},"og_locale":"vi_VN","og_type":"article","og_title":"Akitykity-New (H\u1ed9p 2 g\u00f3i) - C\u00f4ng ty TNHH D\u01b0\u1ee3c ph\u1ea9m 2T Vi\u1ec7t Nam","og_description":"Ho\u1ea1t ch\u1ea5t: Albendazol 200mg  C\u00f4ng d\u1ee5ng: \u0110i\u1ec1u tr\u1ecb c\u00e1c tr\u01b0\u1eddng h\u1ee3p b\u1ec7nh nang s\u00e1n kh\u00f4ng ph\u1ea5u thu\u1eadt \u0111\u01b0\u1ee3c, nh\u01b0ng l\u1ee3i \u00edch l\u00e2u d\u00e0i c\u1ee7a vi\u1ec7c \u0111i\u1ec1u tr\u1ecb n\u00e0y c\u00f2n ph\u1ea3i \u0111\u00e1nh gi\u00e1 th\u00eam.  Th\u01b0\u01a1ng hi\u1ec7u: Vi\u1ec7t Nam  N\u01a1i s\u1ea3n xu\u1ea5t: Vi\u1ec7t Nam","og_url":"https:\/\/lam.vinawebsite.vn\/10200\/san-pham\/akitykity-new-hop-2-goi\/","og_site_name":"C\u00f4ng ty TNHH D\u01b0\u1ee3c ph\u1ea9m 2T Vi\u1ec7t Nam","article_modified_time":"2022-06-24T09:10:27+00:00","og_image":[{"width":460,"height":460,"url":"https:\/\/lam.vinawebsite.vn\/10200\/wp-content\/uploads\/2022\/06\/P17838_1_l.jpg","type":"image\/jpeg"}],"twitter_card":"summary_large_image","twitter_misc":{"\u01af\u1edbc t\u00ednh th\u1eddi gian \u0111\u1ecdc":"5 ph\u00fat"},"schema":{"@context":"https:\/\/schema.org","@graph":[{"@type":"WebSite","@id":"https:\/\/lam.vinawebsite.vn\/10200\/#website","url":"https:\/\/lam.vinawebsite.vn\/10200\/","name":"C\u00f4ng ty TNHH D\u01b0\u1ee3c ph\u1ea9m 2T Vi\u1ec7t Nam","description":"C\u00f4ng ty TNHH D\u01b0\u1ee3c ph\u1ea9m 2T Vi\u1ec7t Nam","potentialAction":[{"@type":"SearchAction","target":{"@type":"EntryPoint","urlTemplate":"https:\/\/lam.vinawebsite.vn\/10200\/?s={search_term_string}"},"query-input":"required name=search_term_string"}],"inLanguage":"vi"},{"@type":"ImageObject","inLanguage":"vi","@id":"https:\/\/lam.vinawebsite.vn\/10200\/san-pham\/akitykity-new-hop-2-goi\/#primaryimage","url":"https:\/\/lam.vinawebsite.vn\/10200\/wp-content\/uploads\/2022\/06\/P17838_1_l.jpg","contentUrl":"https:\/\/lam.vinawebsite.vn\/10200\/wp-content\/uploads\/2022\/06\/P17838_1_l.jpg","width":460,"height":460},{"@type":"WebPage","@id":"https:\/\/lam.vinawebsite.vn\/10200\/san-pham\/akitykity-new-hop-2-goi\/#webpage","url":"https:\/\/lam.vinawebsite.vn\/10200\/san-pham\/akitykity-new-hop-2-goi\/","name":"Akitykity-New (H\u1ed9p 2 g\u00f3i) - C\u00f4ng ty TNHH D\u01b0\u1ee3c ph\u1ea9m 2T Vi\u1ec7t Nam","isPartOf":{"@id":"https:\/\/lam.vinawebsite.vn\/10200\/#website"},"primaryImageOfPage":{"@id":"https:\/\/lam.vinawebsite.vn\/10200\/san-pham\/akitykity-new-hop-2-goi\/#primaryimage"},"datePublished":"2022-06-24T09:10:25+00:00","dateModified":"2022-06-24T09:10:27+00:00","breadcrumb":{"@id":"https:\/\/lam.vinawebsite.vn\/10200\/san-pham\/akitykity-new-hop-2-goi\/#breadcrumb"},"inLanguage":"vi","potentialAction":[{"@type":"ReadAction","target":["https:\/\/lam.vinawebsite.vn\/10200\/san-pham\/akitykity-new-hop-2-goi\/"]}]},{"@type":"BreadcrumbList","@id":"https:\/\/lam.vinawebsite.vn\/10200\/san-pham\/akitykity-new-hop-2-goi\/#breadcrumb","itemListElement":[{"@type":"ListItem","position":1,"name":"2T Vi\u1ec7t Nam","item":"https:\/\/lam.vinawebsite.vn\/10200\/"},{"@type":"ListItem","position":2,"name":"S\u1ea3n ph\u1ea9m","item":"https:\/\/lam.vinawebsite.vn\/10200\/san-pham\/"},{"@type":"ListItem","position":3,"name":"Akitykity-New (H\u1ed9p 2 g\u00f3i)"}]}]}},"_links":{"self":[{"href":"https:\/\/lam.vinawebsite.vn\/10200\/wp-json\/wp\/v2\/product\/644"}],"collection":[{"href":"https:\/\/lam.vinawebsite.vn\/10200\/wp-json\/wp\/v2\/product"}],"about":[{"href":"https:\/\/lam.vinawebsite.vn\/10200\/wp-json\/wp\/v2\/types\/product"}],"replies":[{"embeddable":true,"href":"https:\/\/lam.vinawebsite.vn\/10200\/wp-json\/wp\/v2\/comments?post=644"}],"wp:featuredmedia":[{"embeddable":true,"href":"https:\/\/lam.vinawebsite.vn\/10200\/wp-json\/wp\/v2\/media\/665"}],"wp:attachment":[{"href":"https:\/\/lam.vinawebsite.vn\/10200\/wp-json\/wp\/v2\/media?parent=644"}],"wp:term":[{"taxonomy":"product_cat","embeddable":true,"href":"https:\/\/lam.vinawebsite.vn\/10200\/wp-json\/wp\/v2\/product_cat?post=644"},{"taxonomy":"product_tag","embeddable":true,"href":"https:\/\/lam.vinawebsite.vn\/10200\/wp-json\/wp\/v2\/product_tag?post=644"}],"curies":[{"name":"wp","href":"https:\/\/api.w.org\/{rel}","templated":true}]}}