{"id":694,"date":"2022-06-24T16:20:54","date_gmt":"2022-06-24T09:20:54","guid":{"rendered":"http:\/\/35634.lamdx.vinawebsite.vn\/?post_type=product&#038;p=694"},"modified":"2022-06-24T16:23:30","modified_gmt":"2022-06-24T09:23:30","slug":"bang-ca-nhan-vai-do-dinh-cao-urgo-durable-20-mieng-hop","status":"publish","type":"product","link":"https:\/\/lam.vinawebsite.vn\/10200\/san-pham\/bang-ca-nhan-vai-do-dinh-cao-urgo-durable-20-mieng-hop\/","title":{"rendered":"B\u0103ng c\u00e1 nh\u00e2n v\u1ea3i \u0111\u1ed9 d\u00ednh cao Urgo Durable (20 mi\u1ebfng\/h\u1ed9p)"},"content":{"rendered":"<p>B\u0103ng c\u00e1 nh\u00e2n v\u1ea3i \u0111\u1ed9 d\u00ednh cao Urgo Durable v\u1edbi b\u0103ng keo l\u1ee5a n\u1ec1n \u0111an d\u1ec7t, \u00edt g\u00e2y k\u00edch \u1ee9ng, keo c\u00f3 \u0111\u1ed9 d\u00ednh l\u00e2u d\u00e0i, d\u00ednh ch\u1eafc trong t\u1ea5t c\u1ea3 c\u00e1c tr\u01b0\u1eddng h\u1ee3p. D\u00f9ng \u0111\u1ec3 c\u1ed1 \u0111\u1ecbnh c\u00e1c mi\u1ebfng b\u0103ng nh\u1ecf v\u00e0 c\u00e1c thi\u1ebft b\u1ecb y t\u1ebf.<\/p>\n<!-- AddThis Advanced Settings generic via filter on the_content --><!-- AddThis Share Buttons generic via filter on the_content -->","protected":false},"excerpt":{"rendered":"<p>B\u0103ng c\u00e1 nh\u00e2n v\u1ea3i \u0111\u1ed9 d\u00ednh cao Urgo Durable v\u1edbi b\u0103ng keo l\u1ee5a n\u1ec1n \u0111an d\u1ec7t, \u00edt g\u00e2y k\u00edch \u1ee9ng, keo c\u00f3 \u0111\u1ed9 d\u00ednh l\u00e2u d\u00e0i, d\u00ednh ch\u1eafc trong t\u1ea5t c\u1ea3 c\u00e1c tr\u01b0\u1eddng h\u1ee3p. D\u00f9ng \u0111\u1ec3 c\u1ed1 \u0111\u1ecbnh c\u00e1c mi\u1ebfng b\u0103ng nh\u1ecf v\u00e0 c\u00e1c thi\u1ebft b\u1ecb y t\u1ebf.<\/p>\n","protected":false},"featured_media":708,"comment_status":"open","ping_status":"closed","template":"","meta":[],"product_cat":[110],"product_tag":[],"acf":[],"yoast_head":"<!-- This site is optimized with the Yoast SEO plugin v19.1 - https:\/\/yoast.com\/wordpress\/plugins\/seo\/ -->\n<title>B\u0103ng c\u00e1 nh\u00e2n v\u1ea3i \u0111\u1ed9 d\u00ednh cao Urgo Durable (20 mi\u1ebfng\/h\u1ed9p) - C\u00f4ng ty TNHH D\u01b0\u1ee3c ph\u1ea9m 2T Vi\u1ec7t Nam<\/title>\n<meta name=\"robots\" content=\"noindex, follow, max-snippet:-1, max-image-preview:large, max-video-preview:-1\" \/>\n<meta property=\"og:locale\" content=\"vi_VN\" \/>\n<meta property=\"og:type\" content=\"article\" \/>\n<meta property=\"og:title\" content=\"B\u0103ng c\u00e1 nh\u00e2n v\u1ea3i \u0111\u1ed9 d\u00ednh cao Urgo Durable (20 mi\u1ebfng\/h\u1ed9p) - C\u00f4ng ty TNHH D\u01b0\u1ee3c ph\u1ea9m 2T Vi\u1ec7t Nam\" \/>\n<meta property=\"og:description\" content=\"B\u0103ng c\u00e1 nh\u00e2n v\u1ea3i \u0111\u1ed9 d\u00ednh cao Urgo Durable v\u1edbi b\u0103ng keo l\u1ee5a n\u1ec1n \u0111an d\u1ec7t, \u00edt g\u00e2y k\u00edch \u1ee9ng, keo c\u00f3 \u0111\u1ed9 d\u00ednh l\u00e2u d\u00e0i, d\u00ednh ch\u1eafc trong t\u1ea5t c\u1ea3 c\u00e1c tr\u01b0\u1eddng h\u1ee3p. D\u00f9ng \u0111\u1ec3 c\u1ed1 \u0111\u1ecbnh c\u00e1c mi\u1ebfng b\u0103ng nh\u1ecf v\u00e0 c\u00e1c thi\u1ebft b\u1ecb y t\u1ebf.\" \/>\n<meta property=\"og:url\" content=\"https:\/\/lam.vinawebsite.vn\/10200\/san-pham\/bang-ca-nhan-vai-do-dinh-cao-urgo-durable-20-mieng-hop\/\" \/>\n<meta property=\"og:site_name\" content=\"C\u00f4ng ty TNHH D\u01b0\u1ee3c ph\u1ea9m 2T Vi\u1ec7t Nam\" \/>\n<meta property=\"article:modified_time\" content=\"2022-06-24T09:23:30+00:00\" \/>\n<meta property=\"og:image\" content=\"https:\/\/lam.vinawebsite.vn\/10200\/wp-content\/uploads\/2022\/06\/P05517_1_l.jpg\" \/>\n\t<meta property=\"og:image:width\" content=\"460\" \/>\n\t<meta property=\"og:image:height\" content=\"460\" \/>\n\t<meta property=\"og:image:type\" content=\"image\/jpeg\" \/>\n<meta name=\"twitter:card\" content=\"summary_large_image\" \/>\n<meta name=\"twitter:label1\" content=\"\u01af\u1edbc t\u00ednh th\u1eddi gian \u0111\u1ecdc\" \/>\n\t<meta name=\"twitter:data1\" content=\"1 ph\u00fat\" \/>\n<script type=\"application\/ld+json\" class=\"yoast-schema-graph\">{\"@context\":\"https:\/\/schema.org\",\"@graph\":[{\"@type\":\"WebSite\",\"@id\":\"https:\/\/lam.vinawebsite.vn\/10200\/#website\",\"url\":\"https:\/\/lam.vinawebsite.vn\/10200\/\",\"name\":\"C\u00f4ng ty TNHH D\u01b0\u1ee3c ph\u1ea9m 2T Vi\u1ec7t Nam\",\"description\":\"C\u00f4ng ty TNHH D\u01b0\u1ee3c ph\u1ea9m 2T Vi\u1ec7t Nam\",\"potentialAction\":[{\"@type\":\"SearchAction\",\"target\":{\"@type\":\"EntryPoint\",\"urlTemplate\":\"https:\/\/lam.vinawebsite.vn\/10200\/?s={search_term_string}\"},\"query-input\":\"required name=search_term_string\"}],\"inLanguage\":\"vi\"},{\"@type\":\"ImageObject\",\"inLanguage\":\"vi\",\"@id\":\"https:\/\/lam.vinawebsite.vn\/10200\/san-pham\/bang-ca-nhan-vai-do-dinh-cao-urgo-durable-20-mieng-hop\/#primaryimage\",\"url\":\"https:\/\/lam.vinawebsite.vn\/10200\/wp-content\/uploads\/2022\/06\/P05517_1_l.jpg\",\"contentUrl\":\"https:\/\/lam.vinawebsite.vn\/10200\/wp-content\/uploads\/2022\/06\/P05517_1_l.jpg\",\"width\":460,\"height\":460},{\"@type\":\"WebPage\",\"@id\":\"https:\/\/lam.vinawebsite.vn\/10200\/san-pham\/bang-ca-nhan-vai-do-dinh-cao-urgo-durable-20-mieng-hop\/#webpage\",\"url\":\"https:\/\/lam.vinawebsite.vn\/10200\/san-pham\/bang-ca-nhan-vai-do-dinh-cao-urgo-durable-20-mieng-hop\/\",\"name\":\"B\u0103ng c\u00e1 nh\u00e2n v\u1ea3i \u0111\u1ed9 d\u00ednh cao Urgo Durable (20 mi\u1ebfng\/h\u1ed9p) - C\u00f4ng ty TNHH D\u01b0\u1ee3c ph\u1ea9m 2T Vi\u1ec7t Nam\",\"isPartOf\":{\"@id\":\"https:\/\/lam.vinawebsite.vn\/10200\/#website\"},\"primaryImageOfPage\":{\"@id\":\"https:\/\/lam.vinawebsite.vn\/10200\/san-pham\/bang-ca-nhan-vai-do-dinh-cao-urgo-durable-20-mieng-hop\/#primaryimage\"},\"datePublished\":\"2022-06-24T09:20:54+00:00\",\"dateModified\":\"2022-06-24T09:23:30+00:00\",\"breadcrumb\":{\"@id\":\"https:\/\/lam.vinawebsite.vn\/10200\/san-pham\/bang-ca-nhan-vai-do-dinh-cao-urgo-durable-20-mieng-hop\/#breadcrumb\"},\"inLanguage\":\"vi\",\"potentialAction\":[{\"@type\":\"ReadAction\",\"target\":[\"https:\/\/lam.vinawebsite.vn\/10200\/san-pham\/bang-ca-nhan-vai-do-dinh-cao-urgo-durable-20-mieng-hop\/\"]}]},{\"@type\":\"BreadcrumbList\",\"@id\":\"https:\/\/lam.vinawebsite.vn\/10200\/san-pham\/bang-ca-nhan-vai-do-dinh-cao-urgo-durable-20-mieng-hop\/#breadcrumb\",\"itemListElement\":[{\"@type\":\"ListItem\",\"position\":1,\"name\":\"2T Vi\u1ec7t Nam\",\"item\":\"https:\/\/lam.vinawebsite.vn\/10200\/\"},{\"@type\":\"ListItem\",\"position\":2,\"name\":\"S\u1ea3n ph\u1ea9m\",\"item\":\"https:\/\/lam.vinawebsite.vn\/10200\/san-pham\/\"},{\"@type\":\"ListItem\",\"position\":3,\"name\":\"B\u0103ng c\u00e1 nh\u00e2n v\u1ea3i \u0111\u1ed9 d\u00ednh cao Urgo Durable (20 mi\u1ebfng\/h\u1ed9p)\"}]}]}<\/script>\n<!-- \/ Yoast SEO plugin. -->","yoast_head_json":{"title":"B\u0103ng c\u00e1 nh\u00e2n v\u1ea3i \u0111\u1ed9 d\u00ednh cao Urgo Durable (20 mi\u1ebfng\/h\u1ed9p) - C\u00f4ng ty TNHH D\u01b0\u1ee3c ph\u1ea9m 2T Vi\u1ec7t Nam","robots":{"index":"noindex","follow":"follow","max-snippet":"max-snippet:-1","max-image-preview":"max-image-preview:large","max-video-preview":"max-video-preview:-1"},"og_locale":"vi_VN","og_type":"article","og_title":"B\u0103ng c\u00e1 nh\u00e2n v\u1ea3i \u0111\u1ed9 d\u00ednh cao Urgo Durable (20 mi\u1ebfng\/h\u1ed9p) - C\u00f4ng ty TNHH D\u01b0\u1ee3c ph\u1ea9m 2T Vi\u1ec7t Nam","og_description":"B\u0103ng c\u00e1 nh\u00e2n v\u1ea3i \u0111\u1ed9 d\u00ednh cao Urgo Durable v\u1edbi b\u0103ng keo l\u1ee5a n\u1ec1n \u0111an d\u1ec7t, \u00edt g\u00e2y k\u00edch \u1ee9ng, keo c\u00f3 \u0111\u1ed9 d\u00ednh l\u00e2u d\u00e0i, d\u00ednh ch\u1eafc trong t\u1ea5t c\u1ea3 c\u00e1c tr\u01b0\u1eddng h\u1ee3p. D\u00f9ng \u0111\u1ec3 c\u1ed1 \u0111\u1ecbnh c\u00e1c mi\u1ebfng b\u0103ng nh\u1ecf v\u00e0 c\u00e1c thi\u1ebft b\u1ecb y t\u1ebf.","og_url":"https:\/\/lam.vinawebsite.vn\/10200\/san-pham\/bang-ca-nhan-vai-do-dinh-cao-urgo-durable-20-mieng-hop\/","og_site_name":"C\u00f4ng ty TNHH D\u01b0\u1ee3c ph\u1ea9m 2T Vi\u1ec7t Nam","article_modified_time":"2022-06-24T09:23:30+00:00","og_image":[{"width":460,"height":460,"url":"https:\/\/lam.vinawebsite.vn\/10200\/wp-content\/uploads\/2022\/06\/P05517_1_l.jpg","type":"image\/jpeg"}],"twitter_card":"summary_large_image","twitter_misc":{"\u01af\u1edbc t\u00ednh th\u1eddi gian \u0111\u1ecdc":"1 ph\u00fat"},"schema":{"@context":"https:\/\/schema.org","@graph":[{"@type":"WebSite","@id":"https:\/\/lam.vinawebsite.vn\/10200\/#website","url":"https:\/\/lam.vinawebsite.vn\/10200\/","name":"C\u00f4ng ty TNHH D\u01b0\u1ee3c ph\u1ea9m 2T Vi\u1ec7t Nam","description":"C\u00f4ng ty TNHH D\u01b0\u1ee3c ph\u1ea9m 2T Vi\u1ec7t Nam","potentialAction":[{"@type":"SearchAction","target":{"@type":"EntryPoint","urlTemplate":"https:\/\/lam.vinawebsite.vn\/10200\/?s={search_term_string}"},"query-input":"required name=search_term_string"}],"inLanguage":"vi"},{"@type":"ImageObject","inLanguage":"vi","@id":"https:\/\/lam.vinawebsite.vn\/10200\/san-pham\/bang-ca-nhan-vai-do-dinh-cao-urgo-durable-20-mieng-hop\/#primaryimage","url":"https:\/\/lam.vinawebsite.vn\/10200\/wp-content\/uploads\/2022\/06\/P05517_1_l.jpg","contentUrl":"https:\/\/lam.vinawebsite.vn\/10200\/wp-content\/uploads\/2022\/06\/P05517_1_l.jpg","width":460,"height":460},{"@type":"WebPage","@id":"https:\/\/lam.vinawebsite.vn\/10200\/san-pham\/bang-ca-nhan-vai-do-dinh-cao-urgo-durable-20-mieng-hop\/#webpage","url":"https:\/\/lam.vinawebsite.vn\/10200\/san-pham\/bang-ca-nhan-vai-do-dinh-cao-urgo-durable-20-mieng-hop\/","name":"B\u0103ng c\u00e1 nh\u00e2n v\u1ea3i \u0111\u1ed9 d\u00ednh cao Urgo Durable (20 mi\u1ebfng\/h\u1ed9p) - C\u00f4ng ty TNHH D\u01b0\u1ee3c ph\u1ea9m 2T Vi\u1ec7t Nam","isPartOf":{"@id":"https:\/\/lam.vinawebsite.vn\/10200\/#website"},"primaryImageOfPage":{"@id":"https:\/\/lam.vinawebsite.vn\/10200\/san-pham\/bang-ca-nhan-vai-do-dinh-cao-urgo-durable-20-mieng-hop\/#primaryimage"},"datePublished":"2022-06-24T09:20:54+00:00","dateModified":"2022-06-24T09:23:30+00:00","breadcrumb":{"@id":"https:\/\/lam.vinawebsite.vn\/10200\/san-pham\/bang-ca-nhan-vai-do-dinh-cao-urgo-durable-20-mieng-hop\/#breadcrumb"},"inLanguage":"vi","potentialAction":[{"@type":"ReadAction","target":["https:\/\/lam.vinawebsite.vn\/10200\/san-pham\/bang-ca-nhan-vai-do-dinh-cao-urgo-durable-20-mieng-hop\/"]}]},{"@type":"BreadcrumbList","@id":"https:\/\/lam.vinawebsite.vn\/10200\/san-pham\/bang-ca-nhan-vai-do-dinh-cao-urgo-durable-20-mieng-hop\/#breadcrumb","itemListElement":[{"@type":"ListItem","position":1,"name":"2T Vi\u1ec7t Nam","item":"https:\/\/lam.vinawebsite.vn\/10200\/"},{"@type":"ListItem","position":2,"name":"S\u1ea3n ph\u1ea9m","item":"https:\/\/lam.vinawebsite.vn\/10200\/san-pham\/"},{"@type":"ListItem","position":3,"name":"B\u0103ng c\u00e1 nh\u00e2n v\u1ea3i \u0111\u1ed9 d\u00ednh cao Urgo Durable (20 mi\u1ebfng\/h\u1ed9p)"}]}]}},"_links":{"self":[{"href":"https:\/\/lam.vinawebsite.vn\/10200\/wp-json\/wp\/v2\/product\/694"}],"collection":[{"href":"https:\/\/lam.vinawebsite.vn\/10200\/wp-json\/wp\/v2\/product"}],"about":[{"href":"https:\/\/lam.vinawebsite.vn\/10200\/wp-json\/wp\/v2\/types\/product"}],"replies":[{"embeddable":true,"href":"https:\/\/lam.vinawebsite.vn\/10200\/wp-json\/wp\/v2\/comments?post=694"}],"wp:featuredmedia":[{"embeddable":true,"href":"https:\/\/lam.vinawebsite.vn\/10200\/wp-json\/wp\/v2\/media\/708"}],"wp:attachment":[{"href":"https:\/\/lam.vinawebsite.vn\/10200\/wp-json\/wp\/v2\/media?parent=694"}],"wp:term":[{"taxonomy":"product_cat","embeddable":true,"href":"https:\/\/lam.vinawebsite.vn\/10200\/wp-json\/wp\/v2\/product_cat?post=694"},{"taxonomy":"product_tag","embeddable":true,"href":"https:\/\/lam.vinawebsite.vn\/10200\/wp-json\/wp\/v2\/product_tag?post=694"}],"curies":[{"name":"wp","href":"https:\/\/api.w.org\/{rel}","templated":true}]}}