{"id":696,"date":"2022-06-24T16:26:35","date_gmt":"2022-06-24T09:26:35","guid":{"rendered":"http:\/\/35634.lamdx.vinawebsite.vn\/?post_type=product&#038;p=696"},"modified":"2022-06-24T16:28:59","modified_gmt":"2022-06-24T09:28:59","slug":"sua-tam-ngan-ngua-mun-acnes-body-shower-180g","status":"publish","type":"product","link":"https:\/\/lam.vinawebsite.vn\/10200\/san-pham\/sua-tam-ngan-ngua-mun-acnes-body-shower-180g\/","title":{"rendered":"S\u1eefa t\u1eafm ng\u0103n ng\u1eeba m\u1ee5n Acnes Body Shower (180g)"},"content":{"rendered":"<p><strong>Th\u00e0nh ph\u1ea7n<\/strong><\/p>\n<p>Water, Glycerin, Sodium CocoylGlycinate, Laureth-6 Carboxylic Acid, Potassium CocoylGlycinate, Potassium Cocoate, Acrylates Copolymer, Ethanol, Tocopheryl Acetate, Niacinamide, Isopropylmethylphenol, Glycyrrhetinic Acid, Lactic Acid, Sodium Lactate, Sodium Chloride, Potassium Hydroxide, Menthol, Disodium EDTA, Methylparaben, Fragrance, CI 19140, CI 42090<\/p>\n<p><strong>C\u00f4ng d\u1ee5ng<\/strong><\/p>\n<p>S\u1eefa t\u1eafm t\u1ea9y s\u1ea1ch ch\u1ea5t nh\u1edd, b\u1ee5i b\u1ea9n v\u00e0 t\u1ebf b\u00e0o ch\u1ebft, kh\u00e1ng khu\u1ea9n v\u00e0 ng\u0103n ng\u1eeba m\u1ee5n to\u00e0n th\u00e2n.<\/p>\n<p><strong>C\u00e1ch s\u1eed d\u1ee5ng<\/strong><\/p>\n<p>L\u00e0m \u01b0\u1edbt da, cho m\u1ed9t l\u01b0\u1ee3ng s\u1eefa t\u1eafm v\u1eeba \u0111\u1ee7 v\u00e0o l\u00f2ng b\u00e0n tay, thoa nh\u1eb9 nh\u00e0ng l\u00ean v\u00f9ng da c\u1ea7n ch\u0103m s\u00f3c, sau \u0111\u00f3 t\u1eafm s\u1ea1ch l\u1ea1i v\u1edbi n\u01b0\u1edbc.\u00a0C\u00f3 th\u1ec3 s\u1eed d\u1ee5ng cho to\u00e0n th\u00e2n.<\/p>\n<p><strong>B\u1ea3o qu\u1ea3n:\u00a0<\/strong>N\u01a1i kh\u00f4 r\u00e1o, tho\u00e1ng m\u00e1t tr\u00e1nh \u00e1nh n\u1eafng m\u1eb7t tr\u1eddi<\/p>\n<p><strong>Th\u01b0\u01a1ng hi\u1ec7u:<\/strong>\u00a0Acnes<\/p>\n<p><strong>Nh\u00e0 s\u1ea3n xu\u1ea5t:<\/strong>\u00a0Rohto-Mentholatum<\/p>\n<p><strong>C\u00f4ng ty ph\u00e2n ph\u1ed1i:\u00a0<\/strong>C\u00f4ng ty TNHH D\u1ecbch v\u1ee5-Th\u01b0\u01a1ng m\u1ea1i Thanh Ng\u1ecdc<\/p>\n<p><strong>S\u1ed1 GPCB:<\/strong>\u00a0526\/20\/CBMP-BD<\/p>\n<!-- AddThis Advanced Settings generic via filter on the_content --><!-- AddThis Share Buttons generic via filter on the_content -->","protected":false},"excerpt":{"rendered":"<p>S\u1eefa t\u1eafm ng\u0103n ng\u1eeba m\u1ee5n Acnes Body Shower d\u00f9ng h\u00e0ng ng\u00e0y l\u00e0m s\u1ea1ch b\u00e3 nh\u1eddn, kh\u00e1ng khu\u1ea9n m\u1ee5n, ch\u0103m s\u00f3c da m\u1ee5n hi\u1ec7u qu\u1ea3. S\u1eed d\u1ee5ng h\u00e0ng ng\u00e0y gi\u00fap ng\u0103n ng\u1eeba m\u1ee5n c\u01a1 th\u1ec3.<\/p>\n","protected":false},"featured_media":714,"comment_status":"open","ping_status":"closed","template":"","meta":[],"product_cat":[113],"product_tag":[],"acf":[],"yoast_head":"<!-- This site is optimized with the Yoast SEO plugin v19.1 - https:\/\/yoast.com\/wordpress\/plugins\/seo\/ -->\n<title>S\u1eefa t\u1eafm ng\u0103n ng\u1eeba m\u1ee5n Acnes Body Shower (180g) - C\u00f4ng ty TNHH D\u01b0\u1ee3c ph\u1ea9m 2T Vi\u1ec7t Nam<\/title>\n<meta name=\"robots\" content=\"noindex, follow, max-snippet:-1, max-image-preview:large, max-video-preview:-1\" \/>\n<meta property=\"og:locale\" content=\"vi_VN\" \/>\n<meta property=\"og:type\" content=\"article\" \/>\n<meta property=\"og:title\" content=\"S\u1eefa t\u1eafm ng\u0103n ng\u1eeba m\u1ee5n Acnes Body Shower (180g) - C\u00f4ng ty TNHH D\u01b0\u1ee3c ph\u1ea9m 2T Vi\u1ec7t Nam\" \/>\n<meta property=\"og:description\" content=\"S\u1eefa t\u1eafm ng\u0103n ng\u1eeba m\u1ee5n Acnes Body Shower d\u00f9ng h\u00e0ng ng\u00e0y l\u00e0m s\u1ea1ch b\u00e3 nh\u1eddn, kh\u00e1ng khu\u1ea9n m\u1ee5n, ch\u0103m s\u00f3c da m\u1ee5n hi\u1ec7u qu\u1ea3. S\u1eed d\u1ee5ng h\u00e0ng ng\u00e0y gi\u00fap ng\u0103n ng\u1eeba m\u1ee5n c\u01a1 th\u1ec3.\" \/>\n<meta property=\"og:url\" content=\"https:\/\/lam.vinawebsite.vn\/10200\/san-pham\/sua-tam-ngan-ngua-mun-acnes-body-shower-180g\/\" \/>\n<meta property=\"og:site_name\" content=\"C\u00f4ng ty TNHH D\u01b0\u1ee3c ph\u1ea9m 2T Vi\u1ec7t Nam\" \/>\n<meta property=\"article:modified_time\" content=\"2022-06-24T09:28:59+00:00\" \/>\n<meta property=\"og:image\" content=\"https:\/\/lam.vinawebsite.vn\/10200\/wp-content\/uploads\/2022\/06\/P22613_1.jpg\" \/>\n\t<meta property=\"og:image:width\" content=\"1000\" \/>\n\t<meta property=\"og:image:height\" content=\"1000\" \/>\n\t<meta property=\"og:image:type\" content=\"image\/jpeg\" \/>\n<meta name=\"twitter:card\" content=\"summary_large_image\" \/>\n<meta name=\"twitter:label1\" content=\"\u01af\u1edbc t\u00ednh th\u1eddi gian \u0111\u1ecdc\" \/>\n\t<meta name=\"twitter:data1\" content=\"1 ph\u00fat\" \/>\n<script type=\"application\/ld+json\" class=\"yoast-schema-graph\">{\"@context\":\"https:\/\/schema.org\",\"@graph\":[{\"@type\":\"WebSite\",\"@id\":\"https:\/\/lam.vinawebsite.vn\/10200\/#website\",\"url\":\"https:\/\/lam.vinawebsite.vn\/10200\/\",\"name\":\"C\u00f4ng ty TNHH D\u01b0\u1ee3c ph\u1ea9m 2T Vi\u1ec7t Nam\",\"description\":\"C\u00f4ng ty TNHH D\u01b0\u1ee3c ph\u1ea9m 2T Vi\u1ec7t Nam\",\"potentialAction\":[{\"@type\":\"SearchAction\",\"target\":{\"@type\":\"EntryPoint\",\"urlTemplate\":\"https:\/\/lam.vinawebsite.vn\/10200\/?s={search_term_string}\"},\"query-input\":\"required name=search_term_string\"}],\"inLanguage\":\"vi\"},{\"@type\":\"ImageObject\",\"inLanguage\":\"vi\",\"@id\":\"https:\/\/lam.vinawebsite.vn\/10200\/san-pham\/sua-tam-ngan-ngua-mun-acnes-body-shower-180g\/#primaryimage\",\"url\":\"https:\/\/lam.vinawebsite.vn\/10200\/wp-content\/uploads\/2022\/06\/P22613_1.jpg\",\"contentUrl\":\"https:\/\/lam.vinawebsite.vn\/10200\/wp-content\/uploads\/2022\/06\/P22613_1.jpg\",\"width\":1000,\"height\":1000},{\"@type\":\"WebPage\",\"@id\":\"https:\/\/lam.vinawebsite.vn\/10200\/san-pham\/sua-tam-ngan-ngua-mun-acnes-body-shower-180g\/#webpage\",\"url\":\"https:\/\/lam.vinawebsite.vn\/10200\/san-pham\/sua-tam-ngan-ngua-mun-acnes-body-shower-180g\/\",\"name\":\"S\u1eefa t\u1eafm ng\u0103n ng\u1eeba m\u1ee5n Acnes Body Shower (180g) - C\u00f4ng ty TNHH D\u01b0\u1ee3c ph\u1ea9m 2T Vi\u1ec7t Nam\",\"isPartOf\":{\"@id\":\"https:\/\/lam.vinawebsite.vn\/10200\/#website\"},\"primaryImageOfPage\":{\"@id\":\"https:\/\/lam.vinawebsite.vn\/10200\/san-pham\/sua-tam-ngan-ngua-mun-acnes-body-shower-180g\/#primaryimage\"},\"datePublished\":\"2022-06-24T09:26:35+00:00\",\"dateModified\":\"2022-06-24T09:28:59+00:00\",\"breadcrumb\":{\"@id\":\"https:\/\/lam.vinawebsite.vn\/10200\/san-pham\/sua-tam-ngan-ngua-mun-acnes-body-shower-180g\/#breadcrumb\"},\"inLanguage\":\"vi\",\"potentialAction\":[{\"@type\":\"ReadAction\",\"target\":[\"https:\/\/lam.vinawebsite.vn\/10200\/san-pham\/sua-tam-ngan-ngua-mun-acnes-body-shower-180g\/\"]}]},{\"@type\":\"BreadcrumbList\",\"@id\":\"https:\/\/lam.vinawebsite.vn\/10200\/san-pham\/sua-tam-ngan-ngua-mun-acnes-body-shower-180g\/#breadcrumb\",\"itemListElement\":[{\"@type\":\"ListItem\",\"position\":1,\"name\":\"2T Vi\u1ec7t Nam\",\"item\":\"https:\/\/lam.vinawebsite.vn\/10200\/\"},{\"@type\":\"ListItem\",\"position\":2,\"name\":\"S\u1ea3n ph\u1ea9m\",\"item\":\"https:\/\/lam.vinawebsite.vn\/10200\/san-pham\/\"},{\"@type\":\"ListItem\",\"position\":3,\"name\":\"S\u1eefa t\u1eafm ng\u0103n ng\u1eeba m\u1ee5n Acnes Body Shower (180g)\"}]}]}<\/script>\n<!-- \/ Yoast SEO plugin. -->","yoast_head_json":{"title":"S\u1eefa t\u1eafm ng\u0103n ng\u1eeba m\u1ee5n Acnes Body Shower (180g) - C\u00f4ng ty TNHH D\u01b0\u1ee3c ph\u1ea9m 2T Vi\u1ec7t Nam","robots":{"index":"noindex","follow":"follow","max-snippet":"max-snippet:-1","max-image-preview":"max-image-preview:large","max-video-preview":"max-video-preview:-1"},"og_locale":"vi_VN","og_type":"article","og_title":"S\u1eefa t\u1eafm ng\u0103n ng\u1eeba m\u1ee5n Acnes Body Shower (180g) - C\u00f4ng ty TNHH D\u01b0\u1ee3c ph\u1ea9m 2T Vi\u1ec7t Nam","og_description":"S\u1eefa t\u1eafm ng\u0103n ng\u1eeba m\u1ee5n Acnes Body Shower d\u00f9ng h\u00e0ng ng\u00e0y l\u00e0m s\u1ea1ch b\u00e3 nh\u1eddn, kh\u00e1ng khu\u1ea9n m\u1ee5n, ch\u0103m s\u00f3c da m\u1ee5n hi\u1ec7u qu\u1ea3. S\u1eed d\u1ee5ng h\u00e0ng ng\u00e0y gi\u00fap ng\u0103n ng\u1eeba m\u1ee5n c\u01a1 th\u1ec3.","og_url":"https:\/\/lam.vinawebsite.vn\/10200\/san-pham\/sua-tam-ngan-ngua-mun-acnes-body-shower-180g\/","og_site_name":"C\u00f4ng ty TNHH D\u01b0\u1ee3c ph\u1ea9m 2T Vi\u1ec7t Nam","article_modified_time":"2022-06-24T09:28:59+00:00","og_image":[{"width":1000,"height":1000,"url":"https:\/\/lam.vinawebsite.vn\/10200\/wp-content\/uploads\/2022\/06\/P22613_1.jpg","type":"image\/jpeg"}],"twitter_card":"summary_large_image","twitter_misc":{"\u01af\u1edbc t\u00ednh th\u1eddi gian \u0111\u1ecdc":"1 ph\u00fat"},"schema":{"@context":"https:\/\/schema.org","@graph":[{"@type":"WebSite","@id":"https:\/\/lam.vinawebsite.vn\/10200\/#website","url":"https:\/\/lam.vinawebsite.vn\/10200\/","name":"C\u00f4ng ty TNHH D\u01b0\u1ee3c ph\u1ea9m 2T Vi\u1ec7t Nam","description":"C\u00f4ng ty TNHH D\u01b0\u1ee3c ph\u1ea9m 2T Vi\u1ec7t Nam","potentialAction":[{"@type":"SearchAction","target":{"@type":"EntryPoint","urlTemplate":"https:\/\/lam.vinawebsite.vn\/10200\/?s={search_term_string}"},"query-input":"required name=search_term_string"}],"inLanguage":"vi"},{"@type":"ImageObject","inLanguage":"vi","@id":"https:\/\/lam.vinawebsite.vn\/10200\/san-pham\/sua-tam-ngan-ngua-mun-acnes-body-shower-180g\/#primaryimage","url":"https:\/\/lam.vinawebsite.vn\/10200\/wp-content\/uploads\/2022\/06\/P22613_1.jpg","contentUrl":"https:\/\/lam.vinawebsite.vn\/10200\/wp-content\/uploads\/2022\/06\/P22613_1.jpg","width":1000,"height":1000},{"@type":"WebPage","@id":"https:\/\/lam.vinawebsite.vn\/10200\/san-pham\/sua-tam-ngan-ngua-mun-acnes-body-shower-180g\/#webpage","url":"https:\/\/lam.vinawebsite.vn\/10200\/san-pham\/sua-tam-ngan-ngua-mun-acnes-body-shower-180g\/","name":"S\u1eefa t\u1eafm ng\u0103n ng\u1eeba m\u1ee5n Acnes Body Shower (180g) - C\u00f4ng ty TNHH D\u01b0\u1ee3c ph\u1ea9m 2T Vi\u1ec7t Nam","isPartOf":{"@id":"https:\/\/lam.vinawebsite.vn\/10200\/#website"},"primaryImageOfPage":{"@id":"https:\/\/lam.vinawebsite.vn\/10200\/san-pham\/sua-tam-ngan-ngua-mun-acnes-body-shower-180g\/#primaryimage"},"datePublished":"2022-06-24T09:26:35+00:00","dateModified":"2022-06-24T09:28:59+00:00","breadcrumb":{"@id":"https:\/\/lam.vinawebsite.vn\/10200\/san-pham\/sua-tam-ngan-ngua-mun-acnes-body-shower-180g\/#breadcrumb"},"inLanguage":"vi","potentialAction":[{"@type":"ReadAction","target":["https:\/\/lam.vinawebsite.vn\/10200\/san-pham\/sua-tam-ngan-ngua-mun-acnes-body-shower-180g\/"]}]},{"@type":"BreadcrumbList","@id":"https:\/\/lam.vinawebsite.vn\/10200\/san-pham\/sua-tam-ngan-ngua-mun-acnes-body-shower-180g\/#breadcrumb","itemListElement":[{"@type":"ListItem","position":1,"name":"2T Vi\u1ec7t Nam","item":"https:\/\/lam.vinawebsite.vn\/10200\/"},{"@type":"ListItem","position":2,"name":"S\u1ea3n ph\u1ea9m","item":"https:\/\/lam.vinawebsite.vn\/10200\/san-pham\/"},{"@type":"ListItem","position":3,"name":"S\u1eefa t\u1eafm ng\u0103n ng\u1eeba m\u1ee5n Acnes Body Shower (180g)"}]}]}},"_links":{"self":[{"href":"https:\/\/lam.vinawebsite.vn\/10200\/wp-json\/wp\/v2\/product\/696"}],"collection":[{"href":"https:\/\/lam.vinawebsite.vn\/10200\/wp-json\/wp\/v2\/product"}],"about":[{"href":"https:\/\/lam.vinawebsite.vn\/10200\/wp-json\/wp\/v2\/types\/product"}],"replies":[{"embeddable":true,"href":"https:\/\/lam.vinawebsite.vn\/10200\/wp-json\/wp\/v2\/comments?post=696"}],"wp:featuredmedia":[{"embeddable":true,"href":"https:\/\/lam.vinawebsite.vn\/10200\/wp-json\/wp\/v2\/media\/714"}],"wp:attachment":[{"href":"https:\/\/lam.vinawebsite.vn\/10200\/wp-json\/wp\/v2\/media?parent=696"}],"wp:term":[{"taxonomy":"product_cat","embeddable":true,"href":"https:\/\/lam.vinawebsite.vn\/10200\/wp-json\/wp\/v2\/product_cat?post=696"},{"taxonomy":"product_tag","embeddable":true,"href":"https:\/\/lam.vinawebsite.vn\/10200\/wp-json\/wp\/v2\/product_tag?post=696"}],"curies":[{"name":"wp","href":"https:\/\/api.w.org\/{rel}","templated":true}]}}