{"id":698,"date":"2022-06-24T16:29:42","date_gmt":"2022-06-24T09:29:42","guid":{"rendered":"http:\/\/35634.lamdx.vinawebsite.vn\/?post_type=product&#038;p=698"},"modified":"2022-06-24T16:29:45","modified_gmt":"2022-06-24T09:29:45","slug":"lan-ngan-mui-trang-da-danh-cho-nu-rexona-fresh-rose-50ml","status":"publish","type":"product","link":"https:\/\/lam.vinawebsite.vn\/10200\/san-pham\/lan-ngan-mui-trang-da-danh-cho-nu-rexona-fresh-rose-50ml\/","title":{"rendered":"L\u0103n ng\u0103n m\u00f9i tr\u1eafng da d\u00e0nh cho n\u1eef Rexona Fresh Rose (50ml)"},"content":{"rendered":"<p><strong>Th\u00e0nh ph\u1ea7n:<\/strong>\u00a0Water, Aluminum Chlorohydrate, Glycerin Helianthus Annuus (Sunflower) Seed Oil,&#8230;<\/p>\n<p><strong>C\u00f4ng d\u1ee5ng:<\/strong>\u00a0D\u00f9ng \u0111\u1ec3 ng\u0103n m\u00f9i c\u01a1 th\u1ec3<\/p>\n<p><strong>H\u01b0\u1edbng d\u1eabn s\u1eed d\u1ee5ng:<\/strong>\u00a0Sau khi t\u1eafm, thoa \u0111\u1ec1u v\u00e0o v\u00f9ng da d\u01b0\u1edbi c\u00e1nh tay 4-6 l\u1ea7n.<\/p>\n<p><strong>B\u1ea3o qu\u1ea3n:<\/strong>\u00a0\u0110\u1ec3 n\u01a1i kh\u00f4 r\u00e1o, tho\u00e1ng m\u00e1t, tr\u00e1nh \u00e1nh n\u1eafng tr\u1ef1c ti\u1ebfp.<\/p>\n<p><strong>Dung t\u00edch:<\/strong>\u00a050ml<\/p>\n<p><strong>Xu\u1ea5t x\u1ee9 th\u01b0\u01a1ng hi\u1ec7u:<\/strong>\u00a0H\u00e0 Lan<\/p>\n<p><strong>S\u1ea3n xu\u1ea5t t\u1ea1i:\u00a0<\/strong>Unilever Philippines, Inc.<\/p>\n<p><strong>S\u1ed1 Gi\u1ea5y c\u00f4ng b\u1ed1:<\/strong>\u00a062223\/18\/CBMP-QLD<\/p>\n<p>&nbsp;<\/p>\n<p><em>*Pharmacity cam k\u1ebft ch\u1ec9 b\u00e1n s\u1ea3n ph\u1ea9m c\u00f2n d\u00e0i h\u1ea1n s\u1eed d\u1ee5ng.<\/em><\/p>\n<!-- AddThis Advanced Settings generic via filter on the_content --><!-- AddThis Share Buttons generic via filter on the_content -->","protected":false},"excerpt":{"rendered":"<p>L\u0103n ng\u0103n m\u00f9i tr\u1eafng da d\u00e0nh cho n\u1eef Rexona Fresh Rose ch\u1ee9a c\u00e1c th\u00e0nh ph\u1ea7n d\u01b0\u1ee1ng tr\u1eafng t\u1ef1 nhi\u00ean nh\u01b0 chi\u1ebft xu\u1ea5t cam th\u1ea3o v\u00e0 vitamin E t\u1eeb tinh d\u1ea7u h\u1ea1t hoa h\u01b0\u1edbng d\u01b0\u01a1ng, cho l\u00e0n da d\u01b0\u1edbi c\u00e1nh tay tr\u1eafng m\u1ecbn t\u1ef1 nhi\u00ean \u0111\u1ed3ng th\u1eddi gi\u00fap ng\u0103n m\u00f9i v\u00e0 gi\u1ea3m ti\u1ebft m\u1ed3 h\u00f4i hi\u1ec7u qu\u1ea3 su\u1ed1t 48 gi\u1edd v\u1edbi h\u01b0\u01a1ng hoa h\u1ed3ng t\u01b0\u01a1i m\u00e1t.<\/p>\n","protected":false},"featured_media":721,"comment_status":"open","ping_status":"closed","template":"","meta":[],"product_cat":[114],"product_tag":[],"acf":[],"yoast_head":"<!-- This site is optimized with the Yoast SEO plugin v19.1 - https:\/\/yoast.com\/wordpress\/plugins\/seo\/ -->\n<title>L\u0103n ng\u0103n m\u00f9i tr\u1eafng da d\u00e0nh cho n\u1eef Rexona Fresh Rose (50ml) - C\u00f4ng ty TNHH D\u01b0\u1ee3c ph\u1ea9m 2T Vi\u1ec7t Nam<\/title>\n<meta name=\"robots\" content=\"noindex, follow, max-snippet:-1, max-image-preview:large, max-video-preview:-1\" \/>\n<meta property=\"og:locale\" content=\"vi_VN\" \/>\n<meta property=\"og:type\" content=\"article\" \/>\n<meta property=\"og:title\" content=\"L\u0103n ng\u0103n m\u00f9i tr\u1eafng da d\u00e0nh cho n\u1eef Rexona Fresh Rose (50ml) - C\u00f4ng ty TNHH D\u01b0\u1ee3c ph\u1ea9m 2T Vi\u1ec7t Nam\" \/>\n<meta property=\"og:description\" content=\"L\u0103n ng\u0103n m\u00f9i tr\u1eafng da d\u00e0nh cho n\u1eef Rexona Fresh Rose ch\u1ee9a c\u00e1c th\u00e0nh ph\u1ea7n d\u01b0\u1ee1ng tr\u1eafng t\u1ef1 nhi\u00ean nh\u01b0 chi\u1ebft xu\u1ea5t cam th\u1ea3o v\u00e0 vitamin E t\u1eeb tinh d\u1ea7u h\u1ea1t hoa h\u01b0\u1edbng d\u01b0\u01a1ng, cho l\u00e0n da d\u01b0\u1edbi c\u00e1nh tay tr\u1eafng m\u1ecbn t\u1ef1 nhi\u00ean \u0111\u1ed3ng th\u1eddi gi\u00fap ng\u0103n m\u00f9i v\u00e0 gi\u1ea3m ti\u1ebft m\u1ed3 h\u00f4i hi\u1ec7u qu\u1ea3 su\u1ed1t 48 gi\u1edd v\u1edbi h\u01b0\u01a1ng hoa h\u1ed3ng t\u01b0\u01a1i m\u00e1t.\" \/>\n<meta property=\"og:url\" content=\"https:\/\/lam.vinawebsite.vn\/10200\/san-pham\/lan-ngan-mui-trang-da-danh-cho-nu-rexona-fresh-rose-50ml\/\" \/>\n<meta property=\"og:site_name\" content=\"C\u00f4ng ty TNHH D\u01b0\u1ee3c ph\u1ea9m 2T Vi\u1ec7t Nam\" \/>\n<meta property=\"article:modified_time\" content=\"2022-06-24T09:29:45+00:00\" \/>\n<meta property=\"og:image\" content=\"https:\/\/lam.vinawebsite.vn\/10200\/wp-content\/uploads\/2022\/06\/P13285_1_l.jpg\" \/>\n\t<meta property=\"og:image:width\" content=\"460\" \/>\n\t<meta property=\"og:image:height\" content=\"460\" \/>\n\t<meta property=\"og:image:type\" content=\"image\/jpeg\" \/>\n<meta name=\"twitter:card\" content=\"summary_large_image\" \/>\n<meta name=\"twitter:label1\" content=\"\u01af\u1edbc t\u00ednh th\u1eddi gian \u0111\u1ecdc\" \/>\n\t<meta name=\"twitter:data1\" content=\"1 ph\u00fat\" \/>\n<script type=\"application\/ld+json\" class=\"yoast-schema-graph\">{\"@context\":\"https:\/\/schema.org\",\"@graph\":[{\"@type\":\"WebSite\",\"@id\":\"https:\/\/lam.vinawebsite.vn\/10200\/#website\",\"url\":\"https:\/\/lam.vinawebsite.vn\/10200\/\",\"name\":\"C\u00f4ng ty TNHH D\u01b0\u1ee3c ph\u1ea9m 2T Vi\u1ec7t Nam\",\"description\":\"C\u00f4ng ty TNHH D\u01b0\u1ee3c ph\u1ea9m 2T Vi\u1ec7t Nam\",\"potentialAction\":[{\"@type\":\"SearchAction\",\"target\":{\"@type\":\"EntryPoint\",\"urlTemplate\":\"https:\/\/lam.vinawebsite.vn\/10200\/?s={search_term_string}\"},\"query-input\":\"required name=search_term_string\"}],\"inLanguage\":\"vi\"},{\"@type\":\"ImageObject\",\"inLanguage\":\"vi\",\"@id\":\"https:\/\/lam.vinawebsite.vn\/10200\/san-pham\/lan-ngan-mui-trang-da-danh-cho-nu-rexona-fresh-rose-50ml\/#primaryimage\",\"url\":\"https:\/\/lam.vinawebsite.vn\/10200\/wp-content\/uploads\/2022\/06\/P13285_1_l.jpg\",\"contentUrl\":\"https:\/\/lam.vinawebsite.vn\/10200\/wp-content\/uploads\/2022\/06\/P13285_1_l.jpg\",\"width\":460,\"height\":460},{\"@type\":\"WebPage\",\"@id\":\"https:\/\/lam.vinawebsite.vn\/10200\/san-pham\/lan-ngan-mui-trang-da-danh-cho-nu-rexona-fresh-rose-50ml\/#webpage\",\"url\":\"https:\/\/lam.vinawebsite.vn\/10200\/san-pham\/lan-ngan-mui-trang-da-danh-cho-nu-rexona-fresh-rose-50ml\/\",\"name\":\"L\u0103n ng\u0103n m\u00f9i tr\u1eafng da d\u00e0nh cho n\u1eef Rexona Fresh Rose (50ml) - C\u00f4ng ty TNHH D\u01b0\u1ee3c ph\u1ea9m 2T Vi\u1ec7t Nam\",\"isPartOf\":{\"@id\":\"https:\/\/lam.vinawebsite.vn\/10200\/#website\"},\"primaryImageOfPage\":{\"@id\":\"https:\/\/lam.vinawebsite.vn\/10200\/san-pham\/lan-ngan-mui-trang-da-danh-cho-nu-rexona-fresh-rose-50ml\/#primaryimage\"},\"datePublished\":\"2022-06-24T09:29:42+00:00\",\"dateModified\":\"2022-06-24T09:29:45+00:00\",\"breadcrumb\":{\"@id\":\"https:\/\/lam.vinawebsite.vn\/10200\/san-pham\/lan-ngan-mui-trang-da-danh-cho-nu-rexona-fresh-rose-50ml\/#breadcrumb\"},\"inLanguage\":\"vi\",\"potentialAction\":[{\"@type\":\"ReadAction\",\"target\":[\"https:\/\/lam.vinawebsite.vn\/10200\/san-pham\/lan-ngan-mui-trang-da-danh-cho-nu-rexona-fresh-rose-50ml\/\"]}]},{\"@type\":\"BreadcrumbList\",\"@id\":\"https:\/\/lam.vinawebsite.vn\/10200\/san-pham\/lan-ngan-mui-trang-da-danh-cho-nu-rexona-fresh-rose-50ml\/#breadcrumb\",\"itemListElement\":[{\"@type\":\"ListItem\",\"position\":1,\"name\":\"2T Vi\u1ec7t Nam\",\"item\":\"https:\/\/lam.vinawebsite.vn\/10200\/\"},{\"@type\":\"ListItem\",\"position\":2,\"name\":\"S\u1ea3n ph\u1ea9m\",\"item\":\"https:\/\/lam.vinawebsite.vn\/10200\/san-pham\/\"},{\"@type\":\"ListItem\",\"position\":3,\"name\":\"L\u0103n ng\u0103n m\u00f9i tr\u1eafng da d\u00e0nh cho n\u1eef Rexona Fresh Rose (50ml)\"}]}]}<\/script>\n<!-- \/ Yoast SEO plugin. -->","yoast_head_json":{"title":"L\u0103n ng\u0103n m\u00f9i tr\u1eafng da d\u00e0nh cho n\u1eef Rexona Fresh Rose (50ml) - C\u00f4ng ty TNHH D\u01b0\u1ee3c ph\u1ea9m 2T Vi\u1ec7t Nam","robots":{"index":"noindex","follow":"follow","max-snippet":"max-snippet:-1","max-image-preview":"max-image-preview:large","max-video-preview":"max-video-preview:-1"},"og_locale":"vi_VN","og_type":"article","og_title":"L\u0103n ng\u0103n m\u00f9i tr\u1eafng da d\u00e0nh cho n\u1eef Rexona Fresh Rose (50ml) - C\u00f4ng ty TNHH D\u01b0\u1ee3c ph\u1ea9m 2T Vi\u1ec7t Nam","og_description":"L\u0103n ng\u0103n m\u00f9i tr\u1eafng da d\u00e0nh cho n\u1eef Rexona Fresh Rose ch\u1ee9a c\u00e1c th\u00e0nh ph\u1ea7n d\u01b0\u1ee1ng tr\u1eafng t\u1ef1 nhi\u00ean nh\u01b0 chi\u1ebft xu\u1ea5t cam th\u1ea3o v\u00e0 vitamin E t\u1eeb tinh d\u1ea7u h\u1ea1t hoa h\u01b0\u1edbng d\u01b0\u01a1ng, cho l\u00e0n da d\u01b0\u1edbi c\u00e1nh tay tr\u1eafng m\u1ecbn t\u1ef1 nhi\u00ean \u0111\u1ed3ng th\u1eddi gi\u00fap ng\u0103n m\u00f9i v\u00e0 gi\u1ea3m ti\u1ebft m\u1ed3 h\u00f4i hi\u1ec7u qu\u1ea3 su\u1ed1t 48 gi\u1edd v\u1edbi h\u01b0\u01a1ng hoa h\u1ed3ng t\u01b0\u01a1i m\u00e1t.","og_url":"https:\/\/lam.vinawebsite.vn\/10200\/san-pham\/lan-ngan-mui-trang-da-danh-cho-nu-rexona-fresh-rose-50ml\/","og_site_name":"C\u00f4ng ty TNHH D\u01b0\u1ee3c ph\u1ea9m 2T Vi\u1ec7t Nam","article_modified_time":"2022-06-24T09:29:45+00:00","og_image":[{"width":460,"height":460,"url":"https:\/\/lam.vinawebsite.vn\/10200\/wp-content\/uploads\/2022\/06\/P13285_1_l.jpg","type":"image\/jpeg"}],"twitter_card":"summary_large_image","twitter_misc":{"\u01af\u1edbc t\u00ednh th\u1eddi gian \u0111\u1ecdc":"1 ph\u00fat"},"schema":{"@context":"https:\/\/schema.org","@graph":[{"@type":"WebSite","@id":"https:\/\/lam.vinawebsite.vn\/10200\/#website","url":"https:\/\/lam.vinawebsite.vn\/10200\/","name":"C\u00f4ng ty TNHH D\u01b0\u1ee3c ph\u1ea9m 2T Vi\u1ec7t Nam","description":"C\u00f4ng ty TNHH D\u01b0\u1ee3c ph\u1ea9m 2T Vi\u1ec7t Nam","potentialAction":[{"@type":"SearchAction","target":{"@type":"EntryPoint","urlTemplate":"https:\/\/lam.vinawebsite.vn\/10200\/?s={search_term_string}"},"query-input":"required name=search_term_string"}],"inLanguage":"vi"},{"@type":"ImageObject","inLanguage":"vi","@id":"https:\/\/lam.vinawebsite.vn\/10200\/san-pham\/lan-ngan-mui-trang-da-danh-cho-nu-rexona-fresh-rose-50ml\/#primaryimage","url":"https:\/\/lam.vinawebsite.vn\/10200\/wp-content\/uploads\/2022\/06\/P13285_1_l.jpg","contentUrl":"https:\/\/lam.vinawebsite.vn\/10200\/wp-content\/uploads\/2022\/06\/P13285_1_l.jpg","width":460,"height":460},{"@type":"WebPage","@id":"https:\/\/lam.vinawebsite.vn\/10200\/san-pham\/lan-ngan-mui-trang-da-danh-cho-nu-rexona-fresh-rose-50ml\/#webpage","url":"https:\/\/lam.vinawebsite.vn\/10200\/san-pham\/lan-ngan-mui-trang-da-danh-cho-nu-rexona-fresh-rose-50ml\/","name":"L\u0103n ng\u0103n m\u00f9i tr\u1eafng da d\u00e0nh cho n\u1eef Rexona Fresh Rose (50ml) - C\u00f4ng ty TNHH D\u01b0\u1ee3c ph\u1ea9m 2T Vi\u1ec7t Nam","isPartOf":{"@id":"https:\/\/lam.vinawebsite.vn\/10200\/#website"},"primaryImageOfPage":{"@id":"https:\/\/lam.vinawebsite.vn\/10200\/san-pham\/lan-ngan-mui-trang-da-danh-cho-nu-rexona-fresh-rose-50ml\/#primaryimage"},"datePublished":"2022-06-24T09:29:42+00:00","dateModified":"2022-06-24T09:29:45+00:00","breadcrumb":{"@id":"https:\/\/lam.vinawebsite.vn\/10200\/san-pham\/lan-ngan-mui-trang-da-danh-cho-nu-rexona-fresh-rose-50ml\/#breadcrumb"},"inLanguage":"vi","potentialAction":[{"@type":"ReadAction","target":["https:\/\/lam.vinawebsite.vn\/10200\/san-pham\/lan-ngan-mui-trang-da-danh-cho-nu-rexona-fresh-rose-50ml\/"]}]},{"@type":"BreadcrumbList","@id":"https:\/\/lam.vinawebsite.vn\/10200\/san-pham\/lan-ngan-mui-trang-da-danh-cho-nu-rexona-fresh-rose-50ml\/#breadcrumb","itemListElement":[{"@type":"ListItem","position":1,"name":"2T Vi\u1ec7t Nam","item":"https:\/\/lam.vinawebsite.vn\/10200\/"},{"@type":"ListItem","position":2,"name":"S\u1ea3n ph\u1ea9m","item":"https:\/\/lam.vinawebsite.vn\/10200\/san-pham\/"},{"@type":"ListItem","position":3,"name":"L\u0103n ng\u0103n m\u00f9i tr\u1eafng da d\u00e0nh cho n\u1eef Rexona Fresh Rose (50ml)"}]}]}},"_links":{"self":[{"href":"https:\/\/lam.vinawebsite.vn\/10200\/wp-json\/wp\/v2\/product\/698"}],"collection":[{"href":"https:\/\/lam.vinawebsite.vn\/10200\/wp-json\/wp\/v2\/product"}],"about":[{"href":"https:\/\/lam.vinawebsite.vn\/10200\/wp-json\/wp\/v2\/types\/product"}],"replies":[{"embeddable":true,"href":"https:\/\/lam.vinawebsite.vn\/10200\/wp-json\/wp\/v2\/comments?post=698"}],"wp:featuredmedia":[{"embeddable":true,"href":"https:\/\/lam.vinawebsite.vn\/10200\/wp-json\/wp\/v2\/media\/721"}],"wp:attachment":[{"href":"https:\/\/lam.vinawebsite.vn\/10200\/wp-json\/wp\/v2\/media?parent=698"}],"wp:term":[{"taxonomy":"product_cat","embeddable":true,"href":"https:\/\/lam.vinawebsite.vn\/10200\/wp-json\/wp\/v2\/product_cat?post=698"},{"taxonomy":"product_tag","embeddable":true,"href":"https:\/\/lam.vinawebsite.vn\/10200\/wp-json\/wp\/v2\/product_tag?post=698"}],"curies":[{"name":"wp","href":"https:\/\/api.w.org\/{rel}","templated":true}]}}