{"id":699,"date":"2022-06-24T16:34:59","date_gmt":"2022-06-24T09:34:59","guid":{"rendered":"http:\/\/35634.lamdx.vinawebsite.vn\/?post_type=product&#038;p=699"},"modified":"2022-06-24T16:35:01","modified_gmt":"2022-06-24T09:35:01","slug":"lan-khu-mui-co-the-va-giam-tiet-mo-hoi-vuot-troi-perspi-guard-maximum-strength-antiperspirant-30ml","status":"publish","type":"product","link":"https:\/\/lam.vinawebsite.vn\/10200\/san-pham\/lan-khu-mui-co-the-va-giam-tiet-mo-hoi-vuot-troi-perspi-guard-maximum-strength-antiperspirant-30ml\/","title":{"rendered":"L\u0103n kh\u1eed m\u00f9i c\u01a1 th\u1ec3 v\u00e0 gi\u1ea3m ti\u1ebft m\u1ed3 h\u00f4i v\u01b0\u1ee3t tr\u1ed9i Perspi-Guard Maximum Strength Antiperspirant (30ml)"},"content":{"rendered":"<p><strong>Th\u00e0nh ph\u1ea7n<\/strong><br \/>\nAqua, Alcohol Denat, Aluminium Chlorohydrate, Aluminium Chloride, Glycerin, Aloe Barbadensis, Triethyl Citrate, Xanthan Gum, Propylene Glycol, Alcloxa, Dimethicone.<\/p>\n<p><strong>C\u00f4ng d\u1ee5ng<\/strong><br \/>\nL\u0103n kh\u1eed m\u00f9i, gi\u00fap l\u00e0m d\u1ecbu da v\u00e0 mang l\u1ea1i m\u00f9i h\u01b0\u01a1ng d\u1ec5 ch\u1ecbu cho c\u01a1 th\u1ec3.<br \/>\n<strong>H\u01b0\u1edbng d\u1eabn s\u1eed d\u1ee5ng<\/strong><br \/>\n\u2013 D\u00f9ng l\u0103n kh\u1eed m\u00f9i hi\u1ec7u qu\u1ea3 nh\u1ea5t v\u00e0o ban \u0111\u00eam tr\u01b0\u1edbc khi \u0111i ng\u1ee7. V\u00ec th\u1eddi \u0111i\u1ec3m n\u00e0y c\u00e1c tuy\u1ebfn m\u1ed3 h\u00f4i \u00edt ho\u1ea1t \u0111\u1ed9ng n\u00ean kh\u00f4ng g\u00e2y tr\u00f4i v\u00e0 l\u00e0m gi\u1ea3m t\u00e1c d\u1ee5ng c\u1ee7a l\u0103n kh\u1eed m\u00f9i.<br \/>\n\u2013 V\u1ec7 sinh k\u1ef9 v\u00f9ng da d\u01b0\u1edbi c\u00e1nh tay v\u00e0 lau kh\u00f4 tr\u01b0\u1edbc khi d\u00f9ng l\u0103n kh\u1eed m\u00f9i.<br \/>\n\u2013 C\u00f3 th\u1ec3 r\u1eeda l\u1ea1i v\u00e0o bu\u1ed5i s\u00e1ng \u0111\u1ec3 l\u00e0m s\u1ea1ch ph\u1ea7n s\u1ea3n ph\u1ea9m th\u1eeba tr\u00ean b\u1ec1 m\u1eb7t da, nh\u01b0ng kh\u00f4ng c\u1ea7n s\u1eed d\u1ee5ng l\u1ea1i s\u1ea3n ph\u1ea9m sau khi t\u1eafm. Kh\u00f4ng c\u1ea7n d\u00f9ng th\u00eam c\u00e1c s\u1ea3n ph\u1ea9m kh\u1eed m\u00f9i kh\u00e1c, v\u00ec c\u00f3 th\u1ec3 gi\u1ea3m hi\u1ec7u qu\u1ea3 s\u1ea3n ph\u1ea9m tr\u00ean da.<br \/>\n\u2013 H\u00e3y d\u00f9ng m\u1ed7i ng\u00e0y trong tu\u1ea7n \u0111\u1ea7u s\u1eed d\u1ee5ng \u0111\u1ec3 da quen v\u1edbi s\u1ea3n ph\u1ea9m. Sau tu\u1ea7n \u0111\u1ea7u, d\u00f9ng 1-2 l\u1ea7n\/tu\u1ea7n. \u0110\u1ed1i v\u1edbi m\u1ed9t s\u1ed1 tr\u01b0\u1eddng h\u1ee3p, c\u00f3 th\u1ec3 d\u00f9ng nhi\u1ec1u h\u01a1n 2 l\u1ea7n \u0111\u1ec3 c\u00f3 k\u1ebft qu\u1ea3 t\u1ed1t.<\/p>\n<p><strong>B\u1ea3o qu\u1ea3n:<\/strong>\u00a0N\u01a1i kh\u00f4 r\u00e1o, tr\u00e1nh \u00e1nh n\u1eafng.<\/p>\n<p><strong>Quy c\u00e1ch \u0111\u00f3ng g\u00f3i:<\/strong>\u00a030ml<\/p>\n<p><strong>Xu\u1ea5t x\u1ee9 th\u01b0\u01a1ng hi\u1ec7u:<\/strong>\u00a0Anh<\/p>\n<p><strong>S\u1ea3n xu\u1ea5t t\u1ea1i:\u00a0<\/strong>1a Wendover Road Rackheath. Industrial Estate Rackheath Norwich NR13 6LH. UK<\/p>\n<!-- AddThis Advanced Settings generic via filter on the_content --><!-- AddThis Share Buttons generic via filter on the_content -->","protected":false},"excerpt":{"rendered":"<p>L\u0103n kh\u1eed m\u00f9i c\u01a1 th\u1ec3 v\u00e0 gi\u1ea3m ti\u1ebft m\u1ed3 h\u00f4i v\u01b0\u1ee3t tr\u1ed9i Perspi-Guard Maximum Strength Antiperspirant gi\u00fap kh\u1ea3 n\u0103ng gi\u1ea3m ti\u1ebft m\u1ed3 h\u00f4i t\u1eadn g\u1ed1c v\u00e0 gi\u1ea3m m\u00f9i m\u1ed3 h\u00f4i v\u00f9ng da d\u01b0\u1edbi c\u00e1nh tay hi\u1ec7u qu\u1ea3, mang l\u1ea1i m\u00f9i h\u01b0\u01a1ng d\u1ec5 ch\u1ecbu cho c\u01a1 th\u1ec3.<\/p>\n","protected":false},"featured_media":725,"comment_status":"open","ping_status":"closed","template":"","meta":[],"product_cat":[114],"product_tag":[],"acf":[],"yoast_head":"<!-- This site is optimized with the Yoast SEO plugin v19.1 - https:\/\/yoast.com\/wordpress\/plugins\/seo\/ -->\n<title>L\u0103n kh\u1eed m\u00f9i c\u01a1 th\u1ec3 v\u00e0 gi\u1ea3m ti\u1ebft m\u1ed3 h\u00f4i v\u01b0\u1ee3t tr\u1ed9i Perspi-Guard Maximum Strength Antiperspirant (30ml) - C\u00f4ng ty TNHH D\u01b0\u1ee3c ph\u1ea9m 2T Vi\u1ec7t Nam<\/title>\n<meta name=\"robots\" content=\"noindex, follow, max-snippet:-1, max-image-preview:large, max-video-preview:-1\" \/>\n<meta property=\"og:locale\" content=\"vi_VN\" \/>\n<meta property=\"og:type\" content=\"article\" \/>\n<meta property=\"og:title\" content=\"L\u0103n kh\u1eed m\u00f9i c\u01a1 th\u1ec3 v\u00e0 gi\u1ea3m ti\u1ebft m\u1ed3 h\u00f4i v\u01b0\u1ee3t tr\u1ed9i Perspi-Guard Maximum Strength Antiperspirant (30ml) - C\u00f4ng ty TNHH D\u01b0\u1ee3c ph\u1ea9m 2T Vi\u1ec7t Nam\" \/>\n<meta property=\"og:description\" content=\"L\u0103n kh\u1eed m\u00f9i c\u01a1 th\u1ec3 v\u00e0 gi\u1ea3m ti\u1ebft m\u1ed3 h\u00f4i v\u01b0\u1ee3t tr\u1ed9i Perspi-Guard Maximum Strength Antiperspirant gi\u00fap kh\u1ea3 n\u0103ng gi\u1ea3m ti\u1ebft m\u1ed3 h\u00f4i t\u1eadn g\u1ed1c v\u00e0 gi\u1ea3m m\u00f9i m\u1ed3 h\u00f4i v\u00f9ng da d\u01b0\u1edbi c\u00e1nh tay hi\u1ec7u qu\u1ea3, mang l\u1ea1i m\u00f9i h\u01b0\u01a1ng d\u1ec5 ch\u1ecbu cho c\u01a1 th\u1ec3.\" \/>\n<meta property=\"og:url\" content=\"https:\/\/lam.vinawebsite.vn\/10200\/san-pham\/lan-khu-mui-co-the-va-giam-tiet-mo-hoi-vuot-troi-perspi-guard-maximum-strength-antiperspirant-30ml\/\" \/>\n<meta property=\"og:site_name\" content=\"C\u00f4ng ty TNHH D\u01b0\u1ee3c ph\u1ea9m 2T Vi\u1ec7t Nam\" \/>\n<meta property=\"article:modified_time\" content=\"2022-06-24T09:35:01+00:00\" \/>\n<meta property=\"og:image\" content=\"https:\/\/lam.vinawebsite.vn\/10200\/wp-content\/uploads\/2022\/06\/P21668_1_l.jpg\" \/>\n\t<meta property=\"og:image:width\" content=\"460\" \/>\n\t<meta property=\"og:image:height\" content=\"460\" \/>\n\t<meta property=\"og:image:type\" content=\"image\/jpeg\" \/>\n<meta name=\"twitter:card\" content=\"summary_large_image\" \/>\n<meta name=\"twitter:label1\" content=\"\u01af\u1edbc t\u00ednh th\u1eddi gian \u0111\u1ecdc\" \/>\n\t<meta name=\"twitter:data1\" content=\"2 ph\u00fat\" \/>\n<script type=\"application\/ld+json\" class=\"yoast-schema-graph\">{\"@context\":\"https:\/\/schema.org\",\"@graph\":[{\"@type\":\"WebSite\",\"@id\":\"https:\/\/lam.vinawebsite.vn\/10200\/#website\",\"url\":\"https:\/\/lam.vinawebsite.vn\/10200\/\",\"name\":\"C\u00f4ng ty TNHH D\u01b0\u1ee3c ph\u1ea9m 2T Vi\u1ec7t Nam\",\"description\":\"C\u00f4ng ty TNHH D\u01b0\u1ee3c ph\u1ea9m 2T Vi\u1ec7t Nam\",\"potentialAction\":[{\"@type\":\"SearchAction\",\"target\":{\"@type\":\"EntryPoint\",\"urlTemplate\":\"https:\/\/lam.vinawebsite.vn\/10200\/?s={search_term_string}\"},\"query-input\":\"required name=search_term_string\"}],\"inLanguage\":\"vi\"},{\"@type\":\"ImageObject\",\"inLanguage\":\"vi\",\"@id\":\"https:\/\/lam.vinawebsite.vn\/10200\/san-pham\/lan-khu-mui-co-the-va-giam-tiet-mo-hoi-vuot-troi-perspi-guard-maximum-strength-antiperspirant-30ml\/#primaryimage\",\"url\":\"https:\/\/lam.vinawebsite.vn\/10200\/wp-content\/uploads\/2022\/06\/P21668_1_l.jpg\",\"contentUrl\":\"https:\/\/lam.vinawebsite.vn\/10200\/wp-content\/uploads\/2022\/06\/P21668_1_l.jpg\",\"width\":460,\"height\":460},{\"@type\":\"WebPage\",\"@id\":\"https:\/\/lam.vinawebsite.vn\/10200\/san-pham\/lan-khu-mui-co-the-va-giam-tiet-mo-hoi-vuot-troi-perspi-guard-maximum-strength-antiperspirant-30ml\/#webpage\",\"url\":\"https:\/\/lam.vinawebsite.vn\/10200\/san-pham\/lan-khu-mui-co-the-va-giam-tiet-mo-hoi-vuot-troi-perspi-guard-maximum-strength-antiperspirant-30ml\/\",\"name\":\"L\u0103n kh\u1eed m\u00f9i c\u01a1 th\u1ec3 v\u00e0 gi\u1ea3m ti\u1ebft m\u1ed3 h\u00f4i v\u01b0\u1ee3t tr\u1ed9i Perspi-Guard Maximum Strength Antiperspirant (30ml) - C\u00f4ng ty TNHH D\u01b0\u1ee3c ph\u1ea9m 2T Vi\u1ec7t Nam\",\"isPartOf\":{\"@id\":\"https:\/\/lam.vinawebsite.vn\/10200\/#website\"},\"primaryImageOfPage\":{\"@id\":\"https:\/\/lam.vinawebsite.vn\/10200\/san-pham\/lan-khu-mui-co-the-va-giam-tiet-mo-hoi-vuot-troi-perspi-guard-maximum-strength-antiperspirant-30ml\/#primaryimage\"},\"datePublished\":\"2022-06-24T09:34:59+00:00\",\"dateModified\":\"2022-06-24T09:35:01+00:00\",\"breadcrumb\":{\"@id\":\"https:\/\/lam.vinawebsite.vn\/10200\/san-pham\/lan-khu-mui-co-the-va-giam-tiet-mo-hoi-vuot-troi-perspi-guard-maximum-strength-antiperspirant-30ml\/#breadcrumb\"},\"inLanguage\":\"vi\",\"potentialAction\":[{\"@type\":\"ReadAction\",\"target\":[\"https:\/\/lam.vinawebsite.vn\/10200\/san-pham\/lan-khu-mui-co-the-va-giam-tiet-mo-hoi-vuot-troi-perspi-guard-maximum-strength-antiperspirant-30ml\/\"]}]},{\"@type\":\"BreadcrumbList\",\"@id\":\"https:\/\/lam.vinawebsite.vn\/10200\/san-pham\/lan-khu-mui-co-the-va-giam-tiet-mo-hoi-vuot-troi-perspi-guard-maximum-strength-antiperspirant-30ml\/#breadcrumb\",\"itemListElement\":[{\"@type\":\"ListItem\",\"position\":1,\"name\":\"2T Vi\u1ec7t Nam\",\"item\":\"https:\/\/lam.vinawebsite.vn\/10200\/\"},{\"@type\":\"ListItem\",\"position\":2,\"name\":\"S\u1ea3n ph\u1ea9m\",\"item\":\"https:\/\/lam.vinawebsite.vn\/10200\/san-pham\/\"},{\"@type\":\"ListItem\",\"position\":3,\"name\":\"L\u0103n kh\u1eed m\u00f9i c\u01a1 th\u1ec3 v\u00e0 gi\u1ea3m ti\u1ebft m\u1ed3 h\u00f4i v\u01b0\u1ee3t tr\u1ed9i Perspi-Guard Maximum Strength Antiperspirant (30ml)\"}]}]}<\/script>\n<!-- \/ Yoast SEO plugin. -->","yoast_head_json":{"title":"L\u0103n kh\u1eed m\u00f9i c\u01a1 th\u1ec3 v\u00e0 gi\u1ea3m ti\u1ebft m\u1ed3 h\u00f4i v\u01b0\u1ee3t tr\u1ed9i Perspi-Guard Maximum Strength Antiperspirant (30ml) - C\u00f4ng ty TNHH D\u01b0\u1ee3c ph\u1ea9m 2T Vi\u1ec7t Nam","robots":{"index":"noindex","follow":"follow","max-snippet":"max-snippet:-1","max-image-preview":"max-image-preview:large","max-video-preview":"max-video-preview:-1"},"og_locale":"vi_VN","og_type":"article","og_title":"L\u0103n kh\u1eed m\u00f9i c\u01a1 th\u1ec3 v\u00e0 gi\u1ea3m ti\u1ebft m\u1ed3 h\u00f4i v\u01b0\u1ee3t tr\u1ed9i Perspi-Guard Maximum Strength Antiperspirant (30ml) - C\u00f4ng ty TNHH D\u01b0\u1ee3c ph\u1ea9m 2T Vi\u1ec7t Nam","og_description":"L\u0103n kh\u1eed m\u00f9i c\u01a1 th\u1ec3 v\u00e0 gi\u1ea3m ti\u1ebft m\u1ed3 h\u00f4i v\u01b0\u1ee3t tr\u1ed9i Perspi-Guard Maximum Strength Antiperspirant gi\u00fap kh\u1ea3 n\u0103ng gi\u1ea3m ti\u1ebft m\u1ed3 h\u00f4i t\u1eadn g\u1ed1c v\u00e0 gi\u1ea3m m\u00f9i m\u1ed3 h\u00f4i v\u00f9ng da d\u01b0\u1edbi c\u00e1nh tay hi\u1ec7u qu\u1ea3, mang l\u1ea1i m\u00f9i h\u01b0\u01a1ng d\u1ec5 ch\u1ecbu cho c\u01a1 th\u1ec3.","og_url":"https:\/\/lam.vinawebsite.vn\/10200\/san-pham\/lan-khu-mui-co-the-va-giam-tiet-mo-hoi-vuot-troi-perspi-guard-maximum-strength-antiperspirant-30ml\/","og_site_name":"C\u00f4ng ty TNHH D\u01b0\u1ee3c ph\u1ea9m 2T Vi\u1ec7t Nam","article_modified_time":"2022-06-24T09:35:01+00:00","og_image":[{"width":460,"height":460,"url":"https:\/\/lam.vinawebsite.vn\/10200\/wp-content\/uploads\/2022\/06\/P21668_1_l.jpg","type":"image\/jpeg"}],"twitter_card":"summary_large_image","twitter_misc":{"\u01af\u1edbc t\u00ednh th\u1eddi gian \u0111\u1ecdc":"2 ph\u00fat"},"schema":{"@context":"https:\/\/schema.org","@graph":[{"@type":"WebSite","@id":"https:\/\/lam.vinawebsite.vn\/10200\/#website","url":"https:\/\/lam.vinawebsite.vn\/10200\/","name":"C\u00f4ng ty TNHH D\u01b0\u1ee3c ph\u1ea9m 2T Vi\u1ec7t Nam","description":"C\u00f4ng ty TNHH D\u01b0\u1ee3c ph\u1ea9m 2T Vi\u1ec7t Nam","potentialAction":[{"@type":"SearchAction","target":{"@type":"EntryPoint","urlTemplate":"https:\/\/lam.vinawebsite.vn\/10200\/?s={search_term_string}"},"query-input":"required name=search_term_string"}],"inLanguage":"vi"},{"@type":"ImageObject","inLanguage":"vi","@id":"https:\/\/lam.vinawebsite.vn\/10200\/san-pham\/lan-khu-mui-co-the-va-giam-tiet-mo-hoi-vuot-troi-perspi-guard-maximum-strength-antiperspirant-30ml\/#primaryimage","url":"https:\/\/lam.vinawebsite.vn\/10200\/wp-content\/uploads\/2022\/06\/P21668_1_l.jpg","contentUrl":"https:\/\/lam.vinawebsite.vn\/10200\/wp-content\/uploads\/2022\/06\/P21668_1_l.jpg","width":460,"height":460},{"@type":"WebPage","@id":"https:\/\/lam.vinawebsite.vn\/10200\/san-pham\/lan-khu-mui-co-the-va-giam-tiet-mo-hoi-vuot-troi-perspi-guard-maximum-strength-antiperspirant-30ml\/#webpage","url":"https:\/\/lam.vinawebsite.vn\/10200\/san-pham\/lan-khu-mui-co-the-va-giam-tiet-mo-hoi-vuot-troi-perspi-guard-maximum-strength-antiperspirant-30ml\/","name":"L\u0103n kh\u1eed m\u00f9i c\u01a1 th\u1ec3 v\u00e0 gi\u1ea3m ti\u1ebft m\u1ed3 h\u00f4i v\u01b0\u1ee3t tr\u1ed9i Perspi-Guard Maximum Strength Antiperspirant (30ml) - C\u00f4ng ty TNHH D\u01b0\u1ee3c ph\u1ea9m 2T Vi\u1ec7t Nam","isPartOf":{"@id":"https:\/\/lam.vinawebsite.vn\/10200\/#website"},"primaryImageOfPage":{"@id":"https:\/\/lam.vinawebsite.vn\/10200\/san-pham\/lan-khu-mui-co-the-va-giam-tiet-mo-hoi-vuot-troi-perspi-guard-maximum-strength-antiperspirant-30ml\/#primaryimage"},"datePublished":"2022-06-24T09:34:59+00:00","dateModified":"2022-06-24T09:35:01+00:00","breadcrumb":{"@id":"https:\/\/lam.vinawebsite.vn\/10200\/san-pham\/lan-khu-mui-co-the-va-giam-tiet-mo-hoi-vuot-troi-perspi-guard-maximum-strength-antiperspirant-30ml\/#breadcrumb"},"inLanguage":"vi","potentialAction":[{"@type":"ReadAction","target":["https:\/\/lam.vinawebsite.vn\/10200\/san-pham\/lan-khu-mui-co-the-va-giam-tiet-mo-hoi-vuot-troi-perspi-guard-maximum-strength-antiperspirant-30ml\/"]}]},{"@type":"BreadcrumbList","@id":"https:\/\/lam.vinawebsite.vn\/10200\/san-pham\/lan-khu-mui-co-the-va-giam-tiet-mo-hoi-vuot-troi-perspi-guard-maximum-strength-antiperspirant-30ml\/#breadcrumb","itemListElement":[{"@type":"ListItem","position":1,"name":"2T Vi\u1ec7t Nam","item":"https:\/\/lam.vinawebsite.vn\/10200\/"},{"@type":"ListItem","position":2,"name":"S\u1ea3n ph\u1ea9m","item":"https:\/\/lam.vinawebsite.vn\/10200\/san-pham\/"},{"@type":"ListItem","position":3,"name":"L\u0103n kh\u1eed m\u00f9i c\u01a1 th\u1ec3 v\u00e0 gi\u1ea3m ti\u1ebft m\u1ed3 h\u00f4i v\u01b0\u1ee3t tr\u1ed9i Perspi-Guard Maximum Strength Antiperspirant (30ml)"}]}]}},"_links":{"self":[{"href":"https:\/\/lam.vinawebsite.vn\/10200\/wp-json\/wp\/v2\/product\/699"}],"collection":[{"href":"https:\/\/lam.vinawebsite.vn\/10200\/wp-json\/wp\/v2\/product"}],"about":[{"href":"https:\/\/lam.vinawebsite.vn\/10200\/wp-json\/wp\/v2\/types\/product"}],"replies":[{"embeddable":true,"href":"https:\/\/lam.vinawebsite.vn\/10200\/wp-json\/wp\/v2\/comments?post=699"}],"wp:featuredmedia":[{"embeddable":true,"href":"https:\/\/lam.vinawebsite.vn\/10200\/wp-json\/wp\/v2\/media\/725"}],"wp:attachment":[{"href":"https:\/\/lam.vinawebsite.vn\/10200\/wp-json\/wp\/v2\/media?parent=699"}],"wp:term":[{"taxonomy":"product_cat","embeddable":true,"href":"https:\/\/lam.vinawebsite.vn\/10200\/wp-json\/wp\/v2\/product_cat?post=699"},{"taxonomy":"product_tag","embeddable":true,"href":"https:\/\/lam.vinawebsite.vn\/10200\/wp-json\/wp\/v2\/product_tag?post=699"}],"curies":[{"name":"wp","href":"https:\/\/api.w.org\/{rel}","templated":true}]}}