{"id":702,"date":"2022-06-24T16:41:53","date_gmt":"2022-06-24T09:41:53","guid":{"rendered":"http:\/\/35634.lamdx.vinawebsite.vn\/?post_type=product&#038;p=702"},"modified":"2022-06-24T16:41:57","modified_gmt":"2022-06-24T09:41:57","slug":"khan-giay-uot-huong-tao-xanh-chiet-xuat-tu-lo-hoi-fressi-care-10-to-goi","status":"publish","type":"product","link":"https:\/\/lam.vinawebsite.vn\/10200\/san-pham\/khan-giay-uot-huong-tao-xanh-chiet-xuat-tu-lo-hoi-fressi-care-10-to-goi\/","title":{"rendered":"Kh\u0103n gi\u1ea5y \u01b0\u1edbt h\u01b0\u01a1ng t\u00e1o xanh chi\u1ebft xu\u1ea5t t\u1eeb l\u00f4 h\u1ed9i Fressi Care (10 t\u1edd\/g\u00f3i)"},"content":{"rendered":"<p>Kh\u0103n gi\u1ea5y \u01b0\u1edbt h\u01b0\u01a1ng t\u00e1o xanh chi\u1ebft xu\u1ea5t t\u1eeb l\u00f4 h\u1ed9i Fressi Care gi\u00fap b\u1ed5 sung \u0111\u1ed9 \u1ea9m cho l\u00e0n da lu\u00f4n m\u1ec1m m\u1ea1i. Ch\u1ea5t li\u1ec7u m\u1ec1m nh\u01b0 b\u00f4ng v\u1edbi c\u00f4ng th\u1ee9c trung t\u00ednh, nh\u1eb9 nh\u00e0ng l\u00e0m s\u1ea1ch v\u00e0 ch\u0103m s\u00f3c da.<\/p>\n<!-- AddThis Advanced Settings generic via filter on the_content --><!-- AddThis Share Buttons generic via filter on the_content -->","protected":false},"excerpt":{"rendered":"<p>Kh\u0103n gi\u1ea5y \u01b0\u1edbt h\u01b0\u01a1ng t\u00e1o xanh chi\u1ebft xu\u1ea5t t\u1eeb l\u00f4 h\u1ed9i Fressi Care gi\u00fap b\u1ed5 sung \u0111\u1ed9 \u1ea9m cho l\u00e0n da lu\u00f4n m\u1ec1m m\u1ea1i. Ch\u1ea5t li\u1ec7u m\u1ec1m nh\u01b0 b\u00f4ng v\u1edbi c\u00f4ng th\u1ee9c trung t\u00ednh, nh\u1eb9 nh\u00e0ng l\u00e0m s\u1ea1ch v\u00e0 ch\u0103m s\u00f3c da.<\/p>\n","protected":false},"featured_media":731,"comment_status":"open","ping_status":"closed","template":"","meta":[],"product_cat":[116],"product_tag":[],"acf":[],"yoast_head":"<!-- This site is optimized with the Yoast SEO plugin v19.1 - https:\/\/yoast.com\/wordpress\/plugins\/seo\/ -->\n<title>Kh\u0103n gi\u1ea5y \u01b0\u1edbt h\u01b0\u01a1ng t\u00e1o xanh chi\u1ebft xu\u1ea5t t\u1eeb l\u00f4 h\u1ed9i Fressi Care (10 t\u1edd\/g\u00f3i) - C\u00f4ng ty TNHH D\u01b0\u1ee3c ph\u1ea9m 2T Vi\u1ec7t Nam<\/title>\n<meta name=\"robots\" content=\"noindex, follow, max-snippet:-1, max-image-preview:large, max-video-preview:-1\" \/>\n<meta property=\"og:locale\" content=\"vi_VN\" \/>\n<meta property=\"og:type\" content=\"article\" \/>\n<meta property=\"og:title\" content=\"Kh\u0103n gi\u1ea5y \u01b0\u1edbt h\u01b0\u01a1ng t\u00e1o xanh chi\u1ebft xu\u1ea5t t\u1eeb l\u00f4 h\u1ed9i Fressi Care (10 t\u1edd\/g\u00f3i) - C\u00f4ng ty TNHH D\u01b0\u1ee3c ph\u1ea9m 2T Vi\u1ec7t Nam\" \/>\n<meta property=\"og:description\" content=\"Kh\u0103n gi\u1ea5y \u01b0\u1edbt h\u01b0\u01a1ng t\u00e1o xanh chi\u1ebft xu\u1ea5t t\u1eeb l\u00f4 h\u1ed9i Fressi Care gi\u00fap b\u1ed5 sung \u0111\u1ed9 \u1ea9m cho l\u00e0n da lu\u00f4n m\u1ec1m m\u1ea1i. Ch\u1ea5t li\u1ec7u m\u1ec1m nh\u01b0 b\u00f4ng v\u1edbi c\u00f4ng th\u1ee9c trung t\u00ednh, nh\u1eb9 nh\u00e0ng l\u00e0m s\u1ea1ch v\u00e0 ch\u0103m s\u00f3c da.\" \/>\n<meta property=\"og:url\" content=\"https:\/\/lam.vinawebsite.vn\/10200\/san-pham\/khan-giay-uot-huong-tao-xanh-chiet-xuat-tu-lo-hoi-fressi-care-10-to-goi\/\" \/>\n<meta property=\"og:site_name\" content=\"C\u00f4ng ty TNHH D\u01b0\u1ee3c ph\u1ea9m 2T Vi\u1ec7t Nam\" \/>\n<meta property=\"article:modified_time\" content=\"2022-06-24T09:41:57+00:00\" \/>\n<meta property=\"og:image\" content=\"https:\/\/lam.vinawebsite.vn\/10200\/wp-content\/uploads\/2022\/06\/P03259_1_l.jpg\" \/>\n\t<meta property=\"og:image:width\" content=\"460\" \/>\n\t<meta property=\"og:image:height\" content=\"460\" \/>\n\t<meta property=\"og:image:type\" content=\"image\/jpeg\" \/>\n<meta name=\"twitter:card\" content=\"summary_large_image\" \/>\n<meta name=\"twitter:label1\" content=\"\u01af\u1edbc t\u00ednh th\u1eddi gian \u0111\u1ecdc\" \/>\n\t<meta name=\"twitter:data1\" content=\"1 ph\u00fat\" \/>\n<script type=\"application\/ld+json\" class=\"yoast-schema-graph\">{\"@context\":\"https:\/\/schema.org\",\"@graph\":[{\"@type\":\"WebSite\",\"@id\":\"https:\/\/lam.vinawebsite.vn\/10200\/#website\",\"url\":\"https:\/\/lam.vinawebsite.vn\/10200\/\",\"name\":\"C\u00f4ng ty TNHH D\u01b0\u1ee3c ph\u1ea9m 2T Vi\u1ec7t Nam\",\"description\":\"C\u00f4ng ty TNHH D\u01b0\u1ee3c ph\u1ea9m 2T Vi\u1ec7t Nam\",\"potentialAction\":[{\"@type\":\"SearchAction\",\"target\":{\"@type\":\"EntryPoint\",\"urlTemplate\":\"https:\/\/lam.vinawebsite.vn\/10200\/?s={search_term_string}\"},\"query-input\":\"required name=search_term_string\"}],\"inLanguage\":\"vi\"},{\"@type\":\"ImageObject\",\"inLanguage\":\"vi\",\"@id\":\"https:\/\/lam.vinawebsite.vn\/10200\/san-pham\/khan-giay-uot-huong-tao-xanh-chiet-xuat-tu-lo-hoi-fressi-care-10-to-goi\/#primaryimage\",\"url\":\"https:\/\/lam.vinawebsite.vn\/10200\/wp-content\/uploads\/2022\/06\/P03259_1_l.jpg\",\"contentUrl\":\"https:\/\/lam.vinawebsite.vn\/10200\/wp-content\/uploads\/2022\/06\/P03259_1_l.jpg\",\"width\":460,\"height\":460},{\"@type\":\"WebPage\",\"@id\":\"https:\/\/lam.vinawebsite.vn\/10200\/san-pham\/khan-giay-uot-huong-tao-xanh-chiet-xuat-tu-lo-hoi-fressi-care-10-to-goi\/#webpage\",\"url\":\"https:\/\/lam.vinawebsite.vn\/10200\/san-pham\/khan-giay-uot-huong-tao-xanh-chiet-xuat-tu-lo-hoi-fressi-care-10-to-goi\/\",\"name\":\"Kh\u0103n gi\u1ea5y \u01b0\u1edbt h\u01b0\u01a1ng t\u00e1o xanh chi\u1ebft xu\u1ea5t t\u1eeb l\u00f4 h\u1ed9i Fressi Care (10 t\u1edd\/g\u00f3i) - C\u00f4ng ty TNHH D\u01b0\u1ee3c ph\u1ea9m 2T Vi\u1ec7t Nam\",\"isPartOf\":{\"@id\":\"https:\/\/lam.vinawebsite.vn\/10200\/#website\"},\"primaryImageOfPage\":{\"@id\":\"https:\/\/lam.vinawebsite.vn\/10200\/san-pham\/khan-giay-uot-huong-tao-xanh-chiet-xuat-tu-lo-hoi-fressi-care-10-to-goi\/#primaryimage\"},\"datePublished\":\"2022-06-24T09:41:53+00:00\",\"dateModified\":\"2022-06-24T09:41:57+00:00\",\"breadcrumb\":{\"@id\":\"https:\/\/lam.vinawebsite.vn\/10200\/san-pham\/khan-giay-uot-huong-tao-xanh-chiet-xuat-tu-lo-hoi-fressi-care-10-to-goi\/#breadcrumb\"},\"inLanguage\":\"vi\",\"potentialAction\":[{\"@type\":\"ReadAction\",\"target\":[\"https:\/\/lam.vinawebsite.vn\/10200\/san-pham\/khan-giay-uot-huong-tao-xanh-chiet-xuat-tu-lo-hoi-fressi-care-10-to-goi\/\"]}]},{\"@type\":\"BreadcrumbList\",\"@id\":\"https:\/\/lam.vinawebsite.vn\/10200\/san-pham\/khan-giay-uot-huong-tao-xanh-chiet-xuat-tu-lo-hoi-fressi-care-10-to-goi\/#breadcrumb\",\"itemListElement\":[{\"@type\":\"ListItem\",\"position\":1,\"name\":\"2T Vi\u1ec7t Nam\",\"item\":\"https:\/\/lam.vinawebsite.vn\/10200\/\"},{\"@type\":\"ListItem\",\"position\":2,\"name\":\"S\u1ea3n ph\u1ea9m\",\"item\":\"https:\/\/lam.vinawebsite.vn\/10200\/san-pham\/\"},{\"@type\":\"ListItem\",\"position\":3,\"name\":\"Kh\u0103n gi\u1ea5y \u01b0\u1edbt h\u01b0\u01a1ng t\u00e1o xanh chi\u1ebft xu\u1ea5t t\u1eeb l\u00f4 h\u1ed9i Fressi Care (10 t\u1edd\/g\u00f3i)\"}]}]}<\/script>\n<!-- \/ Yoast SEO plugin. -->","yoast_head_json":{"title":"Kh\u0103n gi\u1ea5y \u01b0\u1edbt h\u01b0\u01a1ng t\u00e1o xanh chi\u1ebft xu\u1ea5t t\u1eeb l\u00f4 h\u1ed9i Fressi Care (10 t\u1edd\/g\u00f3i) - C\u00f4ng ty TNHH D\u01b0\u1ee3c ph\u1ea9m 2T Vi\u1ec7t Nam","robots":{"index":"noindex","follow":"follow","max-snippet":"max-snippet:-1","max-image-preview":"max-image-preview:large","max-video-preview":"max-video-preview:-1"},"og_locale":"vi_VN","og_type":"article","og_title":"Kh\u0103n gi\u1ea5y \u01b0\u1edbt h\u01b0\u01a1ng t\u00e1o xanh chi\u1ebft xu\u1ea5t t\u1eeb l\u00f4 h\u1ed9i Fressi Care (10 t\u1edd\/g\u00f3i) - C\u00f4ng ty TNHH D\u01b0\u1ee3c ph\u1ea9m 2T Vi\u1ec7t Nam","og_description":"Kh\u0103n gi\u1ea5y \u01b0\u1edbt h\u01b0\u01a1ng t\u00e1o xanh chi\u1ebft xu\u1ea5t t\u1eeb l\u00f4 h\u1ed9i Fressi Care gi\u00fap b\u1ed5 sung \u0111\u1ed9 \u1ea9m cho l\u00e0n da lu\u00f4n m\u1ec1m m\u1ea1i. Ch\u1ea5t li\u1ec7u m\u1ec1m nh\u01b0 b\u00f4ng v\u1edbi c\u00f4ng th\u1ee9c trung t\u00ednh, nh\u1eb9 nh\u00e0ng l\u00e0m s\u1ea1ch v\u00e0 ch\u0103m s\u00f3c da.","og_url":"https:\/\/lam.vinawebsite.vn\/10200\/san-pham\/khan-giay-uot-huong-tao-xanh-chiet-xuat-tu-lo-hoi-fressi-care-10-to-goi\/","og_site_name":"C\u00f4ng ty TNHH D\u01b0\u1ee3c ph\u1ea9m 2T Vi\u1ec7t Nam","article_modified_time":"2022-06-24T09:41:57+00:00","og_image":[{"width":460,"height":460,"url":"https:\/\/lam.vinawebsite.vn\/10200\/wp-content\/uploads\/2022\/06\/P03259_1_l.jpg","type":"image\/jpeg"}],"twitter_card":"summary_large_image","twitter_misc":{"\u01af\u1edbc t\u00ednh th\u1eddi gian \u0111\u1ecdc":"1 ph\u00fat"},"schema":{"@context":"https:\/\/schema.org","@graph":[{"@type":"WebSite","@id":"https:\/\/lam.vinawebsite.vn\/10200\/#website","url":"https:\/\/lam.vinawebsite.vn\/10200\/","name":"C\u00f4ng ty TNHH D\u01b0\u1ee3c ph\u1ea9m 2T Vi\u1ec7t Nam","description":"C\u00f4ng ty TNHH D\u01b0\u1ee3c ph\u1ea9m 2T Vi\u1ec7t Nam","potentialAction":[{"@type":"SearchAction","target":{"@type":"EntryPoint","urlTemplate":"https:\/\/lam.vinawebsite.vn\/10200\/?s={search_term_string}"},"query-input":"required name=search_term_string"}],"inLanguage":"vi"},{"@type":"ImageObject","inLanguage":"vi","@id":"https:\/\/lam.vinawebsite.vn\/10200\/san-pham\/khan-giay-uot-huong-tao-xanh-chiet-xuat-tu-lo-hoi-fressi-care-10-to-goi\/#primaryimage","url":"https:\/\/lam.vinawebsite.vn\/10200\/wp-content\/uploads\/2022\/06\/P03259_1_l.jpg","contentUrl":"https:\/\/lam.vinawebsite.vn\/10200\/wp-content\/uploads\/2022\/06\/P03259_1_l.jpg","width":460,"height":460},{"@type":"WebPage","@id":"https:\/\/lam.vinawebsite.vn\/10200\/san-pham\/khan-giay-uot-huong-tao-xanh-chiet-xuat-tu-lo-hoi-fressi-care-10-to-goi\/#webpage","url":"https:\/\/lam.vinawebsite.vn\/10200\/san-pham\/khan-giay-uot-huong-tao-xanh-chiet-xuat-tu-lo-hoi-fressi-care-10-to-goi\/","name":"Kh\u0103n gi\u1ea5y \u01b0\u1edbt h\u01b0\u01a1ng t\u00e1o xanh chi\u1ebft xu\u1ea5t t\u1eeb l\u00f4 h\u1ed9i Fressi Care (10 t\u1edd\/g\u00f3i) - C\u00f4ng ty TNHH D\u01b0\u1ee3c ph\u1ea9m 2T Vi\u1ec7t Nam","isPartOf":{"@id":"https:\/\/lam.vinawebsite.vn\/10200\/#website"},"primaryImageOfPage":{"@id":"https:\/\/lam.vinawebsite.vn\/10200\/san-pham\/khan-giay-uot-huong-tao-xanh-chiet-xuat-tu-lo-hoi-fressi-care-10-to-goi\/#primaryimage"},"datePublished":"2022-06-24T09:41:53+00:00","dateModified":"2022-06-24T09:41:57+00:00","breadcrumb":{"@id":"https:\/\/lam.vinawebsite.vn\/10200\/san-pham\/khan-giay-uot-huong-tao-xanh-chiet-xuat-tu-lo-hoi-fressi-care-10-to-goi\/#breadcrumb"},"inLanguage":"vi","potentialAction":[{"@type":"ReadAction","target":["https:\/\/lam.vinawebsite.vn\/10200\/san-pham\/khan-giay-uot-huong-tao-xanh-chiet-xuat-tu-lo-hoi-fressi-care-10-to-goi\/"]}]},{"@type":"BreadcrumbList","@id":"https:\/\/lam.vinawebsite.vn\/10200\/san-pham\/khan-giay-uot-huong-tao-xanh-chiet-xuat-tu-lo-hoi-fressi-care-10-to-goi\/#breadcrumb","itemListElement":[{"@type":"ListItem","position":1,"name":"2T Vi\u1ec7t Nam","item":"https:\/\/lam.vinawebsite.vn\/10200\/"},{"@type":"ListItem","position":2,"name":"S\u1ea3n ph\u1ea9m","item":"https:\/\/lam.vinawebsite.vn\/10200\/san-pham\/"},{"@type":"ListItem","position":3,"name":"Kh\u0103n gi\u1ea5y \u01b0\u1edbt h\u01b0\u01a1ng t\u00e1o xanh chi\u1ebft xu\u1ea5t t\u1eeb l\u00f4 h\u1ed9i Fressi Care (10 t\u1edd\/g\u00f3i)"}]}]}},"_links":{"self":[{"href":"https:\/\/lam.vinawebsite.vn\/10200\/wp-json\/wp\/v2\/product\/702"}],"collection":[{"href":"https:\/\/lam.vinawebsite.vn\/10200\/wp-json\/wp\/v2\/product"}],"about":[{"href":"https:\/\/lam.vinawebsite.vn\/10200\/wp-json\/wp\/v2\/types\/product"}],"replies":[{"embeddable":true,"href":"https:\/\/lam.vinawebsite.vn\/10200\/wp-json\/wp\/v2\/comments?post=702"}],"wp:featuredmedia":[{"embeddable":true,"href":"https:\/\/lam.vinawebsite.vn\/10200\/wp-json\/wp\/v2\/media\/731"}],"wp:attachment":[{"href":"https:\/\/lam.vinawebsite.vn\/10200\/wp-json\/wp\/v2\/media?parent=702"}],"wp:term":[{"taxonomy":"product_cat","embeddable":true,"href":"https:\/\/lam.vinawebsite.vn\/10200\/wp-json\/wp\/v2\/product_cat?post=702"},{"taxonomy":"product_tag","embeddable":true,"href":"https:\/\/lam.vinawebsite.vn\/10200\/wp-json\/wp\/v2\/product_tag?post=702"}],"curies":[{"name":"wp","href":"https:\/\/api.w.org\/{rel}","templated":true}]}}