{"id":415,"date":"2022-04-19T11:41:28","date_gmt":"2022-04-19T04:41:28","guid":{"rendered":"http:\/\/34825.lamdx.vinawebsite.vn\/?page_id=415"},"modified":"2022-04-19T11:41:47","modified_gmt":"2022-04-19T04:41:47","slug":"chinh-sach-rieng-tu","status":"publish","type":"page","link":"https:\/\/lam.vinawebsite.vn\/10201\/chinh-sach-rieng-tu\/","title":{"rendered":"Ch\u00ednh s\u00e1ch ri\u00eang t\u01b0"},"content":{"rendered":"","protected":false},"excerpt":{"rendered":"","protected":false},"author":1,"featured_media":0,"parent":0,"menu_order":0,"comment_status":"closed","ping_status":"closed","template":"","meta":[],"acf":[],"yoast_head":"<!-- This site is optimized with the Yoast SEO plugin v18.5.1 - https:\/\/yoast.com\/wordpress\/plugins\/seo\/ -->\n<title>Ch\u00ednh s\u00e1ch ri\u00eang t\u01b0 - V\u00e9 M\u00e1y Bay Qu\u1ed1c T\u1ebf Gi\u00e1 R\u1ebb<\/title>\n<meta name=\"robots\" content=\"noindex, follow, max-snippet:-1, max-image-preview:large, max-video-preview:-1\" \/>\n<meta property=\"og:locale\" content=\"vi_VN\" \/>\n<meta property=\"og:type\" content=\"article\" \/>\n<meta property=\"og:title\" content=\"Ch\u00ednh s\u00e1ch ri\u00eang t\u01b0 - V\u00e9 M\u00e1y Bay Qu\u1ed1c T\u1ebf Gi\u00e1 R\u1ebb\" \/>\n<meta property=\"og:url\" content=\"https:\/\/lam.vinawebsite.vn\/10201\/chinh-sach-rieng-tu\/\" \/>\n<meta property=\"og:site_name\" content=\"V\u00e9 M\u00e1y Bay Qu\u1ed1c T\u1ebf Gi\u00e1 R\u1ebb\" \/>\n<meta property=\"article:modified_time\" content=\"2022-04-19T04:41:47+00:00\" \/>\n<meta name=\"twitter:card\" content=\"summary_large_image\" \/>\n<script type=\"application\/ld+json\" class=\"yoast-schema-graph\">{\"@context\":\"https:\/\/schema.org\",\"@graph\":[{\"@type\":\"WebSite\",\"@id\":\"https:\/\/lam.vinawebsite.vn\/10201\/#website\",\"url\":\"https:\/\/lam.vinawebsite.vn\/10201\/\",\"name\":\"V\u00e9 M\u00e1y Bay Qu\u1ed1c T\u1ebf Gi\u00e1 R\u1ebb\",\"description\":\"V\u00e9 M\u00e1y Bay Qu\u1ed1c T\u1ebf Gi\u00e1 R\u1ebb\",\"potentialAction\":[{\"@type\":\"SearchAction\",\"target\":{\"@type\":\"EntryPoint\",\"urlTemplate\":\"https:\/\/lam.vinawebsite.vn\/10201\/?s={search_term_string}\"},\"query-input\":\"required name=search_term_string\"}],\"inLanguage\":\"vi\"},{\"@type\":\"WebPage\",\"@id\":\"https:\/\/lam.vinawebsite.vn\/10201\/chinh-sach-rieng-tu\/#webpage\",\"url\":\"https:\/\/lam.vinawebsite.vn\/10201\/chinh-sach-rieng-tu\/\",\"name\":\"Ch\u00ednh s\u00e1ch ri\u00eang t\u01b0 - V\u00e9 M\u00e1y Bay Qu\u1ed1c T\u1ebf Gi\u00e1 R\u1ebb\",\"isPartOf\":{\"@id\":\"https:\/\/lam.vinawebsite.vn\/10201\/#website\"},\"datePublished\":\"2022-04-19T04:41:28+00:00\",\"dateModified\":\"2022-04-19T04:41:47+00:00\",\"breadcrumb\":{\"@id\":\"https:\/\/lam.vinawebsite.vn\/10201\/chinh-sach-rieng-tu\/#breadcrumb\"},\"inLanguage\":\"vi\",\"potentialAction\":[{\"@type\":\"ReadAction\",\"target\":[\"https:\/\/lam.vinawebsite.vn\/10201\/chinh-sach-rieng-tu\/\"]}]},{\"@type\":\"BreadcrumbList\",\"@id\":\"https:\/\/lam.vinawebsite.vn\/10201\/chinh-sach-rieng-tu\/#breadcrumb\",\"itemListElement\":[{\"@type\":\"ListItem\",\"position\":1,\"name\":\"Home\",\"item\":\"https:\/\/lam.vinawebsite.vn\/10201\/\"},{\"@type\":\"ListItem\",\"position\":2,\"name\":\"Ch\u00ednh s\u00e1ch ri\u00eang t\u01b0\"}]}]}<\/script>\n<!-- \/ Yoast SEO plugin. -->","yoast_head_json":{"title":"Ch\u00ednh s\u00e1ch ri\u00eang t\u01b0 - V\u00e9 M\u00e1y Bay Qu\u1ed1c T\u1ebf Gi\u00e1 R\u1ebb","robots":{"index":"noindex","follow":"follow","max-snippet":"max-snippet:-1","max-image-preview":"max-image-preview:large","max-video-preview":"max-video-preview:-1"},"og_locale":"vi_VN","og_type":"article","og_title":"Ch\u00ednh s\u00e1ch ri\u00eang t\u01b0 - V\u00e9 M\u00e1y Bay Qu\u1ed1c T\u1ebf Gi\u00e1 R\u1ebb","og_url":"https:\/\/lam.vinawebsite.vn\/10201\/chinh-sach-rieng-tu\/","og_site_name":"V\u00e9 M\u00e1y Bay Qu\u1ed1c T\u1ebf Gi\u00e1 R\u1ebb","article_modified_time":"2022-04-19T04:41:47+00:00","twitter_card":"summary_large_image","schema":{"@context":"https:\/\/schema.org","@graph":[{"@type":"WebSite","@id":"https:\/\/lam.vinawebsite.vn\/10201\/#website","url":"https:\/\/lam.vinawebsite.vn\/10201\/","name":"V\u00e9 M\u00e1y Bay Qu\u1ed1c T\u1ebf Gi\u00e1 R\u1ebb","description":"V\u00e9 M\u00e1y Bay Qu\u1ed1c T\u1ebf Gi\u00e1 R\u1ebb","potentialAction":[{"@type":"SearchAction","target":{"@type":"EntryPoint","urlTemplate":"https:\/\/lam.vinawebsite.vn\/10201\/?s={search_term_string}"},"query-input":"required name=search_term_string"}],"inLanguage":"vi"},{"@type":"WebPage","@id":"https:\/\/lam.vinawebsite.vn\/10201\/chinh-sach-rieng-tu\/#webpage","url":"https:\/\/lam.vinawebsite.vn\/10201\/chinh-sach-rieng-tu\/","name":"Ch\u00ednh s\u00e1ch ri\u00eang t\u01b0 - V\u00e9 M\u00e1y Bay Qu\u1ed1c T\u1ebf Gi\u00e1 R\u1ebb","isPartOf":{"@id":"https:\/\/lam.vinawebsite.vn\/10201\/#website"},"datePublished":"2022-04-19T04:41:28+00:00","dateModified":"2022-04-19T04:41:47+00:00","breadcrumb":{"@id":"https:\/\/lam.vinawebsite.vn\/10201\/chinh-sach-rieng-tu\/#breadcrumb"},"inLanguage":"vi","potentialAction":[{"@type":"ReadAction","target":["https:\/\/lam.vinawebsite.vn\/10201\/chinh-sach-rieng-tu\/"]}]},{"@type":"BreadcrumbList","@id":"https:\/\/lam.vinawebsite.vn\/10201\/chinh-sach-rieng-tu\/#breadcrumb","itemListElement":[{"@type":"ListItem","position":1,"name":"Home","item":"https:\/\/lam.vinawebsite.vn\/10201\/"},{"@type":"ListItem","position":2,"name":"Ch\u00ednh s\u00e1ch ri\u00eang t\u01b0"}]}]}},"_links":{"self":[{"href":"https:\/\/lam.vinawebsite.vn\/10201\/wp-json\/wp\/v2\/pages\/415"}],"collection":[{"href":"https:\/\/lam.vinawebsite.vn\/10201\/wp-json\/wp\/v2\/pages"}],"about":[{"href":"https:\/\/lam.vinawebsite.vn\/10201\/wp-json\/wp\/v2\/types\/page"}],"author":[{"embeddable":true,"href":"https:\/\/lam.vinawebsite.vn\/10201\/wp-json\/wp\/v2\/users\/1"}],"replies":[{"embeddable":true,"href":"https:\/\/lam.vinawebsite.vn\/10201\/wp-json\/wp\/v2\/comments?post=415"}],"version-history":[{"count":2,"href":"https:\/\/lam.vinawebsite.vn\/10201\/wp-json\/wp\/v2\/pages\/415\/revisions"}],"predecessor-version":[{"id":417,"href":"https:\/\/lam.vinawebsite.vn\/10201\/wp-json\/wp\/v2\/pages\/415\/revisions\/417"}],"wp:attachment":[{"href":"https:\/\/lam.vinawebsite.vn\/10201\/wp-json\/wp\/v2\/media?parent=415"}],"curies":[{"name":"wp","href":"https:\/\/api.w.org\/{rel}","templated":true}]}}