{"id":1081,"date":"2022-04-25T09:00:40","date_gmt":"2022-04-25T02:00:40","guid":{"rendered":"http:\/\/34304.lamdx.vinawebsite.vn\/?page_id=1081"},"modified":"2022-04-25T09:18:01","modified_gmt":"2022-04-25T02:18:01","slug":"dang-ky","status":"publish","type":"page","link":"https:\/\/lam.vinawebsite.vn\/10202\/dang-ky\/","title":{"rendered":"\u0110\u0103ng k\u00fd"},"content":{"rendered":"\t<section class=\"section sec_pregistration pb-0\" id=\"section_1861145373\">\n\t\t<div class=\"bg section-bg fill bg-fill bg-loaded bg-loaded\" >\n\n\t\t\t\n\t\t\t\n\t\t\t\n\n\t\t<\/div>\n\n\t\t\n\n\t\t<div class=\"section-content relative\">\n\t\t\t\n<div class=\"row row_pregistration\"  id=\"row-952167272\">\n\n\t<div id=\"col-1331653538\" class=\"col pb-0 small-12 large-12\"  >\n\t\t\t\t<div class=\"col-inner\"  >\n\t\t\t\n\t\t\t\n<div class=\"container section-title-container\" ><h3 class=\"section-title section-title-center\"><b><\/b><span class=\"section-title-main\" >\u0110\u0103ng k\u00fd<\/span><b><\/b><\/h3><\/div>\n\t\t<\/div>\n\t\t\t\t\t<\/div>\n\n\t\n\n\t<div id=\"col-1919818329\" class=\"col col_info medium-5 small-12 large-4\"  >\n\t\t\t\t<div class=\"col-inner\"  >\n\t\t\t\n\t\t\t\n\t\t<div class=\"contact_info\">\r\n\t\t\t<div class=\"inner\">\r\n\t\t\t\t<div class=\"item\">\r\n\t\t\t\t\t<div class=\"item_inner align-middle\">\r\n\t\t\t\t\t\t<div class=\"i_icon\"><img src=\"https:\/\/lam.vinawebsite.vn\/10202\/wp-content\/themes\/flatsome-child\/assets\/images\/ct_map.png\"><\/div>\r\n\t\t\t\t\t\t<div class=\"i_txt flex-grow\">\r\n\t\t\t\t\t\t\t<p class=\"title\">\u0110\u1ecba ch\u1ec9<\/p>\r\n\t\t\t\t\t\t\t<p class=\"value\">191, Nguy\u1ec5n V\u0103n H\u01b0\u1edfng, P. Th\u1ea3o \u0110i\u1ec1n, TP. Th\u1ee7 \u0110\u1ee9c, TP.HCM<\/p>\r\n\t\t\t\t\t\t<\/div>\r\n\t\t\t\t\t<\/div>\r\n\t\t\t\t<\/div>\r\n\t\t\t\t<div class=\"item\">\r\n\t\t\t\t\t<div class=\"item_inner align-middle\">\r\n\t\t\t\t\t\t<div class=\"i_icon\"><img src=\"https:\/\/lam.vinawebsite.vn\/10202\/wp-content\/themes\/flatsome-child\/assets\/images\/ct_email.png\"><\/div>\r\n\t\t\t\t\t\t<div class=\"i_txt flex-grow\">\r\n\t\t\t\t\t\t\t<p class=\"title\">Email<\/p>\r\n\t\t\t\t\t\t\t<p class=\"value\"><a href=\"mailto:info@intertu.edu.vn\">info@intertu.edu.vn<\/a><\/p>\r\n\t\t\t\t\t\t<\/div>\r\n\t\t\t\t\t<\/div>\r\n\t\t\t\t<\/div>\r\n\t\t\t\t<div class=\"item\">\r\n\t\t\t\t\t<div class=\"item_inner align-middle\">\r\n\t\t\t\t\t\t<div class=\"i_icon\"><img src=\"https:\/\/lam.vinawebsite.vn\/10202\/wp-content\/themes\/flatsome-child\/assets\/images\/ct_phone.png\"><\/div>\r\n\t\t\t\t\t\t<div class=\"i_txt flex-grow\">\r\n\t\t\t\t\t\t\t<p class=\"title\">Call us<\/p>\r\n\t\t\t\t\t\t\t<p class=\"value\"><a href=\"tel:(028) 22426282\">(028) 22426282<\/a><\/p>\r\n\t\t\t\t\t\t<\/div>\r\n\t\t\t\t\t<\/div>\r\n\t\t\t\t<\/div>\r\n\t\t\t\t<div class=\"item\">\r\n\t\t\t\t\t<div class=\"item_inner align-middle\">\r\n\t\t\t\t\t\t<div class=\"i_icon\"><img src=\"https:\/\/lam.vinawebsite.vn\/10202\/wp-content\/themes\/flatsome-child\/assets\/images\/ct_zalo.png\"><\/div>\r\n\t\t\t\t\t\t<div class=\"i_txt flex-grow\">\r\n\t\t\t\t\t\t\t<p class=\"title\">Zalo<\/p>\r\n\t\t\t\t\t\t\t<p class=\"value\"><a href=\"https:\/\/zalo.me\/0971515265\" target=\"_blank\">0971515265<\/a><\/p>\r\n\t\t\t\t\t\t<\/div>\r\n\t\t\t\t\t<\/div>\r\n\t\t\t\t<\/div>\r\n\t\t\t\t<div class=\"item\">\r\n\t\t\t\t\t<div class=\"item_inner align-middle\">\r\n\t\t\t\t\t\t<div class=\"i_icon\"><img src=\"https:\/\/lam.vinawebsite.vn\/10202\/wp-content\/themes\/flatsome-child\/assets\/images\/ct_viber.png\"><\/div>\r\n\t\t\t\t\t\t<div class=\"i_txt flex-grow\">\r\n\t\t\t\t\t\t\t<p class=\"title\">Viber<\/p>\r\n\t\t\t\t\t\t\t<p class=\"value\"><a href=\"https:\/\/msng.link\/o\/?0213012301=vi\" target=\"_blank\">0213012301<\/a><\/p>\r\n\t\t\t\t\t\t<\/div>\r\n\t\t\t\t\t<\/div>\r\n\t\t\t\t<\/div>\r\n\t\t\t<\/div>\r\n\t\t<\/div>\r\n\t\n\t\t<\/div>\n\t\t\t\t\t<\/div>\n\n\t\n\n\t<div id=\"col-1450872663\" class=\"col medium-7 small-12 large-8\"  >\n\t\t\t\t<div class=\"col-inner\"  >\n\t\t\t\n\t\t\t\n<div role=\"form\" class=\"wpcf7\" id=\"wpcf7-f1091-o1\" lang=\"vi\" dir=\"ltr\">\n<div class=\"screen-reader-response\"><p role=\"status\" aria-live=\"polite\" aria-atomic=\"true\"><\/p> <ul><\/ul><\/div>\n<form action=\"\/10202\/wp-json\/wp\/v2\/pages\/1081#wpcf7-f1091-o1\" method=\"post\" class=\"wpcf7-form init\" novalidate=\"novalidate\" data-status=\"init\">\n<div style=\"display: none;\">\n<input type=\"hidden\" name=\"_wpcf7\" value=\"1091\" \/>\n<input type=\"hidden\" name=\"_wpcf7_version\" value=\"5.5.6\" \/>\n<input type=\"hidden\" name=\"_wpcf7_locale\" value=\"vi\" \/>\n<input type=\"hidden\" name=\"_wpcf7_unit_tag\" value=\"wpcf7-f1091-o1\" \/>\n<input type=\"hidden\" name=\"_wpcf7_container_post\" value=\"0\" \/>\n<input type=\"hidden\" name=\"_wpcf7_posted_data_hash\" value=\"\" \/>\n<\/div>\n<div class=\"row\">\n<div class=\"col medium-6 pb-0\">\n<div class=\"col-inner\">\n<div class=\"frm_group\">\n\t\t\t\t<span class=\"wpcf7-form-control-wrap your-parent\"><input type=\"text\" name=\"your-parent\" value=\"\" size=\"40\" class=\"wpcf7-form-control wpcf7-text wpcf7-validates-as-required\" aria-required=\"true\" aria-invalid=\"false\" placeholder=\"T\u00ean ph\u1ee5 huynh\" \/><\/span>\n\t\t\t<\/div>\n<div class=\"frm_group\">\n\t\t\t\t<span class=\"wpcf7-form-control-wrap your-student\"><input type=\"text\" name=\"your-student\" value=\"\" size=\"40\" class=\"wpcf7-form-control wpcf7-text wpcf7-validates-as-required\" aria-required=\"true\" aria-invalid=\"false\" placeholder=\"T\u00ean h\u1ecdc sinh\" \/><\/span>\n\t\t\t<\/div>\n<div class=\"frm_group\">\n\t\t\t\t<span class=\"wpcf7-form-control-wrap your-email\"><input type=\"email\" name=\"your-email\" value=\"\" size=\"40\" class=\"wpcf7-form-control wpcf7-text wpcf7-email wpcf7-validates-as-required wpcf7-validates-as-email\" aria-required=\"true\" aria-invalid=\"false\" placeholder=\"\u0110\u1ecba ch\u1ec9 email\" \/><\/span>\n\t\t\t<\/div>\n<div class=\"frm_group\">\n\t\t\t\t<span class=\"wpcf7-form-control-wrap your-phone\"><input type=\"tel\" name=\"your-phone\" value=\"\" size=\"40\" class=\"wpcf7-form-control wpcf7-text wpcf7-tel wpcf7-validates-as-required wpcf7-validates-as-tel\" aria-required=\"true\" aria-invalid=\"false\" placeholder=\"S\u1ed1 \u0111i\u1ec7n tho\u1ea1i\" \/><\/span>\n\t\t\t<\/div>\n<div class=\"frm_group\">\n\t\t\t\t<span class=\"wpcf7-form-control-wrap your-subject\"><input type=\"text\" name=\"your-subject\" value=\"\" size=\"40\" class=\"wpcf7-form-control wpcf7-text wpcf7-validates-as-required\" aria-required=\"true\" aria-invalid=\"false\" placeholder=\"M\u00f4n \u0111\u0103ng k\u00fd\" \/><\/span>\n\t\t\t<\/div>\n<div class=\"frm_group\">\n\t\t\t\t<span class=\"wpcf7-form-control-wrap your-school\"><input type=\"text\" name=\"your-school\" value=\"\" size=\"40\" class=\"wpcf7-form-control wpcf7-text wpcf7-validates-as-required\" aria-required=\"true\" aria-invalid=\"false\" placeholder=\"Tr\u01b0\u1eddng l\u1edbp h\u1ecdc sinh \u0111ang h\u1ecdc\" \/><\/span>\n\t\t\t<\/div>\n<\/div>\n<\/div>\n<div class=\"col medium-6 pb-0\">\n<div class=\"col-inner\">\n<div class=\"frm_group\">\n<p class=\"title\">Gi\u1edbi t\u00ednh<\/p>\n<p>\t\t\t\t<span class=\"wpcf7-form-control-wrap your-gender\"><span class=\"wpcf7-form-control wpcf7-radio\"><span class=\"wpcf7-list-item first\"><label><input type=\"radio\" name=\"your-gender\" value=\"Nam\" checked=\"checked\" \/><span class=\"wpcf7-list-item-label\">Nam<\/span><\/label><\/span><span class=\"wpcf7-list-item last\"><label><input type=\"radio\" name=\"your-gender\" value=\"N\u1eef\" \/><span class=\"wpcf7-list-item-label\">N\u1eef<\/span><\/label><\/span><\/span><\/span>\n\t\t\t<\/p><\/div>\n<div class=\"frm_group\">\n<p class=\"title\">Anh ch\u1ecb bi\u1ebft \u0111\u1ebfn Intertu t\u1eeb \u0111\u00e2u<\/p>\n<p>\t\t\t\t<span class=\"wpcf7-form-control-wrap your-know\"><span class=\"wpcf7-form-control wpcf7-checkbox wpcf7-validates-as-required\"><span class=\"wpcf7-list-item first\"><label><input type=\"checkbox\" name=\"your-know[]\" value=\"T\u00ecm ki\u1ebfm Google\" \/><span class=\"wpcf7-list-item-label\">T\u00ecm ki\u1ebfm Google<\/span><\/label><\/span><span class=\"wpcf7-list-item\"><label><input type=\"checkbox\" name=\"your-know[]\" value=\"Facebook\" \/><span class=\"wpcf7-list-item-label\">Facebook<\/span><\/label><\/span><span class=\"wpcf7-list-item\"><label><input type=\"checkbox\" name=\"your-know[]\" value=\"B\u00e1o ch\u00ed\" \/><span class=\"wpcf7-list-item-label\">B\u00e1o ch\u00ed<\/span><\/label><\/span><span class=\"wpcf7-list-item\"><label><input type=\"checkbox\" name=\"your-know[]\" value=\"Ng\u01b0\u1eddi quen gi\u1edbi thi\u1ec7u\" \/><span class=\"wpcf7-list-item-label\">Ng\u01b0\u1eddi quen gi\u1edbi thi\u1ec7u<\/span><\/label><\/span><span class=\"wpcf7-list-item\"><label><input type=\"checkbox\" name=\"your-know[]\" value=\"Internet\" \/><span class=\"wpcf7-list-item-label\">Internet<\/span><\/label><\/span><span class=\"wpcf7-list-item last\"><label><input type=\"checkbox\" name=\"your-know[]\" value=\"Kh\u00e1c\" \/><span class=\"wpcf7-list-item-label\">Kh\u00e1c<\/span><\/label><\/span><\/span><\/span>\n\t\t\t<\/p><\/div>\n<\/div>\n<\/div>\n<div class=\"col pb-0 col_submit\">\n<div class=\"col-inner text-center\">\n\t\t\t<input type=\"submit\" value=\"G\u1eedi\" class=\"wpcf7-form-control has-spinner wpcf7-submit\" \/>\n\t\t<\/div>\n<\/div>\n<\/div>\n<div class=\"wpcf7-response-output\" aria-hidden=\"true\"><\/div><\/form><\/div>\n\t\t<\/div>\n\t\t\t\t\t<\/div>\n\n\t\n<\/div>\n\t\t<\/div>\n\n\t\t\n<style>\n#section_1861145373 {\n  padding-top: 30px;\n  padding-bottom: 30px;\n}\n#section_1861145373 .ux-shape-divider--top svg {\n  height: 150px;\n  --divider-top-width: 100%;\n}\n#section_1861145373 .ux-shape-divider--bottom svg {\n  height: 150px;\n  --divider-width: 100%;\n}\n<\/style>\n\t<\/section>\n\t\n\t<section class=\"section\" id=\"section_2054489902\">\n\t\t<div class=\"bg section-bg fill bg-fill bg-loaded bg-loaded\" >\n\n\t\t\t\n\t\t\t\n\t\t\t\n\n\t\t<\/div>\n\n\t\t\n\n\t\t<div class=\"section-content relative\">\n\t\t\t\n\t\t\t\t\t<div class=\"contact_map\">\r\n\t\t\t\t<iframe src=\"https:\/\/www.google.com\/maps\/embed?pb=!1m18!1m12!1m3!1d3918.91958019094!2d106.73037441535645!3d10.817466261391461!2m3!1f0!2f0!3f0!3m2!1i1024!2i768!4f13.1!3m3!1m2!1s0x31752611d12d4f23%3A0xbe9f13c3470cefcb!2sINTERTU%20Education!5e0!3m2!1svi!2s!4v1647482715327!5m2!1svi!2s\" width=\"600\" height=\"450\" style=\"border:0;\" allowfullscreen=\"\" loading=\"lazy\"><\/iframe>\t\t\t<\/div>\r\n\t\t\t\n\t\t<\/div>\n\n\t\t\n<style>\n#section_2054489902 {\n  padding-top: 0px;\n  padding-bottom: 0px;\n}\n#section_2054489902 .ux-shape-divider--top svg {\n  height: 150px;\n  --divider-top-width: 100%;\n}\n#section_2054489902 .ux-shape-divider--bottom svg {\n  height: 150px;\n  --divider-width: 100%;\n}\n<\/style>\n\t<\/section>\n\t\n","protected":false},"excerpt":{"rendered":"","protected":false},"author":1,"featured_media":0,"parent":0,"menu_order":0,"comment_status":"closed","ping_status":"closed","template":"page-blank.php","meta":[],"acf":[],"yoast_head":"<!-- This site is optimized with the Yoast SEO plugin v18.8 - https:\/\/yoast.com\/wordpress\/plugins\/seo\/ -->\n<title>\u0110\u0103ng k\u00fd - C\u00d4NG TY C\u1ed4 PH\u1ea6N GI\u00c1O D\u1ee4C QU\u1ed0C T\u1ebe INTERTU<\/title>\n<meta name=\"robots\" content=\"noindex, follow, max-snippet:-1, max-image-preview:large, max-video-preview:-1\" \/>\n<meta property=\"og:locale\" content=\"vi_VN\" \/>\n<meta property=\"og:type\" content=\"article\" \/>\n<meta property=\"og:title\" content=\"\u0110\u0103ng k\u00fd - C\u00d4NG TY C\u1ed4 PH\u1ea6N GI\u00c1O D\u1ee4C QU\u1ed0C T\u1ebe INTERTU\" \/>\n<meta property=\"og:url\" content=\"https:\/\/lam.vinawebsite.vn\/10202\/dang-ky\/\" \/>\n<meta property=\"og:site_name\" content=\"C\u00d4NG TY C\u1ed4 PH\u1ea6N GI\u00c1O D\u1ee4C QU\u1ed0C T\u1ebe INTERTU\" \/>\n<meta property=\"article:modified_time\" content=\"2022-04-25T02:18:01+00:00\" \/>\n<meta name=\"twitter:card\" content=\"summary_large_image\" \/>\n<meta name=\"twitter:label1\" content=\"\u01af\u1edbc t\u00ednh th\u1eddi gian \u0111\u1ecdc\" \/>\n\t<meta name=\"twitter:data1\" content=\"1 ph\u00fat\" \/>\n<script type=\"application\/ld+json\" class=\"yoast-schema-graph\">{\"@context\":\"https:\/\/schema.org\",\"@graph\":[{\"@type\":\"WebSite\",\"@id\":\"https:\/\/lam.vinawebsite.vn\/10202\/#website\",\"url\":\"https:\/\/lam.vinawebsite.vn\/10202\/\",\"name\":\"C\u00d4NG TY C\u1ed4 PH\u1ea6N GI\u00c1O D\u1ee4C QU\u1ed0C T\u1ebe INTERTU\",\"description\":\"C\u00d4NG TY C\u1ed4 PH\u1ea6N GI\u00c1O D\u1ee4C QU\u1ed0C T\u1ebe INTERTU\",\"potentialAction\":[{\"@type\":\"SearchAction\",\"target\":{\"@type\":\"EntryPoint\",\"urlTemplate\":\"https:\/\/lam.vinawebsite.vn\/10202\/?s={search_term_string}\"},\"query-input\":\"required name=search_term_string\"}],\"inLanguage\":\"vi\"},{\"@type\":\"WebPage\",\"@id\":\"https:\/\/lam.vinawebsite.vn\/10202\/dang-ky\/#webpage\",\"url\":\"https:\/\/lam.vinawebsite.vn\/10202\/dang-ky\/\",\"name\":\"\u0110\u0103ng k\u00fd - C\u00d4NG TY C\u1ed4 PH\u1ea6N GI\u00c1O D\u1ee4C QU\u1ed0C T\u1ebe INTERTU\",\"isPartOf\":{\"@id\":\"https:\/\/lam.vinawebsite.vn\/10202\/#website\"},\"datePublished\":\"2022-04-25T02:00:40+00:00\",\"dateModified\":\"2022-04-25T02:18:01+00:00\",\"breadcrumb\":{\"@id\":\"https:\/\/lam.vinawebsite.vn\/10202\/dang-ky\/#breadcrumb\"},\"inLanguage\":\"vi\",\"potentialAction\":[{\"@type\":\"ReadAction\",\"target\":[\"https:\/\/lam.vinawebsite.vn\/10202\/dang-ky\/\"]}]},{\"@type\":\"BreadcrumbList\",\"@id\":\"https:\/\/lam.vinawebsite.vn\/10202\/dang-ky\/#breadcrumb\",\"itemListElement\":[{\"@type\":\"ListItem\",\"position\":1,\"name\":\"Home\",\"item\":\"https:\/\/lam.vinawebsite.vn\/10202\/\"},{\"@type\":\"ListItem\",\"position\":2,\"name\":\"\u0110\u0103ng k\u00fd\"}]}]}<\/script>\n<!-- \/ Yoast SEO plugin. -->","yoast_head_json":{"title":"\u0110\u0103ng k\u00fd - C\u00d4NG TY C\u1ed4 PH\u1ea6N GI\u00c1O D\u1ee4C QU\u1ed0C T\u1ebe INTERTU","robots":{"index":"noindex","follow":"follow","max-snippet":"max-snippet:-1","max-image-preview":"max-image-preview:large","max-video-preview":"max-video-preview:-1"},"og_locale":"vi_VN","og_type":"article","og_title":"\u0110\u0103ng k\u00fd - C\u00d4NG TY C\u1ed4 PH\u1ea6N GI\u00c1O D\u1ee4C QU\u1ed0C T\u1ebe INTERTU","og_url":"https:\/\/lam.vinawebsite.vn\/10202\/dang-ky\/","og_site_name":"C\u00d4NG TY C\u1ed4 PH\u1ea6N GI\u00c1O D\u1ee4C QU\u1ed0C T\u1ebe INTERTU","article_modified_time":"2022-04-25T02:18:01+00:00","twitter_card":"summary_large_image","twitter_misc":{"\u01af\u1edbc t\u00ednh th\u1eddi gian \u0111\u1ecdc":"1 ph\u00fat"},"schema":{"@context":"https:\/\/schema.org","@graph":[{"@type":"WebSite","@id":"https:\/\/lam.vinawebsite.vn\/10202\/#website","url":"https:\/\/lam.vinawebsite.vn\/10202\/","name":"C\u00d4NG TY C\u1ed4 PH\u1ea6N GI\u00c1O D\u1ee4C QU\u1ed0C T\u1ebe INTERTU","description":"C\u00d4NG TY C\u1ed4 PH\u1ea6N GI\u00c1O D\u1ee4C QU\u1ed0C T\u1ebe INTERTU","potentialAction":[{"@type":"SearchAction","target":{"@type":"EntryPoint","urlTemplate":"https:\/\/lam.vinawebsite.vn\/10202\/?s={search_term_string}"},"query-input":"required name=search_term_string"}],"inLanguage":"vi"},{"@type":"WebPage","@id":"https:\/\/lam.vinawebsite.vn\/10202\/dang-ky\/#webpage","url":"https:\/\/lam.vinawebsite.vn\/10202\/dang-ky\/","name":"\u0110\u0103ng k\u00fd - C\u00d4NG TY C\u1ed4 PH\u1ea6N GI\u00c1O D\u1ee4C QU\u1ed0C T\u1ebe INTERTU","isPartOf":{"@id":"https:\/\/lam.vinawebsite.vn\/10202\/#website"},"datePublished":"2022-04-25T02:00:40+00:00","dateModified":"2022-04-25T02:18:01+00:00","breadcrumb":{"@id":"https:\/\/lam.vinawebsite.vn\/10202\/dang-ky\/#breadcrumb"},"inLanguage":"vi","potentialAction":[{"@type":"ReadAction","target":["https:\/\/lam.vinawebsite.vn\/10202\/dang-ky\/"]}]},{"@type":"BreadcrumbList","@id":"https:\/\/lam.vinawebsite.vn\/10202\/dang-ky\/#breadcrumb","itemListElement":[{"@type":"ListItem","position":1,"name":"Home","item":"https:\/\/lam.vinawebsite.vn\/10202\/"},{"@type":"ListItem","position":2,"name":"\u0110\u0103ng k\u00fd"}]}]}},"_links":{"self":[{"href":"https:\/\/lam.vinawebsite.vn\/10202\/wp-json\/wp\/v2\/pages\/1081"}],"collection":[{"href":"https:\/\/lam.vinawebsite.vn\/10202\/wp-json\/wp\/v2\/pages"}],"about":[{"href":"https:\/\/lam.vinawebsite.vn\/10202\/wp-json\/wp\/v2\/types\/page"}],"author":[{"embeddable":true,"href":"https:\/\/lam.vinawebsite.vn\/10202\/wp-json\/wp\/v2\/users\/1"}],"replies":[{"embeddable":true,"href":"https:\/\/lam.vinawebsite.vn\/10202\/wp-json\/wp\/v2\/comments?post=1081"}],"version-history":[{"count":6,"href":"https:\/\/lam.vinawebsite.vn\/10202\/wp-json\/wp\/v2\/pages\/1081\/revisions"}],"predecessor-version":[{"id":1093,"href":"https:\/\/lam.vinawebsite.vn\/10202\/wp-json\/wp\/v2\/pages\/1081\/revisions\/1093"}],"wp:attachment":[{"href":"https:\/\/lam.vinawebsite.vn\/10202\/wp-json\/wp\/v2\/media?parent=1081"}],"curies":[{"name":"wp","href":"https:\/\/api.w.org\/{rel}","templated":true}]}}