{"id":368,"date":"2022-04-05T13:29:48","date_gmt":"2022-04-05T06:29:48","guid":{"rendered":"http:\/\/34717.lamdx.vinawebsite.vn\/?page_id=368"},"modified":"2022-04-08T16:23:16","modified_gmt":"2022-04-08T09:23:16","slug":"lien-he","status":"publish","type":"page","link":"https:\/\/lam.vinawebsite.vn\/10203\/lien-he\/","title":{"rendered":"Li\u00ean h\u1ec7"},"content":{"rendered":"<div class=\"row row_pcontactus\"  id=\"row-1677753811\">\n\n\t<div id=\"col-1351318986\" class=\"col pb-0 small-12 large-12\"  >\n\t\t\t\t<div class=\"col-inner\"  >\n\t\t\t\n\t\t\t\n<div class=\"container section-title-container mb_30\" ><h3 class=\"section-title section-title-normal\"><b><\/b><span class=\"section-title-main\" >Li\u00ean h\u1ec7<\/span><b><\/b><\/h3><\/div>\n\t\t<\/div>\n\t\t\t\t\t<\/div>\n\n\t\n\n\t<div id=\"col-863748750\" class=\"col col_info medium-5 small-12 large-5\"  >\n\t\t\t\t<div class=\"col-inner\"  >\n\t\t\t\n\t\t\t\n    <div class=\"contact_info\">\r\n      <div class=\"company_name\">C\u00d4NG TY TNHH N\u0102NG L\u01af\u1ee2NG TH\u00d4NG MINH HO\u00c0NG GIA<\/div>\r\n      <p><i class=\"icons-location-1\"><\/i> \u0110\u1ecba ch\u1ec9: 103 Kh\u00fac Th\u1eeba D\u1ee5, V\u0129nh Ni\u1ec7m, L\u00ea Ch\u00e2n, H\u1ea3i Ph\u00f2ng<\/p>\r\n      <p><i class=\"icons-phone\"><\/i> \u0110i\u1ec7n tho\u1ea1i: <a href=\"tel:0913 385 368\">0913 385 368<\/a><\/p>\r\n      <p><i class=\"icons-mail\"><\/i> Email: <a href=\"mailto:metagreen.vn@gmail.com\">metagreen.vn@gmail.com<\/a><\/p>\r\n    <\/div>\r\n  \n\t\t<\/div>\n\t\t\t\t\t<\/div>\n\n\t\n\n\t<div id=\"col-1832967587\" class=\"col col_frm medium-7 small-12 large-7\"  >\n\t\t\t\t<div class=\"col-inner\"  >\n\t\t\t\n\t\t\t\n<p>C\u1ea3m \u01a1n qu\u00fd kh\u00e1ch \u0111\u00e3 quan t\u00e2m \u0111\u1ebfn du l\u1ecbch tour c\u1ee7a ch\u00fang t\u00f4i. H\u00e3y li\u00ean h\u1ec7 v\u1edbi ch\u00fang t\u00f4i \u0111\u1ec3 nh\u1eadn \u0111\u01b0\u1ee3c t\u01b0 v\u1ea5n t\u1ed1t nh\u1ea5t.<\/p>\n<div role=\"form\" class=\"wpcf7\" id=\"wpcf7-f775-o1\" lang=\"vi\" dir=\"ltr\">\n<div class=\"screen-reader-response\"><p role=\"status\" aria-live=\"polite\" aria-atomic=\"true\"><\/p> <ul><\/ul><\/div>\n<form action=\"\/10203\/wp-json\/wp\/v2\/pages\/368#wpcf7-f775-o1\" method=\"post\" class=\"wpcf7-form init\" novalidate=\"novalidate\" data-status=\"init\">\n<div style=\"display: none;\">\n<input type=\"hidden\" name=\"_wpcf7\" value=\"775\" \/>\n<input type=\"hidden\" name=\"_wpcf7_version\" value=\"5.3.2\" \/>\n<input type=\"hidden\" name=\"_wpcf7_locale\" value=\"vi\" \/>\n<input type=\"hidden\" name=\"_wpcf7_unit_tag\" value=\"wpcf7-f775-o1\" \/>\n<input type=\"hidden\" name=\"_wpcf7_container_post\" value=\"0\" \/>\n<input type=\"hidden\" name=\"_wpcf7_posted_data_hash\" value=\"\" \/>\n<\/div>\n<div class=\"row\">\n<div class=\"col large-6 pb-0\">\n<div class=\"col-inner\">\n<div class=\"item i_name\">\n\t\t\t\t<span class=\"wpcf7-form-control-wrap your-name\"><input type=\"text\" name=\"your-name\" value=\"\" size=\"40\" class=\"wpcf7-form-control wpcf7-text wpcf7-validates-as-required\" aria-required=\"true\" aria-invalid=\"false\" placeholder=\"H\u1ecd v\u00e0 t\u00ean\" \/><\/span>\n\t\t\t<\/div>\n<div class=\"item i_phone\">\n\t\t\t\t<span class=\"wpcf7-form-control-wrap your-phone\"><input type=\"text\" name=\"your-phone\" value=\"\" size=\"40\" class=\"wpcf7-form-control wpcf7-text wpcf7-validates-as-required\" aria-required=\"true\" aria-invalid=\"false\" placeholder=\"\u0110i\u1ec7n tho\u1ea1i\" \/><\/span>\n\t\t\t<\/div>\n<\/p><\/div>\n<\/p><\/div>\n<div class=\"col large-6 pb-0\">\n<div class=\"col-inner\">\n<div class=\"item i_email\">\n\t\t\t\t<span class=\"wpcf7-form-control-wrap your-email\"><input type=\"email\" name=\"your-email\" value=\"\" size=\"40\" class=\"wpcf7-form-control wpcf7-text wpcf7-email wpcf7-validates-as-required wpcf7-validates-as-email\" aria-required=\"true\" aria-invalid=\"false\" placeholder=\"Email\" \/><\/span>\n\t\t\t<\/div>\n<div class=\"item i_address\">\n\t\t\t\t<span class=\"wpcf7-form-control-wrap your-address\"><input type=\"text\" name=\"your-address\" value=\"\" size=\"40\" class=\"wpcf7-form-control wpcf7-text wpcf7-validates-as-required\" aria-required=\"true\" aria-invalid=\"false\" placeholder=\"\u0110\u1ecba ch\u1ec9\" \/><\/span>\n\t\t\t<\/div>\n<\/p><\/div>\n<\/p><\/div>\n<div class=\"col pb-0\">\n<div class=\"col-inner\">\n<div class=\"item i_message\">\n\t\t\t\t<span class=\"wpcf7-form-control-wrap your-message\"><textarea name=\"your-message\" cols=\"40\" rows=\"10\" class=\"wpcf7-form-control wpcf7-textarea\" aria-invalid=\"false\" placeholder=\"N\u1ed9i dung\"><\/textarea><\/span>\n\t\t\t<\/div>\n<\/p><\/div>\n<\/p><\/div>\n<div class=\"col pb-0\">\n<div class=\"col-inner\">\n\t\t\t<input type=\"submit\" value=\"G\u1eedi \u0111i\" class=\"wpcf7-form-control wpcf7-submit\" \/>\n\t\t<\/div>\n<\/p><\/div>\n<\/div>\n<div class=\"wpcf7-response-output\" aria-hidden=\"true\"><\/div><\/form><\/div>\n\t\t<\/div>\n\t\t\t\t\t<\/div>\n\n\t\n<\/div>\n","protected":false},"excerpt":{"rendered":"","protected":false},"author":1,"featured_media":0,"parent":0,"menu_order":0,"comment_status":"closed","ping_status":"closed","template":"","meta":[],"acf":[],"yoast_head":"<!-- This site is optimized with the Yoast SEO plugin v18.5.1 - https:\/\/yoast.com\/wordpress\/plugins\/seo\/ -->\n<title>Li\u00ean h\u1ec7 - C\u00d4NG TY TNHH N\u0102NG L\u01af\u1ee2NG TH\u00d4NG MINH HO\u00c0NG GIA<\/title>\n<meta name=\"robots\" content=\"noindex, follow, max-snippet:-1, max-image-preview:large, max-video-preview:-1\" \/>\n<meta property=\"og:locale\" content=\"vi_VN\" \/>\n<meta property=\"og:type\" content=\"article\" \/>\n<meta property=\"og:title\" content=\"Li\u00ean h\u1ec7 - C\u00d4NG TY TNHH N\u0102NG L\u01af\u1ee2NG TH\u00d4NG MINH HO\u00c0NG GIA\" \/>\n<meta property=\"og:url\" content=\"https:\/\/lam.vinawebsite.vn\/10203\/lien-he\/\" \/>\n<meta property=\"og:site_name\" content=\"C\u00d4NG TY TNHH N\u0102NG L\u01af\u1ee2NG TH\u00d4NG MINH HO\u00c0NG GIA\" \/>\n<meta property=\"article:modified_time\" content=\"2022-04-08T09:23:16+00:00\" \/>\n<meta name=\"twitter:card\" content=\"summary_large_image\" \/>\n<script type=\"application\/ld+json\" class=\"yoast-schema-graph\">{\"@context\":\"https:\/\/schema.org\",\"@graph\":[{\"@type\":\"WebSite\",\"@id\":\"https:\/\/lam.vinawebsite.vn\/10203\/#website\",\"url\":\"https:\/\/lam.vinawebsite.vn\/10203\/\",\"name\":\"C\u00d4NG TY TNHH N\u0102NG L\u01af\u1ee2NG TH\u00d4NG MINH HO\u00c0NG GIA\",\"description\":\"C\u00d4NG TY TNHH N\u0102NG L\u01af\u1ee2NG TH\u00d4NG MINH HO\u00c0NG GIA\",\"potentialAction\":[{\"@type\":\"SearchAction\",\"target\":{\"@type\":\"EntryPoint\",\"urlTemplate\":\"https:\/\/lam.vinawebsite.vn\/10203\/?s={search_term_string}\"},\"query-input\":\"required name=search_term_string\"}],\"inLanguage\":\"vi\"},{\"@type\":\"WebPage\",\"@id\":\"https:\/\/lam.vinawebsite.vn\/10203\/lien-he\/#webpage\",\"url\":\"https:\/\/lam.vinawebsite.vn\/10203\/lien-he\/\",\"name\":\"Li\u00ean h\u1ec7 - C\u00d4NG TY TNHH N\u0102NG L\u01af\u1ee2NG TH\u00d4NG MINH HO\u00c0NG GIA\",\"isPartOf\":{\"@id\":\"https:\/\/lam.vinawebsite.vn\/10203\/#website\"},\"datePublished\":\"2022-04-05T06:29:48+00:00\",\"dateModified\":\"2022-04-08T09:23:16+00:00\",\"breadcrumb\":{\"@id\":\"https:\/\/lam.vinawebsite.vn\/10203\/lien-he\/#breadcrumb\"},\"inLanguage\":\"vi\",\"potentialAction\":[{\"@type\":\"ReadAction\",\"target\":[\"https:\/\/lam.vinawebsite.vn\/10203\/lien-he\/\"]}]},{\"@type\":\"BreadcrumbList\",\"@id\":\"https:\/\/lam.vinawebsite.vn\/10203\/lien-he\/#breadcrumb\",\"itemListElement\":[{\"@type\":\"ListItem\",\"position\":1,\"name\":\"Trang ch\u1ee7\",\"item\":\"https:\/\/lam.vinawebsite.vn\/10203\/\"},{\"@type\":\"ListItem\",\"position\":2,\"name\":\"Li\u00ean h\u1ec7\"}]}]}<\/script>\n<!-- \/ Yoast SEO plugin. -->","yoast_head_json":{"title":"Li\u00ean h\u1ec7 - C\u00d4NG TY TNHH N\u0102NG L\u01af\u1ee2NG TH\u00d4NG MINH HO\u00c0NG GIA","robots":{"index":"noindex","follow":"follow","max-snippet":"max-snippet:-1","max-image-preview":"max-image-preview:large","max-video-preview":"max-video-preview:-1"},"og_locale":"vi_VN","og_type":"article","og_title":"Li\u00ean h\u1ec7 - C\u00d4NG TY TNHH N\u0102NG L\u01af\u1ee2NG TH\u00d4NG MINH HO\u00c0NG GIA","og_url":"https:\/\/lam.vinawebsite.vn\/10203\/lien-he\/","og_site_name":"C\u00d4NG TY TNHH N\u0102NG L\u01af\u1ee2NG TH\u00d4NG MINH HO\u00c0NG GIA","article_modified_time":"2022-04-08T09:23:16+00:00","twitter_card":"summary_large_image","schema":{"@context":"https:\/\/schema.org","@graph":[{"@type":"WebSite","@id":"https:\/\/lam.vinawebsite.vn\/10203\/#website","url":"https:\/\/lam.vinawebsite.vn\/10203\/","name":"C\u00d4NG TY TNHH N\u0102NG L\u01af\u1ee2NG TH\u00d4NG MINH HO\u00c0NG GIA","description":"C\u00d4NG TY TNHH N\u0102NG L\u01af\u1ee2NG TH\u00d4NG MINH HO\u00c0NG GIA","potentialAction":[{"@type":"SearchAction","target":{"@type":"EntryPoint","urlTemplate":"https:\/\/lam.vinawebsite.vn\/10203\/?s={search_term_string}"},"query-input":"required name=search_term_string"}],"inLanguage":"vi"},{"@type":"WebPage","@id":"https:\/\/lam.vinawebsite.vn\/10203\/lien-he\/#webpage","url":"https:\/\/lam.vinawebsite.vn\/10203\/lien-he\/","name":"Li\u00ean h\u1ec7 - C\u00d4NG TY TNHH N\u0102NG L\u01af\u1ee2NG TH\u00d4NG MINH HO\u00c0NG GIA","isPartOf":{"@id":"https:\/\/lam.vinawebsite.vn\/10203\/#website"},"datePublished":"2022-04-05T06:29:48+00:00","dateModified":"2022-04-08T09:23:16+00:00","breadcrumb":{"@id":"https:\/\/lam.vinawebsite.vn\/10203\/lien-he\/#breadcrumb"},"inLanguage":"vi","potentialAction":[{"@type":"ReadAction","target":["https:\/\/lam.vinawebsite.vn\/10203\/lien-he\/"]}]},{"@type":"BreadcrumbList","@id":"https:\/\/lam.vinawebsite.vn\/10203\/lien-he\/#breadcrumb","itemListElement":[{"@type":"ListItem","position":1,"name":"Trang ch\u1ee7","item":"https:\/\/lam.vinawebsite.vn\/10203\/"},{"@type":"ListItem","position":2,"name":"Li\u00ean h\u1ec7"}]}]}},"_links":{"self":[{"href":"https:\/\/lam.vinawebsite.vn\/10203\/wp-json\/wp\/v2\/pages\/368"}],"collection":[{"href":"https:\/\/lam.vinawebsite.vn\/10203\/wp-json\/wp\/v2\/pages"}],"about":[{"href":"https:\/\/lam.vinawebsite.vn\/10203\/wp-json\/wp\/v2\/types\/page"}],"author":[{"embeddable":true,"href":"https:\/\/lam.vinawebsite.vn\/10203\/wp-json\/wp\/v2\/users\/1"}],"replies":[{"embeddable":true,"href":"https:\/\/lam.vinawebsite.vn\/10203\/wp-json\/wp\/v2\/comments?post=368"}],"version-history":[{"count":4,"href":"https:\/\/lam.vinawebsite.vn\/10203\/wp-json\/wp\/v2\/pages\/368\/revisions"}],"predecessor-version":[{"id":777,"href":"https:\/\/lam.vinawebsite.vn\/10203\/wp-json\/wp\/v2\/pages\/368\/revisions\/777"}],"wp:attachment":[{"href":"https:\/\/lam.vinawebsite.vn\/10203\/wp-json\/wp\/v2\/media?parent=368"}],"curies":[{"name":"wp","href":"https:\/\/api.w.org\/{rel}","templated":true}]}}