{"id":96,"date":"2013-08-06T20:13:19","date_gmt":"2013-08-06T20:13:19","guid":{"rendered":"http:\/\/localhost:8888\/test\/?page_id=17"},"modified":"2022-06-29T17:00:19","modified_gmt":"2022-06-29T10:00:19","slug":"trang-chu","status":"publish","type":"page","link":"https:\/\/lam.vinawebsite.vn\/home\/","title":{"rendered":"Trang ch\u1ee7"},"content":{"rendered":"\r\n\t<section class=\"section sec-khogd\" id=\"section_386818604\">\n\t\t<div class=\"bg section-bg fill bg-fill bg-loaded bg-loaded\" >\n\n\t\t\t\n\t\t\t\n\t\t\t\n\n\t\t<\/div>\n\n\t\t\n\n\t\t<div class=\"section-content relative\">\n\t\t\t\n\n<div class=\"row row-small\"  id=\"row-194554202\">\n\n\n\t<div id=\"col-1358711695\" class=\"col small-12 large-12\"  >\n\t\t\t\t<div class=\"col-inner\"  >\n\t\t\t\n\t\t\t\n\n\n  \n    <div class=\"row large-columns-5 medium-columns-3 small-columns-2 row-small\">\n          <div class=\"product-category col\" >\r\n            <div class=\"col-inner\">\r\n              <a href=\"https:\/\/lam.vinawebsite.vn\/home\/gioi-thieu-cong-ty\/\" class=\"plain\">\r\n                <div class=\"box box-category has-hover box-normal \">\r\n                <div class=\"box-image\" >\r\n                  <div class=\"\" >\r\n                  <img src=\"https:\/\/lam.vinawebsite.vn\/home\/wp-content\/uploads\/2018\/08\/c2.png\" alt=\"Gi\u1edbi thi\u1ec7u c\u00f4ng ty\" \/>                                                      <\/div>\r\n                <\/div><!-- box-image -->\r\n                <div class=\"box-text text-center\" >\r\n                  <div class=\"box-text-inner\">\r\n                      <h5 class=\"header-title title-danhmuc\">\r\n                              Gi\u1edbi thi\u1ec7u c\u00f4ng ty                      <\/h5>\r\n                                            \r\n                  <\/div><!-- .box-text-inner -->\r\n                <\/div><!-- .box-text -->\r\n                <\/div><!-- .box -->\r\n              <\/a>\r\n            <\/div><!-- .col-inner -->\r\n            <\/div><!-- .col -->\r\n                <div class=\"product-category col\" >\r\n            <div class=\"col-inner\">\r\n              <a href=\"https:\/\/lam.vinawebsite.vn\/home\/anh-vien-ao-cuoi\/\" class=\"plain\">\r\n                <div class=\"box box-category has-hover box-normal \">\r\n                <div class=\"box-image\" >\r\n                  <div class=\"\" >\r\n                  <img src=\"https:\/\/lam.vinawebsite.vn\/home\/wp-content\/uploads\/2018\/08\/c3.png\" alt=\"\u1ea2nh vi\u1ec7n \u00e1o c\u01b0\u1edbi\" \/>                                                      <\/div>\r\n                <\/div><!-- box-image -->\r\n                <div class=\"box-text text-center\" >\r\n                  <div class=\"box-text-inner\">\r\n                      <h5 class=\"header-title title-danhmuc\">\r\n                              \u1ea2nh vi\u1ec7n \u00e1o c\u01b0\u1edbi                      <\/h5>\r\n                                            \r\n                  <\/div><!-- .box-text-inner -->\r\n                <\/div><!-- .box-text -->\r\n                <\/div><!-- .box -->\r\n              <\/a>\r\n            <\/div><!-- .col-inner -->\r\n            <\/div><!-- .col -->\r\n                <div class=\"product-category col\" >\r\n            <div class=\"col-inner\">\r\n              <a href=\"https:\/\/lam.vinawebsite.vn\/home\/nha-dat-bat-dong-san\/\" class=\"plain\">\r\n                <div class=\"box box-category has-hover box-normal \">\r\n                <div class=\"box-image\" >\r\n                  <div class=\"\" >\r\n                  <img src=\"https:\/\/lam.vinawebsite.vn\/home\/wp-content\/uploads\/2018\/08\/c4.png\" alt=\"Nh\u00e0 \u0111\u1ea5t b\u1ea5t \u0111\u1ed9ng s\u1ea3n\" \/>                                                      <\/div>\r\n                <\/div><!-- box-image -->\r\n                <div class=\"box-text text-center\" >\r\n                  <div class=\"box-text-inner\">\r\n                      <h5 class=\"header-title title-danhmuc\">\r\n                              Nh\u00e0 \u0111\u1ea5t b\u1ea5t \u0111\u1ed9ng s\u1ea3n                      <\/h5>\r\n                                            \r\n                  <\/div><!-- .box-text-inner -->\r\n                <\/div><!-- .box-text -->\r\n                <\/div><!-- .box -->\r\n              <\/a>\r\n            <\/div><!-- .col-inner -->\r\n            <\/div><!-- .col -->\r\n                <div class=\"product-category col\" >\r\n            <div class=\"col-inner\">\r\n              <a href=\"https:\/\/lam.vinawebsite.vn\/home\/nha-hang-khach-san\/\" class=\"plain\">\r\n                <div class=\"box box-category has-hover box-normal \">\r\n                <div class=\"box-image\" >\r\n                  <div class=\"\" >\r\n                  <img src=\"https:\/\/lam.vinawebsite.vn\/home\/wp-content\/uploads\/2018\/08\/c5.png\" alt=\"Nh\u00e0 h\u00e0ng kh\u00e1ch s\u1ea1n\" \/>                                                      <\/div>\r\n                <\/div><!-- box-image -->\r\n                <div class=\"box-text text-center\" >\r\n                  <div class=\"box-text-inner\">\r\n                      <h5 class=\"header-title title-danhmuc\">\r\n                              Nh\u00e0 h\u00e0ng kh\u00e1ch s\u1ea1n                      <\/h5>\r\n                                            \r\n                  <\/div><!-- .box-text-inner -->\r\n                <\/div><!-- .box-text -->\r\n                <\/div><!-- .box -->\r\n              <\/a>\r\n            <\/div><!-- .col-inner -->\r\n            <\/div><!-- .col -->\r\n                <div class=\"product-category col\" >\r\n            <div class=\"col-inner\">\r\n              <a href=\"https:\/\/lam.vinawebsite.vn\/home\/ban-hang-thuong-mai-dien-tu\/\" class=\"plain\">\r\n                <div class=\"box box-category has-hover box-normal \">\r\n                <div class=\"box-image\" >\r\n                  <div class=\"\" >\r\n                  <img src=\"https:\/\/lam.vinawebsite.vn\/home\/wp-content\/uploads\/2018\/08\/c1.png\" alt=\"B\u00e1n h\u00e0ng - Th\u01b0\u01a1ng m\u1ea1i \u0111i\u1ec7n t\u1eed\" \/>                                                      <\/div>\r\n                <\/div><!-- box-image -->\r\n                <div class=\"box-text text-center\" >\r\n                  <div class=\"box-text-inner\">\r\n                      <h5 class=\"header-title title-danhmuc\">\r\n                              B\u00e1n h\u00e0ng - Th\u01b0\u01a1ng m\u1ea1i \u0111i\u1ec7n t\u1eed                      <\/h5>\r\n                                            \r\n                  <\/div><!-- .box-text-inner -->\r\n                <\/div><!-- .box-text -->\r\n                <\/div><!-- .box -->\r\n              <\/a>\r\n            <\/div><!-- .col-inner -->\r\n            <\/div><!-- .col -->\r\n        <\/div>\n\n\n\t\t<\/div>\n\t\t\t\t\t<\/div>\n\n\t\n\n<\/div>\n\n\t\t<\/div>\n\n\t\t\n<style>\n#section_386818604 {\n  padding-top: 0px;\n  padding-bottom: 0px;\n}\n#section_386818604 .ux-shape-divider--top svg {\n  height: 150px;\n  --divider-top-width: 100%;\n}\n#section_386818604 .ux-shape-divider--bottom svg {\n  height: 150px;\n  --divider-width: 100%;\n}\n<\/style>\n\t<\/section>\n\t \t<section class=\"section sec-template\" id=\"section_687776632\">\n\t\t<div class=\"bg section-bg fill bg-fill bg-loaded bg-loaded\" >\n\n\t\t\t\n\t\t\t\n\t\t\t\n\n\t\t<\/div>\n\n\t\t\n\n\t\t<div class=\"section-content relative\">\n\t\t\t\n\n<div class=\"row row-small\"  id=\"row-1793482808\">\n\n\n\t<div id=\"col-1721983941\" class=\"col pb-0 small-12 large-12\"  >\n\t\t\t\t<div class=\"col-inner\"  >\n\t\t\t\n\t\t\t\n\n\n  \n    <div class=\"row large-columns-3 medium-columns-3 small-columns-1 row-small\">\n  \t\t<div class=\"col post-item col-template\" data-animate=\"fadeInLeft\">\r\n\t\t\t<div class=\"col-inner\">\r\n\t\t\t\t<div class=\"box box-normal box-text-bottom box-blog-post has-hover\">\r\n            \t\t\t\t\t<div class=\"box-image\" >\r\n  \t\t\t\t\t\t<div class=\"image-cover\" style=\"padding-top:80%;\">\r\n  \t\t\t\t\t\t\t<img width=\"672\" height=\"730\" src=\"https:\/\/lam.vinawebsite.vn\/home\/wp-content\/uploads\/2022\/06\/10205_desktop.jpg\" class=\"attachment-original size-original wp-post-image\" alt=\"\" loading=\"lazy\" srcset=\"https:\/\/lam.vinawebsite.vn\/home\/wp-content\/uploads\/2022\/06\/10205_desktop.jpg 672w, https:\/\/lam.vinawebsite.vn\/home\/wp-content\/uploads\/2022\/06\/10205_desktop-368x400.jpg 368w\" sizes=\"(max-width: 672px) 100vw, 672px\" \/>  \t\t\t\t\t\t\t<div class=\"overlay\"><\/div>\r\n  \t\t\t\t\t\t\t  \t\t\t\t\t\t<\/div>\r\n  \t\t\t\t\t\t  \t\t\t\t\t\t\t\t\t\t\t\t\t<div class=\"btn-template\">\r\n\t\t\t\t\t\t\t\t<a href=\"https:\/\/lam.vinawebsite.vn\/home\/demo\/?id=1034\" class=\"btn-xemdm\" target=\"_blank\">Xem demo<\/a>\r\n\t\t\t\t\t\t\t\t<a href=\"https:\/\/lam.vinawebsite.vn\/home\/dl_10205\/\" class=\"btn-xemchitiet\" title=\"DL_10205\">Xem chi ti\u1ebft<\/a>\r\n\t\t\t\t\t\t\t<\/div>\t\t\t\t\t\r\n\t\t\t\t\t\t  \t\t\t\t\t<\/div><!-- .box-image -->\r\n          \t\t\t\t\t<div class=\"box-text text-center is-large\" style=\"padding:25px 5px 10px 5px;\">\r\n\t\t\t\t\t<div class=\"box-text-inner blog-post-inner\">\r\n\r\n\t\t\t\t\t\t\t\t\t\t\r\n\t\t\t\t\t<h5 class=\"post-title is-large uppercase title-dichvu\"><a href=\"https:\/\/lam.vinawebsite.vn\/home\/dl_10205\/\" title=\"DL_10205\">DL_10205<\/a><\/h5>\r\n\t\t\t\t\t\t\t\t\t\t\t<p class=\"cat-label \">\r\n\t\t\t\t\t\t\tGi\u00e1o d\u1ee5c\t\t\t\t\t\t<\/p>\r\n\t\t\t\t\t\t\t\t\t\t\t\t\t\t\t\r\n                    \r\n\t\t\t\t\t\r\n\t\t\t\t\t\r\n\t\t\t\t\t<\/div><!-- .box-text-inner -->\r\n\t\t\t\t\t<\/div><!-- .box-text -->\r\n\t\t\t\t\t\t\t\t\t<\/div><!-- .box -->\r\n\t\t\t<\/div><!-- .col-inner -->\r\n\t\t<\/div><!-- .col -->\r\n\t\t<div class=\"col post-item col-template\" data-animate=\"fadeInLeft\">\r\n\t\t\t<div class=\"col-inner\">\r\n\t\t\t\t<div class=\"box box-normal box-text-bottom box-blog-post has-hover\">\r\n            \t\t\t\t\t<div class=\"box-image\" >\r\n  \t\t\t\t\t\t<div class=\"image-cover\" style=\"padding-top:80%;\">\r\n  \t\t\t\t\t\t\t<img width=\"672\" height=\"730\" src=\"https:\/\/lam.vinawebsite.vn\/home\/wp-content\/uploads\/2022\/06\/10204_desktop.jpg\" class=\"attachment-original size-original wp-post-image\" alt=\"\" loading=\"lazy\" srcset=\"https:\/\/lam.vinawebsite.vn\/home\/wp-content\/uploads\/2022\/06\/10204_desktop.jpg 672w, https:\/\/lam.vinawebsite.vn\/home\/wp-content\/uploads\/2022\/06\/10204_desktop-368x400.jpg 368w\" sizes=\"(max-width: 672px) 100vw, 672px\" \/>  \t\t\t\t\t\t\t<div class=\"overlay\"><\/div>\r\n  \t\t\t\t\t\t\t  \t\t\t\t\t\t<\/div>\r\n  \t\t\t\t\t\t  \t\t\t\t\t\t\t\t\t\t\t\t\t<div class=\"btn-template\">\r\n\t\t\t\t\t\t\t\t<a href=\"https:\/\/lam.vinawebsite.vn\/home\/demo\/?id=1029\" class=\"btn-xemdm\" target=\"_blank\">Xem demo<\/a>\r\n\t\t\t\t\t\t\t\t<a href=\"https:\/\/lam.vinawebsite.vn\/home\/dl_10204\/\" class=\"btn-xemchitiet\" title=\"DL_10204\">Xem chi ti\u1ebft<\/a>\r\n\t\t\t\t\t\t\t<\/div>\t\t\t\t\t\r\n\t\t\t\t\t\t  \t\t\t\t\t<\/div><!-- .box-image -->\r\n          \t\t\t\t\t<div class=\"box-text text-center is-large\" style=\"padding:25px 5px 10px 5px;\">\r\n\t\t\t\t\t<div class=\"box-text-inner blog-post-inner\">\r\n\r\n\t\t\t\t\t\t\t\t\t\t\r\n\t\t\t\t\t<h5 class=\"post-title is-large uppercase title-dichvu\"><a href=\"https:\/\/lam.vinawebsite.vn\/home\/dl_10204\/\" title=\"DL_10204\">DL_10204<\/a><\/h5>\r\n\t\t\t\t\t\t\t\t\t\t\t<p class=\"cat-label \">\r\n\t\t\t\t\t\t\tTrang tr\u00ed n\u1ed9i th\u1ea5t\t\t\t\t\t\t<\/p>\r\n\t\t\t\t\t\t\t\t\t\t\t\t\t\t\t\r\n                    \r\n\t\t\t\t\t\r\n\t\t\t\t\t\r\n\t\t\t\t\t<\/div><!-- .box-text-inner -->\r\n\t\t\t\t\t<\/div><!-- .box-text -->\r\n\t\t\t\t\t\t\t\t\t<\/div><!-- .box -->\r\n\t\t\t<\/div><!-- .col-inner -->\r\n\t\t<\/div><!-- .col -->\r\n\t\t<div class=\"col post-item col-template\" data-animate=\"fadeInLeft\">\r\n\t\t\t<div class=\"col-inner\">\r\n\t\t\t\t<div class=\"box box-normal box-text-bottom box-blog-post has-hover\">\r\n            \t\t\t\t\t<div class=\"box-image\" >\r\n  \t\t\t\t\t\t<div class=\"image-cover\" style=\"padding-top:80%;\">\r\n  \t\t\t\t\t\t\t<img width=\"672\" height=\"730\" src=\"https:\/\/lam.vinawebsite.vn\/home\/wp-content\/uploads\/2022\/06\/10203_desktop.jpg\" class=\"attachment-original size-original wp-post-image\" alt=\"\" loading=\"lazy\" srcset=\"https:\/\/lam.vinawebsite.vn\/home\/wp-content\/uploads\/2022\/06\/10203_desktop.jpg 672w, https:\/\/lam.vinawebsite.vn\/home\/wp-content\/uploads\/2022\/06\/10203_desktop-368x400.jpg 368w\" sizes=\"(max-width: 672px) 100vw, 672px\" \/>  \t\t\t\t\t\t\t<div class=\"overlay\"><\/div>\r\n  \t\t\t\t\t\t\t  \t\t\t\t\t\t<\/div>\r\n  \t\t\t\t\t\t  \t\t\t\t\t\t\t\t\t\t\t\t\t<div class=\"btn-template\">\r\n\t\t\t\t\t\t\t\t<a href=\"https:\/\/lam.vinawebsite.vn\/home\/demo\/?id=1020\" class=\"btn-xemdm\" target=\"_blank\">Xem demo<\/a>\r\n\t\t\t\t\t\t\t\t<a href=\"https:\/\/lam.vinawebsite.vn\/home\/dl_10203\/\" class=\"btn-xemchitiet\" title=\"DL_10203\">Xem chi ti\u1ebft<\/a>\r\n\t\t\t\t\t\t\t<\/div>\t\t\t\t\t\r\n\t\t\t\t\t\t  \t\t\t\t\t<\/div><!-- .box-image -->\r\n          \t\t\t\t\t<div class=\"box-text text-center is-large\" style=\"padding:25px 5px 10px 5px;\">\r\n\t\t\t\t\t<div class=\"box-text-inner blog-post-inner\">\r\n\r\n\t\t\t\t\t\t\t\t\t\t\r\n\t\t\t\t\t<h5 class=\"post-title is-large uppercase title-dichvu\"><a href=\"https:\/\/lam.vinawebsite.vn\/home\/dl_10203\/\" title=\"DL_10203\">DL_10203<\/a><\/h5>\r\n\t\t\t\t\t\t\t\t\t\t\t<p class=\"cat-label \">\r\n\t\t\t\t\t\t\t\u0110i\u1ec7n t\u1eed \/ \u0110i\u1ec7n m\u00e1y\t\t\t\t\t\t<\/p>\r\n\t\t\t\t\t\t\t\t\t\t\t\t\t\t\t\r\n                    \r\n\t\t\t\t\t\r\n\t\t\t\t\t\r\n\t\t\t\t\t<\/div><!-- .box-text-inner -->\r\n\t\t\t\t\t<\/div><!-- .box-text -->\r\n\t\t\t\t\t\t\t\t\t<\/div><!-- .box -->\r\n\t\t\t<\/div><!-- .col-inner -->\r\n\t\t<\/div><!-- .col -->\r\n\t\t<div class=\"col post-item col-template\" data-animate=\"fadeInLeft\">\r\n\t\t\t<div class=\"col-inner\">\r\n\t\t\t\t<div class=\"box box-normal box-text-bottom box-blog-post has-hover\">\r\n            \t\t\t\t\t<div class=\"box-image\" >\r\n  \t\t\t\t\t\t<div class=\"image-cover\" style=\"padding-top:80%;\">\r\n  \t\t\t\t\t\t\t<img width=\"672\" height=\"730\" src=\"https:\/\/lam.vinawebsite.vn\/home\/wp-content\/uploads\/2022\/06\/10202_desktop.jpg\" class=\"attachment-original size-original wp-post-image\" alt=\"\" loading=\"lazy\" srcset=\"https:\/\/lam.vinawebsite.vn\/home\/wp-content\/uploads\/2022\/06\/10202_desktop.jpg 672w, https:\/\/lam.vinawebsite.vn\/home\/wp-content\/uploads\/2022\/06\/10202_desktop-368x400.jpg 368w\" sizes=\"(max-width: 672px) 100vw, 672px\" \/>  \t\t\t\t\t\t\t<div class=\"overlay\"><\/div>\r\n  \t\t\t\t\t\t\t  \t\t\t\t\t\t<\/div>\r\n  \t\t\t\t\t\t  \t\t\t\t\t\t\t\t\t\t\t\t\t<div class=\"btn-template\">\r\n\t\t\t\t\t\t\t\t<a href=\"https:\/\/lam.vinawebsite.vn\/home\/demo\/?id=1019\" class=\"btn-xemdm\" target=\"_blank\">Xem demo<\/a>\r\n\t\t\t\t\t\t\t\t<a href=\"https:\/\/lam.vinawebsite.vn\/home\/dl_10202\/\" class=\"btn-xemchitiet\" title=\"DL_10202\">Xem chi ti\u1ebft<\/a>\r\n\t\t\t\t\t\t\t<\/div>\t\t\t\t\t\r\n\t\t\t\t\t\t  \t\t\t\t\t<\/div><!-- .box-image -->\r\n          \t\t\t\t\t<div class=\"box-text text-center is-large\" style=\"padding:25px 5px 10px 5px;\">\r\n\t\t\t\t\t<div class=\"box-text-inner blog-post-inner\">\r\n\r\n\t\t\t\t\t\t\t\t\t\t\r\n\t\t\t\t\t<h5 class=\"post-title is-large uppercase title-dichvu\"><a href=\"https:\/\/lam.vinawebsite.vn\/home\/dl_10202\/\" title=\"DL_10202\">DL_10202<\/a><\/h5>\r\n\t\t\t\t\t\t\t\t\t\t\t<p class=\"cat-label \">\r\n\t\t\t\t\t\t\tGi\u00e1o d\u1ee5c\t\t\t\t\t\t<\/p>\r\n\t\t\t\t\t\t\t\t\t\t\t\t\t\t\t\r\n                    \r\n\t\t\t\t\t\r\n\t\t\t\t\t\r\n\t\t\t\t\t<\/div><!-- .box-text-inner -->\r\n\t\t\t\t\t<\/div><!-- .box-text -->\r\n\t\t\t\t\t\t\t\t\t<\/div><!-- .box -->\r\n\t\t\t<\/div><!-- .col-inner -->\r\n\t\t<\/div><!-- .col -->\r\n\t\t<div class=\"col post-item col-template\" data-animate=\"fadeInLeft\">\r\n\t\t\t<div class=\"col-inner\">\r\n\t\t\t\t<div class=\"box box-normal box-text-bottom box-blog-post has-hover\">\r\n            \t\t\t\t\t<div class=\"box-image\" >\r\n  \t\t\t\t\t\t<div class=\"image-cover\" style=\"padding-top:80%;\">\r\n  \t\t\t\t\t\t\t<img width=\"672\" height=\"730\" src=\"https:\/\/lam.vinawebsite.vn\/home\/wp-content\/uploads\/2022\/06\/10201_desktop.jpg\" class=\"attachment-original size-original wp-post-image\" alt=\"\" loading=\"lazy\" srcset=\"https:\/\/lam.vinawebsite.vn\/home\/wp-content\/uploads\/2022\/06\/10201_desktop.jpg 672w, https:\/\/lam.vinawebsite.vn\/home\/wp-content\/uploads\/2022\/06\/10201_desktop-368x400.jpg 368w\" sizes=\"(max-width: 672px) 100vw, 672px\" \/>  \t\t\t\t\t\t\t<div class=\"overlay\"><\/div>\r\n  \t\t\t\t\t\t\t  \t\t\t\t\t\t<\/div>\r\n  \t\t\t\t\t\t  \t\t\t\t\t\t\t\t\t\t\t\t\t<div class=\"btn-template\">\r\n\t\t\t\t\t\t\t\t<a href=\"https:\/\/lam.vinawebsite.vn\/home\/demo\/?id=1013\" class=\"btn-xemdm\" target=\"_blank\">Xem demo<\/a>\r\n\t\t\t\t\t\t\t\t<a href=\"https:\/\/lam.vinawebsite.vn\/home\/dl_10201\/\" class=\"btn-xemchitiet\" title=\"DL_10201\">Xem chi ti\u1ebft<\/a>\r\n\t\t\t\t\t\t\t<\/div>\t\t\t\t\t\r\n\t\t\t\t\t\t  \t\t\t\t\t<\/div><!-- .box-image -->\r\n          \t\t\t\t\t<div class=\"box-text text-center is-large\" style=\"padding:25px 5px 10px 5px;\">\r\n\t\t\t\t\t<div class=\"box-text-inner blog-post-inner\">\r\n\r\n\t\t\t\t\t\t\t\t\t\t\r\n\t\t\t\t\t<h5 class=\"post-title is-large uppercase title-dichvu\"><a href=\"https:\/\/lam.vinawebsite.vn\/home\/dl_10201\/\" title=\"DL_10201\">DL_10201<\/a><\/h5>\r\n\t\t\t\t\t\t\t\t\t\t\t<p class=\"cat-label \">\r\n\t\t\t\t\t\t\tV\u00e9 m\u00e1y bay\t\t\t\t\t\t<\/p>\r\n\t\t\t\t\t\t\t\t\t\t\t\t\t\t\t\r\n                    \r\n\t\t\t\t\t\r\n\t\t\t\t\t\r\n\t\t\t\t\t<\/div><!-- .box-text-inner -->\r\n\t\t\t\t\t<\/div><!-- .box-text -->\r\n\t\t\t\t\t\t\t\t\t<\/div><!-- .box -->\r\n\t\t\t<\/div><!-- .col-inner -->\r\n\t\t<\/div><!-- .col -->\r\n\t\t<div class=\"col post-item col-template\" data-animate=\"fadeInLeft\">\r\n\t\t\t<div class=\"col-inner\">\r\n\t\t\t\t<div class=\"box box-normal box-text-bottom box-blog-post has-hover\">\r\n            \t\t\t\t\t<div class=\"box-image\" >\r\n  \t\t\t\t\t\t<div class=\"image-cover\" style=\"padding-top:80%;\">\r\n  \t\t\t\t\t\t\t<img width=\"672\" height=\"730\" src=\"https:\/\/lam.vinawebsite.vn\/home\/wp-content\/uploads\/2022\/06\/10200_desktop.jpg\" class=\"attachment-original size-original wp-post-image\" alt=\"\" loading=\"lazy\" srcset=\"https:\/\/lam.vinawebsite.vn\/home\/wp-content\/uploads\/2022\/06\/10200_desktop.jpg 672w, https:\/\/lam.vinawebsite.vn\/home\/wp-content\/uploads\/2022\/06\/10200_desktop-368x400.jpg 368w\" sizes=\"(max-width: 672px) 100vw, 672px\" \/>  \t\t\t\t\t\t\t<div class=\"overlay\"><\/div>\r\n  \t\t\t\t\t\t\t  \t\t\t\t\t\t<\/div>\r\n  \t\t\t\t\t\t  \t\t\t\t\t\t\t\t\t\t\t\t\t<div class=\"btn-template\">\r\n\t\t\t\t\t\t\t\t<a href=\"https:\/\/lam.vinawebsite.vn\/home\/demo\/?id=1010\" class=\"btn-xemdm\" target=\"_blank\">Xem demo<\/a>\r\n\t\t\t\t\t\t\t\t<a href=\"https:\/\/lam.vinawebsite.vn\/home\/dl_10200\/\" class=\"btn-xemchitiet\" title=\"DL_10200\">Xem chi ti\u1ebft<\/a>\r\n\t\t\t\t\t\t\t<\/div>\t\t\t\t\t\r\n\t\t\t\t\t\t  \t\t\t\t\t<\/div><!-- .box-image -->\r\n          \t\t\t\t\t<div class=\"box-text text-center is-large\" style=\"padding:25px 5px 10px 5px;\">\r\n\t\t\t\t\t<div class=\"box-text-inner blog-post-inner\">\r\n\r\n\t\t\t\t\t\t\t\t\t\t\r\n\t\t\t\t\t<h5 class=\"post-title is-large uppercase title-dichvu\"><a href=\"https:\/\/lam.vinawebsite.vn\/home\/dl_10200\/\" title=\"DL_10200\">DL_10200<\/a><\/h5>\r\n\t\t\t\t\t\t\t\t\t\t\t<p class=\"cat-label \">\r\n\t\t\t\t\t\t\tD\u01b0\u1ee3c ph\u1ea9m\t\t\t\t\t\t<\/p>\r\n\t\t\t\t\t\t\t\t\t\t\t\t\t\t\t\r\n                    \r\n\t\t\t\t\t\r\n\t\t\t\t\t\r\n\t\t\t\t\t<\/div><!-- .box-text-inner -->\r\n\t\t\t\t\t<\/div><!-- .box-text -->\r\n\t\t\t\t\t\t\t\t\t<\/div><!-- .box -->\r\n\t\t\t<\/div><!-- .col-inner -->\r\n\t\t<\/div><!-- .col -->\r\n<\/div>\n\n\n\t\t<\/div>\n\t\t\t\t\t<\/div>\n\n\t\n\n<\/div>\n\n\t\t<\/div>\n\n\t\t\n<style>\n#section_687776632 {\n  padding-top: 0px;\n  padding-bottom: 0px;\n}\n#section_687776632 .ux-shape-divider--top svg {\n  height: 150px;\n  --divider-top-width: 100%;\n}\n#section_687776632 .ux-shape-divider--bottom svg {\n  height: 150px;\n  --divider-width: 100%;\n}\n<\/style>\n\t<\/section>\n\t \t<section class=\"section sec-banner\" id=\"section_634522551\">\n\t\t<div class=\"bg section-bg fill bg-fill bg-loaded bg-loaded\" >\n\n\t\t\t\n\t\t\t\n\t\t\t\n\n\t\t<\/div>\n\n\t\t\n\n\t\t<div class=\"section-content relative\">\n\t\t\t\n\n<div class=\"row row-collapse\"  id=\"row-590933167\">\n\n\n\t<div id=\"col-1586788723\" class=\"col small-12 large-12\"  data-animate=\"fadeInUp\">\n\t\t\t\t<div class=\"col-inner\"  >\n\t\t\t\n\t\t\t\n\n<div class=\"slider-wrapper relative\" id=\"slider-330275233\" >\n    <div class=\"slider slider-type-fade slider-nav-circle slider-nav-large slider-nav-light slider-style-normal\"\n        data-flickity-options='{\n            \"cellAlign\": \"center\",\n            \"imagesLoaded\": true,\n            \"lazyLoad\": 1,\n            \"freeScroll\": false,\n            \"wrapAround\": true,\n            \"autoPlay\": 5000,\n            \"pauseAutoPlayOnHover\" : true,\n            \"prevNextButtons\": false,\n            \"contain\" : true,\n            \"adaptiveHeight\" : true,\n            \"dragThreshold\" : 10,\n            \"percentPosition\": true,\n            \"pageDots\": false,\n            \"rightToLeft\": false,\n            \"draggable\": true,\n            \"selectedAttraction\": 0.1,\n            \"parallax\" : 0,\n            \"friction\": 0.6        }'\n        >\n        \n\n\t<div class=\"img has-hover x md-x lg-x y md-y lg-y\" id=\"image_576638262\">\n\t\t\t\t\t\t\t\t<div class=\"img-inner dark\" >\n\t\t\t<img width=\"1020\" height=\"455\" src=\"https:\/\/lam.vinawebsite.vn\/home\/wp-content\/uploads\/2018\/08\/hinh-1.png\" class=\"attachment-large size-large\" alt=\"hinh-1\" loading=\"lazy\" srcset=\"https:\/\/lam.vinawebsite.vn\/home\/wp-content\/uploads\/2018\/08\/hinh-1.png 1286w, https:\/\/lam.vinawebsite.vn\/home\/wp-content\/uploads\/2018\/08\/hinh-1-800x357.png 800w, https:\/\/lam.vinawebsite.vn\/home\/wp-content\/uploads\/2018\/08\/hinh-1-768x343.png 768w\" sizes=\"(max-width: 1020px) 100vw, 1020px\" \/>\t\t\t\t\t\t\n\t\t\t\t\t<\/div>\n\t\t\t\t\t\t\t\t\n<style>\n#image_576638262 {\n  width: 100%;\n}\n<\/style>\n\t<\/div>\n\t\n\n\t<div class=\"img has-hover x md-x lg-x y md-y lg-y\" id=\"image_351120507\">\n\t\t\t\t\t\t\t\t<div class=\"img-inner dark\" >\n\t\t\t<img width=\"1020\" height=\"455\" src=\"https:\/\/lam.vinawebsite.vn\/home\/wp-content\/uploads\/2018\/08\/hinh-1.png\" class=\"attachment-large size-large\" alt=\"hinh-1\" loading=\"lazy\" srcset=\"https:\/\/lam.vinawebsite.vn\/home\/wp-content\/uploads\/2018\/08\/hinh-1.png 1286w, https:\/\/lam.vinawebsite.vn\/home\/wp-content\/uploads\/2018\/08\/hinh-1-800x357.png 800w, https:\/\/lam.vinawebsite.vn\/home\/wp-content\/uploads\/2018\/08\/hinh-1-768x343.png 768w\" sizes=\"(max-width: 1020px) 100vw, 1020px\" \/>\t\t\t\t\t\t\n\t\t\t\t\t<\/div>\n\t\t\t\t\t\t\t\t\n<style>\n#image_351120507 {\n  width: 100%;\n}\n<\/style>\n\t<\/div>\n\t\n\n\n     <\/div>\n\n     <div class=\"loading-spin dark large centered\"><\/div>\n\n     \t<\/div>\n\n\n\n\t\t<\/div>\n\t\t\t\t\t<\/div>\n\n\t\n\n<\/div>\n\n\t\t<\/div>\n\n\t\t\n<style>\n#section_634522551 {\n  padding-top: 60px;\n  padding-bottom: 60px;\n  background-color: rgb(254, 208, 0);\n}\n#section_634522551 .ux-shape-divider--top svg {\n  height: 150px;\n  --divider-top-width: 100%;\n}\n#section_634522551 .ux-shape-divider--bottom svg {\n  height: 150px;\n  --divider-width: 100%;\n}\n<\/style>\n\t<\/section>\n\t\r\n","protected":false},"excerpt":{"rendered":"","protected":false},"author":1,"featured_media":0,"parent":0,"menu_order":1,"comment_status":"closed","ping_status":"closed","template":"page-blank.php","meta":[],"_links":{"self":[{"href":"https:\/\/lam.vinawebsite.vn\/home\/wp-json\/wp\/v2\/pages\/96"}],"collection":[{"href":"https:\/\/lam.vinawebsite.vn\/home\/wp-json\/wp\/v2\/pages"}],"about":[{"href":"https:\/\/lam.vinawebsite.vn\/home\/wp-json\/wp\/v2\/types\/page"}],"author":[{"embeddable":true,"href":"https:\/\/lam.vinawebsite.vn\/home\/wp-json\/wp\/v2\/users\/1"}],"replies":[{"embeddable":true,"href":"https:\/\/lam.vinawebsite.vn\/home\/wp-json\/wp\/v2\/comments?post=96"}],"version-history":[{"count":98,"href":"https:\/\/lam.vinawebsite.vn\/home\/wp-json\/wp\/v2\/pages\/96\/revisions"}],"predecessor-version":[{"id":1039,"href":"https:\/\/lam.vinawebsite.vn\/home\/wp-json\/wp\/v2\/pages\/96\/revisions\/1039"}],"wp:attachment":[{"href":"https:\/\/lam.vinawebsite.vn\/home\/wp-json\/wp\/v2\/media?parent=96"}],"curies":[{"name":"wp","href":"https:\/\/api.w.org\/{rel}","templated":true}]}}